{"id":45,"date":"2022-11-29T01:09:29","date_gmt":"2022-11-29T01:09:29","guid":{"rendered":"https:\/\/test.ideal-flatware.com\/?page_id=45"},"modified":"2025-10-29T06:58:16","modified_gmt":"2025-10-29T06:58:16","slug":"company-profile","status":"publish","type":"page","link":"https:\/\/www.ideal-flatware.com\/da\/virksomhedsprofil\/","title":{"rendered":"Virksomhedsprofil"},"content":{"rendered":"<div data-elementor-type=\"wp-page\" data-elementor-id=\"45\" class=\"elementor elementor-45\" data-elementor-post-type=\"page\">\n\t\t\t\t<div class=\"elementor-element elementor-element-11b2f5ed e-con-full e-flex e-con e-parent\" data-id=\"11b2f5ed\" data-element_type=\"container\" data-settings=\"{&quot;background_background&quot;:&quot;classic&quot;}\">\n\t\t<div class=\"elementor-element elementor-element-48dcddec e-flex e-con-boxed e-con e-child\" data-id=\"48dcddec\" data-element_type=\"container\">\n\t\t\t\t\t<div class=\"e-con-inner\">\n\t\t\t\t<div class=\"elementor-element elementor-element-5fe5484 elementor-widget elementor-widget-heading\" data-id=\"5fe5484\" data-element_type=\"widget\" data-widget_type=\"heading.default\">\n\t\t\t\t<div class=\"elementor-widget-container\">\n\t\t\t<h1 class=\"elementor-heading-title elementor-size-default\">Virksomhedsprofil<\/h1>\t\t<\/div>\n\t\t\t\t<\/div>\n\t\t\t\t<div class=\"elementor-element elementor-element-51c80c3 elementor-widget elementor-widget-sp-breadcrumbs\" data-id=\"51c80c3\" data-element_type=\"widget\" data-widget_type=\"sp-breadcrumbs.default\">\n\t\t\t\t<div class=\"elementor-widget-container\">\n\t\t\t<nav  aria-label=\"Br\u00f8dkrumme\" data-no-translation-aria-label=\"\"><ol class=\"breadcrumb\" itemscope itemtype=\"https:\/\/schema.org\/BreadcrumbList\"><li class=\"breadcrumb-item active\" aria-current=\"page\" itemprop=\"itemListElement\" itemscope itemtype=\"https:\/\/schema.org\/ListItem\"><span itemprop=\"name\" data-no-translation=\"\" data-trp-gettext=\"\">Hjem<\/span><meta itemprop=\"position\" content=\"1\"><\/li><\/ol><\/nav>\t\t<\/div>\n\t\t\t\t<\/div>\n\t\t\t\t\t<\/div>\n\t\t\t\t<\/div>\n\t\t\t\t<\/div>\n\t\t<div class=\"elementor-element elementor-element-285b570 e-flex e-con-boxed e-con e-parent\" data-id=\"285b570\" data-element_type=\"container\">\n\t\t\t\t\t<div class=\"e-con-inner\">\n\t\t\t\t<div class=\"elementor-element elementor-element-5b2929d elementor-widget elementor-widget-heading\" data-id=\"5b2929d\" data-element_type=\"widget\" data-widget_type=\"heading.default\">\n\t\t\t\t<div class=\"elementor-widget-container\">\n\t\t\t<h1 class=\"elementor-heading-title elementor-size-default\">IDEAL - din betroede bestikproducent<\/h1>\t\t<\/div>\n\t\t\t\t<\/div>\n\t\t\t\t<div class=\"elementor-element elementor-element-78b7773 elementor-widget elementor-widget-text-editor\" data-id=\"78b7773\" data-element_type=\"widget\" data-widget_type=\"text-editor.default\">\n\t\t\t\t<div class=\"elementor-widget-container\">\n\t\t\t\t\t\t\t<p>Vi fokuserer p\u00e5 at eksportere bestik i rustfrit st\u00e5l til overkommelige priser, men vi tager ogs\u00e5 hensyn til de mennesker, der g\u00f8r vores succes mulig, lige fra vores medarbejdere til vores forbrugere. Vi er forpligtet til principper om \u00e6rlighed, trov\u00e6rdighed, fairness og retf\u00e6rdighed i vores str\u00e6ben efter at levere tjenester af h\u00f8j kvalitet og bidrage til samfundet som helhed.<\/p>\t\t\t\t\t\t<\/div>\n\t\t\t\t<\/div>\n\t\t\t\t<div class=\"elementor-element elementor-element-816a4de elementor-widget elementor-widget-video\" data-id=\"816a4de\" data-element_type=\"widget\" data-settings=\"{&quot;youtube_url&quot;:&quot;https:\\\/\\\/www.youtube.com\\\/watch?v=XHOmBV4js_E&quot;,&quot;show_image_overlay&quot;:&quot;yes&quot;,&quot;image_overlay&quot;:{&quot;url&quot;:&quot;https:\\\/\\\/test.ideal-flatware.com\\\/wp-content\\\/uploads\\\/2022\\\/12\\\/Ideal-Cutlery-Showroom.jpg&quot;,&quot;id&quot;:489,&quot;size&quot;:&quot;&quot;,&quot;alt&quot;:&quot;Ideal Cutlery Showroom&quot;,&quot;source&quot;:&quot;library&quot;},&quot;video_type&quot;:&quot;youtube&quot;,&quot;controls&quot;:&quot;yes&quot;}\" data-widget_type=\"video.default\">\n\t\t\t\t<div class=\"elementor-widget-container\">\n\t\t\t\t\t<div class=\"elementor-wrapper elementor-open-inline\">\n\t\t\t<div class=\"elementor-video\"><\/div>\t\t\t\t<div class=\"elementor-custom-embed-image-overlay\" style=\"background-image: url(https:\/\/www.ideal-flatware.com\/wp-content\/uploads\/2022\/12\/Ideal-Cutlery-Showroom.jpg);\">\n\t\t\t\t\t\t\t\t\t\t\t\t\t\t\t\t<div class=\"elementor-custom-embed-play\" role=\"button\" aria-label=\"Afspil video om Ideal Cutlery Showroom\" tabindex=\"0\" data-no-translation-aria-label=\"\">\n\t\t\t\t\t\t\t<i aria-hidden=\"true\" class=\"eicon-play\"><\/i>\t\t\t\t\t\t\t<span class=\"elementor-screen-only\">Afspil video om Ideal Cutlery Showroom<\/span>\n\t\t\t\t\t\t<\/div>\n\t\t\t\t\t\t\t\t\t<\/div>\n\t\t\t\t\t<\/div>\n\t\t\t\t<\/div>\n\t\t\t\t<\/div>\n\t\t\t\t<div class=\"elementor-element elementor-element-0c610c3 elementor-widget elementor-widget-heading\" data-id=\"0c610c3\" data-element_type=\"widget\" data-widget_type=\"heading.default\">\n\t\t\t\t<div class=\"elementor-widget-container\">\n\t\t\t<h2 class=\"elementor-heading-title elementor-size-default\">Virksomhedsprofil<\/h2>\t\t<\/div>\n\t\t\t\t<\/div>\n\t\t\t\t<div class=\"elementor-element elementor-element-576a063 elementor-widget elementor-widget-text-editor\" data-id=\"576a063\" data-element_type=\"widget\" data-widget_type=\"text-editor.default\">\n\t\t\t\t<div class=\"elementor-widget-container\">\n\t\t\t\t\t\t\t<p>Jieyang Ideal Metal Products CO., Ltd. blev grundlagt i 1998 og er en professionel producent af bestik i rustfrit st\u00e5l. Det indtager 6000 \u33a1 med 6 produktionslinjer og 8 poleringslinjer og 2000 \u33a1 produktlager, der producerer kvalificeret og raffineret bestik under den samordnede indsats fra kloge ledere, dygtige arbejdere og assisterende teams.<br \/>I skabelsen af bestik-serien bruger vi meget tid p\u00e5 at arbejde med alle detaljer, fra tidl\u00f8se klassiske stilarter til moderne stilarter, har opbygget venlige og langsigtede forhold til kunder fra snesevis af lande og regioner i verden.<br \/>Vi er oprigtigt interesseret i at samarbejde med dig. Velkommen til at kontakte os!<\/p>\t\t\t\t\t\t<\/div>\n\t\t\t\t<\/div>\n\t\t\t\t\t<\/div>\n\t\t\t\t<\/div>\n\t\t<div class=\"elementor-element elementor-element-1a6c4f1 e-con-full e-flex e-con e-parent\" data-id=\"1a6c4f1\" data-element_type=\"container\">\n\t\t\t\t<div class=\"elementor-element elementor-element-c254dcb elementor-widget-divider--view-line elementor-widget elementor-widget-divider\" data-id=\"c254dcb\" data-element_type=\"widget\" data-widget_type=\"divider.default\">\n\t\t\t\t<div class=\"elementor-widget-container\">\n\t\t\t\t\t<div class=\"elementor-divider\">\n\t\t\t<span class=\"elementor-divider-separator\">\n\t\t\t\t\t\t<\/span>\n\t\t<\/div>\n\t\t\t\t<\/div>\n\t\t\t\t<\/div>\n\t\t\t\t<\/div>\n\t\t<div class=\"elementor-element elementor-element-02231c2 e-flex e-con-boxed e-con e-parent\" data-id=\"02231c2\" data-element_type=\"container\">\n\t\t\t\t\t<div class=\"e-con-inner\">\n\t\t<div class=\"elementor-element elementor-element-b5b5734 e-con-full e-flex e-con e-child\" data-id=\"b5b5734\" data-element_type=\"container\">\n\t\t\t\t<div class=\"elementor-element elementor-element-2376643 elementor-widget elementor-widget-image\" data-id=\"2376643\" data-element_type=\"widget\" data-widget_type=\"image.default\">\n\t\t\t\t<div class=\"elementor-widget-container\">\n\t\t\t\t\t\t\t\t\t\t\t\t\t<img fetchpriority=\"high\" decoding=\"async\" width=\"696\" height=\"410\" src=\"https:\/\/www.ideal-flatware.com\/wp-content\/uploads\/2022\/12\/Ideal-Cutlery-About-Us2.jpg\" class=\"attachment-large size-large wp-image-493\" alt=\"M\u00f8de\" srcset=\"https:\/\/www.ideal-flatware.com\/wp-content\/uploads\/2022\/12\/Ideal-Cutlery-About-Us2.jpg 696w, https:\/\/www.ideal-flatware.com\/wp-content\/uploads\/2022\/12\/Ideal-Cutlery-About-Us2-600x353.jpg 600w, https:\/\/www.ideal-flatware.com\/wp-content\/uploads\/2022\/12\/Ideal-Cutlery-About-Us2-300x177.jpg 300w\" sizes=\"(max-width: 696px) 100vw, 696px\" \/>\t\t\t\t\t\t\t\t\t\t\t\t\t<\/div>\n\t\t\t\t<\/div>\n\t\t\t\t<\/div>\n\t\t<div class=\"elementor-element elementor-element-57fd4a5 e-con-full e-flex e-con e-child\" data-id=\"57fd4a5\" data-element_type=\"container\">\n\t\t\t\t<div class=\"elementor-element elementor-element-b0bfec4 elementor-widget elementor-widget-heading\" data-id=\"b0bfec4\" data-element_type=\"widget\" data-widget_type=\"heading.default\">\n\t\t\t\t<div class=\"elementor-widget-container\">\n\t\t\t<h2 class=\"elementor-heading-title elementor-size-default\">Vores passion driver os<\/h2>\t\t<\/div>\n\t\t\t\t<\/div>\n\t\t\t\t<div class=\"elementor-element elementor-element-327e8b6 elementor-widget elementor-widget-text-editor\" data-id=\"327e8b6\" data-element_type=\"widget\" data-widget_type=\"text-editor.default\">\n\t\t\t\t<div class=\"elementor-widget-container\">\n\t\t\t\t\t\t\tVores mission er at levere rustfrit st\u00e5lbestik af h\u00f8j kvalitet til en rimelig pris og til en rimelig tidsplan, samtidig med at vi uddanner og r\u00e5dgiver kunderne fra id\u00e9stadiet til markedet.\t\t\t\t\t\t<\/div>\n\t\t\t\t<\/div>\n\t\t\t\t<\/div>\n\t\t\t\t\t<\/div>\n\t\t\t\t<\/div>\n\t\t<div class=\"elementor-element elementor-element-373f17c e-con-full e-flex e-con e-parent\" data-id=\"373f17c\" data-element_type=\"container\">\n\t\t\t\t<div class=\"elementor-element elementor-element-997beb2 elementor-widget-divider--view-line elementor-widget elementor-widget-divider\" data-id=\"997beb2\" data-element_type=\"widget\" data-widget_type=\"divider.default\">\n\t\t\t\t<div class=\"elementor-widget-container\">\n\t\t\t\t\t<div class=\"elementor-divider\">\n\t\t\t<span class=\"elementor-divider-separator\">\n\t\t\t\t\t\t<\/span>\n\t\t<\/div>\n\t\t\t\t<\/div>\n\t\t\t\t<\/div>\n\t\t\t\t<\/div>\n\t\t<div class=\"elementor-element elementor-element-0e82628 e-flex e-con-boxed e-con e-parent\" data-id=\"0e82628\" data-element_type=\"container\">\n\t\t\t\t\t<div class=\"e-con-inner\">\n\t\t<div class=\"elementor-element elementor-element-32c37df e-con-full e-flex e-con e-child\" data-id=\"32c37df\" data-element_type=\"container\">\n\t\t\t\t<div class=\"elementor-element elementor-element-ec4f5d7 elementor-widget elementor-widget-heading\" data-id=\"ec4f5d7\" data-element_type=\"widget\" data-widget_type=\"heading.default\">\n\t\t\t\t<div class=\"elementor-widget-container\">\n\t\t\t<h2 class=\"elementor-heading-title elementor-size-default\">Innovation i IDEAL<\/h2>\t\t<\/div>\n\t\t\t\t<\/div>\n\t\t\t\t<div class=\"elementor-element elementor-element-6c2075a elementor-widget elementor-widget-text-editor\" data-id=\"6c2075a\" data-element_type=\"widget\" data-widget_type=\"text-editor.default\">\n\t\t\t\t<div class=\"elementor-widget-container\">\n\t\t\t\t\t\t\tMed hensyn til innovation h\u00e6ver vi konstant vores standarder og udvikler vores teknologi. Vi lover, at de, der bestiller produkter hos os, kan v\u00e6re sikre p\u00e5, at de f\u00e5r en skr\u00e6ddersyet l\u00f8sning af h\u00f8jeste kvalitet.\t\t\t\t\t\t<\/div>\n\t\t\t\t<\/div>\n\t\t\t\t<\/div>\n\t\t<div class=\"elementor-element elementor-element-69ab965 e-con-full e-flex e-con e-child\" data-id=\"69ab965\" data-element_type=\"container\">\n\t\t\t\t<div class=\"elementor-element elementor-element-0747cd1 elementor-widget elementor-widget-image\" data-id=\"0747cd1\" data-element_type=\"widget\" data-widget_type=\"image.default\">\n\t\t\t\t<div class=\"elementor-widget-container\">\n\t\t\t\t\t\t\t\t\t\t\t\t\t<img decoding=\"async\" width=\"696\" height=\"409\" src=\"https:\/\/www.ideal-flatware.com\/wp-content\/uploads\/2022\/12\/Ideal-Cutlery-Office.jpg\" class=\"attachment-large size-large wp-image-497\" alt=\"Ideal-Cutlery-Office\" srcset=\"https:\/\/www.ideal-flatware.com\/wp-content\/uploads\/2022\/12\/Ideal-Cutlery-Office.jpg 696w, https:\/\/www.ideal-flatware.com\/wp-content\/uploads\/2022\/12\/Ideal-Cutlery-Office-600x353.jpg 600w, https:\/\/www.ideal-flatware.com\/wp-content\/uploads\/2022\/12\/Ideal-Cutlery-Office-300x176.jpg 300w\" sizes=\"(max-width: 696px) 100vw, 696px\" \/>\t\t\t\t\t\t\t\t\t\t\t\t\t<\/div>\n\t\t\t\t<\/div>\n\t\t\t\t<\/div>\n\t\t\t\t\t<\/div>\n\t\t\t\t<\/div>\n\t\t<div class=\"elementor-element elementor-element-faf404a e-flex e-con-boxed e-con e-parent\" data-id=\"faf404a\" data-element_type=\"container\">\n\t\t\t\t\t<div class=\"e-con-inner\">\n\t\t<div class=\"elementor-element elementor-element-5f5fcd7 e-con-full e-flex e-con e-child\" data-id=\"5f5fcd7\" data-element_type=\"container\">\n\t\t\t\t<div class=\"elementor-element elementor-element-c7863f9 elementor-arrows-position-inside elementor-widget elementor-widget-image-carousel\" data-id=\"c7863f9\" data-element_type=\"widget\" data-settings=\"{&quot;slides_to_show&quot;:&quot;1&quot;,&quot;navigation&quot;:&quot;arrows&quot;,&quot;autoplay_speed&quot;:2000,&quot;effect&quot;:&quot;fade&quot;,&quot;autoplay&quot;:&quot;yes&quot;,&quot;pause_on_hover&quot;:&quot;yes&quot;,&quot;pause_on_interaction&quot;:&quot;yes&quot;,&quot;infinite&quot;:&quot;yes&quot;,&quot;speed&quot;:500}\" data-widget_type=\"image-carousel.default\">\n\t\t\t\t<div class=\"elementor-widget-container\">\n\t\t\t\t\t<div class=\"elementor-image-carousel-wrapper swiper\" dir=\"ltr\">\n\t\t\t<div class=\"elementor-image-carousel swiper-wrapper\" aria-live=\"off\">\n\t\t\t\t\t\t\t\t<div class=\"swiper-slide\" role=\"group\" aria-roledescription=\"slide\" aria-label=\"1 af 10\" data-no-translation-aria-label=\"\"><figure class=\"swiper-slide-inner\"><img decoding=\"async\" class=\"swiper-slide-image\" src=\"https:\/\/www.ideal-flatware.com\/wp-content\/uploads\/2025\/10\/ideal-canton-fair4.webp\" alt=\"ideal canton fair4\" \/><\/figure><\/div><div class=\"swiper-slide\" role=\"group\" aria-roledescription=\"slide\" aria-label=\"2 af 10\" data-no-translation-aria-label=\"\"><figure class=\"swiper-slide-inner\"><img decoding=\"async\" class=\"swiper-slide-image\" src=\"https:\/\/www.ideal-flatware.com\/wp-content\/uploads\/2025\/10\/ideal-canton-fair1.webp\" alt=\"ideal canton fair1\" \/><\/figure><\/div><div class=\"swiper-slide\" role=\"group\" aria-roledescription=\"slide\" aria-label=\"3 af 10\" data-no-translation-aria-label=\"\"><figure class=\"swiper-slide-inner\"><img decoding=\"async\" class=\"swiper-slide-image\" src=\"https:\/\/www.ideal-flatware.com\/wp-content\/uploads\/2025\/10\/ideal-canton-fair5.webp\" alt=\"ideal canton fair5\" \/><\/figure><\/div><div class=\"swiper-slide\" role=\"group\" aria-roledescription=\"slide\" aria-label=\"4 af 10\" data-no-translation-aria-label=\"\"><figure class=\"swiper-slide-inner\"><img decoding=\"async\" class=\"swiper-slide-image\" src=\"https:\/\/www.ideal-flatware.com\/wp-content\/uploads\/2025\/10\/ideal-canton-fair2.webp\" alt=\"ideal canton fair2\" \/><\/figure><\/div><div class=\"swiper-slide\" role=\"group\" aria-roledescription=\"slide\" aria-label=\"5 af 10\" data-no-translation-aria-label=\"\"><figure class=\"swiper-slide-inner\"><img decoding=\"async\" class=\"swiper-slide-image\" src=\"https:\/\/www.ideal-flatware.com\/wp-content\/uploads\/2025\/10\/ideal-canton-fair3.webp\" alt=\"ideal canton fair3\" \/><\/figure><\/div><div class=\"swiper-slide\" role=\"group\" aria-roledescription=\"slide\" aria-label=\"6 af 10\" data-no-translation-aria-label=\"\"><figure class=\"swiper-slide-inner\"><img decoding=\"async\" class=\"swiper-slide-image\" src=\"https:\/\/www.ideal-flatware.com\/wp-content\/uploads\/2025\/10\/ideal-canton-fair6.webp\" alt=\"ideal canton fair6\" \/><\/figure><\/div><div class=\"swiper-slide\" role=\"group\" aria-roledescription=\"slide\" aria-label=\"7 af 10\" data-no-translation-aria-label=\"\"><figure class=\"swiper-slide-inner\"><img decoding=\"async\" class=\"swiper-slide-image\" src=\"https:\/\/www.ideal-flatware.com\/wp-content\/uploads\/2025\/10\/ideal-canton-fair9.webp\" alt=\"ideal canton fair9\" \/><\/figure><\/div><div class=\"swiper-slide\" role=\"group\" aria-roledescription=\"slide\" aria-label=\"8 af 10\" data-no-translation-aria-label=\"\"><figure class=\"swiper-slide-inner\"><img decoding=\"async\" class=\"swiper-slide-image\" src=\"https:\/\/www.ideal-flatware.com\/wp-content\/uploads\/2025\/10\/ideal-canton-fair7.webp\" alt=\"ideal canton fair7\" \/><\/figure><\/div><div class=\"swiper-slide\" role=\"group\" aria-roledescription=\"slide\" aria-label=\"9 af 10\" data-no-translation-aria-label=\"\"><figure class=\"swiper-slide-inner\"><img decoding=\"async\" class=\"swiper-slide-image\" src=\"https:\/\/www.ideal-flatware.com\/wp-content\/uploads\/2025\/10\/ideal-canton-fair8.webp\" alt=\"ideal canton fair8\" \/><\/figure><\/div><div class=\"swiper-slide\" role=\"group\" aria-roledescription=\"slide\" aria-label=\"10 af 10\" data-no-translation-aria-label=\"\"><figure class=\"swiper-slide-inner\"><img decoding=\"async\" class=\"swiper-slide-image\" src=\"https:\/\/www.ideal-flatware.com\/wp-content\/uploads\/2025\/10\/ideal-canton-fair10.webp\" alt=\"ideal canton fair10\" \/><\/figure><\/div>\t\t\t<\/div>\n\t\t\t\t\t\t\t\t\t\t\t\t<div class=\"elementor-swiper-button elementor-swiper-button-prev\" role=\"button\" tabindex=\"0\">\n\t\t\t\t\t\t<i aria-hidden=\"true\" class=\"eicon-chevron-left\"><\/i>\t\t\t\t\t<\/div>\n\t\t\t\t\t<div class=\"elementor-swiper-button elementor-swiper-button-next\" role=\"button\" tabindex=\"0\">\n\t\t\t\t\t\t<i aria-hidden=\"true\" class=\"eicon-chevron-right\"><\/i>\t\t\t\t\t<\/div>\n\t\t\t\t\n\t\t\t\t\t\t\t\t\t<\/div>\n\t\t\t\t<\/div>\n\t\t\t\t<\/div>\n\t\t\t\t<\/div>\n\t\t<div class=\"elementor-element elementor-element-18a8150 e-con-full e-flex e-con e-child\" data-id=\"18a8150\" data-element_type=\"container\">\n\t\t\t\t<div class=\"elementor-element elementor-element-bb44cbc elementor-widget elementor-widget-heading\" data-id=\"bb44cbc\" data-element_type=\"widget\" data-widget_type=\"heading.default\">\n\t\t\t\t<div class=\"elementor-widget-container\">\n\t\t\t<h2 class=\"elementor-heading-title elementor-size-default\">IDEAL i\n\nCanton Fair Show<\/h2>\t\t<\/div>\n\t\t\t\t<\/div>\n\t\t\t\t<\/div>\n\t\t\t\t\t<\/div>\n\t\t\t\t<\/div>\n\t\t<div class=\"elementor-element elementor-element-b7f48f0 e-flex e-con-boxed e-con e-parent\" data-id=\"b7f48f0\" data-element_type=\"container\">\n\t\t\t\t\t<div class=\"e-con-inner\">\n\t\t\t\t<div class=\"elementor-element elementor-element-4f91dd5 elementor-widget elementor-widget-heading\" data-id=\"4f91dd5\" data-element_type=\"widget\" data-widget_type=\"heading.default\">\n\t\t\t\t<div class=\"elementor-widget-container\">\n\t\t\t<h2 class=\"elementor-heading-title elementor-size-default\">Vores certificering<\/h2>\t\t<\/div>\n\t\t\t\t<\/div>\n\t\t\t\t<div class=\"elementor-element elementor-element-c9c0848 elementor-widget elementor-widget-text-editor\" data-id=\"c9c0848\" data-element_type=\"widget\" data-widget_type=\"text-editor.default\">\n\t\t\t\t<div class=\"elementor-widget-container\">\n\t\t\t\t\t\t\tIDEAL bestik har best\u00e5et certificeringen af BSCI, SGS. Industrien har rost os for vores fremragende teknologi til fremstilling af forme og produktionsproces.\t\t\t\t\t\t<\/div>\n\t\t\t\t<\/div>\n\t\t\t\t\t<\/div>\n\t\t\t\t<\/div>\n\t\t<div class=\"elementor-element elementor-element-1e3e042 e-con-full e-flex e-con e-parent\" data-id=\"1e3e042\" data-element_type=\"container\">\n\t\t\t\t<div class=\"elementor-element elementor-element-f714e59 elementor-widget elementor-widget-image\" data-id=\"f714e59\" data-element_type=\"widget\" data-widget_type=\"image.default\">\n\t\t\t\t<div class=\"elementor-widget-container\">\n\t\t\t\t\t\t\t\t\t\t\t\t\t<img decoding=\"async\" width=\"1669\" height=\"441\" src=\"https:\/\/www.ideal-flatware.com\/wp-content\/uploads\/2022\/12\/home-cert-1.png\" class=\"attachment-full size-full wp-image-2861\" alt=\"Jieyang Ideal-certifikater\" srcset=\"https:\/\/www.ideal-flatware.com\/wp-content\/uploads\/2022\/12\/home-cert-1.png 1669w, https:\/\/www.ideal-flatware.com\/wp-content\/uploads\/2022\/12\/home-cert-1-600x159.png 600w, https:\/\/www.ideal-flatware.com\/wp-content\/uploads\/2022\/12\/home-cert-1-300x79.png 300w, https:\/\/www.ideal-flatware.com\/wp-content\/uploads\/2022\/12\/home-cert-1-1024x271.png 1024w, https:\/\/www.ideal-flatware.com\/wp-content\/uploads\/2022\/12\/home-cert-1-768x203.png 768w, https:\/\/www.ideal-flatware.com\/wp-content\/uploads\/2022\/12\/home-cert-1-1536x406.png 1536w\" sizes=\"(max-width: 1669px) 100vw, 1669px\" \/>\t\t\t\t\t\t\t\t\t\t\t\t\t<\/div>\n\t\t\t\t<\/div>\n\t\t\t\t<\/div>\n\t\t\t\t<\/div>","protected":false},"excerpt":{"rendered":"<p>Home IDEAL -Your Trusted Cutlery Manufacturer We are focused on exporting affordable stainless steel cutlery, but even more than that, we care for the people who make our successes possible, from our employees to our consumers. We are committed to principles of honesty, trustworthiness, fairness, and justice in our quest to provide high-end services and [&hellip;]<\/p>","protected":false},"author":7,"featured_media":0,"parent":0,"menu_order":0,"comment_status":"closed","ping_status":"closed","template":"","meta":{"_seopress_robots_primary_cat":"","footnotes":""},"_links":{"self":[{"href":"https:\/\/www.ideal-flatware.com\/da\/wp-json\/wp\/v2\/pages\/45"}],"collection":[{"href":"https:\/\/www.ideal-flatware.com\/da\/wp-json\/wp\/v2\/pages"}],"about":[{"href":"https:\/\/www.ideal-flatware.com\/da\/wp-json\/wp\/v2\/types\/page"}],"author":[{"embeddable":true,"href":"https:\/\/www.ideal-flatware.com\/da\/wp-json\/wp\/v2\/users\/7"}],"replies":[{"embeddable":true,"href":"https:\/\/www.ideal-flatware.com\/da\/wp-json\/wp\/v2\/comments?post=45"}],"version-history":[{"count":114,"href":"https:\/\/www.ideal-flatware.com\/da\/wp-json\/wp\/v2\/pages\/45\/revisions"}],"predecessor-version":[{"id":3982,"href":"https:\/\/www.ideal-flatware.com\/da\/wp-json\/wp\/v2\/pages\/45\/revisions\/3982"}],"wp:attachment":[{"href":"https:\/\/www.ideal-flatware.com\/da\/wp-json\/wp\/v2\/media?parent=45"}],"curies":[{"name":"wp","href":"https:\/\/api.w.org\/{rel}","templated":true}]}}