{"id":48,"date":"2022-11-29T01:11:04","date_gmt":"2022-11-29T01:11:04","guid":{"rendered":"https:\/\/test.ideal-flatware.com\/?page_id=48"},"modified":"2024-03-29T08:03:38","modified_gmt":"2024-03-29T08:03:38","slug":"faq","status":"publish","type":"page","link":"https:\/\/www.ideal-flatware.com\/da\/faq\/","title":{"rendered":"OFTE STILLEDE SP\u00d8RGSM\u00c5L"},"content":{"rendered":"<div data-elementor-type=\"wp-page\" data-elementor-id=\"48\" class=\"elementor elementor-48\" data-elementor-post-type=\"page\">\n\t\t\t\t<div class=\"elementor-element elementor-element-115c24e2 e-con-full e-flex e-con e-parent\" data-id=\"115c24e2\" data-element_type=\"container\" data-settings=\"{&quot;background_background&quot;:&quot;classic&quot;}\">\n\t\t<div class=\"elementor-element elementor-element-70200995 e-flex e-con-boxed e-con e-child\" data-id=\"70200995\" data-element_type=\"container\">\n\t\t\t\t\t<div class=\"e-con-inner\">\n\t\t\t\t<div class=\"elementor-element elementor-element-10dd4c90 elementor-widget elementor-widget-heading\" data-id=\"10dd4c90\" data-element_type=\"widget\" data-widget_type=\"heading.default\">\n\t\t\t\t<div class=\"elementor-widget-container\">\n\t\t\t<h1 class=\"elementor-heading-title elementor-size-default\">OFTE STILLEDE SP\u00d8RGSM\u00c5L<\/h1>\t\t<\/div>\n\t\t\t\t<\/div>\n\t\t\t\t<div class=\"elementor-element elementor-element-7d9f397 elementor-widget elementor-widget-sp-breadcrumbs\" data-id=\"7d9f397\" data-element_type=\"widget\" data-widget_type=\"sp-breadcrumbs.default\">\n\t\t\t\t<div class=\"elementor-widget-container\">\n\t\t\t<nav  aria-label=\"Br\u00f8dkrumme\" data-no-translation-aria-label=\"\"><ol class=\"breadcrumb\" itemscope itemtype=\"https:\/\/schema.org\/BreadcrumbList\"><li class=\"breadcrumb-item active\" aria-current=\"page\" itemprop=\"itemListElement\" itemscope itemtype=\"https:\/\/schema.org\/ListItem\"><span itemprop=\"name\" data-no-translation=\"\" data-trp-gettext=\"\">Hjem<\/span><meta itemprop=\"position\" content=\"1\"><\/li><\/ol><\/nav>\t\t<\/div>\n\t\t\t\t<\/div>\n\t\t\t\t\t<\/div>\n\t\t\t\t<\/div>\n\t\t\t\t<\/div>\n\t\t<div class=\"elementor-element elementor-element-db99a08 e-flex e-con-boxed e-con e-parent\" data-id=\"db99a08\" data-element_type=\"container\">\n\t\t\t\t\t<div class=\"e-con-inner\">\n\t\t\t\t<div class=\"elementor-element elementor-element-739769b elementor-widget elementor-widget-heading\" data-id=\"739769b\" data-element_type=\"widget\" data-widget_type=\"heading.default\">\n\t\t\t\t<div class=\"elementor-widget-container\">\n\t\t\t<h1 class=\"elementor-heading-title elementor-size-default\">IDEAL producent af rustfrit st\u00e5lbestik<\/h1>\t\t<\/div>\n\t\t\t\t<\/div>\n\t\t\t\t<div class=\"elementor-element elementor-element-ef709d7 elementor-widget elementor-widget-text-editor\" data-id=\"ef709d7\" data-element_type=\"widget\" data-widget_type=\"text-editor.default\">\n\t\t\t\t<div class=\"elementor-widget-container\">\n\t\t\t\t\t\t\t<p>M\u00e5lmarkedet for vores brand er blevet udviklet l\u00f8bende gennem \u00e5rene.Vores team er godt forberedt p\u00e5 at l\u00f8se dine udfordringer.Venligst <a href=\"https:\/\/www.ideal-flatware.com\/da\/kontakt\/\">Kontakt os<\/a> for yderligere oplysninger.<\/p>\t\t\t\t\t\t<\/div>\n\t\t\t\t<\/div>\n\t\t\t\t\t<\/div>\n\t\t\t\t<\/div>\n\t\t<div class=\"elementor-element elementor-element-1118391 e-flex e-con-boxed e-con e-parent\" data-id=\"1118391\" data-element_type=\"container\">\n\t\t\t\t\t<div class=\"e-con-inner\">\n\t\t\t\t<div class=\"elementor-element elementor-element-77032c7 elementor-tabs-view-vertical elementor-widget elementor-widget-tabs\" data-id=\"77032c7\" data-element_type=\"widget\" data-widget_type=\"tabs.default\">\n\t\t\t\t<div class=\"elementor-widget-container\">\n\t\t\t\t\t<div class=\"elementor-tabs\">\n\t\t\t<div class=\"elementor-tabs-wrapper\" role=\"tablist\" >\n\t\t\t\t\t\t\t\t\t<div id=\"elementor-tab-title-1241\" class=\"elementor-tab-title elementor-tab-desktop-title\" aria-selected=\"true\" data-tab=\"1\" role=\"tab\" tabindex=\"0\" aria-controls=\"elementor-tab-content-1241\" aria-expanded=\"false\">Almindelige ofte stillede sp\u00f8rgsm\u00e5l<\/div>\n\t\t\t\t\t\t\t\t\t<div id=\"elementor-tab-title-1242\" class=\"elementor-tab-title elementor-tab-desktop-title\" aria-selected=\"false\" data-tab=\"2\" role=\"tab\" tabindex=\"-1\" aria-controls=\"elementor-tab-content-1242\" aria-expanded=\"false\">Om produkter<\/div>\n\t\t\t\t\t\t\t\t\t<div id=\"elementor-tab-title-1243\" class=\"elementor-tab-title elementor-tab-desktop-title\" aria-selected=\"false\" data-tab=\"3\" role=\"tab\" tabindex=\"-1\" aria-controls=\"elementor-tab-content-1243\" aria-expanded=\"false\">Om pr\u00f8ver<\/div>\n\t\t\t\t\t\t\t\t\t<div id=\"elementor-tab-title-1244\" class=\"elementor-tab-title elementor-tab-desktop-title\" aria-selected=\"false\" data-tab=\"4\" role=\"tab\" tabindex=\"-1\" aria-controls=\"elementor-tab-content-1244\" aria-expanded=\"false\">Om logo<\/div>\n\t\t\t\t\t\t\t\t\t<div id=\"elementor-tab-title-1245\" class=\"elementor-tab-title elementor-tab-desktop-title\" aria-selected=\"false\" data-tab=\"5\" role=\"tab\" tabindex=\"-1\" aria-controls=\"elementor-tab-content-1245\" aria-expanded=\"false\">Om pr\u00f8vetid<\/div>\n\t\t\t\t\t\t\t\t\t<div id=\"elementor-tab-title-1246\" class=\"elementor-tab-title elementor-tab-desktop-title\" aria-selected=\"false\" data-tab=\"6\" role=\"tab\" tabindex=\"-1\" aria-controls=\"elementor-tab-content-1246\" aria-expanded=\"false\">Produktionstid<\/div>\n\t\t\t\t\t\t\t\t\t<div id=\"elementor-tab-title-1247\" class=\"elementor-tab-title elementor-tab-desktop-title\" aria-selected=\"false\" data-tab=\"7\" role=\"tab\" tabindex=\"-1\" aria-controls=\"elementor-tab-content-1247\" aria-expanded=\"false\">MOQ<\/div>\n\t\t\t\t\t\t\t\t\t<div id=\"elementor-tab-title-1248\" class=\"elementor-tab-title elementor-tab-desktop-title\" aria-selected=\"false\" data-tab=\"8\" role=\"tab\" tabindex=\"-1\" aria-controls=\"elementor-tab-content-1248\" aria-expanded=\"false\">OEM\/ODM<\/div>\n\t\t\t\t\t\t\t\t\t<div id=\"elementor-tab-title-1249\" class=\"elementor-tab-title elementor-tab-desktop-title\" aria-selected=\"false\" data-tab=\"9\" role=\"tab\" tabindex=\"-1\" aria-controls=\"elementor-tab-content-1249\" aria-expanded=\"false\">Leveringstid<\/div>\n\t\t\t\t\t\t\t\t\t<div id=\"elementor-tab-title-12410\" class=\"elementor-tab-title elementor-tab-desktop-title\" aria-selected=\"false\" data-tab=\"10\" role=\"tab\" tabindex=\"-1\" aria-controls=\"elementor-tab-content-12410\" aria-expanded=\"false\">Havn<\/div>\n\t\t\t\t\t\t\t\t\t<div id=\"elementor-tab-title-12411\" class=\"elementor-tab-title elementor-tab-desktop-title\" aria-selected=\"false\" data-tab=\"11\" role=\"tab\" tabindex=\"-1\" aria-controls=\"elementor-tab-content-12411\" aria-expanded=\"false\">Emballage<\/div>\n\t\t\t\t\t\t\t\t\t<div id=\"elementor-tab-title-12412\" class=\"elementor-tab-title elementor-tab-desktop-title\" aria-selected=\"false\" data-tab=\"12\" role=\"tab\" tabindex=\"-1\" aria-controls=\"elementor-tab-content-12412\" aria-expanded=\"false\">Betalingsmetode<\/div>\n\t\t\t\t\t\t\t<\/div>\n\t\t\t<div class=\"elementor-tabs-content-wrapper\" role=\"tablist\" aria-orientation=\"vertical\">\n\t\t\t\t\t\t\t\t\t<div class=\"elementor-tab-title elementor-tab-mobile-title\" aria-selected=\"true\" data-tab=\"1\" role=\"tab\" tabindex=\"0\" aria-controls=\"elementor-tab-content-1241\" aria-expanded=\"false\">Almindelige ofte stillede sp\u00f8rgsm\u00e5l<\/div>\n\t\t\t\t\t<div id=\"elementor-tab-content-1241\" class=\"elementor-tab-content elementor-clearfix\" data-tab=\"1\" role=\"tabpanel\" aria-labelledby=\"elementor-tab-title-1241\" tabindex=\"0\" hidden=\"false\"><p><strong>Hvad er dine produkter lavet af\uff1f<\/strong><br \/>Vores produkter er fremstillet af rustfrit st\u00e5l af h\u00f8j kvalitet, som har en god balance mellem sikkerhed og praktisk anvendelighed.<\/p><p><strong>Kan jeg f\u00e5 en GRATIS PR\u00d8VE?<\/strong><br \/>Selvf\u00f8lgelig er gratis pr\u00f8ve tilg\u00e6ngelig, bedes du efterlade dine kontaktoplysninger for at kontakte os.<\/p><p><strong>Kan I printe vores LOGO p\u00e5 produkterne?<\/strong><br \/>Ja.Vi kan udskrive logoet p\u00e5 produkterne efter dine krav.Pr\u00e6gning, lasertryk og gravering er tilg\u00e6ngelige.<\/p><p><strong>Accepterer du OEM- og ODM-ordrer?<\/strong><br \/>Ja, OEM\/ODM er tilg\u00e6ngelige, brugerdefinerede materialer, former, farver, logoer og emballage accepteres. Hvis du har nogen ideer om produkterne, er du velkommen til at kontakte os!<\/p><p><strong>Hvad er dine betalingsbetingelser?<\/strong><br \/>Vi accepterer L\/C ved underskrift, T\/T (herunder 30% depositum), kontanter osv.<\/p><p><strong>Kan jeg frit kombinere det bestik, jeg \u00f8nsker?<\/strong><br \/>Selvf\u00f8lgelig kan vi opfylde alle dine behov med s\u00e6t med fire dele, seksten dele, fireogtyve dele og s\u00e5 videre.<\/p><p><strong>Hvad er de vigtigste typer af f\u00f8devarekvalitet rustfrit st\u00e5l?<\/strong><br \/>De er AISI410, AISI430, AISI420, AISI304.<\/p><p><strong>Hvilken slags overfladebehandlede produkter kan du tilbyde?<\/strong><br \/>Tumblerpolering, h\u00e5ndpolering, spejlpolering, mat finish, PVD-bel\u00e6gning, detaljetryk, spraymaling og andre overfladebehandlingsprocesser.<\/p><p><strong>Vil sortbelagt bestik falme?<\/strong><br \/>IDEAL vedtager en avanceret galvaniseringsproces, det rustfri st\u00e5lbestik, der er fremstillet, vil ikke falme og v\u00e6re holdbart.<\/p><\/div>\n\t\t\t\t\t\t\t\t\t<div class=\"elementor-tab-title elementor-tab-mobile-title\" aria-selected=\"false\" data-tab=\"2\" role=\"tab\" tabindex=\"-1\" aria-controls=\"elementor-tab-content-1242\" aria-expanded=\"false\">Om produkter<\/div>\n\t\t\t\t\t<div id=\"elementor-tab-content-1242\" class=\"elementor-tab-content elementor-clearfix\" data-tab=\"2\" role=\"tabpanel\" aria-labelledby=\"elementor-tab-title-1242\" tabindex=\"0\" hidden=\"hidden\"><p><strong>Hvad er materialerne i rustfrit st\u00e5lbestik?<\/strong><br \/>Bordservice i rustfrit st\u00e5l f\u00e5s i 4 kvaliteter: 410\uff0c420\uff0c430\uff0c304.<\/p><p><strong>Hvad er kendetegnene ved bordservice i rustfrit st\u00e5l?<\/strong><br \/>Holdbare, korrosionsbestandige, faldsikre, kan holde i mange \u00e5r og t\u00e5ler opvaskemaskine.<\/p><p><strong>Hvilken slags overfladebehandlede produkter kan du tilbyde?<\/strong><br \/>Tumblerpolering, h\u00e5ndpolering, spejlpolering, mat finish, PVD-bel\u00e6gning, detaljetryk, spraymaling og andre overfladebehandlingsprocesser.<\/p><p><strong>Vil forgyldt bestik falme?<\/strong><br \/>IDEAL vedtager en avanceret galvaniseringsproces, det rustfri st\u00e5lbestik, der er fremstillet, vil ikke falme og v\u00e6re holdbart.<\/p><p><strong>Vil sortbelagt bestik falme?<\/strong><br \/>IDEAL vedtager en avanceret galvaniseringsproces, det rustfri st\u00e5lbestik, der er fremstillet, vil ikke falme og v\u00e6re holdbart.<\/p><p><strong>Hvilke processer er tilg\u00e6ngelige for brugerdefinerede logoer?<\/strong><br \/>Du kan v\u00e6lge vores eksisterende produkter til at tilf\u00f8je logo: trykning, laser, pr\u00e6gning, overf\u00f8ringsudskrivning osv.<\/p><p><strong>Hvilke farver kan bestik i rustfrit st\u00e5l tilpasses?<\/strong><br \/>Generelt er s\u00f8lv, guld, sort, rosa guld, farvebel\u00e6gning de mest almindelige, du kan give os den farve, du \u00f8nsker, vi vil diskutere det i detaljer.<\/p><p><strong>Kan jeg tilpasse et specifikt produkt med dit produktm\u00f8nster?<\/strong><br \/>Du kan naturligvis bruge dine eksisterende designs til at tilpasse dit produkt.<\/p><p><strong>Kan jeg frit kombinere det bestik, jeg \u00f8nsker?<\/strong><br \/>Selvf\u00f8lgelig kan vi opfylde alle dine behov med s\u00e6t med fire dele, seksten dele, fireogtyve dele og s\u00e5 videre.<\/p><p><strong>Er sortbelagt bestik af rustfrit st\u00e5l sikkert?<\/strong><br \/>Ja, vi bruger r\u00e5materialer af f\u00f8devarekvalitet for at g\u00f8re bestik sikkert og ugiftigt i kontakt med f\u00f8devarer. B\u00e5de voksne og b\u00f8rn kan bruge det med tillid.<\/p><p><strong>Er forgyldt bestik af rustfrit st\u00e5l sikkert?<\/strong><br \/>Ja, vi bruger r\u00e5materialer af f\u00f8devarekvalitet for at g\u00f8re bestik sikkert og ugiftigt i kontakt med f\u00f8devarer. B\u00e5de voksne og b\u00f8rn kan bruge det med tillid.<\/p><p><strong>Er kanterne p\u00e5 dine bestik i rustfrit st\u00e5l glatte?<\/strong><br \/>Ja, vores rustfrit st\u00e5lsk\u00e6rer er poleret i flere lag, overfladen er gratfri og vil ikke ridse munden.<\/p><\/div>\n\t\t\t\t\t\t\t\t\t<div class=\"elementor-tab-title elementor-tab-mobile-title\" aria-selected=\"false\" data-tab=\"3\" role=\"tab\" tabindex=\"-1\" aria-controls=\"elementor-tab-content-1243\" aria-expanded=\"false\">Om pr\u00f8ver<\/div>\n\t\t\t\t\t<div id=\"elementor-tab-content-1243\" class=\"elementor-tab-content elementor-clearfix\" data-tab=\"3\" role=\"tabpanel\" aria-labelledby=\"elementor-tab-title-1243\" tabindex=\"0\" hidden=\"hidden\"><p><strong>Kan vi f\u00e5 dine gratis pr\u00f8ver?<\/strong><br \/>Pr\u00f8ver kan tilbydes gratis. Men kurerudgifterne til pr\u00f8verne skal betales af k\u00f8ber.<\/p><p><strong>Kan jeg f\u00e5 nogle pr\u00f8ver?<\/strong><br \/>Ja, det kan du. Vores pr\u00f8ver er kun gratis for de kunder, der bekr\u00e6fter bestillingen. Men fragten for ekspresforsendelser er p\u00e5 k\u00f8bers regning.<\/p><p><strong>Hvordan kan jeg f\u00e5 en pr\u00f8ve for at kontrollere jeres kvalitet?<\/strong><br \/>Pr\u00f8ve kan v\u00e6re gratis, mens fragtgebyret er p\u00e5 k\u00f8ber, du kan kontakte os for detaljer.<\/p><p><strong>Er pr\u00f8ven af dine produkter gratis?<\/strong><br \/>Ja, selvf\u00f8lgelig. Du kan betale for fragten. Det ville v\u00e6re rimeligt. Og hvis du afgiver en formel ordre hos os, kan vi returnere din pr\u00f8ve med fragt.<\/p><p><strong>Hvordan kan jeg f\u00e5 en pr\u00f8ve?<\/strong><br \/>Ja, pr\u00f8ve er acceptabel.En stk \/ vare er gratis for dig, forsendelsesomkostningerne vil blive taget af din side.Du kan kontakte vores salg for at arrangere.<\/p><p><strong>Hvordan kan jeg f\u00e5 en pr\u00f8ve for at bekr\u00e6fte kvaliteten?<\/strong><br \/>For eksisterende pr\u00f8ver tager det 1-3 dage. De er gratis, hvis de er fragtfrit. For dine egne designs tager det 7-15 dage, det tager en lille afgift, men vil blive refunderet efter ordre bekr\u00e6ftet.<\/p><\/div>\n\t\t\t\t\t\t\t\t\t<div class=\"elementor-tab-title elementor-tab-mobile-title\" aria-selected=\"false\" data-tab=\"4\" role=\"tab\" tabindex=\"-1\" aria-controls=\"elementor-tab-content-1244\" aria-expanded=\"false\">Om logo<\/div>\n\t\t\t\t\t<div id=\"elementor-tab-content-1244\" class=\"elementor-tab-content elementor-clearfix\" data-tab=\"4\" role=\"tabpanel\" aria-labelledby=\"elementor-tab-title-1244\" tabindex=\"0\" hidden=\"hidden\"><p><strong>Kan du udskrive vores LOGO p\u00e5 bestiks\u00e6t?<\/strong><br \/>Ja, vi kan udskrive logoet p\u00e5 bestiks\u00e6ttene efter dine \u00f8nsker. Pr\u00e6gning, laser, stempling og gravering er muligt.<\/p><p><strong>Hvordan forts\u00e6tter jeg med bestillingen, hvis jeg har et logo, der skal trykkes?<\/strong><br \/>F\u00f8rst udarbejder vi et artwork til visuel bekr\u00e6ftelse, og derefter fremstiller vi en rigtig pr\u00f8ve til din anden bekr\u00e6ftelse. Hvis pr\u00f8ven er ok, g\u00e5r vi endelig til masseproduktion.<\/p><p><strong>Kan jeg f\u00e5 mit logo p\u00e5 produktet?<\/strong><br \/>Ja, alle produkter kan tilpasses. Det er mere end logoer, farver, st\u00f8rrelse og m\u00f8nstre kan alle \u00e6ndres.<\/p><p><strong>Kan du lave mit design?<\/strong><br \/>Ja, vi laver b\u00e5de OEM og ODM. Vi vil gerne udvikle nye designs sammen med dig.<\/p><p><strong>Kan vi f\u00e5 vores logo eller firmanavn p\u00e5 produkterne eller pakken?<\/strong><br \/>Selvf\u00f8lgelig kan dit logo anbringes p\u00e5 dine produkter ved hj\u00e6lp af varmestempling, trykning, pr\u00e6gning, silketryk eller klisterm\u00e6rke.<\/p><p><strong>Kan du lave den tilpassede service? Og hvad er information, vi skal tilbyde for at g\u00f8re det?<\/strong><br \/>For at tilf\u00f8je logoet har vi lasering h\u00e5ndv\u00e6rk, silketryk h\u00e5ndv\u00e6rk, tryk og forskellige h\u00e5ndv\u00e6rk til at tilf\u00f8je logoet p\u00e5 produktet For at lave tilpasset form, er det ogs\u00e5 muligt for os Du kan dele PDF-filen med vores salg for at diskutere det.<\/p><\/div>\n\t\t\t\t\t\t\t\t\t<div class=\"elementor-tab-title elementor-tab-mobile-title\" aria-selected=\"false\" data-tab=\"5\" role=\"tab\" tabindex=\"-1\" aria-controls=\"elementor-tab-content-1245\" aria-expanded=\"false\">Om pr\u00f8vetid<\/div>\n\t\t\t\t\t<div id=\"elementor-tab-content-1245\" class=\"elementor-tab-content elementor-clearfix\" data-tab=\"5\" role=\"tabpanel\" aria-labelledby=\"elementor-tab-title-1245\" tabindex=\"0\" hidden=\"hidden\"><p><strong>Hvor lang er leveringstiden for pr\u00f8ven?<\/strong><br \/>Pr\u00f8ver fra lager kan sendes inden for 1-3 dage. Nyproducerede pr\u00f8ver vil blive sendt inden for 5-15 dage.<\/p><p><strong>Kan jeg f\u00e5 en pr\u00f8ve, hvor lang tid tager det?<\/strong><br \/>Ja, hvis den pr\u00f8ve, du har brug for, er p\u00e5 lager, skal du blot bruge 1-3 dage og 4-6 arbejdsdage til forsendelse. Hvis du har brug for at \u00e5bne en ny vare eller andre tilpassede varer, vil det tage 7-15 dage.<\/p><p><strong>Hvad er leveringstiden for tilpassede pr\u00f8ver og pr\u00f8veafgift?<\/strong><br \/>Leveringstid for tilpassede pr\u00f8ver: 15 dage; Pr\u00f8veafgift: skal besluttes.<\/p><\/div>\n\t\t\t\t\t\t\t\t\t<div class=\"elementor-tab-title elementor-tab-mobile-title\" aria-selected=\"false\" data-tab=\"6\" role=\"tab\" tabindex=\"-1\" aria-controls=\"elementor-tab-content-1246\" aria-expanded=\"false\">Produktionstid<\/div>\n\t\t\t\t\t<div id=\"elementor-tab-content-1246\" class=\"elementor-tab-content elementor-clearfix\" data-tab=\"6\" role=\"tabpanel\" aria-labelledby=\"elementor-tab-title-1246\" tabindex=\"0\" hidden=\"hidden\"><p><strong>Hvad er din produktionstid?<\/strong><br \/>Lille ordretid for lagerf\u00f8rte produkter er ca. 10 dage, masseproduktionstid er 45-60 dage i henhold til ordrem\u00e6ngden.Men hvis det er en hastende ordre, vil vi g\u00f8re vores bedste for at reducere tiden.<\/p><\/div>\n\t\t\t\t\t\t\t\t\t<div class=\"elementor-tab-title elementor-tab-mobile-title\" aria-selected=\"false\" data-tab=\"7\" role=\"tab\" tabindex=\"-1\" aria-controls=\"elementor-tab-content-1247\" aria-expanded=\"false\">MOQ<\/div>\n\t\t\t\t\t<div id=\"elementor-tab-content-1247\" class=\"elementor-tab-content elementor-clearfix\" data-tab=\"7\" role=\"tabpanel\" aria-labelledby=\"elementor-tab-title-1247\" tabindex=\"0\" hidden=\"hidden\"><p><strong>Er der nogen MOQ for det, jeg k\u00f8ber?<\/strong><br \/>Ja, vi har MOQ for masseproduktion. Forskellige varer med forskellige pakker har forskellige MOQ. Kontakt os venligst for flere oplysninger.<\/p><p><strong>Hvad er MOQ?<\/strong><br \/>Sm\u00e5 ordrer er acceptable. MOQ er lav, hvis du bestiller vores lagerprodukter. Kontakt os venligst for flere oplysninger.<\/p><p><strong>Kan jeg tilf\u00f8je forskellige produkter for at n\u00e5 MOQ'en?<\/strong><br \/>Normalt er MOQ 12000 stk., enkelt type, men det varierer fra type til type. Og hvis de modeller, du v\u00e6lger, er p\u00e5 lager, er MOQ'en fleksibel.<\/p><\/div>\n\t\t\t\t\t\t\t\t\t<div class=\"elementor-tab-title elementor-tab-mobile-title\" aria-selected=\"false\" data-tab=\"8\" role=\"tab\" tabindex=\"-1\" aria-controls=\"elementor-tab-content-1248\" aria-expanded=\"false\">OEM\/ODM<\/div>\n\t\t\t\t\t<div id=\"elementor-tab-content-1248\" class=\"elementor-tab-content elementor-clearfix\" data-tab=\"8\" role=\"tabpanel\" aria-labelledby=\"elementor-tab-title-1248\" tabindex=\"0\" hidden=\"hidden\"><p><strong>Kan du tilbyde skr\u00e6ddersyet service?<\/strong><br \/>Ja, vi kan tilbyde tilpasset service, OEM og ODM er tilg\u00e6ngelige!<\/p><p><strong>Mit design er unikt p\u00e5 markedet, hvordan kan jeg give dig min OEM-ordre?<\/strong><br \/>Hvis der er tale om OEM til produktstil, vil dette v\u00e6re forbundet med nogle omkostninger til st\u00f8bning. Kontakt os venligst for detaljer.<\/p><p><strong>Kan jeg bestille produkterne med mit eget m\u00e6rke?<\/strong><br \/>Ja, vi kan laserprinte kundens logo p\u00e5 produktet med tilladelse og godkendelsesbrev fra kunderne.<\/p><p><strong>Kan du hj\u00e6lpe os med at udvikle vores eget produkt?<\/strong><br \/>Ja, OEM\/ODM er alle tilg\u00e6ngelige. Vi har professionelle teams, der g\u00f8r dette, bedes du kontakte os for at diskutere flere detaljer, hvis du har brug for det.<\/p><p><strong>Accepterer du OEM- og ODM-ordrer?<\/strong><br \/>Ja, vi er en fremragende OEM &amp; ODM produktudvikler, OEM, ODM accepteret, acceptere brugerdefineret materiale, form, farver, logo, emballage. Hvis du har nogen ideer om produkter, er du velkommen til at kontakte os!<\/p><\/div>\n\t\t\t\t\t\t\t\t\t<div class=\"elementor-tab-title elementor-tab-mobile-title\" aria-selected=\"false\" data-tab=\"9\" role=\"tab\" tabindex=\"-1\" aria-controls=\"elementor-tab-content-1249\" aria-expanded=\"false\">Leveringstid<\/div>\n\t\t\t\t\t<div id=\"elementor-tab-content-1249\" class=\"elementor-tab-content elementor-clearfix\" data-tab=\"9\" role=\"tabpanel\" aria-labelledby=\"elementor-tab-title-1249\" tabindex=\"0\" hidden=\"hidden\"><p><strong>Hvor lang er din leveringstid?<\/strong><br \/>Generelt er det 7-10 dage, hvis varerne er p\u00e5 lager. eller det er 45-60 dage, hvis varerne ikke er p\u00e5 lager, det er i henhold til produkternes m\u00e6ngde og kvalitetsniveau!<\/p><p><strong>Hvad er din produktionstid?<\/strong><br \/>Normalt 15 arbejdsdage for pr\u00f8ver og 45-60 dage for masseproduktion efter modtaget indbetaling og bekr\u00e6ftet alle kunstv\u00e6rker.<\/p><\/div>\n\t\t\t\t\t\t\t\t\t<div class=\"elementor-tab-title elementor-tab-mobile-title\" aria-selected=\"false\" data-tab=\"10\" role=\"tab\" tabindex=\"-1\" aria-controls=\"elementor-tab-content-12410\" aria-expanded=\"false\">Havn<\/div>\n\t\t\t\t\t<div id=\"elementor-tab-content-12410\" class=\"elementor-tab-content elementor-clearfix\" data-tab=\"10\" role=\"tabpanel\" aria-labelledby=\"elementor-tab-title-12410\" tabindex=\"0\" hidden=\"hidden\"><p><strong>Hvad er FOB-havnen til forsendelse?<\/strong><br \/>Vi sender normalt varerne fra SHENZHEN\/GUANGZHOU-havnen.<\/p><p><strong>Hvor sender du fra? Hvor sender du til? Kan I levere i afleveringsordrer?<\/strong><br \/>Alle produkter vil blive sendt fra kinesiske Guangdong, for det meste fra GuangZhou eller ShenZhen-havne, hvis du har brug for at sende fra andre byer eller havne, bedes du kontakte os for yderligere bekr\u00e6ftelse. Og vi kan sende til hele verden.<\/p><\/div>\n\t\t\t\t\t\t\t\t\t<div class=\"elementor-tab-title elementor-tab-mobile-title\" aria-selected=\"false\" data-tab=\"11\" role=\"tab\" tabindex=\"-1\" aria-controls=\"elementor-tab-content-12411\" aria-expanded=\"false\">Emballage<\/div>\n\t\t\t\t\t<div id=\"elementor-tab-content-12411\" class=\"elementor-tab-content elementor-clearfix\" data-tab=\"11\" role=\"tabpanel\" aria-labelledby=\"elementor-tab-title-12411\" tabindex=\"0\" hidden=\"hidden\"><p><strong>Kan du lave tilpasset emballage?<\/strong><br \/>Selvf\u00f8lgelig. For sm\u00e5 ordrer har vi gave\u00e6sker, som du kan v\u00e6lge. Hvis du ikke kan lide vores emballage eller har dine egne ideer, er du velkommen til at tilpasse den.<\/p><\/div>\n\t\t\t\t\t\t\t\t\t<div class=\"elementor-tab-title elementor-tab-mobile-title\" aria-selected=\"false\" data-tab=\"12\" role=\"tab\" tabindex=\"-1\" aria-controls=\"elementor-tab-content-12412\" aria-expanded=\"false\">Betalingsmetode<\/div>\n\t\t\t\t\t<div id=\"elementor-tab-content-12412\" class=\"elementor-tab-content elementor-clearfix\" data-tab=\"12\" role=\"tabpanel\" aria-labelledby=\"elementor-tab-title-12412\" tabindex=\"0\" hidden=\"hidden\"><p><strong>Hvad er din betalingsfrist?<\/strong><br \/>Normalt er vores betalingsbetingelse T\/T. Betal 30% depositum p\u00e5 forh\u00e5nd, betal balancen f\u00f8r levering. Andre betalingsbetingelser kan diskuteres.<\/p><p><strong>Hvilke betalingsbetingelser kan du acceptere?<\/strong><br \/>Vi accepterer L\/C ved syn, T\/T. Du kan kontakte vores salg for at bekr\u00e6fte detaljerne.<\/p><p><strong>Hvad er dine betalingsbetingelser?<\/strong><br \/>Generelt citerer vi EXW- eller FOB-pris, betaling 30% depositum ved T\/T f\u00f8r produktion, 70% balance betalt inden for 7 dage f\u00f8r lastning.<\/p><\/div>\n\t\t\t\t\t\t\t<\/div>\n\t\t<\/div>\n\t\t\t\t<\/div>\n\t\t\t\t<\/div>\n\t\t\t\t\t<\/div>\n\t\t\t\t<\/div>\n\t\t\t\t<\/div>","protected":false},"excerpt":{"rendered":"<p>Home IDEAL stainless steel cutlery manufacturer The target market of our brand has been continuously developed over the years.Our team is well prepared to solve your challenges.Please contact us for more details. Regular FAQ About products About samples About Logo About sample time Production time MOQ OEM\/ODM Delivery time Port Packaging Payment Method Regular FAQ [&hellip;]<\/p>","protected":false},"author":7,"featured_media":0,"parent":0,"menu_order":0,"comment_status":"closed","ping_status":"closed","template":"","meta":{"_seopress_robots_primary_cat":"","footnotes":""},"_links":{"self":[{"href":"https:\/\/www.ideal-flatware.com\/da\/wp-json\/wp\/v2\/pages\/48"}],"collection":[{"href":"https:\/\/www.ideal-flatware.com\/da\/wp-json\/wp\/v2\/pages"}],"about":[{"href":"https:\/\/www.ideal-flatware.com\/da\/wp-json\/wp\/v2\/types\/page"}],"author":[{"embeddable":true,"href":"https:\/\/www.ideal-flatware.com\/da\/wp-json\/wp\/v2\/users\/7"}],"replies":[{"embeddable":true,"href":"https:\/\/www.ideal-flatware.com\/da\/wp-json\/wp\/v2\/comments?post=48"}],"version-history":[{"count":139,"href":"https:\/\/www.ideal-flatware.com\/da\/wp-json\/wp\/v2\/pages\/48\/revisions"}],"predecessor-version":[{"id":3384,"href":"https:\/\/www.ideal-flatware.com\/da\/wp-json\/wp\/v2\/pages\/48\/revisions\/3384"}],"wp:attachment":[{"href":"https:\/\/www.ideal-flatware.com\/da\/wp-json\/wp\/v2\/media?parent=48"}],"curies":[{"name":"wp","href":"https:\/\/api.w.org\/{rel}","templated":true}]}}