{"id":1339,"date":"2022-12-17T08:04:03","date_gmt":"2022-12-17T08:04:03","guid":{"rendered":"https:\/\/test.ideal-flatware.com\/?post_type=product&#038;p=1339"},"modified":"2025-12-09T09:41:19","modified_gmt":"2025-12-09T09:41:19","slug":"s059-simple-design-wholesale-cutlery-factory-restaurant-tableware-stainless-steel-cutlery-set","status":"publish","type":"product","link":"https:\/\/www.ideal-flatware.com\/da\/vare\/s059-simple-design-grossist-bestik-fabrik-restaurant-bordbestik-saet-af-rustfrit-stal-bestik-saet\/","title":{"rendered":"S059 Enkelt design engros bestik fabrik restaurant service rustfrit st\u00e5l bestik s\u00e6t"},"content":{"rendered":"<p><img fetchpriority=\"high\" decoding=\"async\" class=\"aligncenter wp-image-1340 size-full\" src=\"https:\/\/test.ideal-flatware.com\/wp-content\/uploads\/2022\/12\/S059-1.jpg\" alt=\"\" width=\"700\" height=\"700\" srcset=\"https:\/\/www.ideal-flatware.com\/wp-content\/uploads\/2022\/12\/S059-1.jpg 700w, https:\/\/www.ideal-flatware.com\/wp-content\/uploads\/2022\/12\/S059-1-600x600.jpg 600w, https:\/\/www.ideal-flatware.com\/wp-content\/uploads\/2022\/12\/S059-1-100x100.jpg 100w, https:\/\/www.ideal-flatware.com\/wp-content\/uploads\/2022\/12\/S059-1-300x300.jpg 300w, https:\/\/www.ideal-flatware.com\/wp-content\/uploads\/2022\/12\/S059-1-150x150.jpg 150w\" sizes=\"(max-width: 700px) 100vw, 700px\" \/><br \/>\n<strong>\u301010 stykker bestiks\u00e6t Service\u3011<\/strong>Fremh\u00e6v hvert l\u00e6kkert m\u00e5ltid med bestik, der p\u00e5 smukkeste vis passer til alle ved middagsbordet.<br \/>\n<strong>\u3010Simplicity Cutlery Design\u3011<\/strong>H\u00f8jglanspoleret g\u00f8r disse bestiks\u00e6t altid skinnende, matcher godt med dit eksisterende service, glat overflade praktisk til h\u00e5ndvask og opvaskemaskine sikkert, korrekt tykkelse og god st\u00f8rrelse sikrer god h\u00e5ndf\u00f8lelse, l\u00f8fter dine daglige m\u00e5ltider til en fin spiseoplevelse.<br \/>\n<strong>\u3010Materiale af h\u00f8j kvalitet og holdbart\u3011<\/strong>Lavet af premium ekstra tykt rustfrit st\u00e5l uden skadelige stoffer, ingen blegning eller chipping, sikrer rustbestandighed og robust nok til grundl\u00e6ggende daglig brug i mange \u00e5r, ikke b\u00f8je, bryde eller blive beskadiget af varme. Under din rette pleje ser dette redskabss\u00e6t altid s\u00e5 godt ud som nyt.<br \/>\n<strong>\u3010Perfect for Use\u3011<\/strong>Vores bestiks\u00e6t er ideelt til daglig brug i familien, sammenkomster, familiemiddage, bryllupper og andre formelle lejligheder. Det g\u00e6lder ogs\u00e5 til camping, hotel, restaurant, bistro osv., eller n\u00e5r du har brug for ekstra knive, gafler og skeer.<br \/>\n<strong>\u3010Plejevejledning\u3011<\/strong>Dette bestiks\u00e6t t\u00e5ler opvaskemaskine. Reng\u00f8r venligst bestik i kort tid efter brug, inden for to timer vil v\u00e6re mere foretrukket...<\/p>\n<p>&nbsp;<\/p>\n<h3 style=\"color: #90bf46;\">\u25b8 PRODUKTPARAMETRE<\/h3>\n<table style=\"height: 121px; width: 100%; border-collapse: collapse; border-style: solid; border-color: #dddddd;\" border=\"1\">\n<tbody>\n<tr style=\"height: 24px;\">\n<td style=\"width: 20%; height: 24px; border: 1px solid #dddddd; background-color: #f2f2f2;\">Varenr:<\/td>\n<td style=\"width: 20%; height: 24px; border: 1px solid #dddddd; background-color: #f2f2f2;\">Navn<\/td>\n<td style=\"width: 20%; height: 24px; border: 1px solid #dddddd; background-color: #f2f2f2;\">L\u00e6ngde(mm)<\/td>\n<td style=\"width: 20%; height: 24px; border: 1px solid #dddddd; background-color: #f2f2f2;\">Bredde(mm)<\/td>\n<td style=\"width: 20%; height: 24px; border: 1px solid #dddddd; background-color: #f2f2f2;\">V\u00e6gt(g)<\/td>\n<\/tr>\n<tr style=\"height: 24px;\">\n<td style=\"width: 20%; height: 97px; border: 1px solid #dddddd; vertical-align: middle;\" rowspan=\"4\">S059<\/td>\n<td style=\"width: 20%; height: 24px; border: 1px solid #dddddd;\">Bordkniv<\/td>\n<td style=\"width: 20%; height: 24px; border: 1px solid #dddddd;\">208<\/td>\n<td style=\"width: 20%; height: 24px; border: 1px solid #dddddd;\">18<\/td>\n<td style=\"width: 20%; height: 24px; border: 1px solid #dddddd;\">40<\/td>\n<\/tr>\n<tr style=\"height: 24px;\">\n<td style=\"width: 20%; height: 25px; border: 1px solid #dddddd;\">Bordgaffel<\/td>\n<td style=\"width: 20%; height: 25px; border: 1px solid #dddddd;\">188<\/td>\n<td style=\"width: 20%; height: 25px; border: 1px solid #dddddd;\">24<\/td>\n<td style=\"width: 20%; height: 25px; border: 1px solid #dddddd;\">27<\/td>\n<\/tr>\n<tr style=\"height: 24px;\">\n<td style=\"width: 20%; height: 24px; border: 1px solid #dddddd;\">Bordske<\/td>\n<td style=\"width: 20%; height: 24px; border: 1px solid #dddddd;\">189<\/td>\n<td style=\"width: 20%; height: 24px; border: 1px solid #dddddd;\">42<\/td>\n<td style=\"width: 20%; height: 24px; border: 1px solid #dddddd;\">33<\/td>\n<\/tr>\n<tr style=\"height: 24px;\">\n<td style=\"width: 20%; height: 24px; border: 1px solid #dddddd;\">teske<\/td>\n<td style=\"width: 20%; height: 24px; border: 1px solid #dddddd;\">135<\/td>\n<td style=\"width: 20%; height: 24px; border: 1px solid #dddddd;\">28.5<\/td>\n<td style=\"width: 20%; height: 24px; border: 1px solid #dddddd;\">15<\/td>\n<\/tr>\n<\/tbody>\n<\/table>\n<h3 style=\"color: #90bf46;\">\u25b8 PRODUKTBESKRIVELSE<\/h3>\n<div id='gallery-1' class='gallery galleryid-1339 gallery-columns-4 gallery-size-large'><figure class='gallery-item'>\n\t\t\t<div class='gallery-icon landscape'>\n\t\t\t\t<a href='https:\/\/www.ideal-flatware.com\/wp-content\/uploads\/2022\/12\/S05902.jpg'><img width=\"700\" height=\"525\" src=\"https:\/\/www.ideal-flatware.com\/wp-content\/uploads\/2022\/12\/S05902.jpg\" class=\"attachment-large size-large\" alt=\"Bestik i rustfrit st\u00e5l\" decoding=\"async\" srcset=\"https:\/\/www.ideal-flatware.com\/wp-content\/uploads\/2022\/12\/S05902.jpg 700w, https:\/\/www.ideal-flatware.com\/wp-content\/uploads\/2022\/12\/S05902-600x450.jpg 600w, https:\/\/www.ideal-flatware.com\/wp-content\/uploads\/2022\/12\/S05902-300x225.jpg 300w\" sizes=\"(max-width: 700px) 100vw, 700px\" \/><\/a>\n\t\t\t<\/div><\/figure><figure class='gallery-item'>\n\t\t\t<div class='gallery-icon landscape'>\n\t\t\t\t<a href='https:\/\/www.ideal-flatware.com\/wp-content\/uploads\/2022\/12\/S059-3.jpg'><img width=\"700\" height=\"700\" src=\"https:\/\/www.ideal-flatware.com\/wp-content\/uploads\/2022\/12\/S059-3.jpg\" class=\"attachment-large size-large\" alt=\"Bestik i rustfrit st\u00e5l\" decoding=\"async\" srcset=\"https:\/\/www.ideal-flatware.com\/wp-content\/uploads\/2022\/12\/S059-3.jpg 700w, https:\/\/www.ideal-flatware.com\/wp-content\/uploads\/2022\/12\/S059-3-600x600.jpg 600w, https:\/\/www.ideal-flatware.com\/wp-content\/uploads\/2022\/12\/S059-3-100x100.jpg 100w, https:\/\/www.ideal-flatware.com\/wp-content\/uploads\/2022\/12\/S059-3-300x300.jpg 300w, https:\/\/www.ideal-flatware.com\/wp-content\/uploads\/2022\/12\/S059-3-150x150.jpg 150w\" sizes=\"(max-width: 700px) 100vw, 700px\" \/><\/a>\n\t\t\t<\/div><\/figure><figure class='gallery-item'>\n\t\t\t<div class='gallery-icon landscape'>\n\t\t\t\t<a href='https:\/\/www.ideal-flatware.com\/wp-content\/uploads\/2022\/12\/S059-5.jpg'><img width=\"700\" height=\"700\" src=\"https:\/\/www.ideal-flatware.com\/wp-content\/uploads\/2022\/12\/S059-5.jpg\" class=\"attachment-large size-large\" alt=\"Bestik i rustfrit st\u00e5l\" decoding=\"async\" srcset=\"https:\/\/www.ideal-flatware.com\/wp-content\/uploads\/2022\/12\/S059-5.jpg 700w, https:\/\/www.ideal-flatware.com\/wp-content\/uploads\/2022\/12\/S059-5-600x600.jpg 600w, https:\/\/www.ideal-flatware.com\/wp-content\/uploads\/2022\/12\/S059-5-100x100.jpg 100w, https:\/\/www.ideal-flatware.com\/wp-content\/uploads\/2022\/12\/S059-5-300x300.jpg 300w, https:\/\/www.ideal-flatware.com\/wp-content\/uploads\/2022\/12\/S059-5-150x150.jpg 150w\" sizes=\"(max-width: 700px) 100vw, 700px\" \/><\/a>\n\t\t\t<\/div><\/figure><figure class='gallery-item'>\n\t\t\t<div class='gallery-icon landscape'>\n\t\t\t\t<a href='https:\/\/www.ideal-flatware.com\/wp-content\/uploads\/2022\/12\/S05903.jpg'><img width=\"700\" height=\"490\" src=\"https:\/\/www.ideal-flatware.com\/wp-content\/uploads\/2022\/12\/S05903.jpg\" class=\"attachment-large size-large\" alt=\"Bestik i rustfrit st\u00e5l\" decoding=\"async\" srcset=\"https:\/\/www.ideal-flatware.com\/wp-content\/uploads\/2022\/12\/S05903.jpg 700w, https:\/\/www.ideal-flatware.com\/wp-content\/uploads\/2022\/12\/S05903-600x420.jpg 600w, https:\/\/www.ideal-flatware.com\/wp-content\/uploads\/2022\/12\/S05903-300x210.jpg 300w\" sizes=\"(max-width: 700px) 100vw, 700px\" \/><\/a>\n\t\t\t<\/div><\/figure><figure class='gallery-item'>\n\t\t\t<div class='gallery-icon portrait'>\n\t\t\t\t<a href='https:\/\/www.ideal-flatware.com\/wp-content\/uploads\/2022\/12\/S05901.jpg'><img width=\"681\" height=\"1024\" src=\"https:\/\/www.ideal-flatware.com\/wp-content\/uploads\/2022\/12\/S05901-681x1024.jpg\" class=\"attachment-large size-large\" alt=\"Bestik i rustfrit st\u00e5l\" decoding=\"async\" srcset=\"https:\/\/www.ideal-flatware.com\/wp-content\/uploads\/2022\/12\/S05901-681x1024.jpg 681w, https:\/\/www.ideal-flatware.com\/wp-content\/uploads\/2022\/12\/S05901-600x903.jpg 600w, https:\/\/www.ideal-flatware.com\/wp-content\/uploads\/2022\/12\/S05901-199x300.jpg 199w, https:\/\/www.ideal-flatware.com\/wp-content\/uploads\/2022\/12\/S05901.jpg 700w\" sizes=\"(max-width: 681px) 100vw, 681px\" \/><\/a>\n\t\t\t<\/div><\/figure>\n\t\t<\/div>\n\n<p>&nbsp;<\/p>\n<h3 style=\"color: #90bf46;\">\u25b8 BRUG OG PLEJE<\/h3>\n<p><strong>F\u00d8RSTE GANG DU BRUGER DEN<\/strong><br \/>\n1. Du bedes vaske dit s\u00f8lvt\u00f8jss\u00e6t grundigt i h\u00e5nden med en mild s\u00e6be eller et mildt reng\u00f8ringsmiddel for at vaske eventuelle forarbejdningsrester fra fremstillingen v\u00e6k.<br \/>\n2.Skyl med ferskvand og t\u00f8r straks med en bl\u00f8d klud og opbevar den t\u00f8rt p\u00e5 et t\u00f8rt sted.<br \/>\n<strong>HVERDAGSBRUG<\/strong><br \/>\n1. Reng\u00f8r og t\u00f8r s\u00f8lvbestikket efter brug og opbevar det p\u00e5 et t\u00f8rt sted for at sikre dets holdbarhed.<br \/>\n2. Brug venligst ikke tr\u00e5db\u00f8rster eller h\u00e5rde svampe for at undg\u00e5 ridser og holde s\u00f8lvt\u00f8jet glat.<br \/>\n3. Pr\u00f8v venligst at undg\u00e5 at vaske i opvaskemaskinen. H\u00e5ndvask og efterf\u00f8lgende t\u00f8rring med en bl\u00f8d klud vil beskytte dit s\u00f8lvt\u00f8j bedre.<br \/>\n4. Brug et mildt reng\u00f8ringsmiddel ved reng\u00f8ring, men lad ikke s\u00f8lvt\u00f8j ligge med rester af salt eller syre i lang tid, da det kan \u00f8ge risikoen for misfarvning og korrosion.<br \/>\nVenlige tips: Dette s\u00f8lvt\u00f8jss\u00e6t er et mellemv\u00e6gts s\u00f8lvt\u00f8jss\u00e6t, ikke tungt s\u00f8lvt\u00f8j eller let s\u00f8lvt\u00f8j.<\/p>","protected":false},"excerpt":{"rendered":"<p>\u301010 Piece Flatware Set Service\u3011Highlight every delicious meal with Cutlery that beautifully accommodates everyone at your dinner table. \u3010Simplicity Cutlery Design\u3011Highly mirror polished makes these flatware sets always keep shiny, matches well with your existing tableware, smooth surface convenient to hand wash and dishwasher safe, Proper thickness and nice size ensures great hand feel, elevate [&hellip;]<\/p>","protected":false},"featured_media":1340,"comment_status":"open","ping_status":"closed","template":"","meta":{"_seopress_robots_primary_cat":""},"product_cat":[20,19],"product_tag":[],"_links":{"self":[{"href":"https:\/\/www.ideal-flatware.com\/da\/wp-json\/wp\/v2\/product\/1339"}],"collection":[{"href":"https:\/\/www.ideal-flatware.com\/da\/wp-json\/wp\/v2\/product"}],"about":[{"href":"https:\/\/www.ideal-flatware.com\/da\/wp-json\/wp\/v2\/types\/product"}],"replies":[{"embeddable":true,"href":"https:\/\/www.ideal-flatware.com\/da\/wp-json\/wp\/v2\/comments?post=1339"}],"version-history":[{"count":2,"href":"https:\/\/www.ideal-flatware.com\/da\/wp-json\/wp\/v2\/product\/1339\/revisions"}],"predecessor-version":[{"id":1350,"href":"https:\/\/www.ideal-flatware.com\/da\/wp-json\/wp\/v2\/product\/1339\/revisions\/1350"}],"wp:featuredmedia":[{"embeddable":true,"href":"https:\/\/www.ideal-flatware.com\/da\/wp-json\/wp\/v2\/media\/1340"}],"wp:attachment":[{"href":"https:\/\/www.ideal-flatware.com\/da\/wp-json\/wp\/v2\/media?parent=1339"}],"wp:term":[{"taxonomy":"product_cat","embeddable":true,"href":"https:\/\/www.ideal-flatware.com\/da\/wp-json\/wp\/v2\/product_cat?post=1339"},{"taxonomy":"product_tag","embeddable":true,"href":"https:\/\/www.ideal-flatware.com\/da\/wp-json\/wp\/v2\/product_tag?post=1339"}],"curies":[{"name":"wp","href":"https:\/\/api.w.org\/{rel}","templated":true}]}}