{"id":1478,"date":"2022-12-17T02:58:40","date_gmt":"2022-12-17T02:58:40","guid":{"rendered":"https:\/\/test.ideal-flatware.com\/?post_type=product&#038;p=1478"},"modified":"2025-12-09T09:38:54","modified_gmt":"2025-12-09T09:38:54","slug":"s097-wholesale-cutlery-factory-restaurant-tableware-stainless-steel-cutlery-set","status":"publish","type":"product","link":"https:\/\/www.ideal-flatware.com\/da\/vare\/s097-grossist-bestik-fabrik-restaurant-bordservice-krudtfri-stal-bestik-saet\/","title":{"rendered":"S097 engros bestik fabrik restaurant bordservice rustfrit st\u00e5l bestik s\u00e6t"},"content":{"rendered":"<p><img fetchpriority=\"high\" decoding=\"async\" class=\"aligncenter wp-image-1479 size-full\" src=\"https:\/\/test.ideal-flatware.com\/wp-content\/uploads\/2022\/12\/Ideal-Flatware-S097.jpg\" alt=\"\" width=\"700\" height=\"700\" srcset=\"https:\/\/www.ideal-flatware.com\/wp-content\/uploads\/2022\/12\/Ideal-Flatware-S097.jpg 700w, https:\/\/www.ideal-flatware.com\/wp-content\/uploads\/2022\/12\/Ideal-Flatware-S097-600x600.jpg 600w, https:\/\/www.ideal-flatware.com\/wp-content\/uploads\/2022\/12\/Ideal-Flatware-S097-100x100.jpg 100w, https:\/\/www.ideal-flatware.com\/wp-content\/uploads\/2022\/12\/Ideal-Flatware-S097-300x300.jpg 300w, https:\/\/www.ideal-flatware.com\/wp-content\/uploads\/2022\/12\/Ideal-Flatware-S097-150x150.jpg 150w\" sizes=\"(max-width: 700px) 100vw, 700px\" \/><\/p>\n<p><strong>\u3010S\u00f8lvbestiks\u00e6t\u3011<\/strong> Vores s\u00f8lvt\u00f8jss\u00e6t med firkantet h\u00e5ndtag omfatter middagsknive, middagsgafler, middagsskeer og teskeer, som kan tilfredsstille de fleste familier p\u00e5 4 personer og opfylde alle dine daglige behov.<br \/>\n<strong>\u3010Ergonomisk design\u3011<\/strong> Ergonomiske firkantede h\u00e5ndtag og det unikke s\u00f8lvbestiks\u00e6t er godt designet, s\u00e5 det unikke s\u00f8lvbestiks\u00e6t skiller sig ud p\u00e5 dit bord og g\u00f8r de daglige m\u00e5ltider til en luksuri\u00f8s spiseoplevelse. Middagsknivenes s\u00e6rlige kurvedesign g\u00f8r det lettere at sk\u00e6re alle former for mad.<br \/>\n<strong>\u3010H\u00f8j kvalitet og sundt materiale\u3011<\/strong> Ideelt bestiks\u00e6t er fremstillet af rustfrit st\u00e5l af h\u00f8j kvalitet, er ugiftigt og korrosionsbestandigt, hvilket er holdbart og sundt til daglig brug. Besat glat kant uden ru pletter og ergonomisk h\u00e5ndtag, giver det flotte s\u00f8lvt\u00f8jss\u00e6t nok greb til at holde.<br \/>\n<strong>\u3010Sikker i opvaskemaskine og nem at reng\u00f8re\u3011<\/strong> S\u00f8lvt\u00f8jss\u00e6ttet i rustfrit st\u00e5l t\u00e5ler opvaskemaskine og er ogs\u00e5 let at vaske i h\u00e5nden, og med den rette pleje vil dette bestiks\u00e6t holde i \u00e5revis og altid se s\u00e5 godt ud som nyt.<br \/>\n<strong>\u3010Versatile S\u00f8lvbestiks\u00e6t\u3011<\/strong> Smukt s\u00f8lvbestiks\u00e6t i rustfrit st\u00e5l, ideelt til daglig brug i hjemmet, restaurant, fest, underholdning. Perfekt gave til jul, Thanksgiving, Housewarming og meget mere.<\/p>\n<p>&nbsp;<\/p>\n<h3 style=\"color: #90bf46;\">\u25b8 PRODUKTPARAMETRE<\/h3>\n<table style=\"height: 313px; width: 100%; border-collapse: collapse; border-style: solid; border-color: #dddddd;\" border=\"1\">\n<tbody>\n<tr style=\"height: 24px;\">\n<td style=\"width: 20%; height: 24px; border: 1px solid #dddddd; background-color: #f2f2f2;\">Varenr:<\/td>\n<td style=\"width: 16.2182%; height: 24px; border: 1px solid #dddddd; background-color: #f2f2f2;\">Navn<\/td>\n<td style=\"width: 16.4363%; height: 24px; border: 1px solid #dddddd; background-color: #f2f2f2;\">Tykkelse(mm)<\/td>\n<td style=\"width: 16.4363%; height: 24px; border: 1px solid #dddddd; background-color: #f2f2f2;\">L\u00e6ngde(mm)<\/td>\n<td style=\"width: 15.2365%; height: 24px; border: 1px solid #dddddd; background-color: #f2f2f2;\">Bredde(mm)<\/td>\n<td style=\"width: 15.6727%; border: 1px solid #dddddd; background-color: #f2f2f2; height: 24px;\">V\u00e6gt(g)<\/td>\n<\/tr>\n<tr style=\"height: 24px;\">\n<td style=\"width: 20%; height: 289px; border: 1px solid #dddddd; vertical-align: middle;\" rowspan=\"12\">S097<\/td>\n<td style=\"width: 16.2182%; height: 24px; border: 1px solid #dddddd;\">Spiseske<\/td>\n<td style=\"width: 16.4363%; height: 24px; border: 1px solid #dddddd;\">2.0<\/td>\n<td style=\"width: 16.4363%; height: 24px; border: 1px solid #dddddd;\">192<\/td>\n<td style=\"width: 15.2365%; height: 24px; border: 1px solid #dddddd;\">47<\/td>\n<td style=\"width: 15.6727%; border: 1px solid #dddddd; height: 24px;\">42<\/td>\n<\/tr>\n<tr style=\"height: 24px;\">\n<td style=\"width: 16.2182%; height: 25px; border: 1px solid #dddddd;\">Middagsgaffel<\/td>\n<td style=\"width: 16.4363%; height: 25px; border: 1px solid #dddddd;\">2.0<\/td>\n<td style=\"width: 16.4363%; height: 25px; border: 1px solid #dddddd;\">198<\/td>\n<td style=\"width: 15.2365%; height: 25px; border: 1px solid #dddddd;\">26<\/td>\n<td style=\"width: 15.6727%; border: 1px solid #dddddd; height: 25px;\">34<\/td>\n<\/tr>\n<tr style=\"height: 24px;\">\n<td style=\"width: 16.2182%; height: 24px; border: 1px solid #dddddd;\">teske<\/td>\n<td style=\"width: 16.4363%; height: 24px; border: 1px solid #dddddd;\">1.8<\/td>\n<td style=\"width: 16.4363%; height: 24px; border: 1px solid #dddddd;\">137<\/td>\n<td style=\"width: 15.2365%; height: 24px; border: 1px solid #dddddd;\">32<\/td>\n<td style=\"width: 15.6727%; border: 1px solid #dddddd; height: 24px;\">21<\/td>\n<\/tr>\n<tr>\n<td style=\"width: 16.2182%; border: 1px solid #dddddd;\">Kagegaffel<\/td>\n<td style=\"width: 16.4363%; border: 1px solid #dddddd;\">2.0<\/td>\n<td style=\"width: 16.4363%; border: 1px solid #dddddd;\">140<\/td>\n<td style=\"width: 15.2365%; border: 1px solid #dddddd;\">20<\/td>\n<td style=\"width: 15.6727%; border: 1px solid #dddddd;\">18<\/td>\n<\/tr>\n<tr style=\"height: 24px;\">\n<td style=\"width: 16.2182%; height: 24px; border: 1px solid #dddddd;\">Spisekniv<\/td>\n<td style=\"width: 16.4363%; height: 24px; border: 1px solid #dddddd;\">5.0<\/td>\n<td style=\"width: 16.4363%; height: 24px; border: 1px solid #dddddd;\">215<\/td>\n<td style=\"width: 15.2365%; height: 24px; border: 1px solid #dddddd;\">15<\/td>\n<td style=\"width: 15.6727%; border: 1px solid #dddddd; height: 24px;\">60<\/td>\n<\/tr>\n<tr style=\"height: 24px;\">\n<td style=\"width: 16.2182%; border: 1px solid #dddddd; height: 24px;\">Kaffeske<\/td>\n<td style=\"width: 16.4363%; border: 1px solid #dddddd; height: 24px;\">1.8<\/td>\n<td style=\"width: 16.4363%; border: 1px solid #dddddd; height: 24px;\">120<\/td>\n<td style=\"width: 15.2365%; border: 1px solid #dddddd; height: 24px;\">28<\/td>\n<td style=\"width: 15.6727%; border: 1px solid #dddddd; height: 24px;\">16<\/td>\n<\/tr>\n<tr style=\"height: 24px;\">\n<td style=\"width: 16.2182%; border: 1px solid #dddddd; height: 24px;\">Dessert ske<\/td>\n<td style=\"width: 16.4363%; border: 1px solid #dddddd; height: 24px;\">2.0<\/td>\n<td style=\"width: 16.4363%; border: 1px solid #dddddd; height: 24px;\">166<\/td>\n<td style=\"width: 15.2365%; border: 1px solid #dddddd; height: 24px;\">39<\/td>\n<td style=\"width: 15.6727%; border: 1px solid #dddddd; height: 24px;\">30<\/td>\n<\/tr>\n<tr style=\"height: 24px;\">\n<td style=\"width: 16.2182%; border: 1px solid #dddddd; height: 24px;\">Dessertgaffel<\/td>\n<td style=\"width: 16.4363%; border: 1px solid #dddddd; height: 24px;\">2.0<\/td>\n<td style=\"width: 16.4363%; border: 1px solid #dddddd; height: 24px;\">167<\/td>\n<td style=\"width: 15.2365%; border: 1px solid #dddddd; height: 24px;\">22<\/td>\n<td style=\"width: 15.6727%; border: 1px solid #dddddd; height: 24px;\">26<\/td>\n<\/tr>\n<tr style=\"height: 24px;\">\n<td style=\"width: 16.2182%; border: 1px solid #dddddd; height: 24px;\">Dessertkniv<\/td>\n<td style=\"width: 16.4363%; border: 1px solid #dddddd; height: 24px;\">4.0<\/td>\n<td style=\"width: 16.4363%; border: 1px solid #dddddd; height: 24px;\">185<\/td>\n<td style=\"width: 15.2365%; border: 1px solid #dddddd; height: 24px;\">13<\/td>\n<td style=\"width: 15.6727%; border: 1px solid #dddddd; height: 24px;\">38<\/td>\n<\/tr>\n<tr style=\"height: 24px;\">\n<td style=\"width: 16.2182%; border: 1px solid #dddddd; height: 24px;\">Sm\u00f8rkniv<\/td>\n<td style=\"width: 16.4363%; border: 1px solid #dddddd; height: 24px;\">2.0<\/td>\n<td style=\"width: 16.4363%; border: 1px solid #dddddd; height: 24px;\">151<\/td>\n<td style=\"width: 15.2365%; border: 1px solid #dddddd; height: 24px;\">17<\/td>\n<td style=\"width: 15.6727%; border: 1px solid #dddddd; height: 24px;\">21<\/td>\n<\/tr>\n<tr style=\"height: 24px;\">\n<td style=\"width: 16.2182%; border: 1px solid #dddddd; height: 24px;\">B\u00f8fkniv<\/td>\n<td style=\"width: 16.4363%; border: 1px solid #dddddd; height: 24px;\">4.0<\/td>\n<td style=\"width: 16.4363%; border: 1px solid #dddddd; height: 24px;\">213<\/td>\n<td style=\"width: 15.2365%; border: 1px solid #dddddd; height: 24px;\">15<\/td>\n<td style=\"width: 15.6727%; border: 1px solid #dddddd; height: 24px;\">46<\/td>\n<\/tr>\n<tr style=\"height: 24px;\">\n<td style=\"width: 16.2182%; border: 1px solid #dddddd; height: 24px;\">Is-ske<\/td>\n<td style=\"width: 16.4363%; border: 1px solid #dddddd; height: 24px;\">2.0<\/td>\n<td style=\"width: 16.4363%; border: 1px solid #dddddd; height: 24px;\">206<\/td>\n<td style=\"width: 15.2365%; border: 1px solid #dddddd; height: 24px;\">30<\/td>\n<td style=\"width: 15.6727%; border: 1px solid #dddddd; height: 24px;\">30<\/td>\n<\/tr>\n<\/tbody>\n<\/table>\n<h3 style=\"color: #90bf46;\">\u25b8 PRODUKTBESKRIVELSE<\/h3>\n<div id='gallery-1' class='gallery galleryid-1478 gallery-columns-4 gallery-size-large'><figure class='gallery-item'>\n\t\t\t<div class='gallery-icon landscape'>\n\t\t\t\t<a href='https:\/\/www.ideal-flatware.com\/wp-content\/uploads\/2022\/12\/Ideal-Flatware-S09703.jpg'><img width=\"700\" height=\"467\" src=\"https:\/\/www.ideal-flatware.com\/wp-content\/uploads\/2022\/12\/Ideal-Flatware-S09703.jpg\" class=\"attachment-large size-large\" alt=\"Kniv i rustfrit st\u00e5l\" decoding=\"async\" srcset=\"https:\/\/www.ideal-flatware.com\/wp-content\/uploads\/2022\/12\/Ideal-Flatware-S09703.jpg 700w, https:\/\/www.ideal-flatware.com\/wp-content\/uploads\/2022\/12\/Ideal-Flatware-S09703-600x400.jpg 600w, https:\/\/www.ideal-flatware.com\/wp-content\/uploads\/2022\/12\/Ideal-Flatware-S09703-300x200.jpg 300w\" sizes=\"(max-width: 700px) 100vw, 700px\" \/><\/a>\n\t\t\t<\/div><\/figure><figure class='gallery-item'>\n\t\t\t<div class='gallery-icon landscape'>\n\t\t\t\t<a href='https:\/\/www.ideal-flatware.com\/wp-content\/uploads\/2022\/12\/Ideal-Flatware-S09702.jpg'><img width=\"700\" height=\"467\" src=\"https:\/\/www.ideal-flatware.com\/wp-content\/uploads\/2022\/12\/Ideal-Flatware-S09702.jpg\" class=\"attachment-large size-large\" alt=\"Kniv i rustfrit st\u00e5l\" decoding=\"async\" srcset=\"https:\/\/www.ideal-flatware.com\/wp-content\/uploads\/2022\/12\/Ideal-Flatware-S09702.jpg 700w, https:\/\/www.ideal-flatware.com\/wp-content\/uploads\/2022\/12\/Ideal-Flatware-S09702-600x400.jpg 600w, https:\/\/www.ideal-flatware.com\/wp-content\/uploads\/2022\/12\/Ideal-Flatware-S09702-300x200.jpg 300w\" sizes=\"(max-width: 700px) 100vw, 700px\" \/><\/a>\n\t\t\t<\/div><\/figure><figure class='gallery-item'>\n\t\t\t<div class='gallery-icon landscape'>\n\t\t\t\t<a href='https:\/\/www.ideal-flatware.com\/wp-content\/uploads\/2022\/12\/Ideal-Flatware-S09701.jpg'><img width=\"700\" height=\"467\" src=\"https:\/\/www.ideal-flatware.com\/wp-content\/uploads\/2022\/12\/Ideal-Flatware-S09701.jpg\" class=\"attachment-large size-large\" alt=\"Kniv i rustfrit st\u00e5l\" decoding=\"async\" srcset=\"https:\/\/www.ideal-flatware.com\/wp-content\/uploads\/2022\/12\/Ideal-Flatware-S09701.jpg 700w, https:\/\/www.ideal-flatware.com\/wp-content\/uploads\/2022\/12\/Ideal-Flatware-S09701-600x400.jpg 600w, https:\/\/www.ideal-flatware.com\/wp-content\/uploads\/2022\/12\/Ideal-Flatware-S09701-300x200.jpg 300w\" sizes=\"(max-width: 700px) 100vw, 700px\" \/><\/a>\n\t\t\t<\/div><\/figure><figure class='gallery-item'>\n\t\t\t<div class='gallery-icon landscape'>\n\t\t\t\t<a href='https:\/\/www.ideal-flatware.com\/wp-content\/uploads\/2022\/12\/Ideal-Flatware-S09707.jpg'><img width=\"700\" height=\"467\" src=\"https:\/\/www.ideal-flatware.com\/wp-content\/uploads\/2022\/12\/Ideal-Flatware-S09707.jpg\" class=\"attachment-large size-large\" alt=\"Kniv i rustfrit st\u00e5l\" decoding=\"async\" srcset=\"https:\/\/www.ideal-flatware.com\/wp-content\/uploads\/2022\/12\/Ideal-Flatware-S09707.jpg 700w, https:\/\/www.ideal-flatware.com\/wp-content\/uploads\/2022\/12\/Ideal-Flatware-S09707-600x400.jpg 600w, https:\/\/www.ideal-flatware.com\/wp-content\/uploads\/2022\/12\/Ideal-Flatware-S09707-300x200.jpg 300w\" sizes=\"(max-width: 700px) 100vw, 700px\" \/><\/a>\n\t\t\t<\/div><\/figure><figure class='gallery-item'>\n\t\t\t<div class='gallery-icon landscape'>\n\t\t\t\t<a href='https:\/\/www.ideal-flatware.com\/wp-content\/uploads\/2022\/12\/Ideal-Flatware-S09706.jpg'><img width=\"700\" height=\"467\" src=\"https:\/\/www.ideal-flatware.com\/wp-content\/uploads\/2022\/12\/Ideal-Flatware-S09706.jpg\" class=\"attachment-large size-large\" alt=\"Gaffel i rustfrit st\u00e5l\" decoding=\"async\" srcset=\"https:\/\/www.ideal-flatware.com\/wp-content\/uploads\/2022\/12\/Ideal-Flatware-S09706.jpg 700w, https:\/\/www.ideal-flatware.com\/wp-content\/uploads\/2022\/12\/Ideal-Flatware-S09706-600x400.jpg 600w, https:\/\/www.ideal-flatware.com\/wp-content\/uploads\/2022\/12\/Ideal-Flatware-S09706-300x200.jpg 300w\" sizes=\"(max-width: 700px) 100vw, 700px\" \/><\/a>\n\t\t\t<\/div><\/figure><figure class='gallery-item'>\n\t\t\t<div class='gallery-icon landscape'>\n\t\t\t\t<a href='https:\/\/www.ideal-flatware.com\/wp-content\/uploads\/2022\/12\/Ideal-Flatware-S09705.jpg'><img width=\"700\" height=\"467\" src=\"https:\/\/www.ideal-flatware.com\/wp-content\/uploads\/2022\/12\/Ideal-Flatware-S09705.jpg\" class=\"attachment-large size-large\" alt=\"Gaffel i rustfrit st\u00e5l\" decoding=\"async\" srcset=\"https:\/\/www.ideal-flatware.com\/wp-content\/uploads\/2022\/12\/Ideal-Flatware-S09705.jpg 700w, https:\/\/www.ideal-flatware.com\/wp-content\/uploads\/2022\/12\/Ideal-Flatware-S09705-600x400.jpg 600w, https:\/\/www.ideal-flatware.com\/wp-content\/uploads\/2022\/12\/Ideal-Flatware-S09705-300x200.jpg 300w\" sizes=\"(max-width: 700px) 100vw, 700px\" \/><\/a>\n\t\t\t<\/div><\/figure><figure class='gallery-item'>\n\t\t\t<div class='gallery-icon landscape'>\n\t\t\t\t<a href='https:\/\/www.ideal-flatware.com\/wp-content\/uploads\/2022\/12\/Ideal-Flatware-S09704.jpg'><img width=\"700\" height=\"467\" src=\"https:\/\/www.ideal-flatware.com\/wp-content\/uploads\/2022\/12\/Ideal-Flatware-S09704.jpg\" class=\"attachment-large size-large\" alt=\"Gaffel i rustfrit st\u00e5l\" decoding=\"async\" srcset=\"https:\/\/www.ideal-flatware.com\/wp-content\/uploads\/2022\/12\/Ideal-Flatware-S09704.jpg 700w, https:\/\/www.ideal-flatware.com\/wp-content\/uploads\/2022\/12\/Ideal-Flatware-S09704-600x400.jpg 600w, https:\/\/www.ideal-flatware.com\/wp-content\/uploads\/2022\/12\/Ideal-Flatware-S09704-300x200.jpg 300w\" sizes=\"(max-width: 700px) 100vw, 700px\" \/><\/a>\n\t\t\t<\/div><\/figure><figure class='gallery-item'>\n\t\t\t<div class='gallery-icon landscape'>\n\t\t\t\t<a href='https:\/\/www.ideal-flatware.com\/wp-content\/uploads\/2022\/12\/Ideal-Flatware-S09708.jpg'><img width=\"700\" height=\"467\" src=\"https:\/\/www.ideal-flatware.com\/wp-content\/uploads\/2022\/12\/Ideal-Flatware-S09708.jpg\" class=\"attachment-large size-large\" alt=\"Ske i rustfrit st\u00e5l\" decoding=\"async\" srcset=\"https:\/\/www.ideal-flatware.com\/wp-content\/uploads\/2022\/12\/Ideal-Flatware-S09708.jpg 700w, https:\/\/www.ideal-flatware.com\/wp-content\/uploads\/2022\/12\/Ideal-Flatware-S09708-600x400.jpg 600w, https:\/\/www.ideal-flatware.com\/wp-content\/uploads\/2022\/12\/Ideal-Flatware-S09708-300x200.jpg 300w\" sizes=\"(max-width: 700px) 100vw, 700px\" \/><\/a>\n\t\t\t<\/div><\/figure><figure class='gallery-item'>\n\t\t\t<div class='gallery-icon landscape'>\n\t\t\t\t<a href='https:\/\/www.ideal-flatware.com\/wp-content\/uploads\/2022\/12\/Ideal-Flatware-S09709.jpg'><img width=\"700\" height=\"467\" src=\"https:\/\/www.ideal-flatware.com\/wp-content\/uploads\/2022\/12\/Ideal-Flatware-S09709.jpg\" class=\"attachment-large size-large\" alt=\"Ske i rustfrit st\u00e5l\" decoding=\"async\" srcset=\"https:\/\/www.ideal-flatware.com\/wp-content\/uploads\/2022\/12\/Ideal-Flatware-S09709.jpg 700w, https:\/\/www.ideal-flatware.com\/wp-content\/uploads\/2022\/12\/Ideal-Flatware-S09709-600x400.jpg 600w, https:\/\/www.ideal-flatware.com\/wp-content\/uploads\/2022\/12\/Ideal-Flatware-S09709-300x200.jpg 300w\" sizes=\"(max-width: 700px) 100vw, 700px\" \/><\/a>\n\t\t\t<\/div><\/figure><figure class='gallery-item'>\n\t\t\t<div class='gallery-icon landscape'>\n\t\t\t\t<a href='https:\/\/www.ideal-flatware.com\/wp-content\/uploads\/2022\/12\/Ideal-Flatware-S09710.jpg'><img width=\"700\" height=\"467\" src=\"https:\/\/www.ideal-flatware.com\/wp-content\/uploads\/2022\/12\/Ideal-Flatware-S09710.jpg\" class=\"attachment-large size-large\" alt=\"Ske i rustfrit st\u00e5l\" decoding=\"async\" srcset=\"https:\/\/www.ideal-flatware.com\/wp-content\/uploads\/2022\/12\/Ideal-Flatware-S09710.jpg 700w, https:\/\/www.ideal-flatware.com\/wp-content\/uploads\/2022\/12\/Ideal-Flatware-S09710-600x400.jpg 600w, https:\/\/www.ideal-flatware.com\/wp-content\/uploads\/2022\/12\/Ideal-Flatware-S09710-300x200.jpg 300w\" sizes=\"(max-width: 700px) 100vw, 700px\" \/><\/a>\n\t\t\t<\/div><\/figure><figure class='gallery-item'>\n\t\t\t<div class='gallery-icon landscape'>\n\t\t\t\t<a href='https:\/\/www.ideal-flatware.com\/wp-content\/uploads\/2022\/12\/Ideal-Flatware-S09711.jpg'><img width=\"700\" height=\"467\" src=\"https:\/\/www.ideal-flatware.com\/wp-content\/uploads\/2022\/12\/Ideal-Flatware-S09711.jpg\" class=\"attachment-large size-large\" alt=\"Ske i rustfrit st\u00e5l\" decoding=\"async\" srcset=\"https:\/\/www.ideal-flatware.com\/wp-content\/uploads\/2022\/12\/Ideal-Flatware-S09711.jpg 700w, https:\/\/www.ideal-flatware.com\/wp-content\/uploads\/2022\/12\/Ideal-Flatware-S09711-600x400.jpg 600w, https:\/\/www.ideal-flatware.com\/wp-content\/uploads\/2022\/12\/Ideal-Flatware-S09711-300x200.jpg 300w\" sizes=\"(max-width: 700px) 100vw, 700px\" \/><\/a>\n\t\t\t<\/div><\/figure><figure class='gallery-item'>\n\t\t\t<div class='gallery-icon landscape'>\n\t\t\t\t<a href='https:\/\/www.ideal-flatware.com\/wp-content\/uploads\/2022\/12\/Ideal-Flatware-S09712.jpg'><img width=\"700\" height=\"467\" src=\"https:\/\/www.ideal-flatware.com\/wp-content\/uploads\/2022\/12\/Ideal-Flatware-S09712.jpg\" class=\"attachment-large size-large\" alt=\"Ske i rustfrit st\u00e5l\" decoding=\"async\" srcset=\"https:\/\/www.ideal-flatware.com\/wp-content\/uploads\/2022\/12\/Ideal-Flatware-S09712.jpg 700w, https:\/\/www.ideal-flatware.com\/wp-content\/uploads\/2022\/12\/Ideal-Flatware-S09712-600x400.jpg 600w, https:\/\/www.ideal-flatware.com\/wp-content\/uploads\/2022\/12\/Ideal-Flatware-S09712-300x200.jpg 300w\" sizes=\"(max-width: 700px) 100vw, 700px\" \/><\/a>\n\t\t\t<\/div><\/figure>\n\t\t<\/div>\n\n<p>&nbsp;<\/p>\n<h3 style=\"color: #90bf46;\">\u25b8 BRUG OG PLEJE<\/h3>\n<p><strong>F\u00d8RSTE GANG DU BRUGER DEN<\/strong><br \/>\n1. Du bedes vaske dit s\u00f8lvt\u00f8jss\u00e6t grundigt i h\u00e5nden med en mild s\u00e6be eller et mildt reng\u00f8ringsmiddel for at vaske eventuelle forarbejdningsrester fra fremstillingen v\u00e6k.<br \/>\n2.Skyl med ferskvand og t\u00f8r straks med en bl\u00f8d klud og opbevar den t\u00f8rt p\u00e5 et t\u00f8rt sted.<br \/>\n<strong>HVERDAGSBRUG<\/strong><br \/>\n1. Reng\u00f8r og t\u00f8r s\u00f8lvbestikket efter brug og opbevar det p\u00e5 et t\u00f8rt sted for at sikre dets holdbarhed.<br \/>\n2. Brug venligst ikke tr\u00e5db\u00f8rster eller h\u00e5rde svampe for at undg\u00e5 ridser og holde s\u00f8lvt\u00f8jet glat.<br \/>\n3. Pr\u00f8v venligst at undg\u00e5 at vaske i opvaskemaskinen. H\u00e5ndvask og efterf\u00f8lgende t\u00f8rring med en bl\u00f8d klud vil beskytte dit s\u00f8lvt\u00f8j bedre.<br \/>\n4. Brug et mildt reng\u00f8ringsmiddel ved reng\u00f8ring, men lad ikke s\u00f8lvt\u00f8j ligge med rester af salt eller syre i lang tid, da det kan \u00f8ge risikoen for misfarvning og korrosion.<br \/>\nVenlige tips: Dette s\u00f8lvt\u00f8jss\u00e6t er et mellemv\u00e6gts s\u00f8lvt\u00f8jss\u00e6t, ikke tungt s\u00f8lvt\u00f8j eller let s\u00f8lvt\u00f8j.<\/p>\n<p>&nbsp;<\/p>","protected":false},"excerpt":{"rendered":"<p>\u3010Silverware Set\u3011 Our silverware set with square handle includes dinner knives, dinner forks, dinner spoons and tea spoons, which can satisfy most families of 4 people and meet all of your daily needs. \u3010Ergonomic Design\u3011 Ergonomic square handles and unique craft of silverware set are well designed, making the unique silverware set stand out on [&hellip;]<\/p>","protected":false},"featured_media":1479,"comment_status":"open","ping_status":"closed","template":"","meta":{"_seopress_robots_primary_cat":""},"product_cat":[20,19],"product_tag":[],"_links":{"self":[{"href":"https:\/\/www.ideal-flatware.com\/da\/wp-json\/wp\/v2\/product\/1478"}],"collection":[{"href":"https:\/\/www.ideal-flatware.com\/da\/wp-json\/wp\/v2\/product"}],"about":[{"href":"https:\/\/www.ideal-flatware.com\/da\/wp-json\/wp\/v2\/types\/product"}],"replies":[{"embeddable":true,"href":"https:\/\/www.ideal-flatware.com\/da\/wp-json\/wp\/v2\/comments?post=1478"}],"version-history":[{"count":11,"href":"https:\/\/www.ideal-flatware.com\/da\/wp-json\/wp\/v2\/product\/1478\/revisions"}],"predecessor-version":[{"id":2739,"href":"https:\/\/www.ideal-flatware.com\/da\/wp-json\/wp\/v2\/product\/1478\/revisions\/2739"}],"wp:featuredmedia":[{"embeddable":true,"href":"https:\/\/www.ideal-flatware.com\/da\/wp-json\/wp\/v2\/media\/1479"}],"wp:attachment":[{"href":"https:\/\/www.ideal-flatware.com\/da\/wp-json\/wp\/v2\/media?parent=1478"}],"wp:term":[{"taxonomy":"product_cat","embeddable":true,"href":"https:\/\/www.ideal-flatware.com\/da\/wp-json\/wp\/v2\/product_cat?post=1478"},{"taxonomy":"product_tag","embeddable":true,"href":"https:\/\/www.ideal-flatware.com\/da\/wp-json\/wp\/v2\/product_tag?post=1478"}],"curies":[{"name":"wp","href":"https:\/\/api.w.org\/{rel}","templated":true}]}}