{"id":2290,"date":"2022-12-20T07:06:26","date_gmt":"2022-12-20T07:06:26","guid":{"rendered":"https:\/\/test.ideal-flatware.com\/?post_type=product&#038;p=2290"},"modified":"2023-01-03T09:23:29","modified_gmt":"2023-01-03T09:23:29","slug":"h026-high-performance-customized-made-portable-outdoor-restaurant-tableware-knife-fork-spoon-stainless-steel-cutlery-set","status":"publish","type":"product","link":"https:\/\/www.ideal-flatware.com\/da\/vare\/h026-high-performance-customized-made-portable-outdoor-restaurant-tableware-knife-fork-spoon-stainless-steel-cutlery-set\/","title":{"rendered":"H026 H\u00f8jtydende tilpasset tilpasset lavet b\u00e6rbar udend\u00f8rs restaurant bordservice kniv gaffel ske rustfrit st\u00e5l bestik s\u00e6t"},"content":{"rendered":"<p><img fetchpriority=\"high\" decoding=\"async\" class=\"aligncenter wp-image-2291 size-full\" src=\"https:\/\/test.ideal-flatware.com\/wp-content\/uploads\/2022\/12\/H026.jpg\" alt=\"\" width=\"700\" height=\"700\" srcset=\"https:\/\/www.ideal-flatware.com\/wp-content\/uploads\/2022\/12\/H026.jpg 700w, https:\/\/www.ideal-flatware.com\/wp-content\/uploads\/2022\/12\/H026-600x600.jpg 600w, https:\/\/www.ideal-flatware.com\/wp-content\/uploads\/2022\/12\/H026-100x100.jpg 100w, https:\/\/www.ideal-flatware.com\/wp-content\/uploads\/2022\/12\/H026-300x300.jpg 300w, https:\/\/www.ideal-flatware.com\/wp-content\/uploads\/2022\/12\/H026-150x150.jpg 150w\" sizes=\"(max-width: 700px) 100vw, 700px\" \/><\/p>\n<p>&nbsp;<\/p>\n<h3 style=\"color: #90bf46;\"><\/h3>","protected":false},"excerpt":{"rendered":"<p>&nbsp;<\/p>","protected":false},"featured_media":2291,"comment_status":"open","ping_status":"closed","template":"","meta":{"_seopress_robots_primary_cat":""},"product_cat":[19],"product_tag":[],"_links":{"self":[{"href":"https:\/\/www.ideal-flatware.com\/da\/wp-json\/wp\/v2\/product\/2290"}],"collection":[{"href":"https:\/\/www.ideal-flatware.com\/da\/wp-json\/wp\/v2\/product"}],"about":[{"href":"https:\/\/www.ideal-flatware.com\/da\/wp-json\/wp\/v2\/types\/product"}],"replies":[{"embeddable":true,"href":"https:\/\/www.ideal-flatware.com\/da\/wp-json\/wp\/v2\/comments?post=2290"}],"version-history":[{"count":2,"href":"https:\/\/www.ideal-flatware.com\/da\/wp-json\/wp\/v2\/product\/2290\/revisions"}],"predecessor-version":[{"id":2846,"href":"https:\/\/www.ideal-flatware.com\/da\/wp-json\/wp\/v2\/product\/2290\/revisions\/2846"}],"wp:featuredmedia":[{"embeddable":true,"href":"https:\/\/www.ideal-flatware.com\/da\/wp-json\/wp\/v2\/media\/2291"}],"wp:attachment":[{"href":"https:\/\/www.ideal-flatware.com\/da\/wp-json\/wp\/v2\/media?parent=2290"}],"wp:term":[{"taxonomy":"product_cat","embeddable":true,"href":"https:\/\/www.ideal-flatware.com\/da\/wp-json\/wp\/v2\/product_cat?post=2290"},{"taxonomy":"product_tag","embeddable":true,"href":"https:\/\/www.ideal-flatware.com\/da\/wp-json\/wp\/v2\/product_tag?post=2290"}],"curies":[{"name":"wp","href":"https:\/\/api.w.org\/{rel}","templated":true}]}}