{"id":2437,"date":"2022-12-22T03:10:28","date_gmt":"2022-12-22T03:10:28","guid":{"rendered":"https:\/\/test.ideal-flatware.com\/?post_type=product&#038;p=2437"},"modified":"2023-01-03T09:13:10","modified_gmt":"2023-01-03T09:13:10","slug":"p042-hot-sell-modern-silverware-stainless-steel-cutlery-box-packaging-2","status":"publish","type":"product","link":"https:\/\/www.ideal-flatware.com\/da\/vare\/p042-hot-sell-moderne-solvvare-rustfrit-stal-beskaerekasse-pakning-2\/","title":{"rendered":"P042 Hot s\u00e6lge moderne s\u00f8lvbestik rustfrit st\u00e5l bestik boks emballage"},"content":{"rendered":"<p><img fetchpriority=\"high\" decoding=\"async\" class=\"aligncenter wp-image-2438 size-full\" src=\"https:\/\/test.ideal-flatware.com\/wp-content\/uploads\/2022\/12\/Ideal-Flatware-PVD\u5361\u5934.jpg\" alt=\"\" width=\"700\" height=\"700\" srcset=\"https:\/\/www.ideal-flatware.com\/wp-content\/uploads\/2022\/12\/Ideal-Flatware-PVD\u5361\u5934.jpg 700w, https:\/\/www.ideal-flatware.com\/wp-content\/uploads\/2022\/12\/Ideal-Flatware-PVD\u5361\u5934-600x600.jpg 600w, https:\/\/www.ideal-flatware.com\/wp-content\/uploads\/2022\/12\/Ideal-Flatware-PVD\u5361\u5934-100x100.jpg 100w, https:\/\/www.ideal-flatware.com\/wp-content\/uploads\/2022\/12\/Ideal-Flatware-PVD\u5361\u5934-300x300.jpg 300w, https:\/\/www.ideal-flatware.com\/wp-content\/uploads\/2022\/12\/Ideal-Flatware-PVD\u5361\u5934-150x150.jpg 150w\" sizes=\"(max-width: 700px) 100vw, 700px\" \/><\/p>\n<p>&nbsp;<\/p>\n<h3 style=\"color: #90bf46;\"><\/h3>\n<h3 style=\"color: #90bf46;\">\u25b8 Bestik Pakke\uff1a<\/h3>\n<p>1. Hvis du ikke kan lide vores emballage eller har dine egne ideer, er du velkommen til at tilpasse den.<br \/>\n2. Det tager 10-15 dage for MOQ. Vi har stor produktionskapacitet, som kan sikre hurtig leveringstid selv for store m\u00e6ngder.<br \/>\n3. Normalt 1 stk. pr. pose, 50-100 stk. i 1 bundt, 800-1000 stk. i 1 karton.<\/p>\n<p>&nbsp;<\/p>","protected":false},"excerpt":{"rendered":"<p>&nbsp; \u25b8 Bestikpakke \uff1a 1. Vi har gave\u00e6sker, som du kan v\u00e6lge. Hvis du ikke kan lide vores emballage eller har dine egne ideer, er tilpasset velkommen. 2. Det tager 10-15 dage for MOQ. Vi har stor produktionskapacitet, som kan sikre hurtig leveringstid, selv for store m\u00e6ngder. 3. Normalt 1 stk\/pp-pose, 50-100 stk i 1 bundt, 800-1000 stk [...].<\/p>","protected":false},"featured_media":2438,"comment_status":"open","ping_status":"closed","template":"","meta":{"_seopress_robots_primary_cat":""},"product_cat":[21],"product_tag":[],"_links":{"self":[{"href":"https:\/\/www.ideal-flatware.com\/da\/wp-json\/wp\/v2\/product\/2437"}],"collection":[{"href":"https:\/\/www.ideal-flatware.com\/da\/wp-json\/wp\/v2\/product"}],"about":[{"href":"https:\/\/www.ideal-flatware.com\/da\/wp-json\/wp\/v2\/types\/product"}],"replies":[{"embeddable":true,"href":"https:\/\/www.ideal-flatware.com\/da\/wp-json\/wp\/v2\/comments?post=2437"}],"version-history":[{"count":3,"href":"https:\/\/www.ideal-flatware.com\/da\/wp-json\/wp\/v2\/product\/2437\/revisions"}],"predecessor-version":[{"id":2582,"href":"https:\/\/www.ideal-flatware.com\/da\/wp-json\/wp\/v2\/product\/2437\/revisions\/2582"}],"wp:featuredmedia":[{"embeddable":true,"href":"https:\/\/www.ideal-flatware.com\/da\/wp-json\/wp\/v2\/media\/2438"}],"wp:attachment":[{"href":"https:\/\/www.ideal-flatware.com\/da\/wp-json\/wp\/v2\/media?parent=2437"}],"wp:term":[{"taxonomy":"product_cat","embeddable":true,"href":"https:\/\/www.ideal-flatware.com\/da\/wp-json\/wp\/v2\/product_cat?post=2437"},{"taxonomy":"product_tag","embeddable":true,"href":"https:\/\/www.ideal-flatware.com\/da\/wp-json\/wp\/v2\/product_tag?post=2437"}],"curies":[{"name":"wp","href":"https:\/\/api.w.org\/{rel}","templated":true}]}}