{"id":253,"date":"2022-12-17T08:44:49","date_gmt":"2022-12-17T08:44:49","guid":{"rendered":"https:\/\/test.ideal-flatware.com\/?post_type=product&#038;p=253"},"modified":"2025-12-09T09:40:53","modified_gmt":"2025-12-09T09:40:53","slug":"s049-high-grade-wholesale-cutlery-factory-restaurant-tableware-18-10-ss-cutlery-set-for-hotel","status":"publish","type":"product","link":"https:\/\/www.ideal-flatware.com\/da\/vare\/s049-high-grade-wholesale-cutlery-factory-restaurant-bordservice-18-10-ss-bestik-saet-til-hotel\/","title":{"rendered":"S049 h\u00f8j kvalitet engros bestik fabrik restaurant bordservice 18\/10 SS bestik s\u00e6t til hotel"},"content":{"rendered":"<p><img fetchpriority=\"high\" decoding=\"async\" class=\"aligncenter\" src=\"https:\/\/test.ideal-flatware.com\/wp-content\/uploads\/2022\/12\/S049-1.jpg\" alt=\"S049\" width=\"700\" height=\"700\" \/><br \/>\n<strong>\u3010PREMIUM MATERIALE\u3011<\/strong>Ideelt S049 rustfrit st\u00e5lbestik s\u00e6t, Ingen skadelige stoffer og metallisk lugt, Rustbestandig for at holde lang servicetid. Glat kant uden nogen ru pletter sikrer sikkerheden for dine l\u00e6ber. Let at reng\u00f8re (For bedre at beskytte dit s\u00f8lvt\u00f8j, vask det i h\u00e5nden og t\u00f8r det med et bl\u00f8dt h\u00e5ndkl\u00e6de).<br \/>\n<strong>\u3010MULTIPURPOSE\u3011<\/strong>Som f.eks. hjem, restaurant, picnic, hotel, camping, catering, bryllup, fest og andre lejligheder.<br \/>\n<strong>\u3010MODERNE OG ELEGANT\u3011<\/strong>Rustfrit st\u00e5l perfekt spejlfinish holder disse bestiks\u00e6t altid skinnende, ingen grove grater, flot glans og giver en h\u00f8j kvalitet og moderne metallisk tekstur. H\u00e5ndtagets buede design g\u00f8r det mere elegant, Specielt designet skarpe savtakkede knivblade til at sk\u00e6re b\u00f8f nemt.<br \/>\n<strong>\u3010ERGONOMISK DESIGN\u3011<\/strong>Disse bestiks\u00e6t i rustfrit st\u00e5l giver en velafbalanceret og god h\u00e5ndfornemmelse. Glatte kanter med kurveformet design giver dig et fremragende greb, Enkel og klassisk bestik passer til mange middagsretter, Forbedre spiseoplevelsen med anst\u00e6ndige spiseredskaber s\u00e6t.<br \/>\n<strong>\u3010KVALITETSSIKRING\u3011<\/strong>Ideel S049 rustfrit st\u00e5l Bestik s\u00e6t skeer gafler gafler knive s\u00e6t brug uds\u00f8gt GIFT Box emballage, ideel gave til familie og venner til Thanksgiving, jul, Halloween. Hvis du har sp\u00f8rgsm\u00e5l eller utilfredshed med vores s\u00f8lvbestik, er du velkommen til at kontakte os, vi vil yde den bedste service for at hj\u00e6lpe dig.<\/p>\n<p>&nbsp;<\/p>\n<h3 style=\"color: #90bf46;\">\u25b8 PRODUKTPARAMETRE<\/h3>\n<table style=\"height: 121px; width: 100%; border-collapse: collapse; border-style: solid; border-color: #dddddd;\" border=\"1\">\n<tbody>\n<tr style=\"height: 24px;\">\n<td style=\"width: 20%; height: 24px; border: 1px solid #dddddd; background-color: #f2f2f2;\">Varenr:<\/td>\n<td style=\"width: 20%; height: 24px; border: 1px solid #dddddd; background-color: #f2f2f2;\">Navn<\/td>\n<td style=\"width: 20%; height: 24px; border: 1px solid #dddddd; background-color: #f2f2f2;\">L\u00e6ngde(mm)<\/td>\n<td style=\"width: 20%; height: 24px; border: 1px solid #dddddd; background-color: #f2f2f2;\">Bredde(mm)<\/td>\n<td style=\"width: 20%; height: 24px; border: 1px solid #dddddd; background-color: #f2f2f2;\">V\u00e6gt(g)<\/td>\n<\/tr>\n<tr style=\"height: 24px;\">\n<td style=\"width: 20%; height: 97px; border: 1px solid #dddddd; vertical-align: middle;\" rowspan=\"4\">S049<\/td>\n<td style=\"width: 20%; height: 24px; border: 1px solid #dddddd;\">Bordkniv<\/td>\n<td style=\"width: 20%; height: 24px; border: 1px solid #dddddd;\">215<\/td>\n<td style=\"width: 20%; height: 24px; border: 1px solid #dddddd;\">10<\/td>\n<td style=\"width: 20%; height: 24px; border: 1px solid #dddddd;\">65<\/td>\n<\/tr>\n<tr style=\"height: 24px;\">\n<td style=\"width: 20%; height: 25px; border: 1px solid #dddddd;\">Bordgaffel<\/td>\n<td style=\"width: 20%; height: 25px; border: 1px solid #dddddd;\">190<\/td>\n<td style=\"width: 20%; height: 25px; border: 1px solid #dddddd;\">24<\/td>\n<td style=\"width: 20%; height: 25px; border: 1px solid #dddddd;\">60<\/td>\n<\/tr>\n<tr style=\"height: 24px;\">\n<td style=\"width: 20%; height: 24px; border: 1px solid #dddddd;\">Bordske<\/td>\n<td style=\"width: 20%; height: 24px; border: 1px solid #dddddd;\">197<\/td>\n<td style=\"width: 20%; height: 24px; border: 1px solid #dddddd;\">43<\/td>\n<td style=\"width: 20%; height: 24px; border: 1px solid #dddddd;\">71<\/td>\n<\/tr>\n<tr style=\"height: 24px;\">\n<td style=\"width: 20%; height: 24px; border: 1px solid #dddddd;\">teske<\/td>\n<td style=\"width: 20%; height: 24px; border: 1px solid #dddddd;\">139<\/td>\n<td style=\"width: 20%; height: 24px; border: 1px solid #dddddd;\">31<\/td>\n<td style=\"width: 20%; height: 24px; border: 1px solid #dddddd;\">28<\/td>\n<\/tr>\n<\/tbody>\n<\/table>\n<h3 style=\"color: #90bf46;\">\u25b8 PRODUKTBESKRIVELSE<\/h3>\n<div id='gallery-1' class='gallery galleryid-253 gallery-columns-4 gallery-size-large'><figure class='gallery-item'>\n\t\t\t<div class='gallery-icon landscape'>\n\t\t\t\t<a href='https:\/\/www.ideal-flatware.com\/wp-content\/uploads\/2022\/12\/S049-5.jpg'><img width=\"700\" height=\"700\" src=\"https:\/\/www.ideal-flatware.com\/wp-content\/uploads\/2022\/12\/S049-5.jpg\" class=\"attachment-large size-large\" alt=\"Bestik i rustfrit st\u00e5l\" decoding=\"async\" aria-describedby=\"gallery-1-258\" srcset=\"https:\/\/www.ideal-flatware.com\/wp-content\/uploads\/2022\/12\/S049-5.jpg 700w, https:\/\/www.ideal-flatware.com\/wp-content\/uploads\/2022\/12\/S049-5-600x600.jpg 600w, https:\/\/www.ideal-flatware.com\/wp-content\/uploads\/2022\/12\/S049-5-100x100.jpg 100w, https:\/\/www.ideal-flatware.com\/wp-content\/uploads\/2022\/12\/S049-5-300x300.jpg 300w, https:\/\/www.ideal-flatware.com\/wp-content\/uploads\/2022\/12\/S049-5-150x150.jpg 150w\" sizes=\"(max-width: 700px) 100vw, 700px\" \/><\/a>\n\t\t\t<\/div>\n\t\t\t\t<figcaption class='wp-caption-text gallery-caption' id='gallery-1-258'>\n\t\t\t\tK\u00f8b bestiks\u00e6t i engros\n\n\t\t\t\t<\/figcaption><\/figure><figure class='gallery-item'>\n\t\t\t<div class='gallery-icon landscape'>\n\t\t\t\t<a href='https:\/\/www.ideal-flatware.com\/wp-content\/uploads\/2022\/12\/S049-4.jpg'><img width=\"700\" height=\"700\" src=\"https:\/\/www.ideal-flatware.com\/wp-content\/uploads\/2022\/12\/S049-4.jpg\" class=\"attachment-large size-large\" alt=\"Bestik i rustfrit st\u00e5l 18\/10 Bestik i rustfrit st\u00e5l Leverand\u00f8r | engrospriser til restauranter og hoteller\" decoding=\"async\" aria-describedby=\"gallery-1-257\" srcset=\"https:\/\/www.ideal-flatware.com\/wp-content\/uploads\/2022\/12\/S049-4.jpg 700w, https:\/\/www.ideal-flatware.com\/wp-content\/uploads\/2022\/12\/S049-4-600x600.jpg 600w, https:\/\/www.ideal-flatware.com\/wp-content\/uploads\/2022\/12\/S049-4-100x100.jpg 100w, https:\/\/www.ideal-flatware.com\/wp-content\/uploads\/2022\/12\/S049-4-300x300.jpg 300w, https:\/\/www.ideal-flatware.com\/wp-content\/uploads\/2022\/12\/S049-4-150x150.jpg 150w\" sizes=\"(max-width: 700px) 100vw, 700px\" \/><\/a>\n\t\t\t<\/div>\n\t\t\t\t<figcaption class='wp-caption-text gallery-caption' id='gallery-1-257'>\n\t\t\t\t18\/10 rustfrit st\u00e5l bestik leverand\u00f8r | engrospriser til restauranter og hoteller\n\t\t\t\t<\/figcaption><\/figure><figure class='gallery-item'>\n\t\t\t<div class='gallery-icon landscape'>\n\t\t\t\t<a href='https:\/\/www.ideal-flatware.com\/wp-content\/uploads\/2022\/12\/S049-3.jpg'><img width=\"700\" height=\"700\" src=\"https:\/\/www.ideal-flatware.com\/wp-content\/uploads\/2022\/12\/S049-3.jpg\" class=\"attachment-large size-large\" alt=\"Bestik i rustfrit st\u00e5l\" decoding=\"async\" srcset=\"https:\/\/www.ideal-flatware.com\/wp-content\/uploads\/2022\/12\/S049-3.jpg 700w, https:\/\/www.ideal-flatware.com\/wp-content\/uploads\/2022\/12\/S049-3-600x600.jpg 600w, https:\/\/www.ideal-flatware.com\/wp-content\/uploads\/2022\/12\/S049-3-100x100.jpg 100w, https:\/\/www.ideal-flatware.com\/wp-content\/uploads\/2022\/12\/S049-3-300x300.jpg 300w, https:\/\/www.ideal-flatware.com\/wp-content\/uploads\/2022\/12\/S049-3-150x150.jpg 150w\" sizes=\"(max-width: 700px) 100vw, 700px\" \/><\/a>\n\t\t\t<\/div><\/figure><figure class='gallery-item'>\n\t\t\t<div class='gallery-icon landscape'>\n\t\t\t\t<a href='https:\/\/www.ideal-flatware.com\/wp-content\/uploads\/2022\/12\/S049-2.jpg'><img width=\"700\" height=\"700\" src=\"https:\/\/www.ideal-flatware.com\/wp-content\/uploads\/2022\/12\/S049-2.jpg\" class=\"attachment-large size-large\" alt=\"Bordservice i rustfrit st\u00e5l\" decoding=\"async\" srcset=\"https:\/\/www.ideal-flatware.com\/wp-content\/uploads\/2022\/12\/S049-2.jpg 700w, https:\/\/www.ideal-flatware.com\/wp-content\/uploads\/2022\/12\/S049-2-600x600.jpg 600w, https:\/\/www.ideal-flatware.com\/wp-content\/uploads\/2022\/12\/S049-2-100x100.jpg 100w, https:\/\/www.ideal-flatware.com\/wp-content\/uploads\/2022\/12\/S049-2-300x300.jpg 300w, https:\/\/www.ideal-flatware.com\/wp-content\/uploads\/2022\/12\/S049-2-150x150.jpg 150w\" sizes=\"(max-width: 700px) 100vw, 700px\" \/><\/a>\n\t\t\t<\/div><\/figure><figure class='gallery-item'>\n\t\t\t<div class='gallery-icon landscape'>\n\t\t\t\t<a href='https:\/\/www.ideal-flatware.com\/wp-content\/uploads\/2022\/12\/S04905.jpg'><img width=\"700\" height=\"525\" src=\"https:\/\/www.ideal-flatware.com\/wp-content\/uploads\/2022\/12\/S04905.jpg\" class=\"attachment-large size-large\" alt=\"Bordservice i rustfrit st\u00e5l\" decoding=\"async\" srcset=\"https:\/\/www.ideal-flatware.com\/wp-content\/uploads\/2022\/12\/S04905.jpg 700w, https:\/\/www.ideal-flatware.com\/wp-content\/uploads\/2022\/12\/S04905-600x450.jpg 600w, https:\/\/www.ideal-flatware.com\/wp-content\/uploads\/2022\/12\/S04905-300x225.jpg 300w\" sizes=\"(max-width: 700px) 100vw, 700px\" \/><\/a>\n\t\t\t<\/div><\/figure><figure class='gallery-item'>\n\t\t\t<div class='gallery-icon landscape'>\n\t\t\t\t<a href='https:\/\/www.ideal-flatware.com\/wp-content\/uploads\/2022\/12\/S04904.jpg'><img width=\"700\" height=\"525\" src=\"https:\/\/www.ideal-flatware.com\/wp-content\/uploads\/2022\/12\/S04904.jpg\" class=\"attachment-large size-large\" alt=\"Kniv i rustfrit st\u00e5l\" decoding=\"async\" srcset=\"https:\/\/www.ideal-flatware.com\/wp-content\/uploads\/2022\/12\/S04904.jpg 700w, https:\/\/www.ideal-flatware.com\/wp-content\/uploads\/2022\/12\/S04904-600x450.jpg 600w, https:\/\/www.ideal-flatware.com\/wp-content\/uploads\/2022\/12\/S04904-300x225.jpg 300w\" sizes=\"(max-width: 700px) 100vw, 700px\" \/><\/a>\n\t\t\t<\/div><\/figure><figure class='gallery-item'>\n\t\t\t<div class='gallery-icon landscape'>\n\t\t\t\t<a href='https:\/\/www.ideal-flatware.com\/wp-content\/uploads\/2022\/12\/S04901.jpg'><img width=\"700\" height=\"506\" src=\"https:\/\/www.ideal-flatware.com\/wp-content\/uploads\/2022\/12\/S04901.jpg\" class=\"attachment-large size-large\" alt=\"Ske i rustfrit st\u00e5l\" decoding=\"async\" srcset=\"https:\/\/www.ideal-flatware.com\/wp-content\/uploads\/2022\/12\/S04901.jpg 700w, https:\/\/www.ideal-flatware.com\/wp-content\/uploads\/2022\/12\/S04901-600x434.jpg 600w, https:\/\/www.ideal-flatware.com\/wp-content\/uploads\/2022\/12\/S04901-300x217.jpg 300w\" sizes=\"(max-width: 700px) 100vw, 700px\" \/><\/a>\n\t\t\t<\/div><\/figure><figure class='gallery-item'>\n\t\t\t<div class='gallery-icon landscape'>\n\t\t\t\t<a href='https:\/\/www.ideal-flatware.com\/wp-content\/uploads\/2022\/12\/S04907.jpg'><img width=\"700\" height=\"525\" src=\"https:\/\/www.ideal-flatware.com\/wp-content\/uploads\/2022\/12\/S04907.jpg\" class=\"attachment-large size-large\" alt=\"Gaffel i rustfrit st\u00e5l\" decoding=\"async\" srcset=\"https:\/\/www.ideal-flatware.com\/wp-content\/uploads\/2022\/12\/S04907.jpg 700w, https:\/\/www.ideal-flatware.com\/wp-content\/uploads\/2022\/12\/S04907-600x450.jpg 600w, https:\/\/www.ideal-flatware.com\/wp-content\/uploads\/2022\/12\/S04907-300x225.jpg 300w\" sizes=\"(max-width: 700px) 100vw, 700px\" \/><\/a>\n\t\t\t<\/div><\/figure><figure class='gallery-item'>\n\t\t\t<div class='gallery-icon landscape'>\n\t\t\t\t<a href='https:\/\/www.ideal-flatware.com\/wp-content\/uploads\/2022\/12\/S04906.jpg'><img width=\"700\" height=\"525\" src=\"https:\/\/www.ideal-flatware.com\/wp-content\/uploads\/2022\/12\/S04906.jpg\" class=\"attachment-large size-large\" alt=\"Kniv i rustfrit st\u00e5l\" decoding=\"async\" srcset=\"https:\/\/www.ideal-flatware.com\/wp-content\/uploads\/2022\/12\/S04906.jpg 700w, https:\/\/www.ideal-flatware.com\/wp-content\/uploads\/2022\/12\/S04906-600x450.jpg 600w, https:\/\/www.ideal-flatware.com\/wp-content\/uploads\/2022\/12\/S04906-300x225.jpg 300w\" sizes=\"(max-width: 700px) 100vw, 700px\" \/><\/a>\n\t\t\t<\/div><\/figure>\n\t\t<\/div>\n\n<p>&nbsp;<\/p>\n<h3 style=\"color: #90bf46;\">\u25b8 BRUG OG PLEJE<\/h3>\n<p><strong>F\u00d8RSTE GANG DU BRUGER DEN<\/strong><br \/>\n1. Du bedes vaske dit s\u00f8lvt\u00f8jss\u00e6t grundigt i h\u00e5nden med en mild s\u00e6be eller et mildt reng\u00f8ringsmiddel for at vaske eventuelle forarbejdningsrester fra fremstillingen v\u00e6k.<br \/>\n2.Skyl med ferskvand og t\u00f8r straks med en bl\u00f8d klud og opbevar den t\u00f8rt p\u00e5 et t\u00f8rt sted.<br \/>\n<strong>HVERDAGSBRUG<\/strong><br \/>\n1. Reng\u00f8r og t\u00f8r s\u00f8lvbestikket efter brug og opbevar det p\u00e5 et t\u00f8rt sted for at sikre dets holdbarhed.<br \/>\n2. Brug venligst ikke tr\u00e5db\u00f8rster eller h\u00e5rde svampe for at undg\u00e5 ridser og holde s\u00f8lvt\u00f8jet glat.<br \/>\n3. Pr\u00f8v venligst at undg\u00e5 at vaske i opvaskemaskinen. H\u00e5ndvask og efterf\u00f8lgende t\u00f8rring med en bl\u00f8d klud vil beskytte dit s\u00f8lvt\u00f8j bedre.<br \/>\n4. Brug et mildt reng\u00f8ringsmiddel ved reng\u00f8ring, men lad ikke s\u00f8lvt\u00f8j ligge med rester af salt eller syre i lang tid, da det kan \u00f8ge risikoen for misfarvning og korrosion.<br \/>\nVenlige tips: Dette s\u00f8lvt\u00f8jss\u00e6t er et mellemv\u00e6gts s\u00f8lvt\u00f8jss\u00e6t, ikke tungt s\u00f8lvt\u00f8j eller let s\u00f8lvt\u00f8j.<\/p>","protected":false},"excerpt":{"rendered":"<p>\u3010PREMIUM MATERIAL\u3011Ideal S049 stainless steel flatware set, No harmful substance and metallic odor, Rust resistant to last long service time. Smooth edge without any rough spots ensure the safety of your lips. Easy clean (To better protect your silverware, wash it by hand and dry it with a soft towel). \u3010MULTIPURPOSE\u3011Such as home, Restaurant, Picnics, [&hellip;]<\/p>","protected":false},"featured_media":254,"comment_status":"open","ping_status":"closed","template":"","meta":{"_seopress_robots_primary_cat":"none"},"product_cat":[20,19],"product_tag":[],"_links":{"self":[{"href":"https:\/\/www.ideal-flatware.com\/da\/wp-json\/wp\/v2\/product\/253"}],"collection":[{"href":"https:\/\/www.ideal-flatware.com\/da\/wp-json\/wp\/v2\/product"}],"about":[{"href":"https:\/\/www.ideal-flatware.com\/da\/wp-json\/wp\/v2\/types\/product"}],"replies":[{"embeddable":true,"href":"https:\/\/www.ideal-flatware.com\/da\/wp-json\/wp\/v2\/comments?post=253"}],"version-history":[{"count":54,"href":"https:\/\/www.ideal-flatware.com\/da\/wp-json\/wp\/v2\/product\/253\/revisions"}],"predecessor-version":[{"id":3002,"href":"https:\/\/www.ideal-flatware.com\/da\/wp-json\/wp\/v2\/product\/253\/revisions\/3002"}],"wp:featuredmedia":[{"embeddable":true,"href":"https:\/\/www.ideal-flatware.com\/da\/wp-json\/wp\/v2\/media\/254"}],"wp:attachment":[{"href":"https:\/\/www.ideal-flatware.com\/da\/wp-json\/wp\/v2\/media?parent=253"}],"wp:term":[{"taxonomy":"product_cat","embeddable":true,"href":"https:\/\/www.ideal-flatware.com\/da\/wp-json\/wp\/v2\/product_cat?post=253"},{"taxonomy":"product_tag","embeddable":true,"href":"https:\/\/www.ideal-flatware.com\/da\/wp-json\/wp\/v2\/product_tag?post=253"}],"curies":[{"name":"wp","href":"https:\/\/api.w.org\/{rel}","templated":true}]}}