{"id":45,"date":"2022-11-29T01:09:29","date_gmt":"2022-11-29T01:09:29","guid":{"rendered":"https:\/\/test.ideal-flatware.com\/?page_id=45"},"modified":"2025-10-29T06:58:16","modified_gmt":"2025-10-29T06:58:16","slug":"company-profile","status":"publish","type":"page","link":"https:\/\/www.ideal-flatware.com\/et\/ettevotte-profiil\/","title":{"rendered":"Ettev\u00f5tte profiil"},"content":{"rendered":"<div data-elementor-type=\"wp-page\" data-elementor-id=\"45\" class=\"elementor elementor-45\" data-elementor-post-type=\"page\">\n\t\t\t\t<div class=\"elementor-element elementor-element-11b2f5ed e-con-full e-flex e-con e-parent\" data-id=\"11b2f5ed\" data-element_type=\"container\" data-settings=\"{&quot;background_background&quot;:&quot;classic&quot;}\">\n\t\t<div class=\"elementor-element elementor-element-48dcddec e-flex e-con-boxed e-con e-child\" data-id=\"48dcddec\" data-element_type=\"container\">\n\t\t\t\t\t<div class=\"e-con-inner\">\n\t\t\t\t<div class=\"elementor-element elementor-element-5fe5484 elementor-widget elementor-widget-heading\" data-id=\"5fe5484\" data-element_type=\"widget\" data-widget_type=\"heading.default\">\n\t\t\t\t<div class=\"elementor-widget-container\">\n\t\t\t<h1 class=\"elementor-heading-title elementor-size-default\">Ettev\u00f5tte profiil<\/h1>\t\t<\/div>\n\t\t\t\t<\/div>\n\t\t\t\t<div class=\"elementor-element elementor-element-51c80c3 elementor-widget elementor-widget-sp-breadcrumbs\" data-id=\"51c80c3\" data-element_type=\"widget\" data-widget_type=\"sp-breadcrumbs.default\">\n\t\t\t\t<div class=\"elementor-widget-container\">\n\t\t\t<nav  aria-label=\"leivakriips\" data-no-translation-aria-label=\"\"><ol class=\"breadcrumb\" itemscope itemtype=\"https:\/\/schema.org\/BreadcrumbList\"><li class=\"breadcrumb-item active\" aria-current=\"page\" itemprop=\"itemListElement\" itemscope itemtype=\"https:\/\/schema.org\/ListItem\"><span itemprop=\"name\" data-no-translation=\"\" data-trp-gettext=\"\">Kodu<\/span><meta itemprop=\"position\" content=\"1\"><\/li><\/ol><\/nav>\t\t<\/div>\n\t\t\t\t<\/div>\n\t\t\t\t\t<\/div>\n\t\t\t\t<\/div>\n\t\t\t\t<\/div>\n\t\t<div class=\"elementor-element elementor-element-285b570 e-flex e-con-boxed e-con e-parent\" data-id=\"285b570\" data-element_type=\"container\">\n\t\t\t\t\t<div class=\"e-con-inner\">\n\t\t\t\t<div class=\"elementor-element elementor-element-5b2929d elementor-widget elementor-widget-heading\" data-id=\"5b2929d\" data-element_type=\"widget\" data-widget_type=\"heading.default\">\n\t\t\t\t<div class=\"elementor-widget-container\">\n\t\t\t<h1 class=\"elementor-heading-title elementor-size-default\">IDEAL - Teie usaldusv\u00e4\u00e4rne s\u00f6\u00f6giriistade tootja<\/h1>\t\t<\/div>\n\t\t\t\t<\/div>\n\t\t\t\t<div class=\"elementor-element elementor-element-78b7773 elementor-widget elementor-widget-text-editor\" data-id=\"78b7773\" data-element_type=\"widget\" data-widget_type=\"text-editor.default\">\n\t\t\t\t<div class=\"elementor-widget-container\">\n\t\t\t\t\t\t\t<p>Keskendume taskukohaste roostevabast terasest s\u00f6\u00f6giriistade eksportimisele, kuid veelgi enam hoolime inimestest, kes teevad meie edu v\u00f5imalikuks, alates meie t\u00f6\u00f6tajatest kuni meie tarbijateni. Oleme p\u00fchendunud aususe, usaldusv\u00e4\u00e4rsuse, \u00f5igluse ja \u00f5igluse p\u00f5him\u00f5tetele oma p\u00fc\u00fcdlustes pakkuda k\u00f5rgetasemelisi teenuseid ja anda oma panus kogukonnale tervikuna.<\/p>\t\t\t\t\t\t<\/div>\n\t\t\t\t<\/div>\n\t\t\t\t<div class=\"elementor-element elementor-element-816a4de elementor-widget elementor-widget-video\" data-id=\"816a4de\" data-element_type=\"widget\" data-settings=\"{&quot;youtube_url&quot;:&quot;https:\\\/\\\/www.youtube.com\\\/watch?v=XHOmBV4js_E&quot;,&quot;show_image_overlay&quot;:&quot;yes&quot;,&quot;image_overlay&quot;:{&quot;url&quot;:&quot;https:\\\/\\\/test.ideal-flatware.com\\\/wp-content\\\/uploads\\\/2022\\\/12\\\/Ideal-Cutlery-Showroom.jpg&quot;,&quot;id&quot;:489,&quot;size&quot;:&quot;&quot;,&quot;alt&quot;:&quot;Ideal Cutlery Showroom&quot;,&quot;source&quot;:&quot;library&quot;},&quot;video_type&quot;:&quot;youtube&quot;,&quot;controls&quot;:&quot;yes&quot;}\" data-widget_type=\"video.default\">\n\t\t\t\t<div class=\"elementor-widget-container\">\n\t\t\t\t\t<div class=\"elementor-wrapper elementor-open-inline\">\n\t\t\t<div class=\"elementor-video\"><\/div>\t\t\t\t<div class=\"elementor-custom-embed-image-overlay\" style=\"background-image: url(https:\/\/www.ideal-flatware.com\/wp-content\/uploads\/2022\/12\/Ideal-Cutlery-Showroom.jpg);\">\n\t\t\t\t\t\t\t\t\t\t\t\t\t\t\t\t<div class=\"elementor-custom-embed-play\" role=\"button\" aria-label=\"M\u00e4ngi videot umbes Ideal Cutlery Showroom\" tabindex=\"0\" data-no-translation-aria-label=\"\">\n\t\t\t\t\t\t\t<i aria-hidden=\"true\" class=\"eicon-play\"><\/i>\t\t\t\t\t\t\t<span class=\"elementor-screen-only\">M\u00e4ngi videot umbes Ideaalne s\u00f6\u00f6giriistade m\u00fc\u00fcgisaal<\/span>\n\t\t\t\t\t\t<\/div>\n\t\t\t\t\t\t\t\t\t<\/div>\n\t\t\t\t\t<\/div>\n\t\t\t\t<\/div>\n\t\t\t\t<\/div>\n\t\t\t\t<div class=\"elementor-element elementor-element-0c610c3 elementor-widget elementor-widget-heading\" data-id=\"0c610c3\" data-element_type=\"widget\" data-widget_type=\"heading.default\">\n\t\t\t\t<div class=\"elementor-widget-container\">\n\t\t\t<h2 class=\"elementor-heading-title elementor-size-default\">Ettev\u00f5tte profiil<\/h2>\t\t<\/div>\n\t\t\t\t<\/div>\n\t\t\t\t<div class=\"elementor-element elementor-element-576a063 elementor-widget elementor-widget-text-editor\" data-id=\"576a063\" data-element_type=\"widget\" data-widget_type=\"text-editor.default\">\n\t\t\t\t<div class=\"elementor-widget-container\">\n\t\t\t\t\t\t\t<p>Jieyang Ideal Metal Products CO., Ltd., asutatud 1998. aastal, on professionaalne roostevabast terasest s\u00f6\u00f6giriistade tootja. See h\u00f5lmab 6000 \u33a1 6 tootmisliini ja 8 poleerimisliini ning 2000 \u33a1 tooteladu, mis toodavad kvalifitseeritud ja rafineeritud s\u00f6\u00f6giriistu tarkade juhtide, kvalifitseeritud t\u00f6\u00f6tajate ja abistavate meeskondade koosk\u00f5lastatud j\u00f5upingutuste alusel.<br \/>Me kulutame s\u00f6\u00f6giriistade valiku loomisel palju aega, t\u00f6\u00f6tades k\u00f5igi \u00fcksikasjadega, alates ajatutest klassikalistest stiilidest kuni kaasaegsete stiilideni, oleme loonud s\u00f5bralikud ja pikaajalised suhted klientidega k\u00fcmnetest maailma riikidest ja piirkondadest.<br \/>Otsime siiralt koost\u00f6\u00f6d teiega. Tere tulemast meiega \u00fchendust v\u00f5tma!<\/p>\t\t\t\t\t\t<\/div>\n\t\t\t\t<\/div>\n\t\t\t\t\t<\/div>\n\t\t\t\t<\/div>\n\t\t<div class=\"elementor-element elementor-element-1a6c4f1 e-con-full e-flex e-con e-parent\" data-id=\"1a6c4f1\" data-element_type=\"container\">\n\t\t\t\t<div class=\"elementor-element elementor-element-c254dcb elementor-widget-divider--view-line elementor-widget elementor-widget-divider\" data-id=\"c254dcb\" data-element_type=\"widget\" data-widget_type=\"divider.default\">\n\t\t\t\t<div class=\"elementor-widget-container\">\n\t\t\t\t\t<div class=\"elementor-divider\">\n\t\t\t<span class=\"elementor-divider-separator\">\n\t\t\t\t\t\t<\/span>\n\t\t<\/div>\n\t\t\t\t<\/div>\n\t\t\t\t<\/div>\n\t\t\t\t<\/div>\n\t\t<div class=\"elementor-element elementor-element-02231c2 e-flex e-con-boxed e-con e-parent\" data-id=\"02231c2\" data-element_type=\"container\">\n\t\t\t\t\t<div class=\"e-con-inner\">\n\t\t<div class=\"elementor-element elementor-element-b5b5734 e-con-full e-flex e-con e-child\" data-id=\"b5b5734\" data-element_type=\"container\">\n\t\t\t\t<div class=\"elementor-element elementor-element-2376643 elementor-widget elementor-widget-image\" data-id=\"2376643\" data-element_type=\"widget\" data-widget_type=\"image.default\">\n\t\t\t\t<div class=\"elementor-widget-container\">\n\t\t\t\t\t\t\t\t\t\t\t\t\t<img fetchpriority=\"high\" decoding=\"async\" width=\"696\" height=\"410\" src=\"https:\/\/www.ideal-flatware.com\/wp-content\/uploads\/2022\/12\/Ideal-Cutlery-About-Us2.jpg\" class=\"attachment-large size-large wp-image-493\" alt=\"Kohtumine\" srcset=\"https:\/\/www.ideal-flatware.com\/wp-content\/uploads\/2022\/12\/Ideal-Cutlery-About-Us2.jpg 696w, https:\/\/www.ideal-flatware.com\/wp-content\/uploads\/2022\/12\/Ideal-Cutlery-About-Us2-600x353.jpg 600w, https:\/\/www.ideal-flatware.com\/wp-content\/uploads\/2022\/12\/Ideal-Cutlery-About-Us2-300x177.jpg 300w\" sizes=\"(max-width: 696px) 100vw, 696px\" \/>\t\t\t\t\t\t\t\t\t\t\t\t\t<\/div>\n\t\t\t\t<\/div>\n\t\t\t\t<\/div>\n\t\t<div class=\"elementor-element elementor-element-57fd4a5 e-con-full e-flex e-con e-child\" data-id=\"57fd4a5\" data-element_type=\"container\">\n\t\t\t\t<div class=\"elementor-element elementor-element-b0bfec4 elementor-widget elementor-widget-heading\" data-id=\"b0bfec4\" data-element_type=\"widget\" data-widget_type=\"heading.default\">\n\t\t\t\t<div class=\"elementor-widget-container\">\n\t\t\t<h2 class=\"elementor-heading-title elementor-size-default\">Meie kirg ajendab meid<\/h2>\t\t<\/div>\n\t\t\t\t<\/div>\n\t\t\t\t<div class=\"elementor-element elementor-element-327e8b6 elementor-widget elementor-widget-text-editor\" data-id=\"327e8b6\" data-element_type=\"widget\" data-widget_type=\"text-editor.default\">\n\t\t\t\t<div class=\"elementor-widget-container\">\n\t\t\t\t\t\t\tMeie missiooniks on tarnida kvaliteetseid roostevabast terasest s\u00f6\u00f6giriistu \u00f5igeaegselt ja m\u00f5istliku hinnaga, \u00f5petades ja n\u00f5ustades kliente alates ideest kuni turule j\u00f5udmiseni.\t\t\t\t\t\t<\/div>\n\t\t\t\t<\/div>\n\t\t\t\t<\/div>\n\t\t\t\t\t<\/div>\n\t\t\t\t<\/div>\n\t\t<div class=\"elementor-element elementor-element-373f17c e-con-full e-flex e-con e-parent\" data-id=\"373f17c\" data-element_type=\"container\">\n\t\t\t\t<div class=\"elementor-element elementor-element-997beb2 elementor-widget-divider--view-line elementor-widget elementor-widget-divider\" data-id=\"997beb2\" data-element_type=\"widget\" data-widget_type=\"divider.default\">\n\t\t\t\t<div class=\"elementor-widget-container\">\n\t\t\t\t\t<div class=\"elementor-divider\">\n\t\t\t<span class=\"elementor-divider-separator\">\n\t\t\t\t\t\t<\/span>\n\t\t<\/div>\n\t\t\t\t<\/div>\n\t\t\t\t<\/div>\n\t\t\t\t<\/div>\n\t\t<div class=\"elementor-element elementor-element-0e82628 e-flex e-con-boxed e-con e-parent\" data-id=\"0e82628\" data-element_type=\"container\">\n\t\t\t\t\t<div class=\"e-con-inner\">\n\t\t<div class=\"elementor-element elementor-element-32c37df e-con-full e-flex e-con e-child\" data-id=\"32c37df\" data-element_type=\"container\">\n\t\t\t\t<div class=\"elementor-element elementor-element-ec4f5d7 elementor-widget elementor-widget-heading\" data-id=\"ec4f5d7\" data-element_type=\"widget\" data-widget_type=\"heading.default\">\n\t\t\t\t<div class=\"elementor-widget-container\">\n\t\t\t<h2 class=\"elementor-heading-title elementor-size-default\">Innovatsioon IDEALis<\/h2>\t\t<\/div>\n\t\t\t\t<\/div>\n\t\t\t\t<div class=\"elementor-element elementor-element-6c2075a elementor-widget elementor-widget-text-editor\" data-id=\"6c2075a\" data-element_type=\"widget\" data-widget_type=\"text-editor.default\">\n\t\t\t\t<div class=\"elementor-widget-container\">\n\t\t\t\t\t\t\tInnovatsiooni osas t\u00f5stame pidevalt oma standardeid ja arendame oma tehnoloogiat. Lubame, et need, kes meilt tooteid tellivad, v\u00f5ivad olla kindlad, et nad saavad k\u00f5rgeima kvaliteediga kohandatud lahenduse.\t\t\t\t\t\t<\/div>\n\t\t\t\t<\/div>\n\t\t\t\t<\/div>\n\t\t<div class=\"elementor-element elementor-element-69ab965 e-con-full e-flex e-con e-child\" data-id=\"69ab965\" data-element_type=\"container\">\n\t\t\t\t<div class=\"elementor-element elementor-element-0747cd1 elementor-widget elementor-widget-image\" data-id=\"0747cd1\" data-element_type=\"widget\" data-widget_type=\"image.default\">\n\t\t\t\t<div class=\"elementor-widget-container\">\n\t\t\t\t\t\t\t\t\t\t\t\t\t<img decoding=\"async\" width=\"696\" height=\"409\" src=\"https:\/\/www.ideal-flatware.com\/wp-content\/uploads\/2022\/12\/Ideal-Cutlery-Office.jpg\" class=\"attachment-large size-large wp-image-497\" alt=\"Ideal-Cutlery-Office\" srcset=\"https:\/\/www.ideal-flatware.com\/wp-content\/uploads\/2022\/12\/Ideal-Cutlery-Office.jpg 696w, https:\/\/www.ideal-flatware.com\/wp-content\/uploads\/2022\/12\/Ideal-Cutlery-Office-600x353.jpg 600w, https:\/\/www.ideal-flatware.com\/wp-content\/uploads\/2022\/12\/Ideal-Cutlery-Office-300x176.jpg 300w\" sizes=\"(max-width: 696px) 100vw, 696px\" \/>\t\t\t\t\t\t\t\t\t\t\t\t\t<\/div>\n\t\t\t\t<\/div>\n\t\t\t\t<\/div>\n\t\t\t\t\t<\/div>\n\t\t\t\t<\/div>\n\t\t<div class=\"elementor-element elementor-element-faf404a e-flex e-con-boxed e-con e-parent\" data-id=\"faf404a\" data-element_type=\"container\">\n\t\t\t\t\t<div class=\"e-con-inner\">\n\t\t<div class=\"elementor-element elementor-element-5f5fcd7 e-con-full e-flex e-con e-child\" data-id=\"5f5fcd7\" data-element_type=\"container\">\n\t\t\t\t<div class=\"elementor-element elementor-element-c7863f9 elementor-arrows-position-inside elementor-widget elementor-widget-image-carousel\" data-id=\"c7863f9\" data-element_type=\"widget\" data-settings=\"{&quot;slides_to_show&quot;:&quot;1&quot;,&quot;navigation&quot;:&quot;arrows&quot;,&quot;autoplay_speed&quot;:2000,&quot;effect&quot;:&quot;fade&quot;,&quot;autoplay&quot;:&quot;yes&quot;,&quot;pause_on_hover&quot;:&quot;yes&quot;,&quot;pause_on_interaction&quot;:&quot;yes&quot;,&quot;infinite&quot;:&quot;yes&quot;,&quot;speed&quot;:500}\" data-widget_type=\"image-carousel.default\">\n\t\t\t\t<div class=\"elementor-widget-container\">\n\t\t\t\t\t<div class=\"elementor-image-carousel-wrapper swiper\" dir=\"ltr\">\n\t\t\t<div class=\"elementor-image-carousel swiper-wrapper\" aria-live=\"off\">\n\t\t\t\t\t\t\t\t<div class=\"swiper-slide\" role=\"group\" aria-roledescription=\"slide\" aria-label=\"10 1 10\" data-no-translation-aria-label=\"\"><figure class=\"swiper-slide-inner\"><img decoding=\"async\" class=\"swiper-slide-image\" src=\"https:\/\/www.ideal-flatware.com\/wp-content\/uploads\/2025\/10\/ideal-canton-fair4.webp\" alt=\"ideal canton fair4\" \/><\/figure><\/div><div class=\"swiper-slide\" role=\"group\" aria-roledescription=\"slide\" aria-label=\"10 2 10\" data-no-translation-aria-label=\"\"><figure class=\"swiper-slide-inner\"><img decoding=\"async\" class=\"swiper-slide-image\" src=\"https:\/\/www.ideal-flatware.com\/wp-content\/uploads\/2025\/10\/ideal-canton-fair1.webp\" alt=\"ideal canton fair1\" \/><\/figure><\/div><div class=\"swiper-slide\" role=\"group\" aria-roledescription=\"slide\" aria-label=\"10 3 10\" data-no-translation-aria-label=\"\"><figure class=\"swiper-slide-inner\"><img decoding=\"async\" class=\"swiper-slide-image\" src=\"https:\/\/www.ideal-flatware.com\/wp-content\/uploads\/2025\/10\/ideal-canton-fair5.webp\" alt=\"ideal canton fair5\" \/><\/figure><\/div><div class=\"swiper-slide\" role=\"group\" aria-roledescription=\"slide\" aria-label=\"10 4 10\" data-no-translation-aria-label=\"\"><figure class=\"swiper-slide-inner\"><img decoding=\"async\" class=\"swiper-slide-image\" src=\"https:\/\/www.ideal-flatware.com\/wp-content\/uploads\/2025\/10\/ideal-canton-fair2.webp\" alt=\"ideal canton fair2\" \/><\/figure><\/div><div class=\"swiper-slide\" role=\"group\" aria-roledescription=\"slide\" aria-label=\"10 5 10\" data-no-translation-aria-label=\"\"><figure class=\"swiper-slide-inner\"><img decoding=\"async\" class=\"swiper-slide-image\" src=\"https:\/\/www.ideal-flatware.com\/wp-content\/uploads\/2025\/10\/ideal-canton-fair3.webp\" alt=\"ideal canton fair3\" \/><\/figure><\/div><div class=\"swiper-slide\" role=\"group\" aria-roledescription=\"slide\" aria-label=\"10 6 10\" data-no-translation-aria-label=\"\"><figure class=\"swiper-slide-inner\"><img decoding=\"async\" class=\"swiper-slide-image\" src=\"https:\/\/www.ideal-flatware.com\/wp-content\/uploads\/2025\/10\/ideal-canton-fair6.webp\" alt=\"ideal canton fair6\" \/><\/figure><\/div><div class=\"swiper-slide\" role=\"group\" aria-roledescription=\"slide\" aria-label=\"10 7 10\" data-no-translation-aria-label=\"\"><figure class=\"swiper-slide-inner\"><img decoding=\"async\" class=\"swiper-slide-image\" src=\"https:\/\/www.ideal-flatware.com\/wp-content\/uploads\/2025\/10\/ideal-canton-fair9.webp\" alt=\"ideal canton fair9\" \/><\/figure><\/div><div class=\"swiper-slide\" role=\"group\" aria-roledescription=\"slide\" aria-label=\"10 8 10\" data-no-translation-aria-label=\"\"><figure class=\"swiper-slide-inner\"><img decoding=\"async\" class=\"swiper-slide-image\" src=\"https:\/\/www.ideal-flatware.com\/wp-content\/uploads\/2025\/10\/ideal-canton-fair7.webp\" alt=\"ideal canton fair7\" \/><\/figure><\/div><div class=\"swiper-slide\" role=\"group\" aria-roledescription=\"slide\" aria-label=\"10 9 10\" data-no-translation-aria-label=\"\"><figure class=\"swiper-slide-inner\"><img decoding=\"async\" class=\"swiper-slide-image\" src=\"https:\/\/www.ideal-flatware.com\/wp-content\/uploads\/2025\/10\/ideal-canton-fair8.webp\" alt=\"ideal canton fair8\" \/><\/figure><\/div><div class=\"swiper-slide\" role=\"group\" aria-roledescription=\"slide\" aria-label=\"10 10 10\" data-no-translation-aria-label=\"\"><figure class=\"swiper-slide-inner\"><img decoding=\"async\" class=\"swiper-slide-image\" src=\"https:\/\/www.ideal-flatware.com\/wp-content\/uploads\/2025\/10\/ideal-canton-fair10.webp\" alt=\"ideal canton fair10\" \/><\/figure><\/div>\t\t\t<\/div>\n\t\t\t\t\t\t\t\t\t\t\t\t<div class=\"elementor-swiper-button elementor-swiper-button-prev\" role=\"button\" tabindex=\"0\">\n\t\t\t\t\t\t<i aria-hidden=\"true\" class=\"eicon-chevron-left\"><\/i>\t\t\t\t\t<\/div>\n\t\t\t\t\t<div class=\"elementor-swiper-button elementor-swiper-button-next\" role=\"button\" tabindex=\"0\">\n\t\t\t\t\t\t<i aria-hidden=\"true\" class=\"eicon-chevron-right\"><\/i>\t\t\t\t\t<\/div>\n\t\t\t\t\n\t\t\t\t\t\t\t\t\t<\/div>\n\t\t\t\t<\/div>\n\t\t\t\t<\/div>\n\t\t\t\t<\/div>\n\t\t<div class=\"elementor-element elementor-element-18a8150 e-con-full e-flex e-con e-child\" data-id=\"18a8150\" data-element_type=\"container\">\n\t\t\t\t<div class=\"elementor-element elementor-element-bb44cbc elementor-widget elementor-widget-heading\" data-id=\"bb44cbc\" data-element_type=\"widget\" data-widget_type=\"heading.default\">\n\t\t\t\t<div class=\"elementor-widget-container\">\n\t\t\t<h2 class=\"elementor-heading-title elementor-size-default\">IDEAL aastal\n\nKantoni messi n\u00e4itus<\/h2>\t\t<\/div>\n\t\t\t\t<\/div>\n\t\t\t\t<\/div>\n\t\t\t\t\t<\/div>\n\t\t\t\t<\/div>\n\t\t<div class=\"elementor-element elementor-element-b7f48f0 e-flex e-con-boxed e-con e-parent\" data-id=\"b7f48f0\" data-element_type=\"container\">\n\t\t\t\t\t<div class=\"e-con-inner\">\n\t\t\t\t<div class=\"elementor-element elementor-element-4f91dd5 elementor-widget elementor-widget-heading\" data-id=\"4f91dd5\" data-element_type=\"widget\" data-widget_type=\"heading.default\">\n\t\t\t\t<div class=\"elementor-widget-container\">\n\t\t\t<h2 class=\"elementor-heading-title elementor-size-default\">Meie sertifikaat<\/h2>\t\t<\/div>\n\t\t\t\t<\/div>\n\t\t\t\t<div class=\"elementor-element elementor-element-c9c0848 elementor-widget elementor-widget-text-editor\" data-id=\"c9c0848\" data-element_type=\"widget\" data-widget_type=\"text-editor.default\">\n\t\t\t\t<div class=\"elementor-widget-container\">\n\t\t\t\t\t\t\tIDEAL lapitarbed on l\u00e4binud BSCI, SGS sertifikaadi. T\u00f6\u00f6stus on meid kiitnud meie suurep\u00e4rase hallituse loomise tehnoloogia ja tootmisprotsessi eest.\t\t\t\t\t\t<\/div>\n\t\t\t\t<\/div>\n\t\t\t\t\t<\/div>\n\t\t\t\t<\/div>\n\t\t<div class=\"elementor-element elementor-element-1e3e042 e-con-full e-flex e-con e-parent\" data-id=\"1e3e042\" data-element_type=\"container\">\n\t\t\t\t<div class=\"elementor-element elementor-element-f714e59 elementor-widget elementor-widget-image\" data-id=\"f714e59\" data-element_type=\"widget\" data-widget_type=\"image.default\">\n\t\t\t\t<div class=\"elementor-widget-container\">\n\t\t\t\t\t\t\t\t\t\t\t\t\t<img decoding=\"async\" width=\"1669\" height=\"441\" src=\"https:\/\/www.ideal-flatware.com\/wp-content\/uploads\/2022\/12\/home-cert-1.png\" class=\"attachment-full size-full wp-image-2861\" alt=\"Jieyang Ideal sertifikaadid\" srcset=\"https:\/\/www.ideal-flatware.com\/wp-content\/uploads\/2022\/12\/home-cert-1.png 1669w, https:\/\/www.ideal-flatware.com\/wp-content\/uploads\/2022\/12\/home-cert-1-600x159.png 600w, https:\/\/www.ideal-flatware.com\/wp-content\/uploads\/2022\/12\/home-cert-1-300x79.png 300w, https:\/\/www.ideal-flatware.com\/wp-content\/uploads\/2022\/12\/home-cert-1-1024x271.png 1024w, https:\/\/www.ideal-flatware.com\/wp-content\/uploads\/2022\/12\/home-cert-1-768x203.png 768w, https:\/\/www.ideal-flatware.com\/wp-content\/uploads\/2022\/12\/home-cert-1-1536x406.png 1536w\" sizes=\"(max-width: 1669px) 100vw, 1669px\" \/>\t\t\t\t\t\t\t\t\t\t\t\t\t<\/div>\n\t\t\t\t<\/div>\n\t\t\t\t<\/div>\n\t\t\t\t<\/div>","protected":false},"excerpt":{"rendered":"<p>Home IDEAL -Your Trusted Cutlery Manufacturer We are focused on exporting affordable stainless steel cutlery, but even more than that, we care for the people who make our successes possible, from our employees to our consumers. We are committed to principles of honesty, trustworthiness, fairness, and justice in our quest to provide high-end services and [&hellip;]<\/p>","protected":false},"author":7,"featured_media":0,"parent":0,"menu_order":0,"comment_status":"closed","ping_status":"closed","template":"","meta":{"_seopress_robots_primary_cat":"","footnotes":""},"_links":{"self":[{"href":"https:\/\/www.ideal-flatware.com\/et\/wp-json\/wp\/v2\/pages\/45"}],"collection":[{"href":"https:\/\/www.ideal-flatware.com\/et\/wp-json\/wp\/v2\/pages"}],"about":[{"href":"https:\/\/www.ideal-flatware.com\/et\/wp-json\/wp\/v2\/types\/page"}],"author":[{"embeddable":true,"href":"https:\/\/www.ideal-flatware.com\/et\/wp-json\/wp\/v2\/users\/7"}],"replies":[{"embeddable":true,"href":"https:\/\/www.ideal-flatware.com\/et\/wp-json\/wp\/v2\/comments?post=45"}],"version-history":[{"count":114,"href":"https:\/\/www.ideal-flatware.com\/et\/wp-json\/wp\/v2\/pages\/45\/revisions"}],"predecessor-version":[{"id":3982,"href":"https:\/\/www.ideal-flatware.com\/et\/wp-json\/wp\/v2\/pages\/45\/revisions\/3982"}],"wp:attachment":[{"href":"https:\/\/www.ideal-flatware.com\/et\/wp-json\/wp\/v2\/media?parent=45"}],"curies":[{"name":"wp","href":"https:\/\/api.w.org\/{rel}","templated":true}]}}