{"id":48,"date":"2022-11-29T01:11:04","date_gmt":"2022-11-29T01:11:04","guid":{"rendered":"https:\/\/test.ideal-flatware.com\/?page_id=48"},"modified":"2024-03-29T08:03:38","modified_gmt":"2024-03-29T08:03:38","slug":"faq","status":"publish","type":"page","link":"https:\/\/www.ideal-flatware.com\/et\/faq\/","title":{"rendered":"KKK"},"content":{"rendered":"<div data-elementor-type=\"wp-page\" data-elementor-id=\"48\" class=\"elementor elementor-48\" data-elementor-post-type=\"page\">\n\t\t\t\t<div class=\"elementor-element elementor-element-115c24e2 e-con-full e-flex e-con e-parent\" data-id=\"115c24e2\" data-element_type=\"container\" data-settings=\"{&quot;background_background&quot;:&quot;classic&quot;}\">\n\t\t<div class=\"elementor-element elementor-element-70200995 e-flex e-con-boxed e-con e-child\" data-id=\"70200995\" data-element_type=\"container\">\n\t\t\t\t\t<div class=\"e-con-inner\">\n\t\t\t\t<div class=\"elementor-element elementor-element-10dd4c90 elementor-widget elementor-widget-heading\" data-id=\"10dd4c90\" data-element_type=\"widget\" data-widget_type=\"heading.default\">\n\t\t\t\t<div class=\"elementor-widget-container\">\n\t\t\t<h1 class=\"elementor-heading-title elementor-size-default\">KKK<\/h1>\t\t<\/div>\n\t\t\t\t<\/div>\n\t\t\t\t<div class=\"elementor-element elementor-element-7d9f397 elementor-widget elementor-widget-sp-breadcrumbs\" data-id=\"7d9f397\" data-element_type=\"widget\" data-widget_type=\"sp-breadcrumbs.default\">\n\t\t\t\t<div class=\"elementor-widget-container\">\n\t\t\t<nav  aria-label=\"leivakriips\" data-no-translation-aria-label=\"\"><ol class=\"breadcrumb\" itemscope itemtype=\"https:\/\/schema.org\/BreadcrumbList\"><li class=\"breadcrumb-item active\" aria-current=\"page\" itemprop=\"itemListElement\" itemscope itemtype=\"https:\/\/schema.org\/ListItem\"><span itemprop=\"name\" data-no-translation=\"\" data-trp-gettext=\"\">Kodu<\/span><meta itemprop=\"position\" content=\"1\"><\/li><\/ol><\/nav>\t\t<\/div>\n\t\t\t\t<\/div>\n\t\t\t\t\t<\/div>\n\t\t\t\t<\/div>\n\t\t\t\t<\/div>\n\t\t<div class=\"elementor-element elementor-element-db99a08 e-flex e-con-boxed e-con e-parent\" data-id=\"db99a08\" data-element_type=\"container\">\n\t\t\t\t\t<div class=\"e-con-inner\">\n\t\t\t\t<div class=\"elementor-element elementor-element-739769b elementor-widget elementor-widget-heading\" data-id=\"739769b\" data-element_type=\"widget\" data-widget_type=\"heading.default\">\n\t\t\t\t<div class=\"elementor-widget-container\">\n\t\t\t<h1 class=\"elementor-heading-title elementor-size-default\">IDEAL roostevabast terasest s\u00f6\u00f6giriistade tootja<\/h1>\t\t<\/div>\n\t\t\t\t<\/div>\n\t\t\t\t<div class=\"elementor-element elementor-element-ef709d7 elementor-widget elementor-widget-text-editor\" data-id=\"ef709d7\" data-element_type=\"widget\" data-widget_type=\"text-editor.default\">\n\t\t\t\t<div class=\"elementor-widget-container\">\n\t\t\t\t\t\t\t<p>Meie br\u00e4ndi sihtturg on aastate jooksul pidevalt arenenud.Meie meeskond on h\u00e4sti ette valmistatud teie v\u00e4ljakutsete lahendamiseks. <a href=\"https:\/\/www.ideal-flatware.com\/et\/kontakt\/\">v\u00f5tke meiega \u00fchendust<\/a> rohkem \u00fcksikasju.<\/p>\t\t\t\t\t\t<\/div>\n\t\t\t\t<\/div>\n\t\t\t\t\t<\/div>\n\t\t\t\t<\/div>\n\t\t<div class=\"elementor-element elementor-element-1118391 e-flex e-con-boxed e-con e-parent\" data-id=\"1118391\" data-element_type=\"container\">\n\t\t\t\t\t<div class=\"e-con-inner\">\n\t\t\t\t<div class=\"elementor-element elementor-element-77032c7 elementor-tabs-view-vertical elementor-widget elementor-widget-tabs\" data-id=\"77032c7\" data-element_type=\"widget\" data-widget_type=\"tabs.default\">\n\t\t\t\t<div class=\"elementor-widget-container\">\n\t\t\t\t\t<div class=\"elementor-tabs\">\n\t\t\t<div class=\"elementor-tabs-wrapper\" role=\"tablist\" >\n\t\t\t\t\t\t\t\t\t<div id=\"elementor-tab-title-1241\" class=\"elementor-tab-title elementor-tab-desktop-title\" aria-selected=\"true\" data-tab=\"1\" role=\"tab\" tabindex=\"0\" aria-controls=\"elementor-tab-content-1241\" aria-expanded=\"false\">Regulaarne KKK<\/div>\n\t\t\t\t\t\t\t\t\t<div id=\"elementor-tab-title-1242\" class=\"elementor-tab-title elementor-tab-desktop-title\" aria-selected=\"false\" data-tab=\"2\" role=\"tab\" tabindex=\"-1\" aria-controls=\"elementor-tab-content-1242\" aria-expanded=\"false\">Toodetest<\/div>\n\t\t\t\t\t\t\t\t\t<div id=\"elementor-tab-title-1243\" class=\"elementor-tab-title elementor-tab-desktop-title\" aria-selected=\"false\" data-tab=\"3\" role=\"tab\" tabindex=\"-1\" aria-controls=\"elementor-tab-content-1243\" aria-expanded=\"false\">Proovide kohta<\/div>\n\t\t\t\t\t\t\t\t\t<div id=\"elementor-tab-title-1244\" class=\"elementor-tab-title elementor-tab-desktop-title\" aria-selected=\"false\" data-tab=\"4\" role=\"tab\" tabindex=\"-1\" aria-controls=\"elementor-tab-content-1244\" aria-expanded=\"false\">Logo kohta<\/div>\n\t\t\t\t\t\t\t\t\t<div id=\"elementor-tab-title-1245\" class=\"elementor-tab-title elementor-tab-desktop-title\" aria-selected=\"false\" data-tab=\"5\" role=\"tab\" tabindex=\"-1\" aria-controls=\"elementor-tab-content-1245\" aria-expanded=\"false\">Umbes prooviaeg<\/div>\n\t\t\t\t\t\t\t\t\t<div id=\"elementor-tab-title-1246\" class=\"elementor-tab-title elementor-tab-desktop-title\" aria-selected=\"false\" data-tab=\"6\" role=\"tab\" tabindex=\"-1\" aria-controls=\"elementor-tab-content-1246\" aria-expanded=\"false\">Tootmisaeg<\/div>\n\t\t\t\t\t\t\t\t\t<div id=\"elementor-tab-title-1247\" class=\"elementor-tab-title elementor-tab-desktop-title\" aria-selected=\"false\" data-tab=\"7\" role=\"tab\" tabindex=\"-1\" aria-controls=\"elementor-tab-content-1247\" aria-expanded=\"false\">MOQ<\/div>\n\t\t\t\t\t\t\t\t\t<div id=\"elementor-tab-title-1248\" class=\"elementor-tab-title elementor-tab-desktop-title\" aria-selected=\"false\" data-tab=\"8\" role=\"tab\" tabindex=\"-1\" aria-controls=\"elementor-tab-content-1248\" aria-expanded=\"false\">OEM\/ODM<\/div>\n\t\t\t\t\t\t\t\t\t<div id=\"elementor-tab-title-1249\" class=\"elementor-tab-title elementor-tab-desktop-title\" aria-selected=\"false\" data-tab=\"9\" role=\"tab\" tabindex=\"-1\" aria-controls=\"elementor-tab-content-1249\" aria-expanded=\"false\">Tarneaeg<\/div>\n\t\t\t\t\t\t\t\t\t<div id=\"elementor-tab-title-12410\" class=\"elementor-tab-title elementor-tab-desktop-title\" aria-selected=\"false\" data-tab=\"10\" role=\"tab\" tabindex=\"-1\" aria-controls=\"elementor-tab-content-12410\" aria-expanded=\"false\">Sadam<\/div>\n\t\t\t\t\t\t\t\t\t<div id=\"elementor-tab-title-12411\" class=\"elementor-tab-title elementor-tab-desktop-title\" aria-selected=\"false\" data-tab=\"11\" role=\"tab\" tabindex=\"-1\" aria-controls=\"elementor-tab-content-12411\" aria-expanded=\"false\">Pakend<\/div>\n\t\t\t\t\t\t\t\t\t<div id=\"elementor-tab-title-12412\" class=\"elementor-tab-title elementor-tab-desktop-title\" aria-selected=\"false\" data-tab=\"12\" role=\"tab\" tabindex=\"-1\" aria-controls=\"elementor-tab-content-12412\" aria-expanded=\"false\">Makseviis<\/div>\n\t\t\t\t\t\t\t<\/div>\n\t\t\t<div class=\"elementor-tabs-content-wrapper\" role=\"tablist\" aria-orientation=\"vertical\">\n\t\t\t\t\t\t\t\t\t<div class=\"elementor-tab-title elementor-tab-mobile-title\" aria-selected=\"true\" data-tab=\"1\" role=\"tab\" tabindex=\"0\" aria-controls=\"elementor-tab-content-1241\" aria-expanded=\"false\">Regulaarne KKK<\/div>\n\t\t\t\t\t<div id=\"elementor-tab-content-1241\" class=\"elementor-tab-content elementor-clearfix\" data-tab=\"1\" role=\"tabpanel\" aria-labelledby=\"elementor-tab-title-1241\" tabindex=\"0\" hidden=\"false\"><p><strong>Millest on teie tooted valmistatud\uff1f<\/strong><br \/>Meie tooted on valmistatud kvaliteetsest roostevabast terasest, mis on tasakaalus ohutuse ja praktilisuse vahel.<\/p><p><strong>Kas ma saan TASUTA N\u00c4IDISI?<\/strong><br \/>Loomulikult on saadaval tasuta proov, palun j\u00e4tke oma kontaktandmed, et meiega \u00fchendust v\u00f5tta.<\/p><p><strong>Kas te saate meie LOGO-d toodetesse tr\u00fckkida?<\/strong><br \/>Jah.me saame printida logo toodetele vastavalt teie n\u00f5udmistele.Saadaval on reljeefne, lasertr\u00fckk ja graveeritud logo.<\/p><p><strong>Kas te aktsepteerite OEM ja ODM tellimust?<\/strong><br \/>Jah, OEM\/ODM on saadaval, kohandatud materjalid, kuju, v\u00e4rvid, logod, pakendid on aktsepteeritud. Kui teil on ideid toodete kohta, v\u00f5tke meiega julgelt \u00fchendust!<\/p><p><strong>Millised on teie maksetingimused?<\/strong><br \/>Me aktsepteerime L \/ C juures signt, T \/ T (sealhulgas 30% tagatisraha), sularaha jne.<\/p><p><strong>Kas ma saan vabalt kombineerida soovitud s\u00f6\u00f6giriistu?<\/strong><br \/>Loomulikult on meil v\u00f5imalik rahuldada teie vajadusi nii neljaliikmeliste, kuueteistk\u00fcmneliikmeliste kui ka kahek\u00fcmne neljaliikmeliste komplektide puhul.<\/p><p><strong>Millised on peamised toiduks kasutatava roostevaba terase t\u00fc\u00fcbid?<\/strong><br \/>Need on AISI410, AISI430, AISI420, AISI304.<\/p><p><strong>Millist pinna valmistoodangut te saate pakkuda?<\/strong><br \/>Tumble poleerimine, k\u00e4sitsi poleerimine, peeglipoleerimine, matt viimistlus, PVD-kate, detalitr\u00fckk, pihustusmaalimine ja muud pinnat\u00f6\u00f6tlusprotsessid.<\/p><p><strong>Kas mustaga kaetud s\u00f6\u00f6giriistad tuhmuvad?<\/strong><br \/>IDEAL v\u00f5tab kasutusele t\u00e4iustatud galvaniseerimisprotsessi, valmistatud roostevabast terasest s\u00f6\u00f6giriistad ei pleekinud ja on vastupidavad.<\/p><\/div>\n\t\t\t\t\t\t\t\t\t<div class=\"elementor-tab-title elementor-tab-mobile-title\" aria-selected=\"false\" data-tab=\"2\" role=\"tab\" tabindex=\"-1\" aria-controls=\"elementor-tab-content-1242\" aria-expanded=\"false\">Toodetest<\/div>\n\t\t\t\t\t<div id=\"elementor-tab-content-1242\" class=\"elementor-tab-content elementor-clearfix\" data-tab=\"2\" role=\"tabpanel\" aria-labelledby=\"elementor-tab-title-1242\" tabindex=\"0\" hidden=\"hidden\"><p><strong>Millised on roostevabast terasest s\u00f6\u00f6giriistade materjalid?<\/strong><br \/>Roostevabast terasest lauan\u00f5ud on saadaval 4 kvaliteediga: 410\uff0c420\uff0c430\uff0c304.<\/p><p><strong>Millised on roostevabast terasest lauan\u00f5ude omadused?<\/strong><br \/>Vastupidav, korrosioonikindel, kukkumiskindel, kestab aastaid ja on n\u00f5udepesumasinas pestav.<\/p><p><strong>Millist pinna valmistoodangut te saate pakkuda?<\/strong><br \/>Tumble poleerimine, k\u00e4sitsi poleerimine, peeglipoleerimine, matt viimistlus, PVD-kate, detalitr\u00fckk, pihustusmaalimine ja muud pinnat\u00f6\u00f6tlusprotsessid.<\/p><p><strong>Kas kullatud s\u00f6\u00f6giriistad tuhmuvad?<\/strong><br \/>IDEAL v\u00f5tab kasutusele t\u00e4iustatud galvaniseerimisprotsessi, valmistatud roostevabast terasest s\u00f6\u00f6giriistad ei pleekinud ja on vastupidavad.<\/p><p><strong>Kas mustaga kaetud s\u00f6\u00f6giriistad tuhmuvad?<\/strong><br \/>IDEAL v\u00f5tab kasutusele t\u00e4iustatud galvaniseerimisprotsessi, valmistatud roostevabast terasest s\u00f6\u00f6giriistad ei pleekinud ja on vastupidavad.<\/p><p><strong>Millised protsessid on saadaval kohandatud logode jaoks?<\/strong><br \/>Logo lisamiseks saate valida meie olemasolevaid tooteid: tr\u00fckkimine, laser, reljeefne, \u00fclekandetr\u00fckk jne.<\/p><p><strong>Milliseid v\u00e4rve saab roostevabast terasest s\u00f6\u00f6giriistad kohandada?<\/strong><br \/>\u00dcldiselt on h\u00f5be, kuld, must, roosakuld, v\u00e4rviline pinnakate k\u00f5ige levinumad, v\u00f5ite esitada meile soovitud v\u00e4rvi, arutame seda \u00fcksikasjalikult.<\/p><p><strong>Kas ma saan teie tootemustriga kohandada konkreetset toodet?<\/strong><br \/>Loomulikult saate oma toote kohandamiseks kasutada olemasolevaid kujundusi.<\/p><p><strong>Kas ma saan vabalt kombineerida soovitud s\u00f6\u00f6giriistu?<\/strong><br \/>Loomulikult on meil v\u00f5imalik rahuldada teie vajadusi nii neljaliikmeliste, kuueteistk\u00fcmneliikmeliste kui ka kahek\u00fcmne neljaliikmeliste komplektide puhul.<\/p><p><strong>Kas musta pinnatud roostevabast terasest lauatarbed on ohutud?<\/strong><br \/>Jah, me kasutame toiduks sobivaid tooraineid, et muuta lauatarbed toiduga kokkupuutumisel ohutuks ja mittetoksiliseks. Nii t\u00e4iskasvanud kui ka lapsed v\u00f5ivad seda julgelt kasutada.<\/p><p><strong>Kas kullatud roostevaba teras on ohutu?<\/strong><br \/>Jah, me kasutame toiduks sobivaid tooraineid, et muuta lauatarbed toiduga kokkupuutumisel ohutuks ja mittetoksiliseks. Nii t\u00e4iskasvanud kui ka lapsed v\u00f5ivad seda julgelt kasutada.<\/p><p><strong>Kas teie roostevabast terasest l\u00f5iketerade servad on siledad?<\/strong><br \/>Jah, meie roostevabast terasest s\u00f6\u00f6giriistad on mitmekihiline poleerimisprotsess, pind on sarvevaba ja ei kriimusta suud.<\/p><\/div>\n\t\t\t\t\t\t\t\t\t<div class=\"elementor-tab-title elementor-tab-mobile-title\" aria-selected=\"false\" data-tab=\"3\" role=\"tab\" tabindex=\"-1\" aria-controls=\"elementor-tab-content-1243\" aria-expanded=\"false\">Proovide kohta<\/div>\n\t\t\t\t\t<div id=\"elementor-tab-content-1243\" class=\"elementor-tab-content elementor-clearfix\" data-tab=\"3\" role=\"tabpanel\" aria-labelledby=\"elementor-tab-title-1243\" tabindex=\"0\" hidden=\"hidden\"><p><strong>Kas me saame teie tasuta n\u00e4idiseid?<\/strong><br \/>N\u00e4idiseid v\u00f5ib pakkuda tasuta. Kuid n\u00e4idiste kullerteenuse kulud peaksid olema ostja arvel.<\/p><p><strong>Kas ma v\u00f5in saada m\u00f5ned n\u00e4idised?<\/strong><br \/>Jah, saate. Meie n\u00e4idised on tasuta ainult klientidele, kes kinnitavad tellimuse. Kuid ekspressvedu on ostja arvel.<\/p><p><strong>Kuidas saan ma teie kvaliteedi kontrollimiseks proovi?<\/strong><br \/>Proov v\u00f5ib olla tasuta, samas kui veokulu on ostja, v\u00f5ite meiega \u00fchendust v\u00f5tta \u00fcksikasjadega.<\/p><p><strong>Kas teie toodete n\u00e4idis on tasuta?<\/strong><br \/>Jah, muidugi. Te v\u00f5ite maksta kauba eest. see oleks m\u00f5istlik. Ja kui te annate meile ametliku tellimuse, saame teie n\u00e4idisveo tagasi saata.<\/p><p><strong>Kuidas ma saan proovi?<\/strong><br \/>Jah, n\u00e4idis on vastuv\u00f5etav.\u00fcks tk \/ toode on teie jaoks tasuta, saatmiskulud v\u00f5etakse teie poolt. saate meie m\u00fc\u00fcgiga \u00fchendust v\u00f5tta, et korraldada.<\/p><p><strong>Kuidas saan kvaliteedi kinnitamiseks proovi?<\/strong><br \/>Olemasolevate proovide puhul v\u00f5tab see 1-3 p\u00e4eva. Need on tasuta, kui need on kogutud. Teie enda disainilahenduste jaoks kulub 7-15 p\u00e4eva, see v\u00f5tab veidi tasu, kuid tagastatakse p\u00e4rast tellimuse kinnitamist.<\/p><\/div>\n\t\t\t\t\t\t\t\t\t<div class=\"elementor-tab-title elementor-tab-mobile-title\" aria-selected=\"false\" data-tab=\"4\" role=\"tab\" tabindex=\"-1\" aria-controls=\"elementor-tab-content-1244\" aria-expanded=\"false\">Logo kohta<\/div>\n\t\t\t\t\t<div id=\"elementor-tab-content-1244\" class=\"elementor-tab-content elementor-clearfix\" data-tab=\"4\" role=\"tabpanel\" aria-labelledby=\"elementor-tab-title-1244\" tabindex=\"0\" hidden=\"hidden\"><p><strong>Kas saate printida meie LOGO'd lauan\u00f5ude komplekti?<\/strong><br \/>Jah, me saame tr\u00fckkida logo lauatarvete komplektile vastavalt teie n\u00f5udmistele. Saadaval on reljeefne, laser-, tembeldatud ja graveeritud logo.<\/p><p><strong>Kuidas j\u00e4tkata tellimuse t\u00e4itmist, kui mul on logo tr\u00fckkimiseks?<\/strong><br \/>Esmalt valmistame visuaalseks kinnitamiseks kunstiteose ja seej\u00e4rel valmistame teile teise kinnituse saamiseks reaalse n\u00e4idise. Kui n\u00e4idis on korras, siis l\u00f5puks l\u00e4heme masstootmisse.<\/p><p><strong>Kas ma saan oma logo tootele kanda?<\/strong><br \/>Jah, k\u00f5iki tooteid saab kohandada. See on rohkem kui logod, v\u00e4rvid, suurus, mustrid k\u00f5ik saab muuta.<\/p><p><strong>Kas te saate minu disaini teha?<\/strong><br \/>Jah, me teeme nii OEM kui ka ODM. Me tahaksime koos teiega koos uusi disainilahendusi arendada.<\/p><p><strong>Kas meie logo v\u00f5i ettev\u00f5tte nimi v\u00f5ib olla toodetel v\u00f5i pakendil?<\/strong><br \/>Muidugi. Teie logo saab panna oma toodetele kuumtempli, tr\u00fckkimise, reljeefi, siiditr\u00fcki v\u00f5i kleebise abil.<\/p><p><strong>Kas te saate teha kohandatud teenust? Ja mis on teave, mida me peaksime pakkuma selleks?<\/strong><br \/>Logo lisamiseks on meil laserk\u00e4sit\u00f6\u00f6, siiditehnika, tr\u00fckkimine ja erinevad k\u00e4sit\u00f6\u00f6, et lisada logo tootele Kohandatud kuju tegemiseks, mis on meie jaoks ka t\u00f6\u00f6tav V\u00f5ite jagada PDF-faili meie m\u00fc\u00fcgiga, et arutada seda.<\/p><\/div>\n\t\t\t\t\t\t\t\t\t<div class=\"elementor-tab-title elementor-tab-mobile-title\" aria-selected=\"false\" data-tab=\"5\" role=\"tab\" tabindex=\"-1\" aria-controls=\"elementor-tab-content-1245\" aria-expanded=\"false\">Umbes prooviaeg<\/div>\n\t\t\t\t\t<div id=\"elementor-tab-content-1245\" class=\"elementor-tab-content elementor-clearfix\" data-tab=\"5\" role=\"tabpanel\" aria-labelledby=\"elementor-tab-title-1245\" tabindex=\"0\" hidden=\"hidden\"><p><strong>Kui pikk on proovi tarneaeg?<\/strong><br \/>N\u00e4idised laost saab saata 1-3 p\u00e4eva jooksul. Uued toodetud n\u00e4idised saadetakse 5-15 p\u00e4eva jooksul.<\/p><p><strong>Kas ma saan proovi, kui kaua v\u00f5tab aega?<\/strong><br \/>Jah, kui proovi vajate laos, on vaja vaid 1-3 p\u00e4eva ja 4-6 t\u00f6\u00f6p\u00e4eva laevanduseks. Kui teil on vaja avada uus toode v\u00f5i m\u00f5ni muu kohandatud, v\u00f5tab see 7-15 p\u00e4eva.<\/p><p><strong>Milline on kohandatud proovi ja proovi maksmise aeg?<\/strong><br \/>Kohandatud proovi tarneaeg: 15 p\u00e4eva; proovi tasu: tuleb otsustada.<\/p><\/div>\n\t\t\t\t\t\t\t\t\t<div class=\"elementor-tab-title elementor-tab-mobile-title\" aria-selected=\"false\" data-tab=\"6\" role=\"tab\" tabindex=\"-1\" aria-controls=\"elementor-tab-content-1246\" aria-expanded=\"false\">Tootmisaeg<\/div>\n\t\t\t\t\t<div id=\"elementor-tab-content-1246\" class=\"elementor-tab-content elementor-clearfix\" data-tab=\"6\" role=\"tabpanel\" aria-labelledby=\"elementor-tab-title-1246\" tabindex=\"0\" hidden=\"hidden\"><p><strong>Milline on teie tootmise ettevalmistusaeg?<\/strong><br \/>V\u00e4ike tellimuse aeg laos oleva toote jaoks on umbes 10 p\u00e4eva, massitootmise aeg on 45-60 p\u00e4eva vastavalt tellimuse kogusele.Aga kui see on kiireloomuline tellimus, p\u00fc\u00fcame anda endast parima, et v\u00e4hendada aega.<\/p><\/div>\n\t\t\t\t\t\t\t\t\t<div class=\"elementor-tab-title elementor-tab-mobile-title\" aria-selected=\"false\" data-tab=\"7\" role=\"tab\" tabindex=\"-1\" aria-controls=\"elementor-tab-content-1247\" aria-expanded=\"false\">MOQ<\/div>\n\t\t\t\t\t<div id=\"elementor-tab-content-1247\" class=\"elementor-tab-content elementor-clearfix\" data-tab=\"7\" role=\"tabpanel\" aria-labelledby=\"elementor-tab-title-1247\" tabindex=\"0\" hidden=\"hidden\"><p><strong>Kas on mingi MOQ, mida ma ostan?<\/strong><br \/>Jah, meil on MOQ masstootmiseks. Erinevate pakenditega erinevatel toodetel on erinev MOQ. Palun v\u00f5tke meiega \u00fchendust, et saada rohkem \u00fcksikasju.<\/p><p><strong>Mis on MOQ?<\/strong><br \/>V\u00e4ike tellimus on vastuv\u00f5etav. MOQ on madal, kui tellite meie lao tooteid. Palun v\u00f5tke meiega \u00fchendust, et saada rohkem \u00fcksikasju.<\/p><p><strong>Kas ma saan lisada erinevaid tooteid, et saavutada MOQ?<\/strong><br \/>Tavaliselt on MOQ 12000 tk, \u00fcks t\u00fc\u00fcp, kuid see varieerub t\u00fc\u00fcbiti. Ja kui teie valitud mudelid on laos, on MOQ paindlik.<\/p><\/div>\n\t\t\t\t\t\t\t\t\t<div class=\"elementor-tab-title elementor-tab-mobile-title\" aria-selected=\"false\" data-tab=\"8\" role=\"tab\" tabindex=\"-1\" aria-controls=\"elementor-tab-content-1248\" aria-expanded=\"false\">OEM\/ODM<\/div>\n\t\t\t\t\t<div id=\"elementor-tab-content-1248\" class=\"elementor-tab-content elementor-clearfix\" data-tab=\"8\" role=\"tabpanel\" aria-labelledby=\"elementor-tab-title-1248\" tabindex=\"0\" hidden=\"hidden\"><p><strong>Kas te saate pakkuda kohandatud teenust?<\/strong><br \/>Jah, me saame pakkuda kohandatud teenust, OEM ja ODM on saadaval!<\/p><p><strong>Minu disain on turul ainulaadne, kuidas panna teile minu OEM-tellimus?<\/strong><br \/>Kui toote stiil on OEM, siis on see seotud m\u00f5ningate vormimise kuludega. Palun v\u00f5tke meiega \u00fchendust detailide saamiseks.<\/p><p><strong>Kas ma saan tellida tooteid oma kaubam\u00e4rgiga?<\/strong><br \/>Jah, me saame kliendi logo laseriga tootele printida, kui klient on andnud selleks loa ja loa.<\/p><p><strong>Kas te saate meid aidata oma toote arendamisel?<\/strong><br \/>Jah, OEM\/ODM on k\u00f5ik saadaval. Meil on sellega tegelevad professionaalsed meeskonnad, palun v\u00f5tke meiega \u00fchendust, et arutada \u00fcksikasju, kui seda vajate.<\/p><p><strong>Kas te aktsepteerite OEM ja ODM tellimust?<\/strong><br \/>Jah, me oleme suurep\u00e4rane OEM &amp; ODM tootearendaja, OEM, ODM aktsepteeritud, aktsepteerime kohandatud materjali, kuju, v\u00e4rvid, logo, pakend. Kui teil on ideid toodete kohta, v\u00f5tke meiega julgelt \u00fchendust!<\/p><\/div>\n\t\t\t\t\t\t\t\t\t<div class=\"elementor-tab-title elementor-tab-mobile-title\" aria-selected=\"false\" data-tab=\"9\" role=\"tab\" tabindex=\"-1\" aria-controls=\"elementor-tab-content-1249\" aria-expanded=\"false\">Tarneaeg<\/div>\n\t\t\t\t\t<div id=\"elementor-tab-content-1249\" class=\"elementor-tab-content elementor-clearfix\" data-tab=\"9\" role=\"tabpanel\" aria-labelledby=\"elementor-tab-title-1249\" tabindex=\"0\" hidden=\"hidden\"><p><strong>Kui pikk on teie tarneaeg?<\/strong><br \/>\u00dcldiselt on see 7-10 p\u00e4eva, kui kaup on laos, v\u00f5i 45-60 p\u00e4eva, kui kaup ei ole laos, see on vastavalt toodete kogusele ja kvaliteeditasemele!<\/p><p><strong>Milline on teie tootmise ettevalmistusaeg?<\/strong><br \/>Tavaliselt 15 t\u00f6\u00f6p\u00e4eva n\u00e4idiste jaoks ja 45-60 p\u00e4eva masstootmise jaoks p\u00e4rast deposiitmakse saamist ja k\u00f5igi kunstiteoste kinnitamist.<\/p><\/div>\n\t\t\t\t\t\t\t\t\t<div class=\"elementor-tab-title elementor-tab-mobile-title\" aria-selected=\"false\" data-tab=\"10\" role=\"tab\" tabindex=\"-1\" aria-controls=\"elementor-tab-content-12410\" aria-expanded=\"false\">Sadam<\/div>\n\t\t\t\t\t<div id=\"elementor-tab-content-12410\" class=\"elementor-tab-content elementor-clearfix\" data-tab=\"10\" role=\"tabpanel\" aria-labelledby=\"elementor-tab-title-12410\" tabindex=\"0\" hidden=\"hidden\"><p><strong>Milline on FOB-sadam, kuhu saadetakse?<\/strong><br \/>Tavaliselt saadame kaupu SHENZHEN\/GUANGZHOU sadamast.<\/p><p><strong>Kust sa saadad? Kuhu te saadate? Kas te saate teha tilksaadetisi?<\/strong><br \/>K\u00f5ik tooted saadetakse Hiina Guangdongist, enamasti GuangZhou v\u00f5i ShenZhen sadamatest, kui teil on vaja saata teistest linnadest v\u00f5i sadamatest, v\u00f5tke meiega \u00fchendust edasise kinnituse saamiseks. Ja me saame saata kogu maailmas.<\/p><\/div>\n\t\t\t\t\t\t\t\t\t<div class=\"elementor-tab-title elementor-tab-mobile-title\" aria-selected=\"false\" data-tab=\"11\" role=\"tab\" tabindex=\"-1\" aria-controls=\"elementor-tab-content-12411\" aria-expanded=\"false\">Pakend<\/div>\n\t\t\t\t\t<div id=\"elementor-tab-content-12411\" class=\"elementor-tab-content elementor-clearfix\" data-tab=\"11\" role=\"tabpanel\" aria-labelledby=\"elementor-tab-title-12411\" tabindex=\"0\" hidden=\"hidden\"><p><strong>Kas te saate teha kohandatud pakendeid?<\/strong><br \/>Muidugi. V\u00e4ikese tellimuse puhul on meil kinkekarbid teie jaoks valida. Kui teile ei meeldi meie pakend v\u00f5i teil on oma ideid, on kohandatud on teretulnud.<\/p><\/div>\n\t\t\t\t\t\t\t\t\t<div class=\"elementor-tab-title elementor-tab-mobile-title\" aria-selected=\"false\" data-tab=\"12\" role=\"tab\" tabindex=\"-1\" aria-controls=\"elementor-tab-content-12412\" aria-expanded=\"false\">Makseviis<\/div>\n\t\t\t\t\t<div id=\"elementor-tab-content-12412\" class=\"elementor-tab-content elementor-clearfix\" data-tab=\"12\" role=\"tabpanel\" aria-labelledby=\"elementor-tab-title-12412\" tabindex=\"0\" hidden=\"hidden\"><p><strong>Milline on teie makset\u00e4htaeg?<\/strong><br \/>Tavaliselt on meie maksetingimus T\/T. Maksa 30% tagatisraha ette, maksa saldo enne tarnimist. Muid maksetingimusi v\u00f5ib arutada.<\/p><p><strong>Milliseid maksetingimusi te saate aktsepteerida?<\/strong><br \/>Me aktsepteerime L \/ C silmapilgul, T \/ T. V\u00f5ite v\u00f5tta \u00fchendust meie m\u00fc\u00fcgiga, et kinnitada \u00fcksikasjad.<\/p><p><strong>Millised on teie maksetingimused?<\/strong><br \/>\u00dcldiselt pakume EXW v\u00f5i FOB hinda, makse 30% tagatisraha T\/T enne tootmist, 70% saldo makstakse 7 p\u00e4eva jooksul enne laadimist.<\/p><\/div>\n\t\t\t\t\t\t\t<\/div>\n\t\t<\/div>\n\t\t\t\t<\/div>\n\t\t\t\t<\/div>\n\t\t\t\t\t<\/div>\n\t\t\t\t<\/div>\n\t\t\t\t<\/div>","protected":false},"excerpt":{"rendered":"<p>Home IDEAL stainless steel cutlery manufacturer The target market of our brand has been continuously developed over the years.Our team is well prepared to solve your challenges.Please contact us for more details. Regular FAQ About products About samples About Logo About sample time Production time MOQ OEM\/ODM Delivery time Port Packaging Payment Method Regular FAQ [&hellip;]<\/p>","protected":false},"author":7,"featured_media":0,"parent":0,"menu_order":0,"comment_status":"closed","ping_status":"closed","template":"","meta":{"_seopress_robots_primary_cat":"","footnotes":""},"_links":{"self":[{"href":"https:\/\/www.ideal-flatware.com\/et\/wp-json\/wp\/v2\/pages\/48"}],"collection":[{"href":"https:\/\/www.ideal-flatware.com\/et\/wp-json\/wp\/v2\/pages"}],"about":[{"href":"https:\/\/www.ideal-flatware.com\/et\/wp-json\/wp\/v2\/types\/page"}],"author":[{"embeddable":true,"href":"https:\/\/www.ideal-flatware.com\/et\/wp-json\/wp\/v2\/users\/7"}],"replies":[{"embeddable":true,"href":"https:\/\/www.ideal-flatware.com\/et\/wp-json\/wp\/v2\/comments?post=48"}],"version-history":[{"count":139,"href":"https:\/\/www.ideal-flatware.com\/et\/wp-json\/wp\/v2\/pages\/48\/revisions"}],"predecessor-version":[{"id":3384,"href":"https:\/\/www.ideal-flatware.com\/et\/wp-json\/wp\/v2\/pages\/48\/revisions\/3384"}],"wp:attachment":[{"href":"https:\/\/www.ideal-flatware.com\/et\/wp-json\/wp\/v2\/media?parent=48"}],"curies":[{"name":"wp","href":"https:\/\/api.w.org\/{rel}","templated":true}]}}