{"id":1339,"date":"2022-12-17T08:04:03","date_gmt":"2022-12-17T08:04:03","guid":{"rendered":"https:\/\/test.ideal-flatware.com\/?post_type=product&#038;p=1339"},"modified":"2025-12-09T09:41:19","modified_gmt":"2025-12-09T09:41:19","slug":"s059-simple-design-wholesale-cutlery-factory-restaurant-tableware-stainless-steel-cutlery-set","status":"publish","type":"product","link":"https:\/\/www.ideal-flatware.com\/et\/toode\/s059-simple-design-hulgimuuk-soogiriistad-factory-restorani-lauatarbed-roostevabast-terasest-soogiriistade-komplekt\/","title":{"rendered":"S059 Lihtne disain hulgim\u00fc\u00fck s\u00f6\u00f6giriistade tehase restorani s\u00f6\u00f6giriistade komplekt roostevabast terasest s\u00f6\u00f6giriistad"},"content":{"rendered":"<p><img fetchpriority=\"high\" decoding=\"async\" class=\"aligncenter wp-image-1340 size-full\" src=\"https:\/\/test.ideal-flatware.com\/wp-content\/uploads\/2022\/12\/S059-1.jpg\" alt=\"\" width=\"700\" height=\"700\" srcset=\"https:\/\/www.ideal-flatware.com\/wp-content\/uploads\/2022\/12\/S059-1.jpg 700w, https:\/\/www.ideal-flatware.com\/wp-content\/uploads\/2022\/12\/S059-1-600x600.jpg 600w, https:\/\/www.ideal-flatware.com\/wp-content\/uploads\/2022\/12\/S059-1-100x100.jpg 100w, https:\/\/www.ideal-flatware.com\/wp-content\/uploads\/2022\/12\/S059-1-300x300.jpg 300w, https:\/\/www.ideal-flatware.com\/wp-content\/uploads\/2022\/12\/S059-1-150x150.jpg 150w\" sizes=\"(max-width: 700px) 100vw, 700px\" \/><br \/>\n<strong>\u301010-osaline s\u00f6\u00f6giriistade komplekt\u3011<\/strong>R\u00f5hutage iga maitsvat s\u00f6\u00f6gikorda s\u00f6\u00f6giriistadega, mis sobivad suurep\u00e4raselt k\u00f5igile teie s\u00f6\u00f6gilauas istujatele.<br \/>\n<strong>\u3010Simplicity s\u00f6\u00f6giriistade disain\u3011<\/strong>K\u00f5rgelt peegelpoleeritud muudab need s\u00f6\u00f6giriistad alati l\u00e4ikivaks, sobib h\u00e4sti teie olemasolevate n\u00f5udega, sileda pinna mugav k\u00e4sitsi pesta ja n\u00f5udepesumasinas, \u00f5ige paksus ja kena suurus tagab suurep\u00e4rase k\u00e4etunde, t\u00f5stavad teie igap\u00e4evased s\u00f6\u00f6gid peeneks s\u00f6\u00f6gikogemuseks.<br \/>\n<strong>\u3010K\u00f5rge kvaliteediga materjal ja vastupidav\u3011<\/strong>Valmistatud k\u00f5rgekvaliteedilisest eriti paksust roostevabast terasest ilma kahjulike aineteta, ei pleekinud ega l\u00f5henenud, tagab roostekindluse ja on piisavalt vastupidav igap\u00e4evaseks kasutamiseks paljude aastate jooksul, ei paindu, ei purune ega saa kuumuse t\u00f5ttu kahjustada. Teie n\u00f5uetekohase hoolduse korral n\u00e4eb see n\u00f5udekomplekt alati v\u00e4lja nagu uus.<br \/>\n<strong>\u3010T\u00e4iuslik kasutamiseks\u3011<\/strong>Meie s\u00f6\u00f6giriistad on ideaalsed igap\u00e4evaseks kasutamiseks perekonnas, kogunemistel, pere\u00f5htutel, pulmades ja muudel pidulikel puhkudel. Sobib ka telkimiseks, hotelli, restorani, bistroo jne v\u00f5i kui vajate lisanuge, -varbaid ja -lusikaid.<br \/>\n<strong>\u3010Hooldusjuhised\u3011<\/strong>See s\u00f6\u00f6giriistade komplekt on n\u00f5udepesumasinas pestav. Palun puhastage s\u00f6\u00f6giriistad l\u00fchikese aja jooksul p\u00e4rast kasutamist, kahe tunni jooksul on eelistatud...<\/p>\n<p>&nbsp;<\/p>\n<h3 style=\"color: #90bf46;\">\u25b8 TOOTE PARAMEETRID<\/h3>\n<table style=\"height: 121px; width: 100%; border-collapse: collapse; border-style: solid; border-color: #dddddd;\" border=\"1\">\n<tbody>\n<tr style=\"height: 24px;\">\n<td style=\"width: 20%; height: 24px; border: 1px solid #dddddd; background-color: #f2f2f2;\">Artikli nr:<\/td>\n<td style=\"width: 20%; height: 24px; border: 1px solid #dddddd; background-color: #f2f2f2;\">Nimi<\/td>\n<td style=\"width: 20%; height: 24px; border: 1px solid #dddddd; background-color: #f2f2f2;\">Pikkus (mm)<\/td>\n<td style=\"width: 20%; height: 24px; border: 1px solid #dddddd; background-color: #f2f2f2;\">Laius (mm)<\/td>\n<td style=\"width: 20%; height: 24px; border: 1px solid #dddddd; background-color: #f2f2f2;\">Kaal (g)<\/td>\n<\/tr>\n<tr style=\"height: 24px;\">\n<td style=\"width: 20%; height: 97px; border: 1px solid #dddddd; vertical-align: middle;\" rowspan=\"4\">S059<\/td>\n<td style=\"width: 20%; height: 24px; border: 1px solid #dddddd;\">Lauanuga<\/td>\n<td style=\"width: 20%; height: 24px; border: 1px solid #dddddd;\">208<\/td>\n<td style=\"width: 20%; height: 24px; border: 1px solid #dddddd;\">18<\/td>\n<td style=\"width: 20%; height: 24px; border: 1px solid #dddddd;\">40<\/td>\n<\/tr>\n<tr style=\"height: 24px;\">\n<td style=\"width: 20%; height: 25px; border: 1px solid #dddddd;\">Lauaharki<\/td>\n<td style=\"width: 20%; height: 25px; border: 1px solid #dddddd;\">188<\/td>\n<td style=\"width: 20%; height: 25px; border: 1px solid #dddddd;\">24<\/td>\n<td style=\"width: 20%; height: 25px; border: 1px solid #dddddd;\">27<\/td>\n<\/tr>\n<tr style=\"height: 24px;\">\n<td style=\"width: 20%; height: 24px; border: 1px solid #dddddd;\">Lauakannel<\/td>\n<td style=\"width: 20%; height: 24px; border: 1px solid #dddddd;\">189<\/td>\n<td style=\"width: 20%; height: 24px; border: 1px solid #dddddd;\">42<\/td>\n<td style=\"width: 20%; height: 24px; border: 1px solid #dddddd;\">33<\/td>\n<\/tr>\n<tr style=\"height: 24px;\">\n<td style=\"width: 20%; height: 24px; border: 1px solid #dddddd;\">Teelusikas<\/td>\n<td style=\"width: 20%; height: 24px; border: 1px solid #dddddd;\">135<\/td>\n<td style=\"width: 20%; height: 24px; border: 1px solid #dddddd;\">28.5<\/td>\n<td style=\"width: 20%; height: 24px; border: 1px solid #dddddd;\">15<\/td>\n<\/tr>\n<\/tbody>\n<\/table>\n<h3 style=\"color: #90bf46;\">\u25b8 TOOTE KIRJELDUS<\/h3>\n<div id='gallery-1' class='gallery galleryid-1339 gallery-columns-4 gallery-size-large'><figure class='gallery-item'>\n\t\t\t<div class='gallery-icon landscape'>\n\t\t\t\t<a href='https:\/\/www.ideal-flatware.com\/wp-content\/uploads\/2022\/12\/S05902.jpg'><img width=\"700\" height=\"525\" src=\"https:\/\/www.ideal-flatware.com\/wp-content\/uploads\/2022\/12\/S05902.jpg\" class=\"attachment-large size-large\" alt=\"Roostevabast terasest lauatarbed\" decoding=\"async\" srcset=\"https:\/\/www.ideal-flatware.com\/wp-content\/uploads\/2022\/12\/S05902.jpg 700w, https:\/\/www.ideal-flatware.com\/wp-content\/uploads\/2022\/12\/S05902-600x450.jpg 600w, https:\/\/www.ideal-flatware.com\/wp-content\/uploads\/2022\/12\/S05902-300x225.jpg 300w\" sizes=\"(max-width: 700px) 100vw, 700px\" \/><\/a>\n\t\t\t<\/div><\/figure><figure class='gallery-item'>\n\t\t\t<div class='gallery-icon landscape'>\n\t\t\t\t<a href='https:\/\/www.ideal-flatware.com\/wp-content\/uploads\/2022\/12\/S059-3.jpg'><img width=\"700\" height=\"700\" src=\"https:\/\/www.ideal-flatware.com\/wp-content\/uploads\/2022\/12\/S059-3.jpg\" class=\"attachment-large size-large\" alt=\"Roostevabast terasest lauatarbed\" decoding=\"async\" srcset=\"https:\/\/www.ideal-flatware.com\/wp-content\/uploads\/2022\/12\/S059-3.jpg 700w, https:\/\/www.ideal-flatware.com\/wp-content\/uploads\/2022\/12\/S059-3-600x600.jpg 600w, https:\/\/www.ideal-flatware.com\/wp-content\/uploads\/2022\/12\/S059-3-100x100.jpg 100w, https:\/\/www.ideal-flatware.com\/wp-content\/uploads\/2022\/12\/S059-3-300x300.jpg 300w, https:\/\/www.ideal-flatware.com\/wp-content\/uploads\/2022\/12\/S059-3-150x150.jpg 150w\" sizes=\"(max-width: 700px) 100vw, 700px\" \/><\/a>\n\t\t\t<\/div><\/figure><figure class='gallery-item'>\n\t\t\t<div class='gallery-icon landscape'>\n\t\t\t\t<a href='https:\/\/www.ideal-flatware.com\/wp-content\/uploads\/2022\/12\/S059-5.jpg'><img width=\"700\" height=\"700\" src=\"https:\/\/www.ideal-flatware.com\/wp-content\/uploads\/2022\/12\/S059-5.jpg\" class=\"attachment-large size-large\" alt=\"Roostevabast terasest lauatarbed\" decoding=\"async\" srcset=\"https:\/\/www.ideal-flatware.com\/wp-content\/uploads\/2022\/12\/S059-5.jpg 700w, https:\/\/www.ideal-flatware.com\/wp-content\/uploads\/2022\/12\/S059-5-600x600.jpg 600w, https:\/\/www.ideal-flatware.com\/wp-content\/uploads\/2022\/12\/S059-5-100x100.jpg 100w, https:\/\/www.ideal-flatware.com\/wp-content\/uploads\/2022\/12\/S059-5-300x300.jpg 300w, https:\/\/www.ideal-flatware.com\/wp-content\/uploads\/2022\/12\/S059-5-150x150.jpg 150w\" sizes=\"(max-width: 700px) 100vw, 700px\" \/><\/a>\n\t\t\t<\/div><\/figure><figure class='gallery-item'>\n\t\t\t<div class='gallery-icon landscape'>\n\t\t\t\t<a href='https:\/\/www.ideal-flatware.com\/wp-content\/uploads\/2022\/12\/S05903.jpg'><img width=\"700\" height=\"490\" src=\"https:\/\/www.ideal-flatware.com\/wp-content\/uploads\/2022\/12\/S05903.jpg\" class=\"attachment-large size-large\" alt=\"Roostevabast terasest lauatarbed\" decoding=\"async\" srcset=\"https:\/\/www.ideal-flatware.com\/wp-content\/uploads\/2022\/12\/S05903.jpg 700w, https:\/\/www.ideal-flatware.com\/wp-content\/uploads\/2022\/12\/S05903-600x420.jpg 600w, https:\/\/www.ideal-flatware.com\/wp-content\/uploads\/2022\/12\/S05903-300x210.jpg 300w\" sizes=\"(max-width: 700px) 100vw, 700px\" \/><\/a>\n\t\t\t<\/div><\/figure><figure class='gallery-item'>\n\t\t\t<div class='gallery-icon portrait'>\n\t\t\t\t<a href='https:\/\/www.ideal-flatware.com\/wp-content\/uploads\/2022\/12\/S05901.jpg'><img width=\"681\" height=\"1024\" src=\"https:\/\/www.ideal-flatware.com\/wp-content\/uploads\/2022\/12\/S05901-681x1024.jpg\" class=\"attachment-large size-large\" alt=\"Roostevabast terasest s\u00f6\u00f6giriistad\" decoding=\"async\" srcset=\"https:\/\/www.ideal-flatware.com\/wp-content\/uploads\/2022\/12\/S05901-681x1024.jpg 681w, https:\/\/www.ideal-flatware.com\/wp-content\/uploads\/2022\/12\/S05901-600x903.jpg 600w, https:\/\/www.ideal-flatware.com\/wp-content\/uploads\/2022\/12\/S05901-199x300.jpg 199w, https:\/\/www.ideal-flatware.com\/wp-content\/uploads\/2022\/12\/S05901.jpg 700w\" sizes=\"(max-width: 681px) 100vw, 681px\" \/><\/a>\n\t\t\t<\/div><\/figure>\n\t\t<\/div>\n\n<p>&nbsp;<\/p>\n<h3 style=\"color: #90bf46;\">\u25b8KASUTAMINE JA HOOLDUS<\/h3>\n<p><strong>ESIMENE KASUTAMINE<\/strong><br \/>\n1. Palun peske oma h\u00f5bematerjalide komplekti p\u00f5hjalikult k\u00e4sitsi, kasutades mahedat seepi v\u00f5i pesuvahendit, et pesta maha k\u00f5ik tootmisest j\u00e4\u00e4nud t\u00f6\u00f6tlemisj\u00e4\u00e4gid.<br \/>\n2.Loputage v\u00e4rske veega ja kuivatage kohe pehme lapiga ning hoidke kuivas kohas.<br \/>\n<strong>IGAP\u00c4EVANE KASUTAMINE<\/strong><br \/>\n1. P\u00e4rast kasutamist puhastage ja kuivatage h\u00f5bedased esemed ning hoidke neid kuivas kohas, et tagada nende vastupidavus.<br \/>\n2. Palun \u00e4rge kasutage traatharju ega k\u00f5vasid k\u00e4snasid, et v\u00e4ltida kriimustusi, hoidke h\u00f5bedased esemed siledad.<br \/>\n3. Palun p\u00fc\u00fcdke v\u00e4ltida pesemist n\u00f5udepesumasinas. K\u00e4sipesu ja seej\u00e4rel kuivatamine pehme lapiga kaitseb teie h\u00f5bedat paremini.<br \/>\n4. Puhastamisel kasutage mahedat puhastusvahendit, \u00e4rge j\u00e4tke h\u00f5bematerjali pikaks ajaks soolade v\u00f5i hapete j\u00e4\u00e4kidega, kuna see v\u00f5ib suurendada v\u00e4rvimuutuse ja korrosiooni tekkimise v\u00f5imalust.<br \/>\nHead n\u00f5uanded: See h\u00f5bedatarvikute komplekt on keskmise kaaluga h\u00f5bedatarvikute komplekt, mitte-raske h\u00f5bedatarvikud v\u00f5i kerged h\u00f5bedatarvikud.<\/p>","protected":false},"excerpt":{"rendered":"<p>\u301010 Piece Flatware Set Service\u3011Highlight every delicious meal with Cutlery that beautifully accommodates everyone at your dinner table. \u3010Simplicity Cutlery Design\u3011Highly mirror polished makes these flatware sets always keep shiny, matches well with your existing tableware, smooth surface convenient to hand wash and dishwasher safe, Proper thickness and nice size ensures great hand feel, elevate [&hellip;]<\/p>","protected":false},"featured_media":1340,"comment_status":"open","ping_status":"closed","template":"","meta":{"_seopress_robots_primary_cat":""},"product_cat":[20,19],"product_tag":[],"_links":{"self":[{"href":"https:\/\/www.ideal-flatware.com\/et\/wp-json\/wp\/v2\/product\/1339"}],"collection":[{"href":"https:\/\/www.ideal-flatware.com\/et\/wp-json\/wp\/v2\/product"}],"about":[{"href":"https:\/\/www.ideal-flatware.com\/et\/wp-json\/wp\/v2\/types\/product"}],"replies":[{"embeddable":true,"href":"https:\/\/www.ideal-flatware.com\/et\/wp-json\/wp\/v2\/comments?post=1339"}],"version-history":[{"count":2,"href":"https:\/\/www.ideal-flatware.com\/et\/wp-json\/wp\/v2\/product\/1339\/revisions"}],"predecessor-version":[{"id":1350,"href":"https:\/\/www.ideal-flatware.com\/et\/wp-json\/wp\/v2\/product\/1339\/revisions\/1350"}],"wp:featuredmedia":[{"embeddable":true,"href":"https:\/\/www.ideal-flatware.com\/et\/wp-json\/wp\/v2\/media\/1340"}],"wp:attachment":[{"href":"https:\/\/www.ideal-flatware.com\/et\/wp-json\/wp\/v2\/media?parent=1339"}],"wp:term":[{"taxonomy":"product_cat","embeddable":true,"href":"https:\/\/www.ideal-flatware.com\/et\/wp-json\/wp\/v2\/product_cat?post=1339"},{"taxonomy":"product_tag","embeddable":true,"href":"https:\/\/www.ideal-flatware.com\/et\/wp-json\/wp\/v2\/product_tag?post=1339"}],"curies":[{"name":"wp","href":"https:\/\/api.w.org\/{rel}","templated":true}]}}