{"id":1478,"date":"2022-12-17T02:58:40","date_gmt":"2022-12-17T02:58:40","guid":{"rendered":"https:\/\/test.ideal-flatware.com\/?post_type=product&#038;p=1478"},"modified":"2025-12-09T09:38:54","modified_gmt":"2025-12-09T09:38:54","slug":"s097-wholesale-cutlery-factory-restaurant-tableware-stainless-steel-cutlery-set","status":"publish","type":"product","link":"https:\/\/www.ideal-flatware.com\/et\/toode\/s097-hulgimuuk-soogiriistad-factory-restorani-soogiriistad-katkematu-terasest-soogiriistade-komplekt\/","title":{"rendered":"S097 hulgim\u00fc\u00fcgi s\u00f6\u00f6giriistade tehase restorani s\u00f6\u00f6giriistade komplekt roostevabast terasest s\u00f6\u00f6giriistade komplekt"},"content":{"rendered":"<p><img fetchpriority=\"high\" decoding=\"async\" class=\"aligncenter wp-image-1479 size-full\" src=\"https:\/\/test.ideal-flatware.com\/wp-content\/uploads\/2022\/12\/Ideal-Flatware-S097.jpg\" alt=\"\" width=\"700\" height=\"700\" srcset=\"https:\/\/www.ideal-flatware.com\/wp-content\/uploads\/2022\/12\/Ideal-Flatware-S097.jpg 700w, https:\/\/www.ideal-flatware.com\/wp-content\/uploads\/2022\/12\/Ideal-Flatware-S097-600x600.jpg 600w, https:\/\/www.ideal-flatware.com\/wp-content\/uploads\/2022\/12\/Ideal-Flatware-S097-100x100.jpg 100w, https:\/\/www.ideal-flatware.com\/wp-content\/uploads\/2022\/12\/Ideal-Flatware-S097-300x300.jpg 300w, https:\/\/www.ideal-flatware.com\/wp-content\/uploads\/2022\/12\/Ideal-Flatware-S097-150x150.jpg 150w\" sizes=\"(max-width: 700px) 100vw, 700px\" \/><\/p>\n<p><strong>\u3010Silverware Set\u3011<\/strong> Meie ruudukujulise k\u00e4epidemega s\u00f6\u00f6giriistade komplekt sisaldab s\u00f6\u00f6ginuge, s\u00f6\u00f6givahvleid, s\u00f6\u00f6gilusikaid ja teelusikaid, mis rahuldavad enamikku 4-liikmelisi peresid ja vastavad k\u00f5igile teie igap\u00e4evastele vajadustele.<br \/>\n<strong>\u3010Ergonoomiline disain\u3011<\/strong> Ergonoomilised ruudukujulised k\u00e4epidemed ja ainulaadne h\u00f5bedakomplekti k\u00e4sit\u00f6\u00f6 on h\u00e4sti disainitud, mist\u00f5ttu paistab ainulaadne h\u00f5bedakomplekt teie lauaplaadil silma ja muudab igap\u00e4evased s\u00f6\u00f6gikorrad luksuslikuks s\u00f6\u00f6gikogemuseks. S\u00f6\u00f6ginugade eriline kumer disain muudab igasuguste toitude l\u00f5ikamise lihtsamaks.<br \/>\n<strong>\u3010K\u00f5rge kvaliteetne ja tervislik materjal\u3011<\/strong> Valmistatud k\u00f5rgekvaliteedilisest roostevabast terasest, ideaalsete s\u00f6\u00f6giriistade komplekt on mittetoksiline ja korrosioonikindel, mis on vastupidav ja tervislik igap\u00e4evaseks kasutamiseks. Omab sileda serva ilma karedate kohtadeta ja ergonoomilise k\u00e4epidemega, kena s\u00f6\u00f6giriistade komplekt pakub piisavalt haarduvust.<br \/>\n<strong>\u3010Pesumasinas ohutu ja kergesti puhastatav\u3011<\/strong> Roostevabast terasest h\u00f5bedased s\u00f6\u00f6giriistad on n\u00f5udepesumasinas pestavad, samuti on neid lihtne k\u00e4sitsi pesta, teie n\u00f5uetekohane hooldus muudab selle s\u00f6\u00f6giriistade komplekti kauaks ja alati sama heaks kui uus.<br \/>\n<strong>\u3010Versatile Silverware Set\u3011<\/strong> Kena roostevabast terasest h\u00f5bematerjalide komplekt, mis sobib ideaalselt igap\u00e4evaseks kasutamiseks kodus, restoranis, peol, meelelahutuseks. Ideaalne kingitus j\u00f5uludeks, t\u00e4nup\u00fchadeks, kodut\u00fctardeks ja palju muud.<\/p>\n<p>&nbsp;<\/p>\n<h3 style=\"color: #90bf46;\">\u25b8 TOOTE PARAMEETRID<\/h3>\n<table style=\"height: 313px; width: 100%; border-collapse: collapse; border-style: solid; border-color: #dddddd;\" border=\"1\">\n<tbody>\n<tr style=\"height: 24px;\">\n<td style=\"width: 20%; height: 24px; border: 1px solid #dddddd; background-color: #f2f2f2;\">Artikli nr:<\/td>\n<td style=\"width: 16.2182%; height: 24px; border: 1px solid #dddddd; background-color: #f2f2f2;\">Nimi<\/td>\n<td style=\"width: 16.4363%; height: 24px; border: 1px solid #dddddd; background-color: #f2f2f2;\">Paksus (mm)<\/td>\n<td style=\"width: 16.4363%; height: 24px; border: 1px solid #dddddd; background-color: #f2f2f2;\">Pikkus (mm)<\/td>\n<td style=\"width: 15.2365%; height: 24px; border: 1px solid #dddddd; background-color: #f2f2f2;\">Laius (mm)<\/td>\n<td style=\"width: 15.6727%; border: 1px solid #dddddd; background-color: #f2f2f2; height: 24px;\">Kaal (g)<\/td>\n<\/tr>\n<tr style=\"height: 24px;\">\n<td style=\"width: 20%; height: 289px; border: 1px solid #dddddd; vertical-align: middle;\" rowspan=\"12\">S097<\/td>\n<td style=\"width: 16.2182%; height: 24px; border: 1px solid #dddddd;\">\u00d5htus\u00f6\u00f6gilusikas<\/td>\n<td style=\"width: 16.4363%; height: 24px; border: 1px solid #dddddd;\">2.0<\/td>\n<td style=\"width: 16.4363%; height: 24px; border: 1px solid #dddddd;\">192<\/td>\n<td style=\"width: 15.2365%; height: 24px; border: 1px solid #dddddd;\">47<\/td>\n<td style=\"width: 15.6727%; border: 1px solid #dddddd; height: 24px;\">42<\/td>\n<\/tr>\n<tr style=\"height: 24px;\">\n<td style=\"width: 16.2182%; height: 25px; border: 1px solid #dddddd;\">\u00d5htus\u00f6\u00f6gi kahvel<\/td>\n<td style=\"width: 16.4363%; height: 25px; border: 1px solid #dddddd;\">2.0<\/td>\n<td style=\"width: 16.4363%; height: 25px; border: 1px solid #dddddd;\">198<\/td>\n<td style=\"width: 15.2365%; height: 25px; border: 1px solid #dddddd;\">26<\/td>\n<td style=\"width: 15.6727%; border: 1px solid #dddddd; height: 25px;\">34<\/td>\n<\/tr>\n<tr style=\"height: 24px;\">\n<td style=\"width: 16.2182%; height: 24px; border: 1px solid #dddddd;\">Teelusikas<\/td>\n<td style=\"width: 16.4363%; height: 24px; border: 1px solid #dddddd;\">1.8<\/td>\n<td style=\"width: 16.4363%; height: 24px; border: 1px solid #dddddd;\">137<\/td>\n<td style=\"width: 15.2365%; height: 24px; border: 1px solid #dddddd;\">32<\/td>\n<td style=\"width: 15.6727%; border: 1px solid #dddddd; height: 24px;\">21<\/td>\n<\/tr>\n<tr>\n<td style=\"width: 16.2182%; border: 1px solid #dddddd;\">Koogivars<\/td>\n<td style=\"width: 16.4363%; border: 1px solid #dddddd;\">2.0<\/td>\n<td style=\"width: 16.4363%; border: 1px solid #dddddd;\">140<\/td>\n<td style=\"width: 15.2365%; border: 1px solid #dddddd;\">20<\/td>\n<td style=\"width: 15.6727%; border: 1px solid #dddddd;\">18<\/td>\n<\/tr>\n<tr style=\"height: 24px;\">\n<td style=\"width: 16.2182%; height: 24px; border: 1px solid #dddddd;\">\u00d5htus\u00f6\u00f6gi nuga<\/td>\n<td style=\"width: 16.4363%; height: 24px; border: 1px solid #dddddd;\">5.0<\/td>\n<td style=\"width: 16.4363%; height: 24px; border: 1px solid #dddddd;\">215<\/td>\n<td style=\"width: 15.2365%; height: 24px; border: 1px solid #dddddd;\">15<\/td>\n<td style=\"width: 15.6727%; border: 1px solid #dddddd; height: 24px;\">60<\/td>\n<\/tr>\n<tr style=\"height: 24px;\">\n<td style=\"width: 16.2182%; border: 1px solid #dddddd; height: 24px;\">Kohvilusikas<\/td>\n<td style=\"width: 16.4363%; border: 1px solid #dddddd; height: 24px;\">1.8<\/td>\n<td style=\"width: 16.4363%; border: 1px solid #dddddd; height: 24px;\">120<\/td>\n<td style=\"width: 15.2365%; border: 1px solid #dddddd; height: 24px;\">28<\/td>\n<td style=\"width: 15.6727%; border: 1px solid #dddddd; height: 24px;\">16<\/td>\n<\/tr>\n<tr style=\"height: 24px;\">\n<td style=\"width: 16.2182%; border: 1px solid #dddddd; height: 24px;\">Magustoidulusikas<\/td>\n<td style=\"width: 16.4363%; border: 1px solid #dddddd; height: 24px;\">2.0<\/td>\n<td style=\"width: 16.4363%; border: 1px solid #dddddd; height: 24px;\">166<\/td>\n<td style=\"width: 15.2365%; border: 1px solid #dddddd; height: 24px;\">39<\/td>\n<td style=\"width: 15.6727%; border: 1px solid #dddddd; height: 24px;\">30<\/td>\n<\/tr>\n<tr style=\"height: 24px;\">\n<td style=\"width: 16.2182%; border: 1px solid #dddddd; height: 24px;\">Magustoiduhaaruke<\/td>\n<td style=\"width: 16.4363%; border: 1px solid #dddddd; height: 24px;\">2.0<\/td>\n<td style=\"width: 16.4363%; border: 1px solid #dddddd; height: 24px;\">167<\/td>\n<td style=\"width: 15.2365%; border: 1px solid #dddddd; height: 24px;\">22<\/td>\n<td style=\"width: 15.6727%; border: 1px solid #dddddd; height: 24px;\">26<\/td>\n<\/tr>\n<tr style=\"height: 24px;\">\n<td style=\"width: 16.2182%; border: 1px solid #dddddd; height: 24px;\">Dessertnuga<\/td>\n<td style=\"width: 16.4363%; border: 1px solid #dddddd; height: 24px;\">4.0<\/td>\n<td style=\"width: 16.4363%; border: 1px solid #dddddd; height: 24px;\">185<\/td>\n<td style=\"width: 15.2365%; border: 1px solid #dddddd; height: 24px;\">13<\/td>\n<td style=\"width: 15.6727%; border: 1px solid #dddddd; height: 24px;\">38<\/td>\n<\/tr>\n<tr style=\"height: 24px;\">\n<td style=\"width: 16.2182%; border: 1px solid #dddddd; height: 24px;\">V\u00f5i nuga<\/td>\n<td style=\"width: 16.4363%; border: 1px solid #dddddd; height: 24px;\">2.0<\/td>\n<td style=\"width: 16.4363%; border: 1px solid #dddddd; height: 24px;\">151<\/td>\n<td style=\"width: 15.2365%; border: 1px solid #dddddd; height: 24px;\">17<\/td>\n<td style=\"width: 15.6727%; border: 1px solid #dddddd; height: 24px;\">21<\/td>\n<\/tr>\n<tr style=\"height: 24px;\">\n<td style=\"width: 16.2182%; border: 1px solid #dddddd; height: 24px;\">Steaknuga<\/td>\n<td style=\"width: 16.4363%; border: 1px solid #dddddd; height: 24px;\">4.0<\/td>\n<td style=\"width: 16.4363%; border: 1px solid #dddddd; height: 24px;\">213<\/td>\n<td style=\"width: 15.2365%; border: 1px solid #dddddd; height: 24px;\">15<\/td>\n<td style=\"width: 15.6727%; border: 1px solid #dddddd; height: 24px;\">46<\/td>\n<\/tr>\n<tr style=\"height: 24px;\">\n<td style=\"width: 16.2182%; border: 1px solid #dddddd; height: 24px;\">J\u00e4\u00e4lusikas<\/td>\n<td style=\"width: 16.4363%; border: 1px solid #dddddd; height: 24px;\">2.0<\/td>\n<td style=\"width: 16.4363%; border: 1px solid #dddddd; height: 24px;\">206<\/td>\n<td style=\"width: 15.2365%; border: 1px solid #dddddd; height: 24px;\">30<\/td>\n<td style=\"width: 15.6727%; border: 1px solid #dddddd; height: 24px;\">30<\/td>\n<\/tr>\n<\/tbody>\n<\/table>\n<h3 style=\"color: #90bf46;\">\u25b8 TOOTE KIRJELDUS<\/h3>\n<div id='gallery-1' class='gallery galleryid-1478 gallery-columns-4 gallery-size-large'><figure class='gallery-item'>\n\t\t\t<div class='gallery-icon landscape'>\n\t\t\t\t<a href='https:\/\/www.ideal-flatware.com\/wp-content\/uploads\/2022\/12\/Ideal-Flatware-S09703.jpg'><img width=\"700\" height=\"467\" src=\"https:\/\/www.ideal-flatware.com\/wp-content\/uploads\/2022\/12\/Ideal-Flatware-S09703.jpg\" class=\"attachment-large size-large\" alt=\"Roostevabast terasest nuga\" decoding=\"async\" srcset=\"https:\/\/www.ideal-flatware.com\/wp-content\/uploads\/2022\/12\/Ideal-Flatware-S09703.jpg 700w, https:\/\/www.ideal-flatware.com\/wp-content\/uploads\/2022\/12\/Ideal-Flatware-S09703-600x400.jpg 600w, https:\/\/www.ideal-flatware.com\/wp-content\/uploads\/2022\/12\/Ideal-Flatware-S09703-300x200.jpg 300w\" sizes=\"(max-width: 700px) 100vw, 700px\" \/><\/a>\n\t\t\t<\/div><\/figure><figure class='gallery-item'>\n\t\t\t<div class='gallery-icon landscape'>\n\t\t\t\t<a href='https:\/\/www.ideal-flatware.com\/wp-content\/uploads\/2022\/12\/Ideal-Flatware-S09702.jpg'><img width=\"700\" height=\"467\" src=\"https:\/\/www.ideal-flatware.com\/wp-content\/uploads\/2022\/12\/Ideal-Flatware-S09702.jpg\" class=\"attachment-large size-large\" alt=\"Roostevabast terasest nuga\" decoding=\"async\" srcset=\"https:\/\/www.ideal-flatware.com\/wp-content\/uploads\/2022\/12\/Ideal-Flatware-S09702.jpg 700w, https:\/\/www.ideal-flatware.com\/wp-content\/uploads\/2022\/12\/Ideal-Flatware-S09702-600x400.jpg 600w, https:\/\/www.ideal-flatware.com\/wp-content\/uploads\/2022\/12\/Ideal-Flatware-S09702-300x200.jpg 300w\" sizes=\"(max-width: 700px) 100vw, 700px\" \/><\/a>\n\t\t\t<\/div><\/figure><figure class='gallery-item'>\n\t\t\t<div class='gallery-icon landscape'>\n\t\t\t\t<a href='https:\/\/www.ideal-flatware.com\/wp-content\/uploads\/2022\/12\/Ideal-Flatware-S09701.jpg'><img width=\"700\" height=\"467\" src=\"https:\/\/www.ideal-flatware.com\/wp-content\/uploads\/2022\/12\/Ideal-Flatware-S09701.jpg\" class=\"attachment-large size-large\" alt=\"Roostevabast terasest nuga\" decoding=\"async\" srcset=\"https:\/\/www.ideal-flatware.com\/wp-content\/uploads\/2022\/12\/Ideal-Flatware-S09701.jpg 700w, https:\/\/www.ideal-flatware.com\/wp-content\/uploads\/2022\/12\/Ideal-Flatware-S09701-600x400.jpg 600w, https:\/\/www.ideal-flatware.com\/wp-content\/uploads\/2022\/12\/Ideal-Flatware-S09701-300x200.jpg 300w\" sizes=\"(max-width: 700px) 100vw, 700px\" \/><\/a>\n\t\t\t<\/div><\/figure><figure class='gallery-item'>\n\t\t\t<div class='gallery-icon landscape'>\n\t\t\t\t<a href='https:\/\/www.ideal-flatware.com\/wp-content\/uploads\/2022\/12\/Ideal-Flatware-S09707.jpg'><img width=\"700\" height=\"467\" src=\"https:\/\/www.ideal-flatware.com\/wp-content\/uploads\/2022\/12\/Ideal-Flatware-S09707.jpg\" class=\"attachment-large size-large\" alt=\"Roostevabast terasest nuga\" decoding=\"async\" srcset=\"https:\/\/www.ideal-flatware.com\/wp-content\/uploads\/2022\/12\/Ideal-Flatware-S09707.jpg 700w, https:\/\/www.ideal-flatware.com\/wp-content\/uploads\/2022\/12\/Ideal-Flatware-S09707-600x400.jpg 600w, https:\/\/www.ideal-flatware.com\/wp-content\/uploads\/2022\/12\/Ideal-Flatware-S09707-300x200.jpg 300w\" sizes=\"(max-width: 700px) 100vw, 700px\" \/><\/a>\n\t\t\t<\/div><\/figure><figure class='gallery-item'>\n\t\t\t<div class='gallery-icon landscape'>\n\t\t\t\t<a href='https:\/\/www.ideal-flatware.com\/wp-content\/uploads\/2022\/12\/Ideal-Flatware-S09706.jpg'><img width=\"700\" height=\"467\" src=\"https:\/\/www.ideal-flatware.com\/wp-content\/uploads\/2022\/12\/Ideal-Flatware-S09706.jpg\" class=\"attachment-large size-large\" alt=\"Roostevabast terasest kahvel\" decoding=\"async\" srcset=\"https:\/\/www.ideal-flatware.com\/wp-content\/uploads\/2022\/12\/Ideal-Flatware-S09706.jpg 700w, https:\/\/www.ideal-flatware.com\/wp-content\/uploads\/2022\/12\/Ideal-Flatware-S09706-600x400.jpg 600w, https:\/\/www.ideal-flatware.com\/wp-content\/uploads\/2022\/12\/Ideal-Flatware-S09706-300x200.jpg 300w\" sizes=\"(max-width: 700px) 100vw, 700px\" \/><\/a>\n\t\t\t<\/div><\/figure><figure class='gallery-item'>\n\t\t\t<div class='gallery-icon landscape'>\n\t\t\t\t<a href='https:\/\/www.ideal-flatware.com\/wp-content\/uploads\/2022\/12\/Ideal-Flatware-S09705.jpg'><img width=\"700\" height=\"467\" src=\"https:\/\/www.ideal-flatware.com\/wp-content\/uploads\/2022\/12\/Ideal-Flatware-S09705.jpg\" class=\"attachment-large size-large\" alt=\"Roostevabast terasest kahvel\" decoding=\"async\" srcset=\"https:\/\/www.ideal-flatware.com\/wp-content\/uploads\/2022\/12\/Ideal-Flatware-S09705.jpg 700w, https:\/\/www.ideal-flatware.com\/wp-content\/uploads\/2022\/12\/Ideal-Flatware-S09705-600x400.jpg 600w, https:\/\/www.ideal-flatware.com\/wp-content\/uploads\/2022\/12\/Ideal-Flatware-S09705-300x200.jpg 300w\" sizes=\"(max-width: 700px) 100vw, 700px\" \/><\/a>\n\t\t\t<\/div><\/figure><figure class='gallery-item'>\n\t\t\t<div class='gallery-icon landscape'>\n\t\t\t\t<a href='https:\/\/www.ideal-flatware.com\/wp-content\/uploads\/2022\/12\/Ideal-Flatware-S09704.jpg'><img width=\"700\" height=\"467\" src=\"https:\/\/www.ideal-flatware.com\/wp-content\/uploads\/2022\/12\/Ideal-Flatware-S09704.jpg\" class=\"attachment-large size-large\" alt=\"Roostevabast terasest kahvel\" decoding=\"async\" srcset=\"https:\/\/www.ideal-flatware.com\/wp-content\/uploads\/2022\/12\/Ideal-Flatware-S09704.jpg 700w, https:\/\/www.ideal-flatware.com\/wp-content\/uploads\/2022\/12\/Ideal-Flatware-S09704-600x400.jpg 600w, https:\/\/www.ideal-flatware.com\/wp-content\/uploads\/2022\/12\/Ideal-Flatware-S09704-300x200.jpg 300w\" sizes=\"(max-width: 700px) 100vw, 700px\" \/><\/a>\n\t\t\t<\/div><\/figure><figure class='gallery-item'>\n\t\t\t<div class='gallery-icon landscape'>\n\t\t\t\t<a href='https:\/\/www.ideal-flatware.com\/wp-content\/uploads\/2022\/12\/Ideal-Flatware-S09708.jpg'><img width=\"700\" height=\"467\" src=\"https:\/\/www.ideal-flatware.com\/wp-content\/uploads\/2022\/12\/Ideal-Flatware-S09708.jpg\" class=\"attachment-large size-large\" alt=\"Roostevabast terasest lusikas\" decoding=\"async\" srcset=\"https:\/\/www.ideal-flatware.com\/wp-content\/uploads\/2022\/12\/Ideal-Flatware-S09708.jpg 700w, https:\/\/www.ideal-flatware.com\/wp-content\/uploads\/2022\/12\/Ideal-Flatware-S09708-600x400.jpg 600w, https:\/\/www.ideal-flatware.com\/wp-content\/uploads\/2022\/12\/Ideal-Flatware-S09708-300x200.jpg 300w\" sizes=\"(max-width: 700px) 100vw, 700px\" \/><\/a>\n\t\t\t<\/div><\/figure><figure class='gallery-item'>\n\t\t\t<div class='gallery-icon landscape'>\n\t\t\t\t<a href='https:\/\/www.ideal-flatware.com\/wp-content\/uploads\/2022\/12\/Ideal-Flatware-S09709.jpg'><img width=\"700\" height=\"467\" src=\"https:\/\/www.ideal-flatware.com\/wp-content\/uploads\/2022\/12\/Ideal-Flatware-S09709.jpg\" class=\"attachment-large size-large\" alt=\"Roostevabast terasest lusikas\" decoding=\"async\" srcset=\"https:\/\/www.ideal-flatware.com\/wp-content\/uploads\/2022\/12\/Ideal-Flatware-S09709.jpg 700w, https:\/\/www.ideal-flatware.com\/wp-content\/uploads\/2022\/12\/Ideal-Flatware-S09709-600x400.jpg 600w, https:\/\/www.ideal-flatware.com\/wp-content\/uploads\/2022\/12\/Ideal-Flatware-S09709-300x200.jpg 300w\" sizes=\"(max-width: 700px) 100vw, 700px\" \/><\/a>\n\t\t\t<\/div><\/figure><figure class='gallery-item'>\n\t\t\t<div class='gallery-icon landscape'>\n\t\t\t\t<a href='https:\/\/www.ideal-flatware.com\/wp-content\/uploads\/2022\/12\/Ideal-Flatware-S09710.jpg'><img width=\"700\" height=\"467\" src=\"https:\/\/www.ideal-flatware.com\/wp-content\/uploads\/2022\/12\/Ideal-Flatware-S09710.jpg\" class=\"attachment-large size-large\" alt=\"Roostevabast terasest lusikas\" decoding=\"async\" srcset=\"https:\/\/www.ideal-flatware.com\/wp-content\/uploads\/2022\/12\/Ideal-Flatware-S09710.jpg 700w, https:\/\/www.ideal-flatware.com\/wp-content\/uploads\/2022\/12\/Ideal-Flatware-S09710-600x400.jpg 600w, https:\/\/www.ideal-flatware.com\/wp-content\/uploads\/2022\/12\/Ideal-Flatware-S09710-300x200.jpg 300w\" sizes=\"(max-width: 700px) 100vw, 700px\" \/><\/a>\n\t\t\t<\/div><\/figure><figure class='gallery-item'>\n\t\t\t<div class='gallery-icon landscape'>\n\t\t\t\t<a href='https:\/\/www.ideal-flatware.com\/wp-content\/uploads\/2022\/12\/Ideal-Flatware-S09711.jpg'><img width=\"700\" height=\"467\" src=\"https:\/\/www.ideal-flatware.com\/wp-content\/uploads\/2022\/12\/Ideal-Flatware-S09711.jpg\" class=\"attachment-large size-large\" alt=\"Roostevabast terasest lusikas\" decoding=\"async\" srcset=\"https:\/\/www.ideal-flatware.com\/wp-content\/uploads\/2022\/12\/Ideal-Flatware-S09711.jpg 700w, https:\/\/www.ideal-flatware.com\/wp-content\/uploads\/2022\/12\/Ideal-Flatware-S09711-600x400.jpg 600w, https:\/\/www.ideal-flatware.com\/wp-content\/uploads\/2022\/12\/Ideal-Flatware-S09711-300x200.jpg 300w\" sizes=\"(max-width: 700px) 100vw, 700px\" \/><\/a>\n\t\t\t<\/div><\/figure><figure class='gallery-item'>\n\t\t\t<div class='gallery-icon landscape'>\n\t\t\t\t<a href='https:\/\/www.ideal-flatware.com\/wp-content\/uploads\/2022\/12\/Ideal-Flatware-S09712.jpg'><img width=\"700\" height=\"467\" src=\"https:\/\/www.ideal-flatware.com\/wp-content\/uploads\/2022\/12\/Ideal-Flatware-S09712.jpg\" class=\"attachment-large size-large\" alt=\"Roostevabast terasest lusikas\" decoding=\"async\" srcset=\"https:\/\/www.ideal-flatware.com\/wp-content\/uploads\/2022\/12\/Ideal-Flatware-S09712.jpg 700w, https:\/\/www.ideal-flatware.com\/wp-content\/uploads\/2022\/12\/Ideal-Flatware-S09712-600x400.jpg 600w, https:\/\/www.ideal-flatware.com\/wp-content\/uploads\/2022\/12\/Ideal-Flatware-S09712-300x200.jpg 300w\" sizes=\"(max-width: 700px) 100vw, 700px\" \/><\/a>\n\t\t\t<\/div><\/figure>\n\t\t<\/div>\n\n<p>&nbsp;<\/p>\n<h3 style=\"color: #90bf46;\">\u25b8KASUTAMINE JA HOOLDUS<\/h3>\n<p><strong>ESIMENE KASUTAMINE<\/strong><br \/>\n1. Palun peske oma h\u00f5bematerjalide komplekti p\u00f5hjalikult k\u00e4sitsi, kasutades mahedat seepi v\u00f5i pesuvahendit, et pesta maha k\u00f5ik tootmisest j\u00e4\u00e4nud t\u00f6\u00f6tlemisj\u00e4\u00e4gid.<br \/>\n2.Loputage v\u00e4rske veega ja kuivatage kohe pehme lapiga ning hoidke kuivas kohas.<br \/>\n<strong>IGAP\u00c4EVANE KASUTAMINE<\/strong><br \/>\n1. P\u00e4rast kasutamist puhastage ja kuivatage h\u00f5bedased esemed ning hoidke neid kuivas kohas, et tagada nende vastupidavus.<br \/>\n2. Palun \u00e4rge kasutage traatharju ega k\u00f5vasid k\u00e4snasid, et v\u00e4ltida kriimustusi, hoidke h\u00f5bedased esemed siledad.<br \/>\n3. Palun p\u00fc\u00fcdke v\u00e4ltida pesemist n\u00f5udepesumasinas. K\u00e4sipesu ja seej\u00e4rel kuivatamine pehme lapiga kaitseb teie h\u00f5bedat paremini.<br \/>\n4. Puhastamisel kasutage mahedat puhastusvahendit, \u00e4rge j\u00e4tke h\u00f5bematerjali pikaks ajaks soolade v\u00f5i hapete j\u00e4\u00e4kidega, kuna see v\u00f5ib suurendada v\u00e4rvimuutuse ja korrosiooni tekkimise v\u00f5imalust.<br \/>\nHead n\u00f5uanded: See h\u00f5bedatarvikute komplekt on keskmise kaaluga h\u00f5bedatarvikute komplekt, mitte-raske h\u00f5bedatarvikud v\u00f5i kerged h\u00f5bedatarvikud.<\/p>\n<p>&nbsp;<\/p>","protected":false},"excerpt":{"rendered":"<p>\u3010Silverware Set\u3011 Our silverware set with square handle includes dinner knives, dinner forks, dinner spoons and tea spoons, which can satisfy most families of 4 people and meet all of your daily needs. \u3010Ergonomic Design\u3011 Ergonomic square handles and unique craft of silverware set are well designed, making the unique silverware set stand out on [&hellip;]<\/p>","protected":false},"featured_media":1479,"comment_status":"open","ping_status":"closed","template":"","meta":{"_seopress_robots_primary_cat":""},"product_cat":[20,19],"product_tag":[],"_links":{"self":[{"href":"https:\/\/www.ideal-flatware.com\/et\/wp-json\/wp\/v2\/product\/1478"}],"collection":[{"href":"https:\/\/www.ideal-flatware.com\/et\/wp-json\/wp\/v2\/product"}],"about":[{"href":"https:\/\/www.ideal-flatware.com\/et\/wp-json\/wp\/v2\/types\/product"}],"replies":[{"embeddable":true,"href":"https:\/\/www.ideal-flatware.com\/et\/wp-json\/wp\/v2\/comments?post=1478"}],"version-history":[{"count":11,"href":"https:\/\/www.ideal-flatware.com\/et\/wp-json\/wp\/v2\/product\/1478\/revisions"}],"predecessor-version":[{"id":2739,"href":"https:\/\/www.ideal-flatware.com\/et\/wp-json\/wp\/v2\/product\/1478\/revisions\/2739"}],"wp:featuredmedia":[{"embeddable":true,"href":"https:\/\/www.ideal-flatware.com\/et\/wp-json\/wp\/v2\/media\/1479"}],"wp:attachment":[{"href":"https:\/\/www.ideal-flatware.com\/et\/wp-json\/wp\/v2\/media?parent=1478"}],"wp:term":[{"taxonomy":"product_cat","embeddable":true,"href":"https:\/\/www.ideal-flatware.com\/et\/wp-json\/wp\/v2\/product_cat?post=1478"},{"taxonomy":"product_tag","embeddable":true,"href":"https:\/\/www.ideal-flatware.com\/et\/wp-json\/wp\/v2\/product_tag?post=1478"}],"curies":[{"name":"wp","href":"https:\/\/api.w.org\/{rel}","templated":true}]}}