{"id":1515,"date":"2022-12-17T03:26:47","date_gmt":"2022-12-17T03:26:47","guid":{"rendered":"https:\/\/test.ideal-flatware.com\/?post_type=product&#038;p=1515"},"modified":"2022-12-29T01:55:59","modified_gmt":"2022-12-29T01:55:59","slug":"s084-high-end-products-cutlery-set-reusable-tea-spoon-fork-stainless-steel-flatware-sets","status":"publish","type":"product","link":"https:\/\/www.ideal-flatware.com\/et\/toode\/s084-high-end-products-cutlery-set-reusable-tea-spoon-fork-stainless-steel-flatware-sets\/","title":{"rendered":"S084 High-end tooted s\u00f6\u00f6giriistad komplekt korduvkasutatav tee lusikas kahvel roostevabast terasest s\u00f6\u00f6giriistad komplektid"},"content":{"rendered":"<p><img fetchpriority=\"high\" decoding=\"async\" class=\"aligncenter wp-image-1517 size-full\" src=\"https:\/\/test.ideal-flatware.com\/wp-content\/uploads\/2022\/12\/Ideal-Flatware-S084.jpg\" alt=\"\" width=\"700\" height=\"700\" srcset=\"https:\/\/www.ideal-flatware.com\/wp-content\/uploads\/2022\/12\/Ideal-Flatware-S084.jpg 700w, https:\/\/www.ideal-flatware.com\/wp-content\/uploads\/2022\/12\/Ideal-Flatware-S084-600x600.jpg 600w, https:\/\/www.ideal-flatware.com\/wp-content\/uploads\/2022\/12\/Ideal-Flatware-S084-100x100.jpg 100w, https:\/\/www.ideal-flatware.com\/wp-content\/uploads\/2022\/12\/Ideal-Flatware-S084-300x300.jpg 300w, https:\/\/www.ideal-flatware.com\/wp-content\/uploads\/2022\/12\/Ideal-Flatware-S084-150x150.jpg 150w\" sizes=\"(max-width: 700px) 100vw, 700px\" \/><\/p>\n<p>&nbsp;<\/p>","protected":false},"excerpt":{"rendered":"<p>&nbsp;<\/p>","protected":false},"featured_media":1517,"comment_status":"open","ping_status":"closed","template":"","meta":{"_seopress_robots_primary_cat":""},"product_cat":[19],"product_tag":[],"_links":{"self":[{"href":"https:\/\/www.ideal-flatware.com\/et\/wp-json\/wp\/v2\/product\/1515"}],"collection":[{"href":"https:\/\/www.ideal-flatware.com\/et\/wp-json\/wp\/v2\/product"}],"about":[{"href":"https:\/\/www.ideal-flatware.com\/et\/wp-json\/wp\/v2\/types\/product"}],"replies":[{"embeddable":true,"href":"https:\/\/www.ideal-flatware.com\/et\/wp-json\/wp\/v2\/comments?post=1515"}],"version-history":[{"count":2,"href":"https:\/\/www.ideal-flatware.com\/et\/wp-json\/wp\/v2\/product\/1515\/revisions"}],"predecessor-version":[{"id":2776,"href":"https:\/\/www.ideal-flatware.com\/et\/wp-json\/wp\/v2\/product\/1515\/revisions\/2776"}],"wp:featuredmedia":[{"embeddable":true,"href":"https:\/\/www.ideal-flatware.com\/et\/wp-json\/wp\/v2\/media\/1517"}],"wp:attachment":[{"href":"https:\/\/www.ideal-flatware.com\/et\/wp-json\/wp\/v2\/media?parent=1515"}],"wp:term":[{"taxonomy":"product_cat","embeddable":true,"href":"https:\/\/www.ideal-flatware.com\/et\/wp-json\/wp\/v2\/product_cat?post=1515"},{"taxonomy":"product_tag","embeddable":true,"href":"https:\/\/www.ideal-flatware.com\/et\/wp-json\/wp\/v2\/product_tag?post=1515"}],"curies":[{"name":"wp","href":"https:\/\/api.w.org\/{rel}","templated":true}]}}