{"id":1644,"date":"2022-12-17T07:59:54","date_gmt":"2022-12-17T07:59:54","guid":{"rendered":"https:\/\/test.ideal-flatware.com\/?post_type=product&#038;p=1644"},"modified":"2022-12-29T02:49:56","modified_gmt":"2022-12-29T02:49:56","slug":"s066-wholesale-factory-price-flat-tableware-set-stainless-steel-table-flatware-set","status":"publish","type":"product","link":"https:\/\/www.ideal-flatware.com\/et\/toode\/s066-wholesale-factory-price-flat-tableware-set-stainless-steel-table-flatware-set\/","title":{"rendered":"S066 Hulgim\u00fc\u00fck Factory hind lamedate lauan\u00f5ude komplekt roostevabast terasest lauan\u00f5ude komplekt"},"content":{"rendered":"<p><img fetchpriority=\"high\" decoding=\"async\" class=\"aligncenter wp-image-1645 size-full\" src=\"https:\/\/test.ideal-flatware.com\/wp-content\/uploads\/2022\/12\/Ideal-Flatware-S066.jpg\" alt=\"\" width=\"700\" height=\"700\" srcset=\"https:\/\/www.ideal-flatware.com\/wp-content\/uploads\/2022\/12\/Ideal-Flatware-S066.jpg 700w, https:\/\/www.ideal-flatware.com\/wp-content\/uploads\/2022\/12\/Ideal-Flatware-S066-600x600.jpg 600w, https:\/\/www.ideal-flatware.com\/wp-content\/uploads\/2022\/12\/Ideal-Flatware-S066-100x100.jpg 100w, https:\/\/www.ideal-flatware.com\/wp-content\/uploads\/2022\/12\/Ideal-Flatware-S066-300x300.jpg 300w, https:\/\/www.ideal-flatware.com\/wp-content\/uploads\/2022\/12\/Ideal-Flatware-S066-150x150.jpg 150w\" sizes=\"(max-width: 700px) 100vw, 700px\" \/><\/p>\n<p>&nbsp;<\/p>","protected":false},"excerpt":{"rendered":"<p>&nbsp;<\/p>","protected":false},"featured_media":1645,"comment_status":"open","ping_status":"closed","template":"","meta":{"_seopress_robots_primary_cat":""},"product_cat":[19],"product_tag":[],"_links":{"self":[{"href":"https:\/\/www.ideal-flatware.com\/et\/wp-json\/wp\/v2\/product\/1644"}],"collection":[{"href":"https:\/\/www.ideal-flatware.com\/et\/wp-json\/wp\/v2\/product"}],"about":[{"href":"https:\/\/www.ideal-flatware.com\/et\/wp-json\/wp\/v2\/types\/product"}],"replies":[{"embeddable":true,"href":"https:\/\/www.ideal-flatware.com\/et\/wp-json\/wp\/v2\/comments?post=1644"}],"version-history":[{"count":2,"href":"https:\/\/www.ideal-flatware.com\/et\/wp-json\/wp\/v2\/product\/1644\/revisions"}],"predecessor-version":[{"id":2792,"href":"https:\/\/www.ideal-flatware.com\/et\/wp-json\/wp\/v2\/product\/1644\/revisions\/2792"}],"wp:featuredmedia":[{"embeddable":true,"href":"https:\/\/www.ideal-flatware.com\/et\/wp-json\/wp\/v2\/media\/1645"}],"wp:attachment":[{"href":"https:\/\/www.ideal-flatware.com\/et\/wp-json\/wp\/v2\/media?parent=1644"}],"wp:term":[{"taxonomy":"product_cat","embeddable":true,"href":"https:\/\/www.ideal-flatware.com\/et\/wp-json\/wp\/v2\/product_cat?post=1644"},{"taxonomy":"product_tag","embeddable":true,"href":"https:\/\/www.ideal-flatware.com\/et\/wp-json\/wp\/v2\/product_tag?post=1644"}],"curies":[{"name":"wp","href":"https:\/\/api.w.org\/{rel}","templated":true}]}}