{"id":2456,"date":"2022-12-22T02:00:28","date_gmt":"2022-12-22T02:00:28","guid":{"rendered":"https:\/\/test.ideal-flatware.com\/?post_type=product&#038;p=2456"},"modified":"2022-12-22T02:01:29","modified_gmt":"2022-12-22T02:01:29","slug":"p101-hot-sell-modern-silverware-stainless-steel-cutlery-box-packaging","status":"publish","type":"product","link":"https:\/\/www.ideal-flatware.com\/et\/toode\/p101-hot-sell-modern-silverware-stainless-steel-cutlery-box-packaging\/","title":{"rendered":"P101 Kuumalt m\u00fc\u00fca kaasaegseid h\u00f5be- ja s\u00f6\u00f6giriistad roostevabast terasest s\u00f6\u00f6giriistade kasti pakendamist"},"content":{"rendered":"<p><img fetchpriority=\"high\" decoding=\"async\" class=\"aligncenter wp-image-2457 size-full\" src=\"https:\/\/test.ideal-flatware.com\/wp-content\/uploads\/2022\/12\/Ideal-Flatware-P101.jpg\" alt=\"\" width=\"700\" height=\"700\" srcset=\"https:\/\/www.ideal-flatware.com\/wp-content\/uploads\/2022\/12\/Ideal-Flatware-P101.jpg 700w, https:\/\/www.ideal-flatware.com\/wp-content\/uploads\/2022\/12\/Ideal-Flatware-P101-600x600.jpg 600w, https:\/\/www.ideal-flatware.com\/wp-content\/uploads\/2022\/12\/Ideal-Flatware-P101-100x100.jpg 100w, https:\/\/www.ideal-flatware.com\/wp-content\/uploads\/2022\/12\/Ideal-Flatware-P101-300x300.jpg 300w, https:\/\/www.ideal-flatware.com\/wp-content\/uploads\/2022\/12\/Ideal-Flatware-P101-150x150.jpg 150w\" sizes=\"(max-width: 700px) 100vw, 700px\" \/><\/p>\n<p>&nbsp;<\/p>\n<h3 style=\"color: #90bf46;\"><\/h3>\n<h3 style=\"color: #90bf46;\">\u25b8 s\u00f6\u00f6giriistade pakett\uff1a<\/h3>\n<p>1. Meil on kinkekarbid, mida saate valida.Kui teile ei meeldi meie pakend v\u00f5i on teil oma ideed, on kohandatud on teretulnud.<br \/>\n2. MOQ jaoks kulub 10-15 p\u00e4eva. Meil on suur tootmisv\u00f5imsus, mis v\u00f5ib tagada kiire tarneaja isegi suurte koguste puhul.<br \/>\n3. Tavaliselt 1 tk\/pp kott, 50-100 tk 1 kimpu, 800-1000 tk 1 kartongi.<\/p>\n<p>&nbsp;<\/p>","protected":false},"excerpt":{"rendered":"<p>&nbsp; \u25b8 Cutlery Package\uff1a 1. We have gift boxes for you choose.If you don&#8217;t like our packaging or have your own ideas,customized is welcome. 2. It takes 10-15 days for MOQ. We have large production capacity, which can ensure fast delivery time even for large quantity. 3. Usually 1pc\/pp bag, 50-100pcs into 1 bundle, 800-1000pcs [&hellip;]<\/p>","protected":false},"featured_media":2457,"comment_status":"open","ping_status":"closed","template":"","meta":{"_seopress_robots_primary_cat":""},"product_cat":[21],"product_tag":[],"_links":{"self":[{"href":"https:\/\/www.ideal-flatware.com\/et\/wp-json\/wp\/v2\/product\/2456"}],"collection":[{"href":"https:\/\/www.ideal-flatware.com\/et\/wp-json\/wp\/v2\/product"}],"about":[{"href":"https:\/\/www.ideal-flatware.com\/et\/wp-json\/wp\/v2\/types\/product"}],"replies":[{"embeddable":true,"href":"https:\/\/www.ideal-flatware.com\/et\/wp-json\/wp\/v2\/comments?post=2456"}],"version-history":[{"count":1,"href":"https:\/\/www.ideal-flatware.com\/et\/wp-json\/wp\/v2\/product\/2456\/revisions"}],"predecessor-version":[{"id":2458,"href":"https:\/\/www.ideal-flatware.com\/et\/wp-json\/wp\/v2\/product\/2456\/revisions\/2458"}],"wp:featuredmedia":[{"embeddable":true,"href":"https:\/\/www.ideal-flatware.com\/et\/wp-json\/wp\/v2\/media\/2457"}],"wp:attachment":[{"href":"https:\/\/www.ideal-flatware.com\/et\/wp-json\/wp\/v2\/media?parent=2456"}],"wp:term":[{"taxonomy":"product_cat","embeddable":true,"href":"https:\/\/www.ideal-flatware.com\/et\/wp-json\/wp\/v2\/product_cat?post=2456"},{"taxonomy":"product_tag","embeddable":true,"href":"https:\/\/www.ideal-flatware.com\/et\/wp-json\/wp\/v2\/product_tag?post=2456"}],"curies":[{"name":"wp","href":"https:\/\/api.w.org\/{rel}","templated":true}]}}