{"id":253,"date":"2022-12-17T08:44:49","date_gmt":"2022-12-17T08:44:49","guid":{"rendered":"https:\/\/test.ideal-flatware.com\/?post_type=product&#038;p=253"},"modified":"2025-12-09T09:40:53","modified_gmt":"2025-12-09T09:40:53","slug":"s049-high-grade-wholesale-cutlery-factory-restaurant-tableware-18-10-ss-cutlery-set-for-hotel","status":"publish","type":"product","link":"https:\/\/www.ideal-flatware.com\/et\/toode\/s049-korge-klassi-hulgimuuk-soogiriistad-factory-restoran-lauatarbed-18-10-ss-soogiriistade-komplekt-hotelli-jaoks\/","title":{"rendered":"S049 k\u00f5rge kvaliteediga hulgim\u00fc\u00fck s\u00f6\u00f6giriistade tehase restorani s\u00f6\u00f6giriistad 18\/10 SS s\u00f6\u00f6giriistade komplekt hotelli jaoks"},"content":{"rendered":"<p><img fetchpriority=\"high\" decoding=\"async\" class=\"aligncenter\" src=\"https:\/\/test.ideal-flatware.com\/wp-content\/uploads\/2022\/12\/S049-1.jpg\" alt=\"S049\" width=\"700\" height=\"700\" \/><br \/>\n<strong>\u3010PREMIUM MATERJAL\u3011<\/strong>Ideaalne S049 roostevabast terasest terasn\u00f5ude komplekt, ei sisalda kahjulikke aineid ega metallist l\u00f5hna, roostekindel, mis kestab pikka aega. Siledad servad ilma karedate kohtadeta tagavad teie huulte ohutuse. Lihtne puhastada (et paremini kaitsta oma h\u00f5bedat, peske seda k\u00e4sitsi ja kuivatage see pehme r\u00e4tikuga).<br \/>\n<strong>\u3010MULTIPURPOSE\u3011<\/strong>N\u00e4iteks kodus, restoranis, piknikutel, hotellis, telkimisel, toitlustamisel, pulmas, peol ja muudel puhkudel.<br \/>\n<strong>\u3010MODERNNE JA ELEGANTNE\u3011<\/strong>Roostevabast terasest t\u00e4iuslik peegel viimistletud hoiab need s\u00f6\u00f6giriistad alati l\u00e4ikivana, ei ole karedaid kobedusi, ilusat s\u00e4ra ja toob k\u00f5rgekvaliteedilise ja kaasaegse metalse tekstuuri. K\u00e4epideme kumer disain muudab selle elegantsemaks, Spetsiaalselt disainitud teravate hammastatud nugade terad, et l\u00f5igata praadi h\u00f5lpsasti.<br \/>\n<strong>\u3010ERGONOOMILINE DISAIN\u3011<\/strong>Need roostevabast terasest h\u00f5bedased s\u00f6\u00f6giriistad pakuvad h\u00e4sti tasakaalustatud ja suurep\u00e4rase k\u00e4etunde. Siledad servad koos kumera kujuga disainiga tagavad teile suurep\u00e4rase haarde, lihtsad ja klassikalised s\u00f6\u00f6giriistad sobivad paljude s\u00f6\u00f6giriistadega, t\u00f5stke s\u00f6\u00f6gikogemust korralike s\u00f6\u00f6giriistade komplektidega.<br \/>\n<strong>\u3010KVALITEEDI TAGAMINE\u3011<\/strong>Ideaalne S049 roostevabast terasest s\u00f6\u00f6giriistade komplekt lusikad kahvlid noad komplekt kasutada peen GIFT Box pakend, ideaalne kingitus pere ja s\u00f5prade jaoks Thanksgiving, j\u00f5ulud, Halloween. Kui teil on k\u00fcsimusi v\u00f5i rahulolematust meie h\u00f5bematerjalidega, v\u00f5tke meiega julgelt \u00fchendust, pakume teile parimat teenust, et aidata teid.<\/p>\n<p>&nbsp;<\/p>\n<h3 style=\"color: #90bf46;\">\u25b8 TOOTE PARAMEETRID<\/h3>\n<table style=\"height: 121px; width: 100%; border-collapse: collapse; border-style: solid; border-color: #dddddd;\" border=\"1\">\n<tbody>\n<tr style=\"height: 24px;\">\n<td style=\"width: 20%; height: 24px; border: 1px solid #dddddd; background-color: #f2f2f2;\">Artikli nr:<\/td>\n<td style=\"width: 20%; height: 24px; border: 1px solid #dddddd; background-color: #f2f2f2;\">Nimi<\/td>\n<td style=\"width: 20%; height: 24px; border: 1px solid #dddddd; background-color: #f2f2f2;\">Pikkus (mm)<\/td>\n<td style=\"width: 20%; height: 24px; border: 1px solid #dddddd; background-color: #f2f2f2;\">Laius (mm)<\/td>\n<td style=\"width: 20%; height: 24px; border: 1px solid #dddddd; background-color: #f2f2f2;\">Kaal (g)<\/td>\n<\/tr>\n<tr style=\"height: 24px;\">\n<td style=\"width: 20%; height: 97px; border: 1px solid #dddddd; vertical-align: middle;\" rowspan=\"4\">S049<\/td>\n<td style=\"width: 20%; height: 24px; border: 1px solid #dddddd;\">Lauanuga<\/td>\n<td style=\"width: 20%; height: 24px; border: 1px solid #dddddd;\">215<\/td>\n<td style=\"width: 20%; height: 24px; border: 1px solid #dddddd;\">10<\/td>\n<td style=\"width: 20%; height: 24px; border: 1px solid #dddddd;\">65<\/td>\n<\/tr>\n<tr style=\"height: 24px;\">\n<td style=\"width: 20%; height: 25px; border: 1px solid #dddddd;\">Lauaharki<\/td>\n<td style=\"width: 20%; height: 25px; border: 1px solid #dddddd;\">190<\/td>\n<td style=\"width: 20%; height: 25px; border: 1px solid #dddddd;\">24<\/td>\n<td style=\"width: 20%; height: 25px; border: 1px solid #dddddd;\">60<\/td>\n<\/tr>\n<tr style=\"height: 24px;\">\n<td style=\"width: 20%; height: 24px; border: 1px solid #dddddd;\">Lauakannel<\/td>\n<td style=\"width: 20%; height: 24px; border: 1px solid #dddddd;\">197<\/td>\n<td style=\"width: 20%; height: 24px; border: 1px solid #dddddd;\">43<\/td>\n<td style=\"width: 20%; height: 24px; border: 1px solid #dddddd;\">71<\/td>\n<\/tr>\n<tr style=\"height: 24px;\">\n<td style=\"width: 20%; height: 24px; border: 1px solid #dddddd;\">Teelusikas<\/td>\n<td style=\"width: 20%; height: 24px; border: 1px solid #dddddd;\">139<\/td>\n<td style=\"width: 20%; height: 24px; border: 1px solid #dddddd;\">31<\/td>\n<td style=\"width: 20%; height: 24px; border: 1px solid #dddddd;\">28<\/td>\n<\/tr>\n<\/tbody>\n<\/table>\n<h3 style=\"color: #90bf46;\">\u25b8 TOOTE KIRJELDUS<\/h3>\n<div id='gallery-1' class='gallery galleryid-253 gallery-columns-4 gallery-size-large'><figure class='gallery-item'>\n\t\t\t<div class='gallery-icon landscape'>\n\t\t\t\t<a href='https:\/\/www.ideal-flatware.com\/wp-content\/uploads\/2022\/12\/S049-5.jpg'><img width=\"700\" height=\"700\" src=\"https:\/\/www.ideal-flatware.com\/wp-content\/uploads\/2022\/12\/S049-5.jpg\" class=\"attachment-large size-large\" alt=\"Roostevabast terasest s\u00f6\u00f6giriistad\" decoding=\"async\" aria-describedby=\"gallery-1-258\" srcset=\"https:\/\/www.ideal-flatware.com\/wp-content\/uploads\/2022\/12\/S049-5.jpg 700w, https:\/\/www.ideal-flatware.com\/wp-content\/uploads\/2022\/12\/S049-5-600x600.jpg 600w, https:\/\/www.ideal-flatware.com\/wp-content\/uploads\/2022\/12\/S049-5-100x100.jpg 100w, https:\/\/www.ideal-flatware.com\/wp-content\/uploads\/2022\/12\/S049-5-300x300.jpg 300w, https:\/\/www.ideal-flatware.com\/wp-content\/uploads\/2022\/12\/S049-5-150x150.jpg 150w\" sizes=\"(max-width: 700px) 100vw, 700px\" \/><\/a>\n\t\t\t<\/div>\n\t\t\t\t<figcaption class='wp-caption-text gallery-caption' id='gallery-1-258'>\n\t\t\t\tOsta hulgi s\u00f6\u00f6giriistade komplekti\n\n\t\t\t\t<\/figcaption><\/figure><figure class='gallery-item'>\n\t\t\t<div class='gallery-icon landscape'>\n\t\t\t\t<a href='https:\/\/www.ideal-flatware.com\/wp-content\/uploads\/2022\/12\/S049-4.jpg'><img width=\"700\" height=\"700\" src=\"https:\/\/www.ideal-flatware.com\/wp-content\/uploads\/2022\/12\/S049-4.jpg\" class=\"attachment-large size-large\" alt=\"Roostevabast terasest s\u00f6\u00f6giriistad 18\/10 roostevabast terasest s\u00f6\u00f6giriistade tarnija | Hulgim\u00fc\u00fcgihinnad restoranidele ja hotellidele\" decoding=\"async\" aria-describedby=\"gallery-1-257\" srcset=\"https:\/\/www.ideal-flatware.com\/wp-content\/uploads\/2022\/12\/S049-4.jpg 700w, https:\/\/www.ideal-flatware.com\/wp-content\/uploads\/2022\/12\/S049-4-600x600.jpg 600w, https:\/\/www.ideal-flatware.com\/wp-content\/uploads\/2022\/12\/S049-4-100x100.jpg 100w, https:\/\/www.ideal-flatware.com\/wp-content\/uploads\/2022\/12\/S049-4-300x300.jpg 300w, https:\/\/www.ideal-flatware.com\/wp-content\/uploads\/2022\/12\/S049-4-150x150.jpg 150w\" sizes=\"(max-width: 700px) 100vw, 700px\" \/><\/a>\n\t\t\t<\/div>\n\t\t\t\t<figcaption class='wp-caption-text gallery-caption' id='gallery-1-257'>\n\t\t\t\t18\/10 roostevabast terasest s\u00f6\u00f6giriistade tarnija | Hulgim\u00fc\u00fcgihinnad restoranidele ja hotellidele\n\t\t\t\t<\/figcaption><\/figure><figure class='gallery-item'>\n\t\t\t<div class='gallery-icon landscape'>\n\t\t\t\t<a href='https:\/\/www.ideal-flatware.com\/wp-content\/uploads\/2022\/12\/S049-3.jpg'><img width=\"700\" height=\"700\" src=\"https:\/\/www.ideal-flatware.com\/wp-content\/uploads\/2022\/12\/S049-3.jpg\" class=\"attachment-large size-large\" alt=\"Roostevabast terasest s\u00f6\u00f6giriistad\" decoding=\"async\" srcset=\"https:\/\/www.ideal-flatware.com\/wp-content\/uploads\/2022\/12\/S049-3.jpg 700w, https:\/\/www.ideal-flatware.com\/wp-content\/uploads\/2022\/12\/S049-3-600x600.jpg 600w, https:\/\/www.ideal-flatware.com\/wp-content\/uploads\/2022\/12\/S049-3-100x100.jpg 100w, https:\/\/www.ideal-flatware.com\/wp-content\/uploads\/2022\/12\/S049-3-300x300.jpg 300w, https:\/\/www.ideal-flatware.com\/wp-content\/uploads\/2022\/12\/S049-3-150x150.jpg 150w\" sizes=\"(max-width: 700px) 100vw, 700px\" \/><\/a>\n\t\t\t<\/div><\/figure><figure class='gallery-item'>\n\t\t\t<div class='gallery-icon landscape'>\n\t\t\t\t<a href='https:\/\/www.ideal-flatware.com\/wp-content\/uploads\/2022\/12\/S049-2.jpg'><img width=\"700\" height=\"700\" src=\"https:\/\/www.ideal-flatware.com\/wp-content\/uploads\/2022\/12\/S049-2.jpg\" class=\"attachment-large size-large\" alt=\"Roostevabast terasest lauan\u00f5ud\" decoding=\"async\" srcset=\"https:\/\/www.ideal-flatware.com\/wp-content\/uploads\/2022\/12\/S049-2.jpg 700w, https:\/\/www.ideal-flatware.com\/wp-content\/uploads\/2022\/12\/S049-2-600x600.jpg 600w, https:\/\/www.ideal-flatware.com\/wp-content\/uploads\/2022\/12\/S049-2-100x100.jpg 100w, https:\/\/www.ideal-flatware.com\/wp-content\/uploads\/2022\/12\/S049-2-300x300.jpg 300w, https:\/\/www.ideal-flatware.com\/wp-content\/uploads\/2022\/12\/S049-2-150x150.jpg 150w\" sizes=\"(max-width: 700px) 100vw, 700px\" \/><\/a>\n\t\t\t<\/div><\/figure><figure class='gallery-item'>\n\t\t\t<div class='gallery-icon landscape'>\n\t\t\t\t<a href='https:\/\/www.ideal-flatware.com\/wp-content\/uploads\/2022\/12\/S04905.jpg'><img width=\"700\" height=\"525\" src=\"https:\/\/www.ideal-flatware.com\/wp-content\/uploads\/2022\/12\/S04905.jpg\" class=\"attachment-large size-large\" alt=\"Roostevabast terasest lauan\u00f5ud\" decoding=\"async\" srcset=\"https:\/\/www.ideal-flatware.com\/wp-content\/uploads\/2022\/12\/S04905.jpg 700w, https:\/\/www.ideal-flatware.com\/wp-content\/uploads\/2022\/12\/S04905-600x450.jpg 600w, https:\/\/www.ideal-flatware.com\/wp-content\/uploads\/2022\/12\/S04905-300x225.jpg 300w\" sizes=\"(max-width: 700px) 100vw, 700px\" \/><\/a>\n\t\t\t<\/div><\/figure><figure class='gallery-item'>\n\t\t\t<div class='gallery-icon landscape'>\n\t\t\t\t<a href='https:\/\/www.ideal-flatware.com\/wp-content\/uploads\/2022\/12\/S04904.jpg'><img width=\"700\" height=\"525\" src=\"https:\/\/www.ideal-flatware.com\/wp-content\/uploads\/2022\/12\/S04904.jpg\" class=\"attachment-large size-large\" alt=\"Roostevabast terasest nuga\" decoding=\"async\" srcset=\"https:\/\/www.ideal-flatware.com\/wp-content\/uploads\/2022\/12\/S04904.jpg 700w, https:\/\/www.ideal-flatware.com\/wp-content\/uploads\/2022\/12\/S04904-600x450.jpg 600w, https:\/\/www.ideal-flatware.com\/wp-content\/uploads\/2022\/12\/S04904-300x225.jpg 300w\" sizes=\"(max-width: 700px) 100vw, 700px\" \/><\/a>\n\t\t\t<\/div><\/figure><figure class='gallery-item'>\n\t\t\t<div class='gallery-icon landscape'>\n\t\t\t\t<a href='https:\/\/www.ideal-flatware.com\/wp-content\/uploads\/2022\/12\/S04901.jpg'><img width=\"700\" height=\"506\" src=\"https:\/\/www.ideal-flatware.com\/wp-content\/uploads\/2022\/12\/S04901.jpg\" class=\"attachment-large size-large\" alt=\"Roostevabast terasest lusikas\" decoding=\"async\" srcset=\"https:\/\/www.ideal-flatware.com\/wp-content\/uploads\/2022\/12\/S04901.jpg 700w, https:\/\/www.ideal-flatware.com\/wp-content\/uploads\/2022\/12\/S04901-600x434.jpg 600w, https:\/\/www.ideal-flatware.com\/wp-content\/uploads\/2022\/12\/S04901-300x217.jpg 300w\" sizes=\"(max-width: 700px) 100vw, 700px\" \/><\/a>\n\t\t\t<\/div><\/figure><figure class='gallery-item'>\n\t\t\t<div class='gallery-icon landscape'>\n\t\t\t\t<a href='https:\/\/www.ideal-flatware.com\/wp-content\/uploads\/2022\/12\/S04907.jpg'><img width=\"700\" height=\"525\" src=\"https:\/\/www.ideal-flatware.com\/wp-content\/uploads\/2022\/12\/S04907.jpg\" class=\"attachment-large size-large\" alt=\"Roostevabast terasest kahvel\" decoding=\"async\" srcset=\"https:\/\/www.ideal-flatware.com\/wp-content\/uploads\/2022\/12\/S04907.jpg 700w, https:\/\/www.ideal-flatware.com\/wp-content\/uploads\/2022\/12\/S04907-600x450.jpg 600w, https:\/\/www.ideal-flatware.com\/wp-content\/uploads\/2022\/12\/S04907-300x225.jpg 300w\" sizes=\"(max-width: 700px) 100vw, 700px\" \/><\/a>\n\t\t\t<\/div><\/figure><figure class='gallery-item'>\n\t\t\t<div class='gallery-icon landscape'>\n\t\t\t\t<a href='https:\/\/www.ideal-flatware.com\/wp-content\/uploads\/2022\/12\/S04906.jpg'><img width=\"700\" height=\"525\" src=\"https:\/\/www.ideal-flatware.com\/wp-content\/uploads\/2022\/12\/S04906.jpg\" class=\"attachment-large size-large\" alt=\"Roostevabast terasest nuga\" decoding=\"async\" srcset=\"https:\/\/www.ideal-flatware.com\/wp-content\/uploads\/2022\/12\/S04906.jpg 700w, https:\/\/www.ideal-flatware.com\/wp-content\/uploads\/2022\/12\/S04906-600x450.jpg 600w, https:\/\/www.ideal-flatware.com\/wp-content\/uploads\/2022\/12\/S04906-300x225.jpg 300w\" sizes=\"(max-width: 700px) 100vw, 700px\" \/><\/a>\n\t\t\t<\/div><\/figure>\n\t\t<\/div>\n\n<p>&nbsp;<\/p>\n<h3 style=\"color: #90bf46;\">\u25b8KASUTAMINE JA HOOLDUS<\/h3>\n<p><strong>ESIMENE KASUTAMINE<\/strong><br \/>\n1. Palun peske oma h\u00f5bematerjalide komplekti p\u00f5hjalikult k\u00e4sitsi, kasutades mahedat seepi v\u00f5i pesuvahendit, et pesta maha k\u00f5ik tootmisest j\u00e4\u00e4nud t\u00f6\u00f6tlemisj\u00e4\u00e4gid.<br \/>\n2.Loputage v\u00e4rske veega ja kuivatage kohe pehme lapiga ning hoidke kuivas kohas.<br \/>\n<strong>IGAP\u00c4EVANE KASUTAMINE<\/strong><br \/>\n1. P\u00e4rast kasutamist puhastage ja kuivatage h\u00f5bedased esemed ning hoidke neid kuivas kohas, et tagada nende vastupidavus.<br \/>\n2. Palun \u00e4rge kasutage traatharju ega k\u00f5vasid k\u00e4snasid, et v\u00e4ltida kriimustusi, hoidke h\u00f5bedased esemed siledad.<br \/>\n3. Palun p\u00fc\u00fcdke v\u00e4ltida pesemist n\u00f5udepesumasinas. K\u00e4sipesu ja seej\u00e4rel kuivatamine pehme lapiga kaitseb teie h\u00f5bedat paremini.<br \/>\n4. Puhastamisel kasutage mahedat puhastusvahendit, \u00e4rge j\u00e4tke h\u00f5bematerjali pikaks ajaks soolade v\u00f5i hapete j\u00e4\u00e4kidega, kuna see v\u00f5ib suurendada v\u00e4rvimuutuse ja korrosiooni tekkimise v\u00f5imalust.<br \/>\nHead n\u00f5uanded: See h\u00f5bedatarvikute komplekt on keskmise kaaluga h\u00f5bedatarvikute komplekt, mitte-raske h\u00f5bedatarvikud v\u00f5i kerged h\u00f5bedatarvikud.<\/p>","protected":false},"excerpt":{"rendered":"<p>\u3010PREMIUM MATERIAL\u3011Ideal S049 stainless steel flatware set, No harmful substance and metallic odor, Rust resistant to last long service time. Smooth edge without any rough spots ensure the safety of your lips. Easy clean (To better protect your silverware, wash it by hand and dry it with a soft towel). \u3010MULTIPURPOSE\u3011Such as home, Restaurant, Picnics, [&hellip;]<\/p>","protected":false},"featured_media":254,"comment_status":"open","ping_status":"closed","template":"","meta":{"_seopress_robots_primary_cat":"none"},"product_cat":[20,19],"product_tag":[],"_links":{"self":[{"href":"https:\/\/www.ideal-flatware.com\/et\/wp-json\/wp\/v2\/product\/253"}],"collection":[{"href":"https:\/\/www.ideal-flatware.com\/et\/wp-json\/wp\/v2\/product"}],"about":[{"href":"https:\/\/www.ideal-flatware.com\/et\/wp-json\/wp\/v2\/types\/product"}],"replies":[{"embeddable":true,"href":"https:\/\/www.ideal-flatware.com\/et\/wp-json\/wp\/v2\/comments?post=253"}],"version-history":[{"count":54,"href":"https:\/\/www.ideal-flatware.com\/et\/wp-json\/wp\/v2\/product\/253\/revisions"}],"predecessor-version":[{"id":3002,"href":"https:\/\/www.ideal-flatware.com\/et\/wp-json\/wp\/v2\/product\/253\/revisions\/3002"}],"wp:featuredmedia":[{"embeddable":true,"href":"https:\/\/www.ideal-flatware.com\/et\/wp-json\/wp\/v2\/media\/254"}],"wp:attachment":[{"href":"https:\/\/www.ideal-flatware.com\/et\/wp-json\/wp\/v2\/media?parent=253"}],"wp:term":[{"taxonomy":"product_cat","embeddable":true,"href":"https:\/\/www.ideal-flatware.com\/et\/wp-json\/wp\/v2\/product_cat?post=253"},{"taxonomy":"product_tag","embeddable":true,"href":"https:\/\/www.ideal-flatware.com\/et\/wp-json\/wp\/v2\/product_tag?post=253"}],"curies":[{"name":"wp","href":"https:\/\/api.w.org\/{rel}","templated":true}]}}