{"id":54,"date":"2022-11-29T01:12:59","date_gmt":"2022-11-29T01:12:59","guid":{"rendered":"https:\/\/test.ideal-flatware.com\/?page_id=54"},"modified":"2024-08-21T08:54:31","modified_gmt":"2024-08-21T08:54:31","slug":"contact","status":"publish","type":"page","link":"https:\/\/www.ideal-flatware.com\/fr\/contacter\/","title":{"rendered":"Contact"},"content":{"rendered":"<div data-elementor-type=\"wp-page\" data-elementor-id=\"54\" class=\"elementor elementor-54\" data-elementor-post-type=\"page\">\n\t\t\t\t<div class=\"elementor-element elementor-element-1f946fe5 e-con-full e-flex e-con e-parent\" data-id=\"1f946fe5\" data-element_type=\"container\" data-settings=\"{&quot;background_background&quot;:&quot;classic&quot;}\">\n\t\t<div class=\"elementor-element elementor-element-6e661ab0 e-flex e-con-boxed e-con e-child\" data-id=\"6e661ab0\" data-element_type=\"container\">\n\t\t\t\t\t<div class=\"e-con-inner\">\n\t\t\t\t<div class=\"elementor-element elementor-element-40cc4a75 elementor-widget elementor-widget-heading\" data-id=\"40cc4a75\" data-element_type=\"widget\" data-widget_type=\"heading.default\">\n\t\t\t\t<div class=\"elementor-widget-container\">\n\t\t\t<h1 class=\"elementor-heading-title elementor-size-default\">Contact<\/h1>\t\t<\/div>\n\t\t\t\t<\/div>\n\t\t\t\t<div class=\"elementor-element elementor-element-65a2c50 elementor-widget elementor-widget-sp-breadcrumbs\" data-id=\"65a2c50\" data-element_type=\"widget\" data-widget_type=\"sp-breadcrumbs.default\">\n\t\t\t\t<div class=\"elementor-widget-container\">\n\t\t\t<nav  aria-label=\"mie de pain\" data-no-translation-aria-label=\"\"><ol class=\"breadcrumb\" itemscope itemtype=\"https:\/\/schema.org\/BreadcrumbList\"><li class=\"breadcrumb-item active\" aria-current=\"page\" itemprop=\"itemListElement\" itemscope itemtype=\"https:\/\/schema.org\/ListItem\"><span itemprop=\"name\" data-no-translation=\"\" data-trp-gettext=\"\">Accueil<\/span><meta itemprop=\"position\" content=\"1\"><\/li><\/ol><\/nav>\t\t<\/div>\n\t\t\t\t<\/div>\n\t\t\t\t\t<\/div>\n\t\t\t\t<\/div>\n\t\t\t\t<\/div>\n\t\t<div class=\"elementor-element elementor-element-da6466c e-flex e-con-boxed e-con e-parent\" data-id=\"da6466c\" data-element_type=\"container\">\n\t\t\t\t\t<div class=\"e-con-inner\">\n\t\t\t\t<div class=\"elementor-element elementor-element-2db9435 elementor-widget elementor-widget-heading\" data-id=\"2db9435\" data-element_type=\"widget\" data-widget_type=\"heading.default\">\n\t\t\t\t<div class=\"elementor-widget-container\">\n\t\t\t<h1 class=\"elementor-heading-title elementor-size-default\">Nous aimerions avoir de vos nouvelles<\/h1>\t\t<\/div>\n\t\t\t\t<\/div>\n\t\t\t\t<div class=\"elementor-element elementor-element-96e32d9 elementor-widget elementor-widget-text-editor\" data-id=\"96e32d9\" data-element_type=\"widget\" data-widget_type=\"text-editor.default\">\n\t\t\t\t<div class=\"elementor-widget-container\">\n\t\t\t\t\t\t\tPour toute demande de renseignements sur la vaisselle en acier inoxydable, en ligne ou hors ligne, nous nous effor\u00e7ons de vous r\u00e9pondre sinc\u00e8rement dans les 24 heures.\t\t\t\t\t\t<\/div>\n\t\t\t\t<\/div>\n\t\t\t\t\t<\/div>\n\t\t\t\t<\/div>\n\t\t<div class=\"elementor-element elementor-element-e40e0d8 e-flex e-con-boxed e-con e-parent\" data-id=\"e40e0d8\" data-element_type=\"container\">\n\t\t\t\t\t<div class=\"e-con-inner\">\n\t\t<div class=\"elementor-element elementor-element-13dfb7b e-con-full e-flex e-con e-child\" data-id=\"13dfb7b\" data-element_type=\"container\">\n\t\t\t\t<div class=\"elementor-element elementor-element-54f6df9 elementor-position-top elementor-widget elementor-widget-image-box\" data-id=\"54f6df9\" data-element_type=\"widget\" data-widget_type=\"image-box.default\">\n\t\t\t\t<div class=\"elementor-widget-container\">\n\t\t\t<div class=\"elementor-image-box-wrapper\"><figure class=\"elementor-image-box-img\"><img decoding=\"async\" width=\"120\" height=\"119\" src=\"https:\/\/www.ideal-flatware.com\/wp-content\/uploads\/2022\/12\/E.png\" class=\"attachment-full size-full wp-image-537\" alt=\"Courriel :\" srcset=\"https:\/\/www.ideal-flatware.com\/wp-content\/uploads\/2022\/12\/E.png 120w, https:\/\/www.ideal-flatware.com\/wp-content\/uploads\/2022\/12\/E-100x100.png 100w\" sizes=\"(max-width: 120px) 100vw, 120px\" \/><\/figure><div class=\"elementor-image-box-content\"><p class=\"elementor-image-box-description\">ideal@ideal-flatware.com<br>\ninfo@ideal-flatware.com<br>\nsales@ideal-flatware.com<\/p><\/div><\/div>\t\t<\/div>\n\t\t\t\t<\/div>\n\t\t\t\t<\/div>\n\t\t<div class=\"elementor-element elementor-element-919214f e-con-full e-flex e-con e-child\" data-id=\"919214f\" data-element_type=\"container\">\n\t\t\t\t<div class=\"elementor-element elementor-element-17c817b elementor-position-top elementor-widget elementor-widget-image-box\" data-id=\"17c817b\" data-element_type=\"widget\" data-widget_type=\"image-box.default\">\n\t\t\t\t<div class=\"elementor-widget-container\">\n\t\t\t<div class=\"elementor-image-box-wrapper\"><figure class=\"elementor-image-box-img\"><img decoding=\"async\" width=\"120\" height=\"119\" src=\"https:\/\/www.ideal-flatware.com\/wp-content\/uploads\/2022\/12\/T.png\" class=\"attachment-full size-full wp-image-539\" alt=\"T\u00e9l\u00e9phone\" srcset=\"https:\/\/www.ideal-flatware.com\/wp-content\/uploads\/2022\/12\/T.png 120w, https:\/\/www.ideal-flatware.com\/wp-content\/uploads\/2022\/12\/T-100x100.png 100w\" sizes=\"(max-width: 120px) 100vw, 120px\" \/><\/figure><div class=\"elementor-image-box-content\"><p class=\"elementor-image-box-description\">+86-663-8737289<br>\n+86-15975179779<br>\n\uff08Wechat\/whatsapp\uff09<\/p><\/div><\/div>\t\t<\/div>\n\t\t\t\t<\/div>\n\t\t\t\t<\/div>\n\t\t<div class=\"elementor-element elementor-element-e0f93c1 e-con-full e-flex e-con e-child\" data-id=\"e0f93c1\" data-element_type=\"container\">\n\t\t\t\t<div class=\"elementor-element elementor-element-6020b39 elementor-position-top elementor-widget elementor-widget-image-box\" data-id=\"6020b39\" data-element_type=\"widget\" data-widget_type=\"image-box.default\">\n\t\t\t\t<div class=\"elementor-widget-container\">\n\t\t\t<div class=\"elementor-image-box-wrapper\"><figure class=\"elementor-image-box-img\"><img decoding=\"async\" width=\"122\" height=\"119\" src=\"https:\/\/www.ideal-flatware.com\/wp-content\/uploads\/2022\/12\/A.png\" class=\"attachment-full size-full wp-image-536\" alt=\"Positionnement\" \/><\/figure><div class=\"elementor-image-box-content\"><p class=\"elementor-image-box-description\">Zone industrielle de Yucheng, ville de Jieyang, Guangdong, Chine.<\/p><\/div><\/div>\t\t<\/div>\n\t\t\t\t<\/div>\n\t\t\t\t<\/div>\n\t\t<div class=\"elementor-element elementor-element-cf16a16 e-con-full e-flex e-con e-child\" data-id=\"cf16a16\" data-element_type=\"container\">\n\t\t\t\t<div class=\"elementor-element elementor-element-18ea70f elementor-position-top elementor-widget elementor-widget-image-box\" data-id=\"18ea70f\" data-element_type=\"widget\" data-widget_type=\"image-box.default\">\n\t\t\t\t<div class=\"elementor-widget-container\">\n\t\t\t<div class=\"elementor-image-box-wrapper\"><figure class=\"elementor-image-box-img\"><a href=\"https:\/\/www.facebook.com\/IdealCutlery\" tabindex=\"-1\"><img loading=\"lazy\" decoding=\"async\" width=\"118\" height=\"118\" src=\"https:\/\/www.ideal-flatware.com\/wp-content\/uploads\/2022\/12\/F.png\" class=\"attachment-full size-full wp-image-538\" alt=\"Facebook\" srcset=\"https:\/\/www.ideal-flatware.com\/wp-content\/uploads\/2022\/12\/F.png 118w, https:\/\/www.ideal-flatware.com\/wp-content\/uploads\/2022\/12\/F-100x100.png 100w\" sizes=\"(max-width: 118px) 100vw, 118px\" \/><\/a><\/figure><div class=\"elementor-image-box-content\"><p class=\"elementor-image-box-title\"><a href=\"https:\/\/www.facebook.com\/IdealCutlery\">Coutellerie id\u00e9ale<\/a><\/p><\/div><\/div>\t\t<\/div>\n\t\t\t\t<\/div>\n\t\t\t\t<\/div>\n\t\t\t\t\t<\/div>\n\t\t\t\t<\/div>\n\t\t\t\t<\/div>","protected":false},"excerpt":{"rendered":"<p>Home We Would Love To Hear From You For any inquiries about stainless steel tableware, online or offline, we aim to answer you sincerely in 24 hours. ideal@ideal-flatware.com info@ideal-flatware.com sales@ideal-flatware.com +86-663-8737289 +86-15975179779 \uff08Wechat\/whatsapp\uff09 Yucheng Industrial Zone, Jieyang City, Guangdong, China. Ideal Cutlery<\/p>","protected":false},"author":7,"featured_media":0,"parent":0,"menu_order":0,"comment_status":"closed","ping_status":"closed","template":"","meta":{"_seopress_robots_primary_cat":"","footnotes":""},"_links":{"self":[{"href":"https:\/\/www.ideal-flatware.com\/fr\/wp-json\/wp\/v2\/pages\/54"}],"collection":[{"href":"https:\/\/www.ideal-flatware.com\/fr\/wp-json\/wp\/v2\/pages"}],"about":[{"href":"https:\/\/www.ideal-flatware.com\/fr\/wp-json\/wp\/v2\/types\/page"}],"author":[{"embeddable":true,"href":"https:\/\/www.ideal-flatware.com\/fr\/wp-json\/wp\/v2\/users\/7"}],"replies":[{"embeddable":true,"href":"https:\/\/www.ideal-flatware.com\/fr\/wp-json\/wp\/v2\/comments?post=54"}],"version-history":[{"count":127,"href":"https:\/\/www.ideal-flatware.com\/fr\/wp-json\/wp\/v2\/pages\/54\/revisions"}],"predecessor-version":[{"id":3493,"href":"https:\/\/www.ideal-flatware.com\/fr\/wp-json\/wp\/v2\/pages\/54\/revisions\/3493"}],"wp:attachment":[{"href":"https:\/\/www.ideal-flatware.com\/fr\/wp-json\/wp\/v2\/media?parent=54"}],"curies":[{"name":"wp","href":"https:\/\/api.w.org\/{rel}","templated":true}]}}