{"id":1339,"date":"2022-12-17T08:04:03","date_gmt":"2022-12-17T08:04:03","guid":{"rendered":"https:\/\/test.ideal-flatware.com\/?post_type=product&#038;p=1339"},"modified":"2025-12-09T09:41:19","modified_gmt":"2025-12-09T09:41:19","slug":"s059-simple-design-wholesale-cutlery-factory-restaurant-tableware-stainless-steel-cutlery-set","status":"publish","type":"product","link":"https:\/\/www.ideal-flatware.com\/fr\/produit\/s059-simple-design-wholesale-cutlery-factory-restaurant-tableware-stainless-steel-cutlery-set\/","title":{"rendered":"S059 Conception simple, vente en gros de couverts de table en acier inoxydable pour restaurants."},"content":{"rendered":"<p><img fetchpriority=\"high\" decoding=\"async\" class=\"aligncenter wp-image-1340 size-full\" src=\"https:\/\/test.ideal-flatware.com\/wp-content\/uploads\/2022\/12\/S059-1.jpg\" alt=\"\" width=\"700\" height=\"700\" srcset=\"https:\/\/www.ideal-flatware.com\/wp-content\/uploads\/2022\/12\/S059-1.jpg 700w, https:\/\/www.ideal-flatware.com\/wp-content\/uploads\/2022\/12\/S059-1-600x600.jpg 600w, https:\/\/www.ideal-flatware.com\/wp-content\/uploads\/2022\/12\/S059-1-100x100.jpg 100w, https:\/\/www.ideal-flatware.com\/wp-content\/uploads\/2022\/12\/S059-1-300x300.jpg 300w, https:\/\/www.ideal-flatware.com\/wp-content\/uploads\/2022\/12\/S059-1-150x150.jpg 150w\" sizes=\"(max-width: 700px) 100vw, 700px\" \/><br \/>\n<strong>\u3010Service de couverts de table 10 pi\u00e8ces\u3011<\/strong>Mettez en valeur chaque repas d\u00e9licieux avec des couverts qui conviennent parfaitement \u00e0 toutes les personnes pr\u00e9sentes \u00e0 votre table.<br \/>\n<strong>\u3010Simplicit\u00e9 du design des couverts\u3011<\/strong>La surface lisse est pratique \u00e0 laver \u00e0 la main et va au lave-vaisselle. L'\u00e9paisseur appropri\u00e9e et la taille agr\u00e9able garantissent une bonne prise en main, ce qui transforme vos repas quotidiens en une exp\u00e9rience gastronomique.<br \/>\n<strong>\u3010Mat\u00e9riau de haute qualit\u00e9 et durable\u3011<\/strong>Fabriqu\u00e9s en acier inoxydable extra \u00e9pais de premi\u00e8re qualit\u00e9, sans substances nocives, ils ne s'effritent pas, r\u00e9sistent \u00e0 la rouille et sont suffisamment robustes pour une utilisation quotidienne de base pendant de nombreuses ann\u00e9es. Ils ne se plient pas, ne se cassent pas et ne sont pas endommag\u00e9s par la chaleur. Si vous en prenez soin, cet ensemble d'ustensiles sera toujours aussi beau que neuf.<br \/>\n<strong>\u3010Parfait pour l'utilisation\u3011<\/strong>Notre set de couverts est id\u00e9al pour l'usage quotidien de la famille, les rassemblements, les d\u00eeners de famille, les mariages et autres occasions formelles. Ils conviennent \u00e9galement pour le camping, l'h\u00f4tel, le restaurant, le bistrot, etc. ou lorsque vous avez besoin d'un ensemble suppl\u00e9mentaire de couteaux, fourchettes et cuill\u00e8res.<br \/>\n<strong>\u3010Care Guidance\u3011<\/strong>Ce set de couverts est compatible avec le lave-vaisselle. Veuillez nettoyer les couverts dans un court laps de temps apr\u00e8s leur utilisation, dans les deux heures sera plus pr\u00e9f\u00e9rable...<\/p>\n<p>&nbsp;<\/p>\n<h3 style=\"color: #90bf46;\">\u25b8 PARAM\u00c8TRES DU PRODUIT<\/h3>\n<table style=\"height: 121px; width: 100%; border-collapse: collapse; border-style: solid; border-color: #dddddd;\" border=\"1\">\n<tbody>\n<tr style=\"height: 24px;\">\n<td style=\"width: 20%; height: 24px; border: 1px solid #dddddd; background-color: #f2f2f2;\">Num\u00e9ro d'article<\/td>\n<td style=\"width: 20%; height: 24px; border: 1px solid #dddddd; background-color: #f2f2f2;\">Nom<\/td>\n<td style=\"width: 20%; height: 24px; border: 1px solid #dddddd; background-color: #f2f2f2;\">Longueur (mm)<\/td>\n<td style=\"width: 20%; height: 24px; border: 1px solid #dddddd; background-color: #f2f2f2;\">Largeur (mm)<\/td>\n<td style=\"width: 20%; height: 24px; border: 1px solid #dddddd; background-color: #f2f2f2;\">Poids (g)<\/td>\n<\/tr>\n<tr style=\"height: 24px;\">\n<td style=\"width: 20%; height: 97px; border: 1px solid #dddddd; vertical-align: middle;\" rowspan=\"4\">S059<\/td>\n<td style=\"width: 20%; height: 24px; border: 1px solid #dddddd;\">Couteau de table<\/td>\n<td style=\"width: 20%; height: 24px; border: 1px solid #dddddd;\">208<\/td>\n<td style=\"width: 20%; height: 24px; border: 1px solid #dddddd;\">18<\/td>\n<td style=\"width: 20%; height: 24px; border: 1px solid #dddddd;\">40<\/td>\n<\/tr>\n<tr style=\"height: 24px;\">\n<td style=\"width: 20%; height: 25px; border: 1px solid #dddddd;\">Fourchette de table<\/td>\n<td style=\"width: 20%; height: 25px; border: 1px solid #dddddd;\">188<\/td>\n<td style=\"width: 20%; height: 25px; border: 1px solid #dddddd;\">24<\/td>\n<td style=\"width: 20%; height: 25px; border: 1px solid #dddddd;\">27<\/td>\n<\/tr>\n<tr style=\"height: 24px;\">\n<td style=\"width: 20%; height: 24px; border: 1px solid #dddddd;\">Cuill\u00e8re de table<\/td>\n<td style=\"width: 20%; height: 24px; border: 1px solid #dddddd;\">189<\/td>\n<td style=\"width: 20%; height: 24px; border: 1px solid #dddddd;\">42<\/td>\n<td style=\"width: 20%; height: 24px; border: 1px solid #dddddd;\">33<\/td>\n<\/tr>\n<tr style=\"height: 24px;\">\n<td style=\"width: 20%; height: 24px; border: 1px solid #dddddd;\">Cuill\u00e8re \u00e0 th\u00e9<\/td>\n<td style=\"width: 20%; height: 24px; border: 1px solid #dddddd;\">135<\/td>\n<td style=\"width: 20%; height: 24px; border: 1px solid #dddddd;\">28.5<\/td>\n<td style=\"width: 20%; height: 24px; border: 1px solid #dddddd;\">15<\/td>\n<\/tr>\n<\/tbody>\n<\/table>\n<h3 style=\"color: #90bf46;\">\u25b8 DESCRIPTION DU PRODUIT<\/h3>\n<div id='gallery-1' class='gallery galleryid-1339 gallery-columns-4 gallery-size-large'><figure class='gallery-item'>\n\t\t\t<div class='gallery-icon landscape'>\n\t\t\t\t<a href='https:\/\/www.ideal-flatware.com\/wp-content\/uploads\/2022\/12\/S05902.jpg'><img width=\"700\" height=\"525\" src=\"https:\/\/www.ideal-flatware.com\/wp-content\/uploads\/2022\/12\/S05902.jpg\" class=\"attachment-large size-large\" alt=\"Couverts en acier inoxydable\" decoding=\"async\" srcset=\"https:\/\/www.ideal-flatware.com\/wp-content\/uploads\/2022\/12\/S05902.jpg 700w, https:\/\/www.ideal-flatware.com\/wp-content\/uploads\/2022\/12\/S05902-600x450.jpg 600w, https:\/\/www.ideal-flatware.com\/wp-content\/uploads\/2022\/12\/S05902-300x225.jpg 300w\" sizes=\"(max-width: 700px) 100vw, 700px\" \/><\/a>\n\t\t\t<\/div><\/figure><figure class='gallery-item'>\n\t\t\t<div class='gallery-icon landscape'>\n\t\t\t\t<a href='https:\/\/www.ideal-flatware.com\/wp-content\/uploads\/2022\/12\/S059-3.jpg'><img width=\"700\" height=\"700\" src=\"https:\/\/www.ideal-flatware.com\/wp-content\/uploads\/2022\/12\/S059-3.jpg\" class=\"attachment-large size-large\" alt=\"Couverts en acier inoxydable\" decoding=\"async\" srcset=\"https:\/\/www.ideal-flatware.com\/wp-content\/uploads\/2022\/12\/S059-3.jpg 700w, https:\/\/www.ideal-flatware.com\/wp-content\/uploads\/2022\/12\/S059-3-600x600.jpg 600w, https:\/\/www.ideal-flatware.com\/wp-content\/uploads\/2022\/12\/S059-3-100x100.jpg 100w, https:\/\/www.ideal-flatware.com\/wp-content\/uploads\/2022\/12\/S059-3-300x300.jpg 300w, https:\/\/www.ideal-flatware.com\/wp-content\/uploads\/2022\/12\/S059-3-150x150.jpg 150w\" sizes=\"(max-width: 700px) 100vw, 700px\" \/><\/a>\n\t\t\t<\/div><\/figure><figure class='gallery-item'>\n\t\t\t<div class='gallery-icon landscape'>\n\t\t\t\t<a href='https:\/\/www.ideal-flatware.com\/wp-content\/uploads\/2022\/12\/S059-5.jpg'><img width=\"700\" height=\"700\" src=\"https:\/\/www.ideal-flatware.com\/wp-content\/uploads\/2022\/12\/S059-5.jpg\" class=\"attachment-large size-large\" alt=\"Couverts en acier inoxydable\" decoding=\"async\" srcset=\"https:\/\/www.ideal-flatware.com\/wp-content\/uploads\/2022\/12\/S059-5.jpg 700w, https:\/\/www.ideal-flatware.com\/wp-content\/uploads\/2022\/12\/S059-5-600x600.jpg 600w, https:\/\/www.ideal-flatware.com\/wp-content\/uploads\/2022\/12\/S059-5-100x100.jpg 100w, https:\/\/www.ideal-flatware.com\/wp-content\/uploads\/2022\/12\/S059-5-300x300.jpg 300w, https:\/\/www.ideal-flatware.com\/wp-content\/uploads\/2022\/12\/S059-5-150x150.jpg 150w\" sizes=\"(max-width: 700px) 100vw, 700px\" \/><\/a>\n\t\t\t<\/div><\/figure><figure class='gallery-item'>\n\t\t\t<div class='gallery-icon landscape'>\n\t\t\t\t<a href='https:\/\/www.ideal-flatware.com\/wp-content\/uploads\/2022\/12\/S05903.jpg'><img width=\"700\" height=\"490\" src=\"https:\/\/www.ideal-flatware.com\/wp-content\/uploads\/2022\/12\/S05903.jpg\" class=\"attachment-large size-large\" alt=\"Couverts en acier inoxydable\" decoding=\"async\" srcset=\"https:\/\/www.ideal-flatware.com\/wp-content\/uploads\/2022\/12\/S05903.jpg 700w, https:\/\/www.ideal-flatware.com\/wp-content\/uploads\/2022\/12\/S05903-600x420.jpg 600w, https:\/\/www.ideal-flatware.com\/wp-content\/uploads\/2022\/12\/S05903-300x210.jpg 300w\" sizes=\"(max-width: 700px) 100vw, 700px\" \/><\/a>\n\t\t\t<\/div><\/figure><figure class='gallery-item'>\n\t\t\t<div class='gallery-icon portrait'>\n\t\t\t\t<a href='https:\/\/www.ideal-flatware.com\/wp-content\/uploads\/2022\/12\/S05901.jpg'><img width=\"681\" height=\"1024\" src=\"https:\/\/www.ideal-flatware.com\/wp-content\/uploads\/2022\/12\/S05901-681x1024.jpg\" class=\"attachment-large size-large\" alt=\"Couverts en acier inoxydable\" decoding=\"async\" srcset=\"https:\/\/www.ideal-flatware.com\/wp-content\/uploads\/2022\/12\/S05901-681x1024.jpg 681w, https:\/\/www.ideal-flatware.com\/wp-content\/uploads\/2022\/12\/S05901-600x903.jpg 600w, https:\/\/www.ideal-flatware.com\/wp-content\/uploads\/2022\/12\/S05901-199x300.jpg 199w, https:\/\/www.ideal-flatware.com\/wp-content\/uploads\/2022\/12\/S05901.jpg 700w\" sizes=\"(max-width: 681px) 100vw, 681px\" \/><\/a>\n\t\t\t<\/div><\/figure>\n\t\t<\/div>\n\n<p>&nbsp;<\/p>\n<h3 style=\"color: #90bf46;\">\u25b8USE &amp; CARE<\/h3>\n<p><strong>PREMI\u00c8RE UTILISATION<\/strong><br \/>\n1. Veuillez laver votre service d'argenterie \u00e0 la main en utilisant un savon ou un d\u00e9tergent doux pour \u00e9liminer tout r\u00e9sidu de traitement laiss\u00e9 par la fabrication.<br \/>\nRincer \u00e0 l'eau douce, s\u00e9cher imm\u00e9diatement avec un chiffon doux et stocker dans un endroit sec.<br \/>\n<strong>USAGE QUOTIDIEN<\/strong><br \/>\n1. Veuillez nettoyer et s\u00e9cher l'argenterie apr\u00e8s utilisation et la ranger dans un endroit sec pour assurer sa durabilit\u00e9.<br \/>\n2. Veuillez ne pas utiliser de brosses m\u00e9talliques ou d'\u00e9ponges dures pour \u00e9viter les rayures et garder l'argenterie lisse.<br \/>\n3. Veuillez \u00e9viter le lavage au lave-vaisselle. Un lavage \u00e0 la main, suivi d'un s\u00e9chage avec un chiffon doux, prot\u00e9gera mieux votre argenterie.<br \/>\n4. Utilisez un nettoyant doux pour le nettoyage, ne laissez pas l'argenterie avec des r\u00e9sidus de sel ou d'acide pendant une longue p\u00e9riode, car cela pourrait augmenter les risques de d\u00e9coloration et de corrosion.<br \/>\nConseils avis\u00e9s : Ce service d'argenterie est un service d'argenterie de poids moyen, un service d'argenterie non lourd ou un service d'argenterie l\u00e9ger.<\/p>","protected":false},"excerpt":{"rendered":"<p>\u301010 Piece Flatware Set Service\u3011Highlight every delicious meal with Cutlery that beautifully accommodates everyone at your dinner table. \u3010Simplicity Cutlery Design\u3011Highly mirror polished makes these flatware sets always keep shiny, matches well with your existing tableware, smooth surface convenient to hand wash and dishwasher safe, Proper thickness and nice size ensures great hand feel, elevate [&hellip;]<\/p>","protected":false},"featured_media":1340,"comment_status":"open","ping_status":"closed","template":"","meta":{"_seopress_robots_primary_cat":""},"product_cat":[20,19],"product_tag":[],"_links":{"self":[{"href":"https:\/\/www.ideal-flatware.com\/fr\/wp-json\/wp\/v2\/product\/1339"}],"collection":[{"href":"https:\/\/www.ideal-flatware.com\/fr\/wp-json\/wp\/v2\/product"}],"about":[{"href":"https:\/\/www.ideal-flatware.com\/fr\/wp-json\/wp\/v2\/types\/product"}],"replies":[{"embeddable":true,"href":"https:\/\/www.ideal-flatware.com\/fr\/wp-json\/wp\/v2\/comments?post=1339"}],"version-history":[{"count":2,"href":"https:\/\/www.ideal-flatware.com\/fr\/wp-json\/wp\/v2\/product\/1339\/revisions"}],"predecessor-version":[{"id":1350,"href":"https:\/\/www.ideal-flatware.com\/fr\/wp-json\/wp\/v2\/product\/1339\/revisions\/1350"}],"wp:featuredmedia":[{"embeddable":true,"href":"https:\/\/www.ideal-flatware.com\/fr\/wp-json\/wp\/v2\/media\/1340"}],"wp:attachment":[{"href":"https:\/\/www.ideal-flatware.com\/fr\/wp-json\/wp\/v2\/media?parent=1339"}],"wp:term":[{"taxonomy":"product_cat","embeddable":true,"href":"https:\/\/www.ideal-flatware.com\/fr\/wp-json\/wp\/v2\/product_cat?post=1339"},{"taxonomy":"product_tag","embeddable":true,"href":"https:\/\/www.ideal-flatware.com\/fr\/wp-json\/wp\/v2\/product_tag?post=1339"}],"curies":[{"name":"wp","href":"https:\/\/api.w.org\/{rel}","templated":true}]}}