{"id":1899,"date":"2022-12-19T07:07:20","date_gmt":"2022-12-19T07:07:20","guid":{"rendered":"https:\/\/test.ideal-flatware.com\/?post_type=product&#038;p=1899"},"modified":"2023-01-03T09:29:04","modified_gmt":"2023-01-03T09:29:04","slug":"s005-hot-sale-high-quality-polished-dinner-flatware-stainless-steel-cutlery-spoon-fork-knife","status":"publish","type":"product","link":"https:\/\/www.ideal-flatware.com\/fr\/produit\/s005-hot-sale-high-quality-polished-dinner-flatware-stainless-steel-cutlery-spoon-fork-knife\/","title":{"rendered":"S005 Hot Sale High-Quality Polished Dinner Flatware Stainless Steel Cutlery Spoon\/Fork\/Knife"},"content":{"rendered":"<p><img fetchpriority=\"high\" decoding=\"async\" class=\"aligncenter wp-image-1900 size-full\" src=\"https:\/\/test.ideal-flatware.com\/wp-content\/uploads\/2022\/12\/S005.jpg\" alt=\"\" width=\"700\" height=\"700\" srcset=\"https:\/\/www.ideal-flatware.com\/wp-content\/uploads\/2022\/12\/S005.jpg 700w, https:\/\/www.ideal-flatware.com\/wp-content\/uploads\/2022\/12\/S005-600x600.jpg 600w, https:\/\/www.ideal-flatware.com\/wp-content\/uploads\/2022\/12\/S005-100x100.jpg 100w, https:\/\/www.ideal-flatware.com\/wp-content\/uploads\/2022\/12\/S005-300x300.jpg 300w, https:\/\/www.ideal-flatware.com\/wp-content\/uploads\/2022\/12\/S005-150x150.jpg 150w\" sizes=\"(max-width: 700px) 100vw, 700px\" \/><\/p>\n<p>&nbsp;<\/p>\n<h3 style=\"color: #90bf46;\">\u25b8 PARAM\u00c8TRES DU PRODUIT<\/h3>\n<table style=\"height: 121px; width: 100%; border-collapse: collapse; border-style: solid; border-color: #dddddd;\" border=\"1\">\n<tbody>\n<tr style=\"height: 24px;\">\n<td style=\"width: 20%; height: 24px; border: 1px solid #dddddd; background-color: #f2f2f2;\">Num\u00e9ro d'article<\/td>\n<td style=\"width: 20%; height: 24px; border: 1px solid #dddddd; background-color: #f2f2f2;\">Nom<\/td>\n<td style=\"width: 20%; height: 24px; border: 1px solid #dddddd; background-color: #f2f2f2;\">Longueur (mm)<\/td>\n<td style=\"width: 19.8882%; height: 24px; border: 1px solid #dddddd; background-color: #f2f2f2;\">Largeur (mm)<\/td>\n<td style=\"width: 20.1118%; height: 24px; border: 1px solid #dddddd; background-color: #f2f2f2;\">Poids (g)<\/td>\n<\/tr>\n<tr style=\"height: 24px;\">\n<td style=\"width: 20%; height: 97px; border: 1px solid #dddddd; vertical-align: middle;\" rowspan=\"4\">S005<\/td>\n<td style=\"width: 20%; height: 24px; border: 1px solid #dddddd;\">Couteau de table<\/td>\n<td style=\"width: 20%; height: 24px; border: 1px solid #dddddd;\">137<\/td>\n<td style=\"width: 19.8882%; height: 24px; border: 1px solid #dddddd;\">20<\/td>\n<td style=\"width: 20.1118%; height: 24px; border: 1px solid #dddddd;\">15.4<\/td>\n<\/tr>\n<tr style=\"height: 24px;\">\n<td style=\"width: 20%; height: 25px; border: 1px solid #dddddd;\">Fourchette de table<\/td>\n<td style=\"width: 20%; height: 25px; border: 1px solid #dddddd;\">201<\/td>\n<td style=\"width: 19.8882%; height: 25px; border: 1px solid #dddddd;\">25<\/td>\n<td style=\"width: 20.1118%; height: 25px; border: 1px solid #dddddd;\">38<\/td>\n<\/tr>\n<tr style=\"height: 24px;\">\n<td style=\"width: 20%; height: 24px; border: 1px solid #dddddd;\">Cuill\u00e8re de table<\/td>\n<td style=\"width: 20%; height: 24px; border: 1px solid #dddddd;\">202<\/td>\n<td style=\"width: 19.8882%; height: 24px; border: 1px solid #dddddd;\">44<\/td>\n<td style=\"width: 20.1118%; height: 24px; border: 1px solid #dddddd;\">42<\/td>\n<\/tr>\n<tr style=\"height: 24px;\">\n<td style=\"width: 20%; height: 24px; border: 1px solid #dddddd;\">Cuill\u00e8re \u00e0 th\u00e9<\/td>\n<td style=\"width: 20%; height: 24px; border: 1px solid #dddddd;\">138<\/td>\n<td style=\"width: 19.8882%; height: 24px; border: 1px solid #dddddd;\">31<\/td>\n<td style=\"width: 20.1118%; height: 24px; border: 1px solid #dddddd;\">18<\/td>\n<\/tr>\n<\/tbody>\n<\/table>\n<h3 style=\"color: #90bf46;\">\u25b8 DESCRIPTION DU PRODUIT<\/h3>\n<div id='gallery-1' class='gallery galleryid-1899 gallery-columns-4 gallery-size-full'><figure class='gallery-item'>\n\t\t\t<div class='gallery-icon landscape'>\n\t\t\t\t<a href='https:\/\/www.ideal-flatware.com\/wp-content\/uploads\/2022\/12\/S005-1jpg.jpg'><img width=\"700\" height=\"700\" src=\"https:\/\/www.ideal-flatware.com\/wp-content\/uploads\/2022\/12\/S005-1jpg.jpg\" class=\"attachment-full size-full\" alt=\"Couverts en acier inoxydable\" decoding=\"async\" srcset=\"https:\/\/www.ideal-flatware.com\/wp-content\/uploads\/2022\/12\/S005-1jpg.jpg 700w, https:\/\/www.ideal-flatware.com\/wp-content\/uploads\/2022\/12\/S005-1jpg-600x600.jpg 600w, https:\/\/www.ideal-flatware.com\/wp-content\/uploads\/2022\/12\/S005-1jpg-100x100.jpg 100w, https:\/\/www.ideal-flatware.com\/wp-content\/uploads\/2022\/12\/S005-1jpg-300x300.jpg 300w, https:\/\/www.ideal-flatware.com\/wp-content\/uploads\/2022\/12\/S005-1jpg-150x150.jpg 150w\" sizes=\"(max-width: 700px) 100vw, 700px\" \/><\/a>\n\t\t\t<\/div><\/figure><figure class='gallery-item'>\n\t\t\t<div class='gallery-icon landscape'>\n\t\t\t\t<a href='https:\/\/www.ideal-flatware.com\/wp-content\/uploads\/2022\/12\/S005-2.jpg'><img width=\"700\" height=\"700\" src=\"https:\/\/www.ideal-flatware.com\/wp-content\/uploads\/2022\/12\/S005-2.jpg\" class=\"attachment-full size-full\" alt=\"Cuill\u00e8re en acier inoxydable\" decoding=\"async\" srcset=\"https:\/\/www.ideal-flatware.com\/wp-content\/uploads\/2022\/12\/S005-2.jpg 700w, https:\/\/www.ideal-flatware.com\/wp-content\/uploads\/2022\/12\/S005-2-600x600.jpg 600w, https:\/\/www.ideal-flatware.com\/wp-content\/uploads\/2022\/12\/S005-2-100x100.jpg 100w, https:\/\/www.ideal-flatware.com\/wp-content\/uploads\/2022\/12\/S005-2-300x300.jpg 300w, https:\/\/www.ideal-flatware.com\/wp-content\/uploads\/2022\/12\/S005-2-150x150.jpg 150w\" sizes=\"(max-width: 700px) 100vw, 700px\" \/><\/a>\n\t\t\t<\/div><\/figure><figure class='gallery-item'>\n\t\t\t<div class='gallery-icon landscape'>\n\t\t\t\t<a href='https:\/\/www.ideal-flatware.com\/wp-content\/uploads\/2022\/12\/S005-3.jpg'><img width=\"700\" height=\"700\" src=\"https:\/\/www.ideal-flatware.com\/wp-content\/uploads\/2022\/12\/S005-3.jpg\" class=\"attachment-full size-full\" alt=\"Couverts en acier inoxydable\" decoding=\"async\" srcset=\"https:\/\/www.ideal-flatware.com\/wp-content\/uploads\/2022\/12\/S005-3.jpg 700w, https:\/\/www.ideal-flatware.com\/wp-content\/uploads\/2022\/12\/S005-3-600x600.jpg 600w, https:\/\/www.ideal-flatware.com\/wp-content\/uploads\/2022\/12\/S005-3-100x100.jpg 100w, https:\/\/www.ideal-flatware.com\/wp-content\/uploads\/2022\/12\/S005-3-300x300.jpg 300w, https:\/\/www.ideal-flatware.com\/wp-content\/uploads\/2022\/12\/S005-3-150x150.jpg 150w\" sizes=\"(max-width: 700px) 100vw, 700px\" \/><\/a>\n\t\t\t<\/div><\/figure><figure class='gallery-item'>\n\t\t\t<div class='gallery-icon landscape'>\n\t\t\t\t<a href='https:\/\/www.ideal-flatware.com\/wp-content\/uploads\/2022\/12\/S005-4.jpg'><img width=\"700\" height=\"700\" src=\"https:\/\/www.ideal-flatware.com\/wp-content\/uploads\/2022\/12\/S005-4.jpg\" class=\"attachment-full size-full\" alt=\"Couverts en acier inoxydable\" decoding=\"async\" srcset=\"https:\/\/www.ideal-flatware.com\/wp-content\/uploads\/2022\/12\/S005-4.jpg 700w, https:\/\/www.ideal-flatware.com\/wp-content\/uploads\/2022\/12\/S005-4-600x600.jpg 600w, https:\/\/www.ideal-flatware.com\/wp-content\/uploads\/2022\/12\/S005-4-100x100.jpg 100w, https:\/\/www.ideal-flatware.com\/wp-content\/uploads\/2022\/12\/S005-4-300x300.jpg 300w, https:\/\/www.ideal-flatware.com\/wp-content\/uploads\/2022\/12\/S005-4-150x150.jpg 150w\" sizes=\"(max-width: 700px) 100vw, 700px\" \/><\/a>\n\t\t\t<\/div><\/figure><figure class='gallery-item'>\n\t\t\t<div class='gallery-icon landscape'>\n\t\t\t\t<a href='https:\/\/www.ideal-flatware.com\/wp-content\/uploads\/2022\/12\/Ideal-Flatware-S00502.jpg'><img width=\"700\" height=\"525\" src=\"https:\/\/www.ideal-flatware.com\/wp-content\/uploads\/2022\/12\/Ideal-Flatware-S00502.jpg\" class=\"attachment-full size-full\" alt=\"Couverts en acier inoxydable\" decoding=\"async\" srcset=\"https:\/\/www.ideal-flatware.com\/wp-content\/uploads\/2022\/12\/Ideal-Flatware-S00502.jpg 700w, https:\/\/www.ideal-flatware.com\/wp-content\/uploads\/2022\/12\/Ideal-Flatware-S00502-600x450.jpg 600w, https:\/\/www.ideal-flatware.com\/wp-content\/uploads\/2022\/12\/Ideal-Flatware-S00502-300x225.jpg 300w\" sizes=\"(max-width: 700px) 100vw, 700px\" \/><\/a>\n\t\t\t<\/div><\/figure><figure class='gallery-item'>\n\t\t\t<div class='gallery-icon landscape'>\n\t\t\t\t<a href='https:\/\/www.ideal-flatware.com\/wp-content\/uploads\/2022\/12\/Ideal-Flatware-S00501.jpg'><img width=\"700\" height=\"525\" src=\"https:\/\/www.ideal-flatware.com\/wp-content\/uploads\/2022\/12\/Ideal-Flatware-S00501.jpg\" class=\"attachment-full size-full\" alt=\"Couverts en acier inoxydable\" decoding=\"async\" aria-describedby=\"gallery-1-1905\" srcset=\"https:\/\/www.ideal-flatware.com\/wp-content\/uploads\/2022\/12\/Ideal-Flatware-S00501.jpg 700w, https:\/\/www.ideal-flatware.com\/wp-content\/uploads\/2022\/12\/Ideal-Flatware-S00501-600x450.jpg 600w, https:\/\/www.ideal-flatware.com\/wp-content\/uploads\/2022\/12\/Ideal-Flatware-S00501-300x225.jpg 300w\" sizes=\"(max-width: 700px) 100vw, 700px\" \/><\/a>\n\t\t\t<\/div>\n\t\t\t\t<figcaption class='wp-caption-text gallery-caption' id='gallery-1-1905'>\n\t\t\t\tPremium Stainless Steel Flatware 18\/10 for Restaurants\n\t\t\t\t<\/figcaption><\/figure>\n\t\t<\/div>","protected":false},"excerpt":{"rendered":"<p>&nbsp; \u25b8 PARAM\u00c8TRES DU PRODUIT N\u00b0 d'article : Nom Longueur(mm) Largeur(mm) Poids(g) S005 Couteau de table 137 20 15.4 Fourchette de table 201 25 38 Cuill\u00e8re de table 202 44 42 Cuill\u00e8re \u00e0 th\u00e9 138 31 18 \u25b8 DESCRIPTION DU PRODUIT<\/p>","protected":false},"featured_media":1900,"comment_status":"open","ping_status":"closed","template":"","meta":{"_seopress_robots_primary_cat":""},"product_cat":[19],"product_tag":[],"_links":{"self":[{"href":"https:\/\/www.ideal-flatware.com\/fr\/wp-json\/wp\/v2\/product\/1899"}],"collection":[{"href":"https:\/\/www.ideal-flatware.com\/fr\/wp-json\/wp\/v2\/product"}],"about":[{"href":"https:\/\/www.ideal-flatware.com\/fr\/wp-json\/wp\/v2\/types\/product"}],"replies":[{"embeddable":true,"href":"https:\/\/www.ideal-flatware.com\/fr\/wp-json\/wp\/v2\/comments?post=1899"}],"version-history":[{"count":3,"href":"https:\/\/www.ideal-flatware.com\/fr\/wp-json\/wp\/v2\/product\/1899\/revisions"}],"predecessor-version":[{"id":2823,"href":"https:\/\/www.ideal-flatware.com\/fr\/wp-json\/wp\/v2\/product\/1899\/revisions\/2823"}],"wp:featuredmedia":[{"embeddable":true,"href":"https:\/\/www.ideal-flatware.com\/fr\/wp-json\/wp\/v2\/media\/1900"}],"wp:attachment":[{"href":"https:\/\/www.ideal-flatware.com\/fr\/wp-json\/wp\/v2\/media?parent=1899"}],"wp:term":[{"taxonomy":"product_cat","embeddable":true,"href":"https:\/\/www.ideal-flatware.com\/fr\/wp-json\/wp\/v2\/product_cat?post=1899"},{"taxonomy":"product_tag","embeddable":true,"href":"https:\/\/www.ideal-flatware.com\/fr\/wp-json\/wp\/v2\/product_tag?post=1899"}],"curies":[{"name":"wp","href":"https:\/\/api.w.org\/{rel}","templated":true}]}}