{"id":2115,"date":"2022-12-20T02:21:19","date_gmt":"2022-12-20T02:21:19","guid":{"rendered":"https:\/\/test.ideal-flatware.com\/?post_type=product&#038;p=2115"},"modified":"2022-12-29T06:38:10","modified_gmt":"2022-12-29T06:38:10","slug":"h071-high-performance-customized-tableware-vintage-environmental-tableware-set-with-embossed","status":"publish","type":"product","link":"https:\/\/www.ideal-flatware.com\/fr\/produit\/h071-high-performance-customized-tableware-vintage-environmental-tableware-set-with-embossed\/","title":{"rendered":"H071 Service de table personnalis\u00e9 haute performance service de table \u00e9cologique vintage avec embossage"},"content":{"rendered":"<p><img fetchpriority=\"high\" decoding=\"async\" class=\"aligncenter wp-image-2116 size-full\" src=\"https:\/\/test.ideal-flatware.com\/wp-content\/uploads\/2022\/12\/H071.jpg\" alt=\"\" width=\"700\" height=\"700\" srcset=\"https:\/\/www.ideal-flatware.com\/wp-content\/uploads\/2022\/12\/H071.jpg 700w, https:\/\/www.ideal-flatware.com\/wp-content\/uploads\/2022\/12\/H071-600x600.jpg 600w, https:\/\/www.ideal-flatware.com\/wp-content\/uploads\/2022\/12\/H071-100x100.jpg 100w, https:\/\/www.ideal-flatware.com\/wp-content\/uploads\/2022\/12\/H071-300x300.jpg 300w, https:\/\/www.ideal-flatware.com\/wp-content\/uploads\/2022\/12\/H071-150x150.jpg 150w\" sizes=\"(max-width: 700px) 100vw, 700px\" \/><\/p>\n<p>&nbsp;<\/p>\n<h3 style=\"color: #90bf46;\">\u25b8 PARAM\u00c8TRES DU PRODUIT<\/h3>\n<table style=\"height: 121px; width: 100%; border-collapse: collapse; border-style: solid; border-color: #dddddd;\" border=\"1\">\n<tbody>\n<tr style=\"height: 24px;\">\n<td style=\"width: 20%; height: 24px; border: 1px solid #dddddd; background-color: #f2f2f2;\">Num\u00e9ro d'article<\/td>\n<td style=\"width: 20%; height: 24px; border: 1px solid #dddddd; background-color: #f2f2f2;\">Nom<\/td>\n<td style=\"width: 20%; height: 24px; border: 1px solid #dddddd; background-color: #f2f2f2;\">Longueur (mm)<\/td>\n<td style=\"width: 19.8882%; height: 24px; border: 1px solid #dddddd; background-color: #f2f2f2;\">Largeur (mm)<\/td>\n<td style=\"width: 20.1118%; height: 24px; border: 1px solid #dddddd; background-color: #f2f2f2;\">Poids (g)<\/td>\n<\/tr>\n<tr style=\"height: 24px;\">\n<td style=\"width: 20%; height: 97px; border: 1px solid #dddddd; vertical-align: middle;\" rowspan=\"4\">H071<\/td>\n<td style=\"width: 20%; height: 24px; border: 1px solid #dddddd;\">Couteau de table<\/td>\n<td style=\"width: 20%; height: 24px; border: 1px solid #dddddd;\">230<\/td>\n<td style=\"width: 19.8882%; height: 24px; border: 1px solid #dddddd;\">18.5<\/td>\n<td style=\"width: 20.1118%; height: 24px; border: 1px solid #dddddd;\">50<\/td>\n<\/tr>\n<tr style=\"height: 24px;\">\n<td style=\"width: 20%; height: 25px; border: 1px solid #dddddd;\">Fourchette de table<\/td>\n<td style=\"width: 20%; height: 25px; border: 1px solid #dddddd;\">192<\/td>\n<td style=\"width: 19.8882%; height: 25px; border: 1px solid #dddddd;\">25<\/td>\n<td style=\"width: 20.1118%; height: 25px; border: 1px solid #dddddd;\">27<\/td>\n<\/tr>\n<tr style=\"height: 24px;\">\n<td style=\"width: 20%; height: 24px; border: 1px solid #dddddd;\">Cuill\u00e8re de table<\/td>\n<td style=\"width: 20%; height: 24px; border: 1px solid #dddddd;\">196<\/td>\n<td style=\"width: 19.8882%; height: 24px; border: 1px solid #dddddd;\">42<\/td>\n<td style=\"width: 20.1118%; height: 24px; border: 1px solid #dddddd;\">35<\/td>\n<\/tr>\n<tr style=\"height: 24px;\">\n<td style=\"width: 20%; height: 24px; border: 1px solid #dddddd;\">Cuill\u00e8re \u00e0 th\u00e9<\/td>\n<td style=\"width: 20%; height: 24px; border: 1px solid #dddddd;\">137<\/td>\n<td style=\"width: 19.8882%; height: 24px; border: 1px solid #dddddd;\">29<\/td>\n<td style=\"width: 20.1118%; height: 24px; border: 1px solid #dddddd;\">18<\/td>\n<\/tr>\n<\/tbody>\n<\/table>\n<h3 style=\"color: #90bf46;\">\u25b8 DESCRIPTION DU PRODUIT<\/h3>\n<div id='gallery-1' class='gallery galleryid-2115 gallery-columns-4 gallery-size-full'><figure class='gallery-item'>\n\t\t\t<div class='gallery-icon landscape'>\n\t\t\t\t<a href='https:\/\/www.ideal-flatware.com\/wp-content\/uploads\/2022\/12\/H071-1.jpg'><img width=\"700\" height=\"700\" src=\"https:\/\/www.ideal-flatware.com\/wp-content\/uploads\/2022\/12\/H071-1.jpg\" class=\"attachment-full size-full\" alt=\"Couteau en acier inoxydable\" decoding=\"async\" srcset=\"https:\/\/www.ideal-flatware.com\/wp-content\/uploads\/2022\/12\/H071-1.jpg 700w, https:\/\/www.ideal-flatware.com\/wp-content\/uploads\/2022\/12\/H071-1-600x600.jpg 600w, https:\/\/www.ideal-flatware.com\/wp-content\/uploads\/2022\/12\/H071-1-100x100.jpg 100w, https:\/\/www.ideal-flatware.com\/wp-content\/uploads\/2022\/12\/H071-1-300x300.jpg 300w, https:\/\/www.ideal-flatware.com\/wp-content\/uploads\/2022\/12\/H071-1-150x150.jpg 150w\" sizes=\"(max-width: 700px) 100vw, 700px\" \/><\/a>\n\t\t\t<\/div><\/figure><figure class='gallery-item'>\n\t\t\t<div class='gallery-icon landscape'>\n\t\t\t\t<a href='https:\/\/www.ideal-flatware.com\/wp-content\/uploads\/2022\/12\/H071-2.jpg'><img width=\"700\" height=\"700\" src=\"https:\/\/www.ideal-flatware.com\/wp-content\/uploads\/2022\/12\/H071-2.jpg\" class=\"attachment-full size-full\" alt=\"Cuill\u00e8re en acier inoxydable\" decoding=\"async\" srcset=\"https:\/\/www.ideal-flatware.com\/wp-content\/uploads\/2022\/12\/H071-2.jpg 700w, https:\/\/www.ideal-flatware.com\/wp-content\/uploads\/2022\/12\/H071-2-600x600.jpg 600w, https:\/\/www.ideal-flatware.com\/wp-content\/uploads\/2022\/12\/H071-2-100x100.jpg 100w, https:\/\/www.ideal-flatware.com\/wp-content\/uploads\/2022\/12\/H071-2-300x300.jpg 300w, https:\/\/www.ideal-flatware.com\/wp-content\/uploads\/2022\/12\/H071-2-150x150.jpg 150w\" sizes=\"(max-width: 700px) 100vw, 700px\" \/><\/a>\n\t\t\t<\/div><\/figure><figure class='gallery-item'>\n\t\t\t<div class='gallery-icon landscape'>\n\t\t\t\t<a href='https:\/\/www.ideal-flatware.com\/wp-content\/uploads\/2022\/12\/H071-3.jpg'><img width=\"700\" height=\"700\" src=\"https:\/\/www.ideal-flatware.com\/wp-content\/uploads\/2022\/12\/H071-3.jpg\" class=\"attachment-full size-full\" alt=\"Cuill\u00e8re en acier inoxydable\" decoding=\"async\" srcset=\"https:\/\/www.ideal-flatware.com\/wp-content\/uploads\/2022\/12\/H071-3.jpg 700w, https:\/\/www.ideal-flatware.com\/wp-content\/uploads\/2022\/12\/H071-3-600x600.jpg 600w, https:\/\/www.ideal-flatware.com\/wp-content\/uploads\/2022\/12\/H071-3-100x100.jpg 100w, https:\/\/www.ideal-flatware.com\/wp-content\/uploads\/2022\/12\/H071-3-300x300.jpg 300w, https:\/\/www.ideal-flatware.com\/wp-content\/uploads\/2022\/12\/H071-3-150x150.jpg 150w\" sizes=\"(max-width: 700px) 100vw, 700px\" \/><\/a>\n\t\t\t<\/div><\/figure><figure class='gallery-item'>\n\t\t\t<div class='gallery-icon landscape'>\n\t\t\t\t<a href='https:\/\/www.ideal-flatware.com\/wp-content\/uploads\/2022\/12\/H071-4.jpg'><img width=\"700\" height=\"700\" src=\"https:\/\/www.ideal-flatware.com\/wp-content\/uploads\/2022\/12\/H071-4.jpg\" class=\"attachment-full size-full\" alt=\"Fourche en acier inoxydable\" decoding=\"async\" srcset=\"https:\/\/www.ideal-flatware.com\/wp-content\/uploads\/2022\/12\/H071-4.jpg 700w, https:\/\/www.ideal-flatware.com\/wp-content\/uploads\/2022\/12\/H071-4-600x600.jpg 600w, https:\/\/www.ideal-flatware.com\/wp-content\/uploads\/2022\/12\/H071-4-100x100.jpg 100w, https:\/\/www.ideal-flatware.com\/wp-content\/uploads\/2022\/12\/H071-4-300x300.jpg 300w, https:\/\/www.ideal-flatware.com\/wp-content\/uploads\/2022\/12\/H071-4-150x150.jpg 150w\" sizes=\"(max-width: 700px) 100vw, 700px\" \/><\/a>\n\t\t\t<\/div><\/figure><figure class='gallery-item'>\n\t\t\t<div class='gallery-icon portrait'>\n\t\t\t\t<a href='https:\/\/www.ideal-flatware.com\/wp-content\/uploads\/2022\/12\/Ideal-Flatware-H07101.jpg'><img width=\"700\" height=\"863\" src=\"https:\/\/www.ideal-flatware.com\/wp-content\/uploads\/2022\/12\/Ideal-Flatware-H07101.jpg\" class=\"attachment-full size-full\" alt=\"Couverts en acier inoxydable\" decoding=\"async\" srcset=\"https:\/\/www.ideal-flatware.com\/wp-content\/uploads\/2022\/12\/Ideal-Flatware-H07101.jpg 700w, https:\/\/www.ideal-flatware.com\/wp-content\/uploads\/2022\/12\/Ideal-Flatware-H07101-600x740.jpg 600w, https:\/\/www.ideal-flatware.com\/wp-content\/uploads\/2022\/12\/Ideal-Flatware-H07101-243x300.jpg 243w\" sizes=\"(max-width: 700px) 100vw, 700px\" \/><\/a>\n\t\t\t<\/div><\/figure>\n\t\t<\/div>","protected":false},"excerpt":{"rendered":"<p>&nbsp; \u25b8 PARAM\u00c8TRES DU PRODUIT N\u00b0 d'article : Nom Longueur(mm) Largeur(mm) Poids(g) H071 Couteau de table 230 18.5 50 Fourchette de table 192 25 27 Cuill\u00e8re de table 196 42 35 Cuill\u00e8re \u00e0 th\u00e9 137 29 18 \u25b8 DESCRIPTION DU PRODUIT<\/p>","protected":false},"featured_media":2116,"comment_status":"open","ping_status":"closed","template":"","meta":{"_seopress_robots_primary_cat":""},"product_cat":[19],"product_tag":[],"_links":{"self":[{"href":"https:\/\/www.ideal-flatware.com\/fr\/wp-json\/wp\/v2\/product\/2115"}],"collection":[{"href":"https:\/\/www.ideal-flatware.com\/fr\/wp-json\/wp\/v2\/product"}],"about":[{"href":"https:\/\/www.ideal-flatware.com\/fr\/wp-json\/wp\/v2\/types\/product"}],"replies":[{"embeddable":true,"href":"https:\/\/www.ideal-flatware.com\/fr\/wp-json\/wp\/v2\/comments?post=2115"}],"version-history":[{"count":2,"href":"https:\/\/www.ideal-flatware.com\/fr\/wp-json\/wp\/v2\/product\/2115\/revisions"}],"predecessor-version":[{"id":2835,"href":"https:\/\/www.ideal-flatware.com\/fr\/wp-json\/wp\/v2\/product\/2115\/revisions\/2835"}],"wp:featuredmedia":[{"embeddable":true,"href":"https:\/\/www.ideal-flatware.com\/fr\/wp-json\/wp\/v2\/media\/2116"}],"wp:attachment":[{"href":"https:\/\/www.ideal-flatware.com\/fr\/wp-json\/wp\/v2\/media?parent=2115"}],"wp:term":[{"taxonomy":"product_cat","embeddable":true,"href":"https:\/\/www.ideal-flatware.com\/fr\/wp-json\/wp\/v2\/product_cat?post=2115"},{"taxonomy":"product_tag","embeddable":true,"href":"https:\/\/www.ideal-flatware.com\/fr\/wp-json\/wp\/v2\/product_tag?post=2115"}],"curies":[{"name":"wp","href":"https:\/\/api.w.org\/{rel}","templated":true}]}}