{"id":2431,"date":"2022-12-22T01:49:53","date_gmt":"2022-12-22T01:49:53","guid":{"rendered":"https:\/\/test.ideal-flatware.com\/?post_type=product&#038;p=2431"},"modified":"2022-12-22T08:06:45","modified_gmt":"2022-12-22T08:06:45","slug":"pw24-mdf-case-hot-sell-modern-silverware-stainless-steel-cutlery-box-packaging","status":"publish","type":"product","link":"https:\/\/www.ideal-flatware.com\/fr\/produit\/pw24-mdf-case-hot-sell-modern-silverware-stainless-steel-cutlery-box-packaging\/","title":{"rendered":"PW24-MDF CASE Vente \u00e0 chaud d'argenterie moderne en acier inoxydable bo\u00eete d'emballage pour couverts"},"content":{"rendered":"<p><img fetchpriority=\"high\" decoding=\"async\" class=\"aligncenter wp-image-2432 size-full\" src=\"https:\/\/test.ideal-flatware.com\/wp-content\/uploads\/2022\/12\/Ideal-Flatware-\u6728\u76d2\u5305\u88c5.jpg\" alt=\"\" width=\"700\" height=\"700\" srcset=\"https:\/\/www.ideal-flatware.com\/wp-content\/uploads\/2022\/12\/Ideal-Flatware-\u6728\u76d2\u5305\u88c5.jpg 700w, https:\/\/www.ideal-flatware.com\/wp-content\/uploads\/2022\/12\/Ideal-Flatware-\u6728\u76d2\u5305\u88c5-600x600.jpg 600w, https:\/\/www.ideal-flatware.com\/wp-content\/uploads\/2022\/12\/Ideal-Flatware-\u6728\u76d2\u5305\u88c5-100x100.jpg 100w, https:\/\/www.ideal-flatware.com\/wp-content\/uploads\/2022\/12\/Ideal-Flatware-\u6728\u76d2\u5305\u88c5-300x300.jpg 300w, https:\/\/www.ideal-flatware.com\/wp-content\/uploads\/2022\/12\/Ideal-Flatware-\u6728\u76d2\u5305\u88c5-150x150.jpg 150w\" sizes=\"(max-width: 700px) 100vw, 700px\" \/><\/p>\n<p>&nbsp;<\/p>\n<h3 style=\"color: #90bf46;\"><\/h3>\n<h3 style=\"color: #90bf46;\">\u25b8 Paquet de couverts\uff1a<\/h3>\n<p>1. Si vous n'aimez pas nos emballages ou si vous avez vos propres id\u00e9es, la personnalisation est la bienvenue.<br \/>\n2. Il faut compter 10-15 jours pour le MOQ. Nous avons une grande capacit\u00e9 de production, qui peut assurer un d\u00e9lai de livraison rapide m\u00eame pour une grande quantit\u00e9.<br \/>\n3. Habituellement 1pc\/sac, 50-100pcs en 1 paquet, 800-1000pcs en 1 carton.<\/p>\n<p>&nbsp;<\/p>","protected":false},"excerpt":{"rendered":"<p>&nbsp; \u25b8 Cutlery Package\uff1a 1. We have gift boxes for you choose.If you don&#8217;t like our packaging or have your own ideas,customized is welcome. 2. It takes 10-15 days for MOQ. We have large production capacity, which can ensure fast delivery time even for large quantity. 3. Usually 1pc\/pp bag, 50-100pcs into 1 bundle, 800-1000pcs [&hellip;]<\/p>","protected":false},"featured_media":2432,"comment_status":"open","ping_status":"closed","template":"","meta":{"_seopress_robots_primary_cat":""},"product_cat":[21],"product_tag":[],"_links":{"self":[{"href":"https:\/\/www.ideal-flatware.com\/fr\/wp-json\/wp\/v2\/product\/2431"}],"collection":[{"href":"https:\/\/www.ideal-flatware.com\/fr\/wp-json\/wp\/v2\/product"}],"about":[{"href":"https:\/\/www.ideal-flatware.com\/fr\/wp-json\/wp\/v2\/types\/product"}],"replies":[{"embeddable":true,"href":"https:\/\/www.ideal-flatware.com\/fr\/wp-json\/wp\/v2\/comments?post=2431"}],"version-history":[{"count":2,"href":"https:\/\/www.ideal-flatware.com\/fr\/wp-json\/wp\/v2\/product\/2431\/revisions"}],"predecessor-version":[{"id":2583,"href":"https:\/\/www.ideal-flatware.com\/fr\/wp-json\/wp\/v2\/product\/2431\/revisions\/2583"}],"wp:featuredmedia":[{"embeddable":true,"href":"https:\/\/www.ideal-flatware.com\/fr\/wp-json\/wp\/v2\/media\/2432"}],"wp:attachment":[{"href":"https:\/\/www.ideal-flatware.com\/fr\/wp-json\/wp\/v2\/media?parent=2431"}],"wp:term":[{"taxonomy":"product_cat","embeddable":true,"href":"https:\/\/www.ideal-flatware.com\/fr\/wp-json\/wp\/v2\/product_cat?post=2431"},{"taxonomy":"product_tag","embeddable":true,"href":"https:\/\/www.ideal-flatware.com\/fr\/wp-json\/wp\/v2\/product_tag?post=2431"}],"curies":[{"name":"wp","href":"https:\/\/api.w.org\/{rel}","templated":true}]}}