{"id":253,"date":"2022-12-17T08:44:49","date_gmt":"2022-12-17T08:44:49","guid":{"rendered":"https:\/\/test.ideal-flatware.com\/?post_type=product&#038;p=253"},"modified":"2025-12-09T09:40:53","modified_gmt":"2025-12-09T09:40:53","slug":"s049-high-grade-wholesale-cutlery-factory-restaurant-tableware-18-10-ss-cutlery-set-for-hotel","status":"publish","type":"product","link":"https:\/\/www.ideal-flatware.com\/fr\/produit\/s049-high-grade-wholesale-cutlery-factory-restaurant-tableware-18-10-ss-cutlery-set-for-hotel\/","title":{"rendered":"S049 Couverts de table de restaurant en acier inoxydable 18\/10 de haute qualit\u00e9 pour h\u00f4tel"},"content":{"rendered":"<p><img fetchpriority=\"high\" decoding=\"async\" class=\"aligncenter\" src=\"https:\/\/test.ideal-flatware.com\/wp-content\/uploads\/2022\/12\/S049-1.jpg\" alt=\"S049\" width=\"700\" height=\"700\" \/><br \/>\n<strong>\u3010PREMIUM MATERIAL\u3011<\/strong>Ensemble id\u00e9al de couverts en acier inoxydable S049, sans substance nocive ni odeur m\u00e9tallique, r\u00e9sistant \u00e0 la rouille pour une longue dur\u00e9e de vie. Le bord lisse sans aucune asp\u00e9rit\u00e9 assure la s\u00e9curit\u00e9 de vos l\u00e8vres. Facile \u00e0 nettoyer (pour mieux prot\u00e9ger votre argenterie, lavez-la \u00e0 la main et s\u00e9chez-la avec une serviette douce).<br \/>\n<strong>\u3010MULTIPURPOSE\u3011<\/strong>Comme la maison, le restaurant, les pique-niques, l'h\u00f4tel, le camping, la restauration, le mariage, la f\u00eate et d'autres occasions.<br \/>\n<strong>\u3010MODERNE ET \u00c9L\u00c9GANT\u3011<\/strong>La finition miroir parfaite de l'acier inoxydable permet \u00e0 ces couverts de rester brillants, sans bavures, avec une belle brillance et une texture m\u00e9tallique moderne de haute qualit\u00e9. Le design incurv\u00e9 de la poign\u00e9e la rend plus \u00e9l\u00e9gante, les lames des couteaux dentel\u00e9s sp\u00e9cialement con\u00e7ues pour couper les steaks facilement.<br \/>\n<strong>\u3010ERGONOMIC DESIGN\u3011<\/strong>Ces sets de couverts en acier inoxydable sont bien \u00e9quilibr\u00e9s et procurent une grande sensation en main. Les bords lisses et la forme incurv\u00e9e vous offrent une excellente prise en main. Les couverts simples et classiques se marient avec de nombreux articles de vaisselle.<br \/>\n<strong>\u3010ASSURANCE QUALIT\u00c9\u3011<\/strong>Id\u00e9al S049 acier inoxydable Set de coutellerie cuill\u00e8res fourchettes couteaux set utiliser exquis emballage bo\u00eete GIFT, cadeau id\u00e9al pour la famille et les amis pour Thanksgiving, No\u00ebl, Halloween. Si vous avez des questions ou si vous n'\u00eates pas satisfait de notre argenterie, n'h\u00e9sitez pas \u00e0 nous contacter, nous vous fournirons le meilleur service pour vous aider.<\/p>\n<p>&nbsp;<\/p>\n<h3 style=\"color: #90bf46;\">\u25b8 PARAM\u00c8TRES DU PRODUIT<\/h3>\n<table style=\"height: 121px; width: 100%; border-collapse: collapse; border-style: solid; border-color: #dddddd;\" border=\"1\">\n<tbody>\n<tr style=\"height: 24px;\">\n<td style=\"width: 20%; height: 24px; border: 1px solid #dddddd; background-color: #f2f2f2;\">Num\u00e9ro d'article<\/td>\n<td style=\"width: 20%; height: 24px; border: 1px solid #dddddd; background-color: #f2f2f2;\">Nom<\/td>\n<td style=\"width: 20%; height: 24px; border: 1px solid #dddddd; background-color: #f2f2f2;\">Longueur (mm)<\/td>\n<td style=\"width: 20%; height: 24px; border: 1px solid #dddddd; background-color: #f2f2f2;\">Largeur (mm)<\/td>\n<td style=\"width: 20%; height: 24px; border: 1px solid #dddddd; background-color: #f2f2f2;\">Poids (g)<\/td>\n<\/tr>\n<tr style=\"height: 24px;\">\n<td style=\"width: 20%; height: 97px; border: 1px solid #dddddd; vertical-align: middle;\" rowspan=\"4\">S049<\/td>\n<td style=\"width: 20%; height: 24px; border: 1px solid #dddddd;\">Couteau de table<\/td>\n<td style=\"width: 20%; height: 24px; border: 1px solid #dddddd;\">215<\/td>\n<td style=\"width: 20%; height: 24px; border: 1px solid #dddddd;\">10<\/td>\n<td style=\"width: 20%; height: 24px; border: 1px solid #dddddd;\">65<\/td>\n<\/tr>\n<tr style=\"height: 24px;\">\n<td style=\"width: 20%; height: 25px; border: 1px solid #dddddd;\">Fourchette de table<\/td>\n<td style=\"width: 20%; height: 25px; border: 1px solid #dddddd;\">190<\/td>\n<td style=\"width: 20%; height: 25px; border: 1px solid #dddddd;\">24<\/td>\n<td style=\"width: 20%; height: 25px; border: 1px solid #dddddd;\">60<\/td>\n<\/tr>\n<tr style=\"height: 24px;\">\n<td style=\"width: 20%; height: 24px; border: 1px solid #dddddd;\">Cuill\u00e8re de table<\/td>\n<td style=\"width: 20%; height: 24px; border: 1px solid #dddddd;\">197<\/td>\n<td style=\"width: 20%; height: 24px; border: 1px solid #dddddd;\">43<\/td>\n<td style=\"width: 20%; height: 24px; border: 1px solid #dddddd;\">71<\/td>\n<\/tr>\n<tr style=\"height: 24px;\">\n<td style=\"width: 20%; height: 24px; border: 1px solid #dddddd;\">Cuill\u00e8re \u00e0 th\u00e9<\/td>\n<td style=\"width: 20%; height: 24px; border: 1px solid #dddddd;\">139<\/td>\n<td style=\"width: 20%; height: 24px; border: 1px solid #dddddd;\">31<\/td>\n<td style=\"width: 20%; height: 24px; border: 1px solid #dddddd;\">28<\/td>\n<\/tr>\n<\/tbody>\n<\/table>\n<h3 style=\"color: #90bf46;\">\u25b8 DESCRIPTION DU PRODUIT<\/h3>\n<div id='gallery-1' class='gallery galleryid-253 gallery-columns-4 gallery-size-large'><figure class='gallery-item'>\n\t\t\t<div class='gallery-icon landscape'>\n\t\t\t\t<a href='https:\/\/www.ideal-flatware.com\/wp-content\/uploads\/2022\/12\/S049-5.jpg'><img width=\"700\" height=\"700\" src=\"https:\/\/www.ideal-flatware.com\/wp-content\/uploads\/2022\/12\/S049-5.jpg\" class=\"attachment-large size-large\" alt=\"Couverts en acier inoxydable\" decoding=\"async\" aria-describedby=\"gallery-1-258\" srcset=\"https:\/\/www.ideal-flatware.com\/wp-content\/uploads\/2022\/12\/S049-5.jpg 700w, https:\/\/www.ideal-flatware.com\/wp-content\/uploads\/2022\/12\/S049-5-600x600.jpg 600w, https:\/\/www.ideal-flatware.com\/wp-content\/uploads\/2022\/12\/S049-5-100x100.jpg 100w, https:\/\/www.ideal-flatware.com\/wp-content\/uploads\/2022\/12\/S049-5-300x300.jpg 300w, https:\/\/www.ideal-flatware.com\/wp-content\/uploads\/2022\/12\/S049-5-150x150.jpg 150w\" sizes=\"(max-width: 700px) 100vw, 700px\" \/><\/a>\n\t\t\t<\/div>\n\t\t\t\t<figcaption class='wp-caption-text gallery-caption' id='gallery-1-258'>\n\t\t\t\tAcheter des sets de couverts en gros\n\n\t\t\t\t<\/figcaption><\/figure><figure class='gallery-item'>\n\t\t\t<div class='gallery-icon landscape'>\n\t\t\t\t<a href='https:\/\/www.ideal-flatware.com\/wp-content\/uploads\/2022\/12\/S049-4.jpg'><img width=\"700\" height=\"700\" src=\"https:\/\/www.ideal-flatware.com\/wp-content\/uploads\/2022\/12\/S049-4.jpg\" class=\"attachment-large size-large\" alt=\"Couverts en acier inoxydable 18\/10 Fournisseur de couverts en acier inoxydable - Prix de gros pour les restaurants et les h\u00f4tels\" decoding=\"async\" aria-describedby=\"gallery-1-257\" srcset=\"https:\/\/www.ideal-flatware.com\/wp-content\/uploads\/2022\/12\/S049-4.jpg 700w, https:\/\/www.ideal-flatware.com\/wp-content\/uploads\/2022\/12\/S049-4-600x600.jpg 600w, https:\/\/www.ideal-flatware.com\/wp-content\/uploads\/2022\/12\/S049-4-100x100.jpg 100w, https:\/\/www.ideal-flatware.com\/wp-content\/uploads\/2022\/12\/S049-4-300x300.jpg 300w, https:\/\/www.ideal-flatware.com\/wp-content\/uploads\/2022\/12\/S049-4-150x150.jpg 150w\" sizes=\"(max-width: 700px) 100vw, 700px\" \/><\/a>\n\t\t\t<\/div>\n\t\t\t\t<figcaption class='wp-caption-text gallery-caption' id='gallery-1-257'>\n\t\t\t\t18\/10 Stainless Steel Cutlery Supplier | Wholesale Prices for Restaurants &amp; Hotels\n\t\t\t\t<\/figcaption><\/figure><figure class='gallery-item'>\n\t\t\t<div class='gallery-icon landscape'>\n\t\t\t\t<a href='https:\/\/www.ideal-flatware.com\/wp-content\/uploads\/2022\/12\/S049-3.jpg'><img width=\"700\" height=\"700\" src=\"https:\/\/www.ideal-flatware.com\/wp-content\/uploads\/2022\/12\/S049-3.jpg\" class=\"attachment-large size-large\" alt=\"Couverts en acier inoxydable\" decoding=\"async\" srcset=\"https:\/\/www.ideal-flatware.com\/wp-content\/uploads\/2022\/12\/S049-3.jpg 700w, https:\/\/www.ideal-flatware.com\/wp-content\/uploads\/2022\/12\/S049-3-600x600.jpg 600w, https:\/\/www.ideal-flatware.com\/wp-content\/uploads\/2022\/12\/S049-3-100x100.jpg 100w, https:\/\/www.ideal-flatware.com\/wp-content\/uploads\/2022\/12\/S049-3-300x300.jpg 300w, https:\/\/www.ideal-flatware.com\/wp-content\/uploads\/2022\/12\/S049-3-150x150.jpg 150w\" sizes=\"(max-width: 700px) 100vw, 700px\" \/><\/a>\n\t\t\t<\/div><\/figure><figure class='gallery-item'>\n\t\t\t<div class='gallery-icon landscape'>\n\t\t\t\t<a href='https:\/\/www.ideal-flatware.com\/wp-content\/uploads\/2022\/12\/S049-2.jpg'><img width=\"700\" height=\"700\" src=\"https:\/\/www.ideal-flatware.com\/wp-content\/uploads\/2022\/12\/S049-2.jpg\" class=\"attachment-large size-large\" alt=\"Vaisselle en acier inoxydable\" decoding=\"async\" srcset=\"https:\/\/www.ideal-flatware.com\/wp-content\/uploads\/2022\/12\/S049-2.jpg 700w, https:\/\/www.ideal-flatware.com\/wp-content\/uploads\/2022\/12\/S049-2-600x600.jpg 600w, https:\/\/www.ideal-flatware.com\/wp-content\/uploads\/2022\/12\/S049-2-100x100.jpg 100w, https:\/\/www.ideal-flatware.com\/wp-content\/uploads\/2022\/12\/S049-2-300x300.jpg 300w, https:\/\/www.ideal-flatware.com\/wp-content\/uploads\/2022\/12\/S049-2-150x150.jpg 150w\" sizes=\"(max-width: 700px) 100vw, 700px\" \/><\/a>\n\t\t\t<\/div><\/figure><figure class='gallery-item'>\n\t\t\t<div class='gallery-icon landscape'>\n\t\t\t\t<a href='https:\/\/www.ideal-flatware.com\/wp-content\/uploads\/2022\/12\/S04905.jpg'><img width=\"700\" height=\"525\" src=\"https:\/\/www.ideal-flatware.com\/wp-content\/uploads\/2022\/12\/S04905.jpg\" class=\"attachment-large size-large\" alt=\"Vaisselle en acier inoxydable\" decoding=\"async\" srcset=\"https:\/\/www.ideal-flatware.com\/wp-content\/uploads\/2022\/12\/S04905.jpg 700w, https:\/\/www.ideal-flatware.com\/wp-content\/uploads\/2022\/12\/S04905-600x450.jpg 600w, https:\/\/www.ideal-flatware.com\/wp-content\/uploads\/2022\/12\/S04905-300x225.jpg 300w\" sizes=\"(max-width: 700px) 100vw, 700px\" \/><\/a>\n\t\t\t<\/div><\/figure><figure class='gallery-item'>\n\t\t\t<div class='gallery-icon landscape'>\n\t\t\t\t<a href='https:\/\/www.ideal-flatware.com\/wp-content\/uploads\/2022\/12\/S04904.jpg'><img width=\"700\" height=\"525\" src=\"https:\/\/www.ideal-flatware.com\/wp-content\/uploads\/2022\/12\/S04904.jpg\" class=\"attachment-large size-large\" alt=\"Couteau en acier inoxydable\" decoding=\"async\" srcset=\"https:\/\/www.ideal-flatware.com\/wp-content\/uploads\/2022\/12\/S04904.jpg 700w, https:\/\/www.ideal-flatware.com\/wp-content\/uploads\/2022\/12\/S04904-600x450.jpg 600w, https:\/\/www.ideal-flatware.com\/wp-content\/uploads\/2022\/12\/S04904-300x225.jpg 300w\" sizes=\"(max-width: 700px) 100vw, 700px\" \/><\/a>\n\t\t\t<\/div><\/figure><figure class='gallery-item'>\n\t\t\t<div class='gallery-icon landscape'>\n\t\t\t\t<a href='https:\/\/www.ideal-flatware.com\/wp-content\/uploads\/2022\/12\/S04901.jpg'><img width=\"700\" height=\"506\" src=\"https:\/\/www.ideal-flatware.com\/wp-content\/uploads\/2022\/12\/S04901.jpg\" class=\"attachment-large size-large\" alt=\"Cuill\u00e8re en acier inoxydable\" decoding=\"async\" srcset=\"https:\/\/www.ideal-flatware.com\/wp-content\/uploads\/2022\/12\/S04901.jpg 700w, https:\/\/www.ideal-flatware.com\/wp-content\/uploads\/2022\/12\/S04901-600x434.jpg 600w, https:\/\/www.ideal-flatware.com\/wp-content\/uploads\/2022\/12\/S04901-300x217.jpg 300w\" sizes=\"(max-width: 700px) 100vw, 700px\" \/><\/a>\n\t\t\t<\/div><\/figure><figure class='gallery-item'>\n\t\t\t<div class='gallery-icon landscape'>\n\t\t\t\t<a href='https:\/\/www.ideal-flatware.com\/wp-content\/uploads\/2022\/12\/S04907.jpg'><img width=\"700\" height=\"525\" src=\"https:\/\/www.ideal-flatware.com\/wp-content\/uploads\/2022\/12\/S04907.jpg\" class=\"attachment-large size-large\" alt=\"Fourche en acier inoxydable\" decoding=\"async\" srcset=\"https:\/\/www.ideal-flatware.com\/wp-content\/uploads\/2022\/12\/S04907.jpg 700w, https:\/\/www.ideal-flatware.com\/wp-content\/uploads\/2022\/12\/S04907-600x450.jpg 600w, https:\/\/www.ideal-flatware.com\/wp-content\/uploads\/2022\/12\/S04907-300x225.jpg 300w\" sizes=\"(max-width: 700px) 100vw, 700px\" \/><\/a>\n\t\t\t<\/div><\/figure><figure class='gallery-item'>\n\t\t\t<div class='gallery-icon landscape'>\n\t\t\t\t<a href='https:\/\/www.ideal-flatware.com\/wp-content\/uploads\/2022\/12\/S04906.jpg'><img width=\"700\" height=\"525\" src=\"https:\/\/www.ideal-flatware.com\/wp-content\/uploads\/2022\/12\/S04906.jpg\" class=\"attachment-large size-large\" alt=\"Couteau en acier inoxydable\" decoding=\"async\" srcset=\"https:\/\/www.ideal-flatware.com\/wp-content\/uploads\/2022\/12\/S04906.jpg 700w, https:\/\/www.ideal-flatware.com\/wp-content\/uploads\/2022\/12\/S04906-600x450.jpg 600w, https:\/\/www.ideal-flatware.com\/wp-content\/uploads\/2022\/12\/S04906-300x225.jpg 300w\" sizes=\"(max-width: 700px) 100vw, 700px\" \/><\/a>\n\t\t\t<\/div><\/figure>\n\t\t<\/div>\n\n<p>&nbsp;<\/p>\n<h3 style=\"color: #90bf46;\">\u25b8USE &amp; CARE<\/h3>\n<p><strong>PREMI\u00c8RE UTILISATION<\/strong><br \/>\n1. Veuillez laver votre service d'argenterie \u00e0 la main en utilisant un savon ou un d\u00e9tergent doux pour \u00e9liminer tout r\u00e9sidu de traitement laiss\u00e9 par la fabrication.<br \/>\nRincer \u00e0 l'eau douce, s\u00e9cher imm\u00e9diatement avec un chiffon doux et stocker dans un endroit sec.<br \/>\n<strong>USAGE QUOTIDIEN<\/strong><br \/>\n1. Veuillez nettoyer et s\u00e9cher l'argenterie apr\u00e8s utilisation et la ranger dans un endroit sec pour assurer sa durabilit\u00e9.<br \/>\n2. Veuillez ne pas utiliser de brosses m\u00e9talliques ou d'\u00e9ponges dures pour \u00e9viter les rayures et garder l'argenterie lisse.<br \/>\n3. Veuillez \u00e9viter le lavage au lave-vaisselle. Un lavage \u00e0 la main, suivi d'un s\u00e9chage avec un chiffon doux, prot\u00e9gera mieux votre argenterie.<br \/>\n4. Utilisez un nettoyant doux pour le nettoyage, ne laissez pas l'argenterie avec des r\u00e9sidus de sel ou d'acide pendant une longue p\u00e9riode, car cela pourrait augmenter les risques de d\u00e9coloration et de corrosion.<br \/>\nConseils avis\u00e9s : Ce service d'argenterie est un service d'argenterie de poids moyen, un service d'argenterie non lourd ou un service d'argenterie l\u00e9ger.<\/p>","protected":false},"excerpt":{"rendered":"<p>\u3010PREMIUM MATERIAL\u3011Ideal S049 stainless steel flatware set, No harmful substance and metallic odor, Rust resistant to last long service time. Smooth edge without any rough spots ensure the safety of your lips. Easy clean (To better protect your silverware, wash it by hand and dry it with a soft towel). \u3010MULTIPURPOSE\u3011Such as home, Restaurant, Picnics, [&hellip;]<\/p>","protected":false},"featured_media":254,"comment_status":"open","ping_status":"closed","template":"","meta":{"_seopress_robots_primary_cat":"none"},"product_cat":[20,19],"product_tag":[],"_links":{"self":[{"href":"https:\/\/www.ideal-flatware.com\/fr\/wp-json\/wp\/v2\/product\/253"}],"collection":[{"href":"https:\/\/www.ideal-flatware.com\/fr\/wp-json\/wp\/v2\/product"}],"about":[{"href":"https:\/\/www.ideal-flatware.com\/fr\/wp-json\/wp\/v2\/types\/product"}],"replies":[{"embeddable":true,"href":"https:\/\/www.ideal-flatware.com\/fr\/wp-json\/wp\/v2\/comments?post=253"}],"version-history":[{"count":54,"href":"https:\/\/www.ideal-flatware.com\/fr\/wp-json\/wp\/v2\/product\/253\/revisions"}],"predecessor-version":[{"id":3002,"href":"https:\/\/www.ideal-flatware.com\/fr\/wp-json\/wp\/v2\/product\/253\/revisions\/3002"}],"wp:featuredmedia":[{"embeddable":true,"href":"https:\/\/www.ideal-flatware.com\/fr\/wp-json\/wp\/v2\/media\/254"}],"wp:attachment":[{"href":"https:\/\/www.ideal-flatware.com\/fr\/wp-json\/wp\/v2\/media?parent=253"}],"wp:term":[{"taxonomy":"product_cat","embeddable":true,"href":"https:\/\/www.ideal-flatware.com\/fr\/wp-json\/wp\/v2\/product_cat?post=253"},{"taxonomy":"product_tag","embeddable":true,"href":"https:\/\/www.ideal-flatware.com\/fr\/wp-json\/wp\/v2\/product_tag?post=253"}],"curies":[{"name":"wp","href":"https:\/\/api.w.org\/{rel}","templated":true}]}}