{"id":1339,"date":"2022-12-17T08:04:03","date_gmt":"2022-12-17T08:04:03","guid":{"rendered":"https:\/\/test.ideal-flatware.com\/?post_type=product&#038;p=1339"},"modified":"2025-12-09T09:41:19","modified_gmt":"2025-12-09T09:41:19","slug":"s059-simple-design-wholesale-cutlery-factory-restaurant-tableware-stainless-steel-cutlery-set","status":"publish","type":"product","link":"https:\/\/www.ideal-flatware.com\/pl\/produkt\/s059-simple-design-hurtownia-cutlery-factory-restaurant-tableware-stainless-steel-cutlery-set\/","title":{"rendered":"S059 Simple design wholesale cutlery factory restaurant tableware stainless steel cutlery set"},"content":{"rendered":"<p><img fetchpriority=\"high\" decoding=\"async\" class=\"aligncenter wp-image-1340 size-full\" src=\"https:\/\/test.ideal-flatware.com\/wp-content\/uploads\/2022\/12\/S059-1.jpg\" alt=\"\" width=\"700\" height=\"700\" srcset=\"https:\/\/www.ideal-flatware.com\/wp-content\/uploads\/2022\/12\/S059-1.jpg 700w, https:\/\/www.ideal-flatware.com\/wp-content\/uploads\/2022\/12\/S059-1-600x600.jpg 600w, https:\/\/www.ideal-flatware.com\/wp-content\/uploads\/2022\/12\/S059-1-100x100.jpg 100w, https:\/\/www.ideal-flatware.com\/wp-content\/uploads\/2022\/12\/S059-1-300x300.jpg 300w, https:\/\/www.ideal-flatware.com\/wp-content\/uploads\/2022\/12\/S059-1-150x150.jpg 150w\" sizes=\"(max-width: 700px) 100vw, 700px\" \/><br \/>\n<strong>Zestaw naczy\u0144 p\u0142askich 10 sztuk\u3010 Serwis\u3011<\/strong>Podkre\u015bl ka\u017cdy pyszny posi\u0142ek za pomoc\u0105 sztu\u0107c\u00f3w, kt\u00f3re pi\u0119knie dopasuj\u0105 si\u0119 do ka\u017cdego przy stole.<br \/>\n<strong>\u3010Simplicity Cutlery Design\u3011<\/strong>Highly lustro polerowane sprawia, \u017ce te p\u0142askie zestawy zawsze zachowa\u0107 b\u0142yszcz\u0105ce, mecze dobrze z istniej\u0105cej zastawy sto\u0142owej, g\u0142adka powierzchnia wygodne do mycia r\u0105k i zmywarki bezpieczne, W\u0142a\u015bciwa grubo\u015b\u0107 i \u0142adny rozmiar zapewnia wielki r\u0119k\u0119 czu\u0107, podnie\u015b\u0107 swoje codzienne posi\u0142ki do grzywny do\u015bwiadczenie jadalne.<br \/>\n<strong>Wysoka jako\u015b\u0107 materia\u0142u i trwa\u0142o\u015b\u0107\u3010Wysoka jako\u015b\u0107 materia\u0142u i trwa\u0142o\u015b\u0107\u3011<\/strong>Wykonane z najwy\u017cszej jako\u015bci ekstra grubej stali nierdzewnej bez \u017cadnych szkodliwych substancji, nie blakn\u0105 i nie odpryskuj\u0105, zapewniaj\u0105 odporno\u015b\u0107 na rdz\u0119 i s\u0105 wystarczaj\u0105co wytrzyma\u0142e dla podstawowego codziennego u\u017cytku przez wiele lat, nie zginaj\u0105 si\u0119, nie \u0142ami\u0105, ani nie ulegaj\u0105 uszkodzeniu pod wp\u0142ywem ciep\u0142a. Pod swoj\u0105 w\u0142a\u015bciw\u0105 opiek\u0105 ten zestaw przybor\u00f3w zawsze wygl\u0105da tak dobrze jak nowy.<br \/>\n<strong>\u3010Perfekcja w u\u017cyciu\u3011<\/strong>Nasz zestaw sztu\u0107c\u00f3w s\u0105 idealne dla rodziny codziennego u\u017cytku, spotkania, kolacje rodzinne, \u015blub i inne formalne okazje. R\u00f3wnie\u017c zastosowanie do kempingu, hotel, restauracja, bistro, itp. lub gdy trzeba dodatkowe no\u017ce, widelce i \u0142y\u017cki zestaw.<br \/>\n<strong>Poradnik piel\u0119gnacyjny\".<\/strong>Ten zestaw sztu\u0107c\u00f3w nadaje si\u0119 do mycia w zmywarce. Prosimy o czyszczenie sztu\u0107c\u00f3w w kr\u00f3tkim czasie po u\u017cyciu, w ci\u0105gu dw\u00f3ch godzin b\u0119dzie bardziej preferowane...<\/p>\n<p>&nbsp;<\/p>\n<h3 style=\"color: #90bf46;\">\u25b8 PARAMETRY PRODUKTU<\/h3>\n<table style=\"height: 121px; width: 100%; border-collapse: collapse; border-style: solid; border-color: #dddddd;\" border=\"1\">\n<tbody>\n<tr style=\"height: 24px;\">\n<td style=\"width: 20%; height: 24px; border: 1px solid #dddddd; background-color: #f2f2f2;\">Item No:<\/td>\n<td style=\"width: 20%; height: 24px; border: 1px solid #dddddd; background-color: #f2f2f2;\">Nazwa<\/td>\n<td style=\"width: 20%; height: 24px; border: 1px solid #dddddd; background-color: #f2f2f2;\">D\u0142ugo\u015b\u0107(mm)<\/td>\n<td style=\"width: 20%; height: 24px; border: 1px solid #dddddd; background-color: #f2f2f2;\">Szeroko\u015b\u0107(mm)<\/td>\n<td style=\"width: 20%; height: 24px; border: 1px solid #dddddd; background-color: #f2f2f2;\">Waga(g)<\/td>\n<\/tr>\n<tr style=\"height: 24px;\">\n<td style=\"width: 20%; height: 97px; border: 1px solid #dddddd; vertical-align: middle;\" rowspan=\"4\">S059<\/td>\n<td style=\"width: 20%; height: 24px; border: 1px solid #dddddd;\">N\u00f3\u017c sto\u0142owy<\/td>\n<td style=\"width: 20%; height: 24px; border: 1px solid #dddddd;\">208<\/td>\n<td style=\"width: 20%; height: 24px; border: 1px solid #dddddd;\">18<\/td>\n<td style=\"width: 20%; height: 24px; border: 1px solid #dddddd;\">40<\/td>\n<\/tr>\n<tr style=\"height: 24px;\">\n<td style=\"width: 20%; height: 25px; border: 1px solid #dddddd;\">Wide\u0142ki tabeli<\/td>\n<td style=\"width: 20%; height: 25px; border: 1px solid #dddddd;\">188<\/td>\n<td style=\"width: 20%; height: 25px; border: 1px solid #dddddd;\">24<\/td>\n<td style=\"width: 20%; height: 25px; border: 1px solid #dddddd;\">27<\/td>\n<\/tr>\n<tr style=\"height: 24px;\">\n<td style=\"width: 20%; height: 24px; border: 1px solid #dddddd;\">\u0141y\u017cka sto\u0142owa<\/td>\n<td style=\"width: 20%; height: 24px; border: 1px solid #dddddd;\">189<\/td>\n<td style=\"width: 20%; height: 24px; border: 1px solid #dddddd;\">42<\/td>\n<td style=\"width: 20%; height: 24px; border: 1px solid #dddddd;\">33<\/td>\n<\/tr>\n<tr style=\"height: 24px;\">\n<td style=\"width: 20%; height: 24px; border: 1px solid #dddddd;\">\u0141y\u017ceczka do herbaty<\/td>\n<td style=\"width: 20%; height: 24px; border: 1px solid #dddddd;\">135<\/td>\n<td style=\"width: 20%; height: 24px; border: 1px solid #dddddd;\">28.5<\/td>\n<td style=\"width: 20%; height: 24px; border: 1px solid #dddddd;\">15<\/td>\n<\/tr>\n<\/tbody>\n<\/table>\n<h3 style=\"color: #90bf46;\">\u25b8 OPIS PRODUKTU<\/h3>\n<div id='gallery-1' class='gallery galleryid-1339 gallery-columns-4 gallery-size-large'><figure class='gallery-item'>\n\t\t\t<div class='gallery-icon landscape'>\n\t\t\t\t<a href='https:\/\/www.ideal-flatware.com\/wp-content\/uploads\/2022\/12\/S05902.jpg'><img width=\"700\" height=\"525\" src=\"https:\/\/www.ideal-flatware.com\/wp-content\/uploads\/2022\/12\/S05902.jpg\" class=\"attachment-large size-large\" alt=\"P\u0142askie sztu\u0107ce ze stali nierdzewnej\" decoding=\"async\" srcset=\"https:\/\/www.ideal-flatware.com\/wp-content\/uploads\/2022\/12\/S05902.jpg 700w, https:\/\/www.ideal-flatware.com\/wp-content\/uploads\/2022\/12\/S05902-600x450.jpg 600w, https:\/\/www.ideal-flatware.com\/wp-content\/uploads\/2022\/12\/S05902-300x225.jpg 300w\" sizes=\"(max-width: 700px) 100vw, 700px\" \/><\/a>\n\t\t\t<\/div><\/figure><figure class='gallery-item'>\n\t\t\t<div class='gallery-icon landscape'>\n\t\t\t\t<a href='https:\/\/www.ideal-flatware.com\/wp-content\/uploads\/2022\/12\/S059-3.jpg'><img width=\"700\" height=\"700\" src=\"https:\/\/www.ideal-flatware.com\/wp-content\/uploads\/2022\/12\/S059-3.jpg\" class=\"attachment-large size-large\" alt=\"P\u0142askie sztu\u0107ce ze stali nierdzewnej\" decoding=\"async\" srcset=\"https:\/\/www.ideal-flatware.com\/wp-content\/uploads\/2022\/12\/S059-3.jpg 700w, https:\/\/www.ideal-flatware.com\/wp-content\/uploads\/2022\/12\/S059-3-600x600.jpg 600w, https:\/\/www.ideal-flatware.com\/wp-content\/uploads\/2022\/12\/S059-3-100x100.jpg 100w, https:\/\/www.ideal-flatware.com\/wp-content\/uploads\/2022\/12\/S059-3-300x300.jpg 300w, https:\/\/www.ideal-flatware.com\/wp-content\/uploads\/2022\/12\/S059-3-150x150.jpg 150w\" sizes=\"(max-width: 700px) 100vw, 700px\" \/><\/a>\n\t\t\t<\/div><\/figure><figure class='gallery-item'>\n\t\t\t<div class='gallery-icon landscape'>\n\t\t\t\t<a href='https:\/\/www.ideal-flatware.com\/wp-content\/uploads\/2022\/12\/S059-5.jpg'><img width=\"700\" height=\"700\" src=\"https:\/\/www.ideal-flatware.com\/wp-content\/uploads\/2022\/12\/S059-5.jpg\" class=\"attachment-large size-large\" alt=\"P\u0142askie sztu\u0107ce ze stali nierdzewnej\" decoding=\"async\" srcset=\"https:\/\/www.ideal-flatware.com\/wp-content\/uploads\/2022\/12\/S059-5.jpg 700w, https:\/\/www.ideal-flatware.com\/wp-content\/uploads\/2022\/12\/S059-5-600x600.jpg 600w, https:\/\/www.ideal-flatware.com\/wp-content\/uploads\/2022\/12\/S059-5-100x100.jpg 100w, https:\/\/www.ideal-flatware.com\/wp-content\/uploads\/2022\/12\/S059-5-300x300.jpg 300w, https:\/\/www.ideal-flatware.com\/wp-content\/uploads\/2022\/12\/S059-5-150x150.jpg 150w\" sizes=\"(max-width: 700px) 100vw, 700px\" \/><\/a>\n\t\t\t<\/div><\/figure><figure class='gallery-item'>\n\t\t\t<div class='gallery-icon landscape'>\n\t\t\t\t<a href='https:\/\/www.ideal-flatware.com\/wp-content\/uploads\/2022\/12\/S05903.jpg'><img width=\"700\" height=\"490\" src=\"https:\/\/www.ideal-flatware.com\/wp-content\/uploads\/2022\/12\/S05903.jpg\" class=\"attachment-large size-large\" alt=\"P\u0142askie sztu\u0107ce ze stali nierdzewnej\" decoding=\"async\" srcset=\"https:\/\/www.ideal-flatware.com\/wp-content\/uploads\/2022\/12\/S05903.jpg 700w, https:\/\/www.ideal-flatware.com\/wp-content\/uploads\/2022\/12\/S05903-600x420.jpg 600w, https:\/\/www.ideal-flatware.com\/wp-content\/uploads\/2022\/12\/S05903-300x210.jpg 300w\" sizes=\"(max-width: 700px) 100vw, 700px\" \/><\/a>\n\t\t\t<\/div><\/figure><figure class='gallery-item'>\n\t\t\t<div class='gallery-icon portrait'>\n\t\t\t\t<a href='https:\/\/www.ideal-flatware.com\/wp-content\/uploads\/2022\/12\/S05901.jpg'><img width=\"681\" height=\"1024\" src=\"https:\/\/www.ideal-flatware.com\/wp-content\/uploads\/2022\/12\/S05901-681x1024.jpg\" class=\"attachment-large size-large\" alt=\"Sztu\u0107ce ze stali nierdzewnej\" decoding=\"async\" srcset=\"https:\/\/www.ideal-flatware.com\/wp-content\/uploads\/2022\/12\/S05901-681x1024.jpg 681w, https:\/\/www.ideal-flatware.com\/wp-content\/uploads\/2022\/12\/S05901-600x903.jpg 600w, https:\/\/www.ideal-flatware.com\/wp-content\/uploads\/2022\/12\/S05901-199x300.jpg 199w, https:\/\/www.ideal-flatware.com\/wp-content\/uploads\/2022\/12\/S05901.jpg 700w\" sizes=\"(max-width: 681px) 100vw, 681px\" \/><\/a>\n\t\t\t<\/div><\/figure>\n\t\t<\/div>\n\n<p>&nbsp;<\/p>\n<h3 style=\"color: #90bf46;\">\u25b8U\u017bYTKOWANIE I PIEL\u0118GNACJA<\/h3>\n<p><strong>U\u017bYCIE PO RAZ PIERWSZY<\/strong><br \/>\n1. Prosimy o r\u0119czne mycie zestawu sztu\u0107c\u00f3w dok\u0142adnie przy u\u017cyciu \u0142agodnego myd\u0142a lub detergentu, aby zmy\u0107 wszelkie pozosta\u0142o\u015bci po obr\u00f3bce pozostawione przy produkcji.<br \/>\n2.Sp\u0142uka\u0107 \u015bwie\u017c\u0105 wod\u0105 i natychmiast wysuszy\u0107 mi\u0119kk\u0105 szmatk\u0105 i przechowywa\u0107 w suchym miejscu.<br \/>\n<strong>CODZIENNE U\u017bYTKOWANIE<\/strong><br \/>\n1. Prosz\u0119 wyczy\u015bci\u0107 i wysuszy\u0107 sztu\u0107ce po u\u017cyciu i przechowywa\u0107 w suchym miejscu dla ich trwa\u0142o\u015bci.<br \/>\n2. Prosz\u0119 nie u\u017cywa\u0107 szczotek drucianych lub twardych g\u0105bek, aby zapobiec zarysowaniom, zachowa\u0107 g\u0142adko\u015b\u0107 sreber.<br \/>\n3. Prosz\u0119 stara\u0107 si\u0119 unika\u0107 mycia w zmywarce. Mycie r\u0119czne, a nast\u0119pnie suszenie mi\u0119kk\u0105 szmatk\u0105 lepiej ochroni Twoje srebrne naczynia.<br \/>\n4. U\u017cywaj \u0142agodnego \u015brodka czyszcz\u0105cego podczas czyszczenia, prosz\u0119 nie zostawiaj srebrnych naczy\u0144 z pozosta\u0142o\u015bciami soli lub kwasu przez d\u0142ugi czas, poniewa\u017c mo\u017ce to zwi\u0119kszy\u0107 szanse na odbarwienie i korozj\u0119.<br \/>\nUprzejme wskaz\u00f3wki: Ten zestaw sztu\u0107c\u00f3w to zestaw sztu\u0107c\u00f3w o \u015bredniej wadze, Non-heavyweight silverware lub light silverware.<\/p>","protected":false},"excerpt":{"rendered":"<p>\u301010 Piece Flatware Set Service\u3011Highlight every delicious meal with Cutlery that beautifully accommodates everyone at your dinner table. \u3010Simplicity Cutlery Design\u3011Highly mirror polished makes these flatware sets always keep shiny, matches well with your existing tableware, smooth surface convenient to hand wash and dishwasher safe, Proper thickness and nice size ensures great hand feel, elevate [&hellip;]<\/p>","protected":false},"featured_media":1340,"comment_status":"open","ping_status":"closed","template":"","meta":{"_seopress_robots_primary_cat":""},"product_cat":[20,19],"product_tag":[],"_links":{"self":[{"href":"https:\/\/www.ideal-flatware.com\/pl\/wp-json\/wp\/v2\/product\/1339"}],"collection":[{"href":"https:\/\/www.ideal-flatware.com\/pl\/wp-json\/wp\/v2\/product"}],"about":[{"href":"https:\/\/www.ideal-flatware.com\/pl\/wp-json\/wp\/v2\/types\/product"}],"replies":[{"embeddable":true,"href":"https:\/\/www.ideal-flatware.com\/pl\/wp-json\/wp\/v2\/comments?post=1339"}],"version-history":[{"count":2,"href":"https:\/\/www.ideal-flatware.com\/pl\/wp-json\/wp\/v2\/product\/1339\/revisions"}],"predecessor-version":[{"id":1350,"href":"https:\/\/www.ideal-flatware.com\/pl\/wp-json\/wp\/v2\/product\/1339\/revisions\/1350"}],"wp:featuredmedia":[{"embeddable":true,"href":"https:\/\/www.ideal-flatware.com\/pl\/wp-json\/wp\/v2\/media\/1340"}],"wp:attachment":[{"href":"https:\/\/www.ideal-flatware.com\/pl\/wp-json\/wp\/v2\/media?parent=1339"}],"wp:term":[{"taxonomy":"product_cat","embeddable":true,"href":"https:\/\/www.ideal-flatware.com\/pl\/wp-json\/wp\/v2\/product_cat?post=1339"},{"taxonomy":"product_tag","embeddable":true,"href":"https:\/\/www.ideal-flatware.com\/pl\/wp-json\/wp\/v2\/product_tag?post=1339"}],"curies":[{"name":"wp","href":"https:\/\/api.w.org\/{rel}","templated":true}]}}