{"id":1478,"date":"2022-12-17T02:58:40","date_gmt":"2022-12-17T02:58:40","guid":{"rendered":"https:\/\/test.ideal-flatware.com\/?post_type=product&#038;p=1478"},"modified":"2025-12-09T09:38:54","modified_gmt":"2025-12-09T09:38:54","slug":"s097-wholesale-cutlery-factory-restaurant-tableware-stainless-steel-cutlery-set","status":"publish","type":"product","link":"https:\/\/www.ideal-flatware.com\/pl\/produkt\/s097-hurtownia-cutlery-factory-restaurant-tableware-stainless-steel-cutlery-set\/","title":{"rendered":"S097 hurtownia sztu\u0107c\u00f3w fabryka restauracja zastawa sto\u0142owa stal nierdzewna zestaw sztu\u0107c\u00f3w"},"content":{"rendered":"<p><img fetchpriority=\"high\" decoding=\"async\" class=\"aligncenter wp-image-1479 size-full\" src=\"https:\/\/test.ideal-flatware.com\/wp-content\/uploads\/2022\/12\/Ideal-Flatware-S097.jpg\" alt=\"\" width=\"700\" height=\"700\" srcset=\"https:\/\/www.ideal-flatware.com\/wp-content\/uploads\/2022\/12\/Ideal-Flatware-S097.jpg 700w, https:\/\/www.ideal-flatware.com\/wp-content\/uploads\/2022\/12\/Ideal-Flatware-S097-600x600.jpg 600w, https:\/\/www.ideal-flatware.com\/wp-content\/uploads\/2022\/12\/Ideal-Flatware-S097-100x100.jpg 100w, https:\/\/www.ideal-flatware.com\/wp-content\/uploads\/2022\/12\/Ideal-Flatware-S097-300x300.jpg 300w, https:\/\/www.ideal-flatware.com\/wp-content\/uploads\/2022\/12\/Ideal-Flatware-S097-150x150.jpg 150w\" sizes=\"(max-width: 700px) 100vw, 700px\" \/><\/p>\n<p><strong>Zestaw naczy\u0144 srebrnych\u3010.<\/strong> Nasz zestaw sztu\u0107c\u00f3w z kwadratowym uchwytem obejmuje no\u017ce obiadowe, widelce obiadowe, \u0142y\u017cki obiadowe i \u0142y\u017ceczki do herbaty, kt\u00f3re mog\u0105 zaspokoi\u0107 wi\u0119kszo\u015b\u0107 rodzin 4-osobowych i spe\u0142ni\u0107 wszystkie codzienne potrzeby.<br \/>\n<strong>\u3010Ergonomiczne projektowanie\u3011<\/strong> Ergonomiczne kwadratowe uchwyty i unikalne wykonanie zestawu sztu\u0107c\u00f3w s\u0105 dobrze zaprojektowane, dzi\u0119ki czemu unikalny zestaw sztu\u0107c\u00f3w b\u0119dzie si\u0119 wyr\u00f3\u017cnia\u0142 na Twoim blacie i sprawi, \u017ce codzienne posi\u0142ki stan\u0105 si\u0119 luksusowym do\u015bwiadczeniem. Specjalna, zakrzywiona konstrukcja no\u017cy obiadowych sprawia, \u017ce \u0142atwiej jest kroi\u0107 wszystkie rodzaje \u017cywno\u015bci.<br \/>\n<strong>Wysoka jako\u015b\u0107 i zdrowy materia\u0142\u3010Wysoka jako\u015b\u0107 i zdrowy materia\u0142\u3011<\/strong> Wykonane z wysokiej jako\u015bci stali nierdzewnej klasy spo\u017cywczej, Ideal zestaw sztu\u0107c\u00f3w jest nietoksyczny i korozja-ist, kt\u00f3ry jest trwa\u0142y i zdrowy do codziennego u\u017cytku. Posiadaj\u0105 g\u0142adk\u0105 kraw\u0119d\u017a bez szorstkich miejsc i ergonomiczny uchwyt, \u0142adny zestaw sztu\u0107c\u00f3w zapewnia wystarczaj\u0105c\u0105 przyczepno\u015b\u0107 do trzymania.<br \/>\n<strong>Mo\u017cliwo\u015b\u0107 mycia w zmywarce i \u0142atwo\u015b\u0107 czyszczenia\u3010.<\/strong> Zestaw sztu\u0107c\u00f3w ze stali nierdzewnej nadaje si\u0119 do mycia w zmywarce, r\u00f3wnie\u017c \u0142atwo umy\u0107 r\u0119cznie, Twoja w\u0142a\u015bciwa opieka sprawi, \u017ce ten zestaw sztu\u0107c\u00f3w b\u0119dzie trwa\u0142 przez lata i zawsze b\u0119dzie wygl\u0105da\u0142 tak dobrze jak nowy.<br \/>\n<strong>Uniwersalny zestaw sztu\u0107c\u00f3w\u3010.<\/strong> Nicea stal nierdzewna zestaw srebra, idealny do domu codziennego u\u017cytku, restauracja, partia, rozrywka. Idealny prezent na Bo\u017ce Narodzenie, \u015awi\u0119to Dzi\u0119kczynienia, Housewarming, i wiele innych.<\/p>\n<p>&nbsp;<\/p>\n<h3 style=\"color: #90bf46;\">\u25b8 PARAMETRY PRODUKTU<\/h3>\n<table style=\"height: 313px; width: 100%; border-collapse: collapse; border-style: solid; border-color: #dddddd;\" border=\"1\">\n<tbody>\n<tr style=\"height: 24px;\">\n<td style=\"width: 20%; height: 24px; border: 1px solid #dddddd; background-color: #f2f2f2;\">Item No:<\/td>\n<td style=\"width: 16.2182%; height: 24px; border: 1px solid #dddddd; background-color: #f2f2f2;\">Nazwa<\/td>\n<td style=\"width: 16.4363%; height: 24px; border: 1px solid #dddddd; background-color: #f2f2f2;\">Grubo\u015b\u0107(mm)<\/td>\n<td style=\"width: 16.4363%; height: 24px; border: 1px solid #dddddd; background-color: #f2f2f2;\">D\u0142ugo\u015b\u0107(mm)<\/td>\n<td style=\"width: 15.2365%; height: 24px; border: 1px solid #dddddd; background-color: #f2f2f2;\">Szeroko\u015b\u0107(mm)<\/td>\n<td style=\"width: 15.6727%; border: 1px solid #dddddd; background-color: #f2f2f2; height: 24px;\">Waga(g)<\/td>\n<\/tr>\n<tr style=\"height: 24px;\">\n<td style=\"width: 20%; height: 289px; border: 1px solid #dddddd; vertical-align: middle;\" rowspan=\"12\">S097<\/td>\n<td style=\"width: 16.2182%; height: 24px; border: 1px solid #dddddd;\">\u0141y\u017cka do obiadu<\/td>\n<td style=\"width: 16.4363%; height: 24px; border: 1px solid #dddddd;\">2.0<\/td>\n<td style=\"width: 16.4363%; height: 24px; border: 1px solid #dddddd;\">192<\/td>\n<td style=\"width: 15.2365%; height: 24px; border: 1px solid #dddddd;\">47<\/td>\n<td style=\"width: 15.6727%; border: 1px solid #dddddd; height: 24px;\">42<\/td>\n<\/tr>\n<tr style=\"height: 24px;\">\n<td style=\"width: 16.2182%; height: 25px; border: 1px solid #dddddd;\">Widelec do kolacji<\/td>\n<td style=\"width: 16.4363%; height: 25px; border: 1px solid #dddddd;\">2.0<\/td>\n<td style=\"width: 16.4363%; height: 25px; border: 1px solid #dddddd;\">198<\/td>\n<td style=\"width: 15.2365%; height: 25px; border: 1px solid #dddddd;\">26<\/td>\n<td style=\"width: 15.6727%; border: 1px solid #dddddd; height: 25px;\">34<\/td>\n<\/tr>\n<tr style=\"height: 24px;\">\n<td style=\"width: 16.2182%; height: 24px; border: 1px solid #dddddd;\">\u0141y\u017ceczka do herbaty<\/td>\n<td style=\"width: 16.4363%; height: 24px; border: 1px solid #dddddd;\">1.8<\/td>\n<td style=\"width: 16.4363%; height: 24px; border: 1px solid #dddddd;\">137<\/td>\n<td style=\"width: 15.2365%; height: 24px; border: 1px solid #dddddd;\">32<\/td>\n<td style=\"width: 15.6727%; border: 1px solid #dddddd; height: 24px;\">21<\/td>\n<\/tr>\n<tr>\n<td style=\"width: 16.2182%; border: 1px solid #dddddd;\">Widelec do ciasta<\/td>\n<td style=\"width: 16.4363%; border: 1px solid #dddddd;\">2.0<\/td>\n<td style=\"width: 16.4363%; border: 1px solid #dddddd;\">140<\/td>\n<td style=\"width: 15.2365%; border: 1px solid #dddddd;\">20<\/td>\n<td style=\"width: 15.6727%; border: 1px solid #dddddd;\">18<\/td>\n<\/tr>\n<tr style=\"height: 24px;\">\n<td style=\"width: 16.2182%; height: 24px; border: 1px solid #dddddd;\">N\u00f3\u017c do kolacji<\/td>\n<td style=\"width: 16.4363%; height: 24px; border: 1px solid #dddddd;\">5.0<\/td>\n<td style=\"width: 16.4363%; height: 24px; border: 1px solid #dddddd;\">215<\/td>\n<td style=\"width: 15.2365%; height: 24px; border: 1px solid #dddddd;\">15<\/td>\n<td style=\"width: 15.6727%; border: 1px solid #dddddd; height: 24px;\">60<\/td>\n<\/tr>\n<tr style=\"height: 24px;\">\n<td style=\"width: 16.2182%; border: 1px solid #dddddd; height: 24px;\">\u0141y\u017ceczka do kawy<\/td>\n<td style=\"width: 16.4363%; border: 1px solid #dddddd; height: 24px;\">1.8<\/td>\n<td style=\"width: 16.4363%; border: 1px solid #dddddd; height: 24px;\">120<\/td>\n<td style=\"width: 15.2365%; border: 1px solid #dddddd; height: 24px;\">28<\/td>\n<td style=\"width: 15.6727%; border: 1px solid #dddddd; height: 24px;\">16<\/td>\n<\/tr>\n<tr style=\"height: 24px;\">\n<td style=\"width: 16.2182%; border: 1px solid #dddddd; height: 24px;\">\u0141y\u017cka do deser\u00f3w<\/td>\n<td style=\"width: 16.4363%; border: 1px solid #dddddd; height: 24px;\">2.0<\/td>\n<td style=\"width: 16.4363%; border: 1px solid #dddddd; height: 24px;\">166<\/td>\n<td style=\"width: 15.2365%; border: 1px solid #dddddd; height: 24px;\">39<\/td>\n<td style=\"width: 15.6727%; border: 1px solid #dddddd; height: 24px;\">30<\/td>\n<\/tr>\n<tr style=\"height: 24px;\">\n<td style=\"width: 16.2182%; border: 1px solid #dddddd; height: 24px;\">Widelec do deser\u00f3w<\/td>\n<td style=\"width: 16.4363%; border: 1px solid #dddddd; height: 24px;\">2.0<\/td>\n<td style=\"width: 16.4363%; border: 1px solid #dddddd; height: 24px;\">167<\/td>\n<td style=\"width: 15.2365%; border: 1px solid #dddddd; height: 24px;\">22<\/td>\n<td style=\"width: 15.6727%; border: 1px solid #dddddd; height: 24px;\">26<\/td>\n<\/tr>\n<tr style=\"height: 24px;\">\n<td style=\"width: 16.2182%; border: 1px solid #dddddd; height: 24px;\">N\u00f3\u017c do deser\u00f3w<\/td>\n<td style=\"width: 16.4363%; border: 1px solid #dddddd; height: 24px;\">4.0<\/td>\n<td style=\"width: 16.4363%; border: 1px solid #dddddd; height: 24px;\">185<\/td>\n<td style=\"width: 15.2365%; border: 1px solid #dddddd; height: 24px;\">13<\/td>\n<td style=\"width: 15.6727%; border: 1px solid #dddddd; height: 24px;\">38<\/td>\n<\/tr>\n<tr style=\"height: 24px;\">\n<td style=\"width: 16.2182%; border: 1px solid #dddddd; height: 24px;\">N\u00f3\u017c do mas\u0142a<\/td>\n<td style=\"width: 16.4363%; border: 1px solid #dddddd; height: 24px;\">2.0<\/td>\n<td style=\"width: 16.4363%; border: 1px solid #dddddd; height: 24px;\">151<\/td>\n<td style=\"width: 15.2365%; border: 1px solid #dddddd; height: 24px;\">17<\/td>\n<td style=\"width: 15.6727%; border: 1px solid #dddddd; height: 24px;\">21<\/td>\n<\/tr>\n<tr style=\"height: 24px;\">\n<td style=\"width: 16.2182%; border: 1px solid #dddddd; height: 24px;\">N\u00f3\u017c do stek\u00f3w<\/td>\n<td style=\"width: 16.4363%; border: 1px solid #dddddd; height: 24px;\">4.0<\/td>\n<td style=\"width: 16.4363%; border: 1px solid #dddddd; height: 24px;\">213<\/td>\n<td style=\"width: 15.2365%; border: 1px solid #dddddd; height: 24px;\">15<\/td>\n<td style=\"width: 15.6727%; border: 1px solid #dddddd; height: 24px;\">46<\/td>\n<\/tr>\n<tr style=\"height: 24px;\">\n<td style=\"width: 16.2182%; border: 1px solid #dddddd; height: 24px;\">\u0141y\u017cka do lodu<\/td>\n<td style=\"width: 16.4363%; border: 1px solid #dddddd; height: 24px;\">2.0<\/td>\n<td style=\"width: 16.4363%; border: 1px solid #dddddd; height: 24px;\">206<\/td>\n<td style=\"width: 15.2365%; border: 1px solid #dddddd; height: 24px;\">30<\/td>\n<td style=\"width: 15.6727%; border: 1px solid #dddddd; height: 24px;\">30<\/td>\n<\/tr>\n<\/tbody>\n<\/table>\n<h3 style=\"color: #90bf46;\">\u25b8 OPIS PRODUKTU<\/h3>\n<div id='gallery-1' class='gallery galleryid-1478 gallery-columns-4 gallery-size-large'><figure class='gallery-item'>\n\t\t\t<div class='gallery-icon landscape'>\n\t\t\t\t<a href='https:\/\/www.ideal-flatware.com\/wp-content\/uploads\/2022\/12\/Ideal-Flatware-S09703.jpg'><img width=\"700\" height=\"467\" src=\"https:\/\/www.ideal-flatware.com\/wp-content\/uploads\/2022\/12\/Ideal-Flatware-S09703.jpg\" class=\"attachment-large size-large\" alt=\"N\u00f3\u017c ze stali nierdzewnej\" decoding=\"async\" srcset=\"https:\/\/www.ideal-flatware.com\/wp-content\/uploads\/2022\/12\/Ideal-Flatware-S09703.jpg 700w, https:\/\/www.ideal-flatware.com\/wp-content\/uploads\/2022\/12\/Ideal-Flatware-S09703-600x400.jpg 600w, https:\/\/www.ideal-flatware.com\/wp-content\/uploads\/2022\/12\/Ideal-Flatware-S09703-300x200.jpg 300w\" sizes=\"(max-width: 700px) 100vw, 700px\" \/><\/a>\n\t\t\t<\/div><\/figure><figure class='gallery-item'>\n\t\t\t<div class='gallery-icon landscape'>\n\t\t\t\t<a href='https:\/\/www.ideal-flatware.com\/wp-content\/uploads\/2022\/12\/Ideal-Flatware-S09702.jpg'><img width=\"700\" height=\"467\" src=\"https:\/\/www.ideal-flatware.com\/wp-content\/uploads\/2022\/12\/Ideal-Flatware-S09702.jpg\" class=\"attachment-large size-large\" alt=\"N\u00f3\u017c ze stali nierdzewnej\" decoding=\"async\" srcset=\"https:\/\/www.ideal-flatware.com\/wp-content\/uploads\/2022\/12\/Ideal-Flatware-S09702.jpg 700w, https:\/\/www.ideal-flatware.com\/wp-content\/uploads\/2022\/12\/Ideal-Flatware-S09702-600x400.jpg 600w, https:\/\/www.ideal-flatware.com\/wp-content\/uploads\/2022\/12\/Ideal-Flatware-S09702-300x200.jpg 300w\" sizes=\"(max-width: 700px) 100vw, 700px\" \/><\/a>\n\t\t\t<\/div><\/figure><figure class='gallery-item'>\n\t\t\t<div class='gallery-icon landscape'>\n\t\t\t\t<a href='https:\/\/www.ideal-flatware.com\/wp-content\/uploads\/2022\/12\/Ideal-Flatware-S09701.jpg'><img width=\"700\" height=\"467\" src=\"https:\/\/www.ideal-flatware.com\/wp-content\/uploads\/2022\/12\/Ideal-Flatware-S09701.jpg\" class=\"attachment-large size-large\" alt=\"N\u00f3\u017c ze stali nierdzewnej\" decoding=\"async\" srcset=\"https:\/\/www.ideal-flatware.com\/wp-content\/uploads\/2022\/12\/Ideal-Flatware-S09701.jpg 700w, https:\/\/www.ideal-flatware.com\/wp-content\/uploads\/2022\/12\/Ideal-Flatware-S09701-600x400.jpg 600w, https:\/\/www.ideal-flatware.com\/wp-content\/uploads\/2022\/12\/Ideal-Flatware-S09701-300x200.jpg 300w\" sizes=\"(max-width: 700px) 100vw, 700px\" \/><\/a>\n\t\t\t<\/div><\/figure><figure class='gallery-item'>\n\t\t\t<div class='gallery-icon landscape'>\n\t\t\t\t<a href='https:\/\/www.ideal-flatware.com\/wp-content\/uploads\/2022\/12\/Ideal-Flatware-S09707.jpg'><img width=\"700\" height=\"467\" src=\"https:\/\/www.ideal-flatware.com\/wp-content\/uploads\/2022\/12\/Ideal-Flatware-S09707.jpg\" class=\"attachment-large size-large\" alt=\"N\u00f3\u017c ze stali nierdzewnej\" decoding=\"async\" srcset=\"https:\/\/www.ideal-flatware.com\/wp-content\/uploads\/2022\/12\/Ideal-Flatware-S09707.jpg 700w, https:\/\/www.ideal-flatware.com\/wp-content\/uploads\/2022\/12\/Ideal-Flatware-S09707-600x400.jpg 600w, https:\/\/www.ideal-flatware.com\/wp-content\/uploads\/2022\/12\/Ideal-Flatware-S09707-300x200.jpg 300w\" sizes=\"(max-width: 700px) 100vw, 700px\" \/><\/a>\n\t\t\t<\/div><\/figure><figure class='gallery-item'>\n\t\t\t<div class='gallery-icon landscape'>\n\t\t\t\t<a href='https:\/\/www.ideal-flatware.com\/wp-content\/uploads\/2022\/12\/Ideal-Flatware-S09706.jpg'><img width=\"700\" height=\"467\" src=\"https:\/\/www.ideal-flatware.com\/wp-content\/uploads\/2022\/12\/Ideal-Flatware-S09706.jpg\" class=\"attachment-large size-large\" alt=\"Widelec ze stali nierdzewnej\" decoding=\"async\" srcset=\"https:\/\/www.ideal-flatware.com\/wp-content\/uploads\/2022\/12\/Ideal-Flatware-S09706.jpg 700w, https:\/\/www.ideal-flatware.com\/wp-content\/uploads\/2022\/12\/Ideal-Flatware-S09706-600x400.jpg 600w, https:\/\/www.ideal-flatware.com\/wp-content\/uploads\/2022\/12\/Ideal-Flatware-S09706-300x200.jpg 300w\" sizes=\"(max-width: 700px) 100vw, 700px\" \/><\/a>\n\t\t\t<\/div><\/figure><figure class='gallery-item'>\n\t\t\t<div class='gallery-icon landscape'>\n\t\t\t\t<a href='https:\/\/www.ideal-flatware.com\/wp-content\/uploads\/2022\/12\/Ideal-Flatware-S09705.jpg'><img width=\"700\" height=\"467\" src=\"https:\/\/www.ideal-flatware.com\/wp-content\/uploads\/2022\/12\/Ideal-Flatware-S09705.jpg\" class=\"attachment-large size-large\" alt=\"Widelec ze stali nierdzewnej\" decoding=\"async\" srcset=\"https:\/\/www.ideal-flatware.com\/wp-content\/uploads\/2022\/12\/Ideal-Flatware-S09705.jpg 700w, https:\/\/www.ideal-flatware.com\/wp-content\/uploads\/2022\/12\/Ideal-Flatware-S09705-600x400.jpg 600w, https:\/\/www.ideal-flatware.com\/wp-content\/uploads\/2022\/12\/Ideal-Flatware-S09705-300x200.jpg 300w\" sizes=\"(max-width: 700px) 100vw, 700px\" \/><\/a>\n\t\t\t<\/div><\/figure><figure class='gallery-item'>\n\t\t\t<div class='gallery-icon landscape'>\n\t\t\t\t<a href='https:\/\/www.ideal-flatware.com\/wp-content\/uploads\/2022\/12\/Ideal-Flatware-S09704.jpg'><img width=\"700\" height=\"467\" src=\"https:\/\/www.ideal-flatware.com\/wp-content\/uploads\/2022\/12\/Ideal-Flatware-S09704.jpg\" class=\"attachment-large size-large\" alt=\"Widelec ze stali nierdzewnej\" decoding=\"async\" srcset=\"https:\/\/www.ideal-flatware.com\/wp-content\/uploads\/2022\/12\/Ideal-Flatware-S09704.jpg 700w, https:\/\/www.ideal-flatware.com\/wp-content\/uploads\/2022\/12\/Ideal-Flatware-S09704-600x400.jpg 600w, https:\/\/www.ideal-flatware.com\/wp-content\/uploads\/2022\/12\/Ideal-Flatware-S09704-300x200.jpg 300w\" sizes=\"(max-width: 700px) 100vw, 700px\" \/><\/a>\n\t\t\t<\/div><\/figure><figure class='gallery-item'>\n\t\t\t<div class='gallery-icon landscape'>\n\t\t\t\t<a href='https:\/\/www.ideal-flatware.com\/wp-content\/uploads\/2022\/12\/Ideal-Flatware-S09708.jpg'><img width=\"700\" height=\"467\" src=\"https:\/\/www.ideal-flatware.com\/wp-content\/uploads\/2022\/12\/Ideal-Flatware-S09708.jpg\" class=\"attachment-large size-large\" alt=\"\u0141y\u017cka ze stali nierdzewnej\" decoding=\"async\" srcset=\"https:\/\/www.ideal-flatware.com\/wp-content\/uploads\/2022\/12\/Ideal-Flatware-S09708.jpg 700w, https:\/\/www.ideal-flatware.com\/wp-content\/uploads\/2022\/12\/Ideal-Flatware-S09708-600x400.jpg 600w, https:\/\/www.ideal-flatware.com\/wp-content\/uploads\/2022\/12\/Ideal-Flatware-S09708-300x200.jpg 300w\" sizes=\"(max-width: 700px) 100vw, 700px\" \/><\/a>\n\t\t\t<\/div><\/figure><figure class='gallery-item'>\n\t\t\t<div class='gallery-icon landscape'>\n\t\t\t\t<a href='https:\/\/www.ideal-flatware.com\/wp-content\/uploads\/2022\/12\/Ideal-Flatware-S09709.jpg'><img width=\"700\" height=\"467\" src=\"https:\/\/www.ideal-flatware.com\/wp-content\/uploads\/2022\/12\/Ideal-Flatware-S09709.jpg\" class=\"attachment-large size-large\" alt=\"\u0141y\u017cka ze stali nierdzewnej\" decoding=\"async\" srcset=\"https:\/\/www.ideal-flatware.com\/wp-content\/uploads\/2022\/12\/Ideal-Flatware-S09709.jpg 700w, https:\/\/www.ideal-flatware.com\/wp-content\/uploads\/2022\/12\/Ideal-Flatware-S09709-600x400.jpg 600w, https:\/\/www.ideal-flatware.com\/wp-content\/uploads\/2022\/12\/Ideal-Flatware-S09709-300x200.jpg 300w\" sizes=\"(max-width: 700px) 100vw, 700px\" \/><\/a>\n\t\t\t<\/div><\/figure><figure class='gallery-item'>\n\t\t\t<div class='gallery-icon landscape'>\n\t\t\t\t<a href='https:\/\/www.ideal-flatware.com\/wp-content\/uploads\/2022\/12\/Ideal-Flatware-S09710.jpg'><img width=\"700\" height=\"467\" src=\"https:\/\/www.ideal-flatware.com\/wp-content\/uploads\/2022\/12\/Ideal-Flatware-S09710.jpg\" class=\"attachment-large size-large\" alt=\"\u0141y\u017cka ze stali nierdzewnej\" decoding=\"async\" srcset=\"https:\/\/www.ideal-flatware.com\/wp-content\/uploads\/2022\/12\/Ideal-Flatware-S09710.jpg 700w, https:\/\/www.ideal-flatware.com\/wp-content\/uploads\/2022\/12\/Ideal-Flatware-S09710-600x400.jpg 600w, https:\/\/www.ideal-flatware.com\/wp-content\/uploads\/2022\/12\/Ideal-Flatware-S09710-300x200.jpg 300w\" sizes=\"(max-width: 700px) 100vw, 700px\" \/><\/a>\n\t\t\t<\/div><\/figure><figure class='gallery-item'>\n\t\t\t<div class='gallery-icon landscape'>\n\t\t\t\t<a href='https:\/\/www.ideal-flatware.com\/wp-content\/uploads\/2022\/12\/Ideal-Flatware-S09711.jpg'><img width=\"700\" height=\"467\" src=\"https:\/\/www.ideal-flatware.com\/wp-content\/uploads\/2022\/12\/Ideal-Flatware-S09711.jpg\" class=\"attachment-large size-large\" alt=\"\u0141y\u017cka ze stali nierdzewnej\" decoding=\"async\" srcset=\"https:\/\/www.ideal-flatware.com\/wp-content\/uploads\/2022\/12\/Ideal-Flatware-S09711.jpg 700w, https:\/\/www.ideal-flatware.com\/wp-content\/uploads\/2022\/12\/Ideal-Flatware-S09711-600x400.jpg 600w, https:\/\/www.ideal-flatware.com\/wp-content\/uploads\/2022\/12\/Ideal-Flatware-S09711-300x200.jpg 300w\" sizes=\"(max-width: 700px) 100vw, 700px\" \/><\/a>\n\t\t\t<\/div><\/figure><figure class='gallery-item'>\n\t\t\t<div class='gallery-icon landscape'>\n\t\t\t\t<a href='https:\/\/www.ideal-flatware.com\/wp-content\/uploads\/2022\/12\/Ideal-Flatware-S09712.jpg'><img width=\"700\" height=\"467\" src=\"https:\/\/www.ideal-flatware.com\/wp-content\/uploads\/2022\/12\/Ideal-Flatware-S09712.jpg\" class=\"attachment-large size-large\" alt=\"\u0141y\u017cka ze stali nierdzewnej\" decoding=\"async\" srcset=\"https:\/\/www.ideal-flatware.com\/wp-content\/uploads\/2022\/12\/Ideal-Flatware-S09712.jpg 700w, https:\/\/www.ideal-flatware.com\/wp-content\/uploads\/2022\/12\/Ideal-Flatware-S09712-600x400.jpg 600w, https:\/\/www.ideal-flatware.com\/wp-content\/uploads\/2022\/12\/Ideal-Flatware-S09712-300x200.jpg 300w\" sizes=\"(max-width: 700px) 100vw, 700px\" \/><\/a>\n\t\t\t<\/div><\/figure>\n\t\t<\/div>\n\n<p>&nbsp;<\/p>\n<h3 style=\"color: #90bf46;\">\u25b8U\u017bYTKOWANIE I PIEL\u0118GNACJA<\/h3>\n<p><strong>U\u017bYCIE PO RAZ PIERWSZY<\/strong><br \/>\n1. Prosimy o r\u0119czne mycie zestawu sztu\u0107c\u00f3w dok\u0142adnie przy u\u017cyciu \u0142agodnego myd\u0142a lub detergentu, aby zmy\u0107 wszelkie pozosta\u0142o\u015bci po obr\u00f3bce pozostawione przy produkcji.<br \/>\n2.Sp\u0142uka\u0107 \u015bwie\u017c\u0105 wod\u0105 i natychmiast wysuszy\u0107 mi\u0119kk\u0105 szmatk\u0105 i przechowywa\u0107 w suchym miejscu.<br \/>\n<strong>CODZIENNE U\u017bYTKOWANIE<\/strong><br \/>\n1. Prosz\u0119 wyczy\u015bci\u0107 i wysuszy\u0107 sztu\u0107ce po u\u017cyciu i przechowywa\u0107 w suchym miejscu dla ich trwa\u0142o\u015bci.<br \/>\n2. Prosz\u0119 nie u\u017cywa\u0107 szczotek drucianych lub twardych g\u0105bek, aby zapobiec zarysowaniom, zachowa\u0107 g\u0142adko\u015b\u0107 sreber.<br \/>\n3. Prosz\u0119 stara\u0107 si\u0119 unika\u0107 mycia w zmywarce. Mycie r\u0119czne, a nast\u0119pnie suszenie mi\u0119kk\u0105 szmatk\u0105 lepiej ochroni Twoje srebrne naczynia.<br \/>\n4. U\u017cywaj \u0142agodnego \u015brodka czyszcz\u0105cego podczas czyszczenia, prosz\u0119 nie zostawiaj srebrnych naczy\u0144 z pozosta\u0142o\u015bciami soli lub kwasu przez d\u0142ugi czas, poniewa\u017c mo\u017ce to zwi\u0119kszy\u0107 szanse na odbarwienie i korozj\u0119.<br \/>\nUprzejme wskaz\u00f3wki: Ten zestaw sztu\u0107c\u00f3w to zestaw sztu\u0107c\u00f3w o \u015bredniej wadze, Non-heavyweight silverware lub light silverware.<\/p>\n<p>&nbsp;<\/p>","protected":false},"excerpt":{"rendered":"<p>\u3010Silverware Set\u3011 Our silverware set with square handle includes dinner knives, dinner forks, dinner spoons and tea spoons, which can satisfy most families of 4 people and meet all of your daily needs. \u3010Ergonomic Design\u3011 Ergonomic square handles and unique craft of silverware set are well designed, making the unique silverware set stand out on [&hellip;]<\/p>","protected":false},"featured_media":1479,"comment_status":"open","ping_status":"closed","template":"","meta":{"_seopress_robots_primary_cat":""},"product_cat":[20,19],"product_tag":[],"_links":{"self":[{"href":"https:\/\/www.ideal-flatware.com\/pl\/wp-json\/wp\/v2\/product\/1478"}],"collection":[{"href":"https:\/\/www.ideal-flatware.com\/pl\/wp-json\/wp\/v2\/product"}],"about":[{"href":"https:\/\/www.ideal-flatware.com\/pl\/wp-json\/wp\/v2\/types\/product"}],"replies":[{"embeddable":true,"href":"https:\/\/www.ideal-flatware.com\/pl\/wp-json\/wp\/v2\/comments?post=1478"}],"version-history":[{"count":11,"href":"https:\/\/www.ideal-flatware.com\/pl\/wp-json\/wp\/v2\/product\/1478\/revisions"}],"predecessor-version":[{"id":2739,"href":"https:\/\/www.ideal-flatware.com\/pl\/wp-json\/wp\/v2\/product\/1478\/revisions\/2739"}],"wp:featuredmedia":[{"embeddable":true,"href":"https:\/\/www.ideal-flatware.com\/pl\/wp-json\/wp\/v2\/media\/1479"}],"wp:attachment":[{"href":"https:\/\/www.ideal-flatware.com\/pl\/wp-json\/wp\/v2\/media?parent=1478"}],"wp:term":[{"taxonomy":"product_cat","embeddable":true,"href":"https:\/\/www.ideal-flatware.com\/pl\/wp-json\/wp\/v2\/product_cat?post=1478"},{"taxonomy":"product_tag","embeddable":true,"href":"https:\/\/www.ideal-flatware.com\/pl\/wp-json\/wp\/v2\/product_tag?post=1478"}],"curies":[{"name":"wp","href":"https:\/\/api.w.org\/{rel}","templated":true}]}}