{"id":1773,"date":"2022-12-17T09:29:51","date_gmt":"2022-12-17T09:29:51","guid":{"rendered":"https:\/\/test.ideal-flatware.com\/?post_type=product&#038;p=1773"},"modified":"2023-01-04T02:54:00","modified_gmt":"2023-01-04T02:54:00","slug":"s030-classic-design-wholesale-cutlery-factory-directly-supply-stainless-steel-cutlery-set","status":"publish","type":"product","link":"https:\/\/www.ideal-flatware.com\/pl\/produkt\/s030-classic-design-wholesale-cutlery-factory-directly-supply-stainless-steel-cutlery-set\/","title":{"rendered":"S030 Klasyczny design hurtownia sztu\u0107c\u00f3w fabryka bezpo\u015brednio dostarcza zestaw sztu\u0107c\u00f3w ze stali nierdzewnej"},"content":{"rendered":"<p><img fetchpriority=\"high\" decoding=\"async\" class=\"aligncenter wp-image-1774 size-full\" src=\"https:\/\/test.ideal-flatware.com\/wp-content\/uploads\/2022\/12\/S030.jpg\" alt=\"\" width=\"700\" height=\"700\" srcset=\"https:\/\/www.ideal-flatware.com\/wp-content\/uploads\/2022\/12\/S030.jpg 700w, https:\/\/www.ideal-flatware.com\/wp-content\/uploads\/2022\/12\/S030-600x600.jpg 600w, https:\/\/www.ideal-flatware.com\/wp-content\/uploads\/2022\/12\/S030-100x100.jpg 100w, https:\/\/www.ideal-flatware.com\/wp-content\/uploads\/2022\/12\/S030-300x300.jpg 300w, https:\/\/www.ideal-flatware.com\/wp-content\/uploads\/2022\/12\/S030-150x150.jpg 150w\" sizes=\"(max-width: 700px) 100vw, 700px\" \/><\/p>\n<p>&nbsp;<\/p>","protected":false},"excerpt":{"rendered":"<p>&nbsp;<\/p>","protected":false},"featured_media":1774,"comment_status":"open","ping_status":"closed","template":"","meta":{"_seopress_robots_primary_cat":""},"product_cat":[19],"product_tag":[],"_links":{"self":[{"href":"https:\/\/www.ideal-flatware.com\/pl\/wp-json\/wp\/v2\/product\/1773"}],"collection":[{"href":"https:\/\/www.ideal-flatware.com\/pl\/wp-json\/wp\/v2\/product"}],"about":[{"href":"https:\/\/www.ideal-flatware.com\/pl\/wp-json\/wp\/v2\/types\/product"}],"replies":[{"embeddable":true,"href":"https:\/\/www.ideal-flatware.com\/pl\/wp-json\/wp\/v2\/comments?post=1773"}],"version-history":[{"count":2,"href":"https:\/\/www.ideal-flatware.com\/pl\/wp-json\/wp\/v2\/product\/1773\/revisions"}],"predecessor-version":[{"id":2813,"href":"https:\/\/www.ideal-flatware.com\/pl\/wp-json\/wp\/v2\/product\/1773\/revisions\/2813"}],"wp:featuredmedia":[{"embeddable":true,"href":"https:\/\/www.ideal-flatware.com\/pl\/wp-json\/wp\/v2\/media\/1774"}],"wp:attachment":[{"href":"https:\/\/www.ideal-flatware.com\/pl\/wp-json\/wp\/v2\/media?parent=1773"}],"wp:term":[{"taxonomy":"product_cat","embeddable":true,"href":"https:\/\/www.ideal-flatware.com\/pl\/wp-json\/wp\/v2\/product_cat?post=1773"},{"taxonomy":"product_tag","embeddable":true,"href":"https:\/\/www.ideal-flatware.com\/pl\/wp-json\/wp\/v2\/product_tag?post=1773"}],"curies":[{"name":"wp","href":"https:\/\/api.w.org\/{rel}","templated":true}]}}