{"id":1892,"date":"2022-12-19T06:52:14","date_gmt":"2022-12-19T06:52:14","guid":{"rendered":"https:\/\/test.ideal-flatware.com\/?post_type=product&#038;p=1892"},"modified":"2022-12-29T03:06:43","modified_gmt":"2022-12-29T03:06:43","slug":"s007-410-430-304-stainless-steel-knife-fork-spoon-4-pcs-tableware-home-use-wholesale-mirror-polishing","status":"publish","type":"product","link":"https:\/\/www.ideal-flatware.com\/pl\/produkt\/s007-410-430-304-stainless-steel-knife-fork-spoon-4-pcs-tableware-home-use-wholesale-mirror-polishing\/","title":{"rendered":"S007 410\/430\/304 n\u00f3\u017c ze stali nierdzewnej widelec \u0142y\u017cka 4 szt zastawa sto\u0142owa do u\u017cytku domowego hurtownia polerowanie lustrzane"},"content":{"rendered":"<p><img fetchpriority=\"high\" decoding=\"async\" class=\"aligncenter wp-image-1893 size-full\" src=\"https:\/\/test.ideal-flatware.com\/wp-content\/uploads\/2022\/12\/S007.jpg\" alt=\"\" width=\"700\" height=\"700\" srcset=\"https:\/\/www.ideal-flatware.com\/wp-content\/uploads\/2022\/12\/S007.jpg 700w, https:\/\/www.ideal-flatware.com\/wp-content\/uploads\/2022\/12\/S007-600x600.jpg 600w, https:\/\/www.ideal-flatware.com\/wp-content\/uploads\/2022\/12\/S007-100x100.jpg 100w, https:\/\/www.ideal-flatware.com\/wp-content\/uploads\/2022\/12\/S007-300x300.jpg 300w, https:\/\/www.ideal-flatware.com\/wp-content\/uploads\/2022\/12\/S007-150x150.jpg 150w\" sizes=\"(max-width: 700px) 100vw, 700px\" \/><\/p>\n<p>&nbsp;<\/p>\n<h3 style=\"color: #90bf46;\">\u25b8 PARAMETRY PRODUKTU<\/h3>\n<table style=\"height: 121px; width: 100%; border-collapse: collapse; border-style: solid; border-color: #dddddd;\" border=\"1\">\n<tbody>\n<tr style=\"height: 24px;\">\n<td style=\"width: 20%; height: 24px; border: 1px solid #dddddd; background-color: #f2f2f2;\">Item No:<\/td>\n<td style=\"width: 20%; height: 24px; border: 1px solid #dddddd; background-color: #f2f2f2;\">Nazwa<\/td>\n<td style=\"width: 20%; height: 24px; border: 1px solid #dddddd; background-color: #f2f2f2;\">D\u0142ugo\u015b\u0107(mm)<\/td>\n<td style=\"width: 19.8882%; height: 24px; border: 1px solid #dddddd; background-color: #f2f2f2;\">Szeroko\u015b\u0107(mm)<\/td>\n<td style=\"width: 20.1118%; height: 24px; border: 1px solid #dddddd; background-color: #f2f2f2;\">Waga(g)<\/td>\n<\/tr>\n<tr style=\"height: 24px;\">\n<td style=\"width: 20%; height: 97px; border: 1px solid #dddddd; vertical-align: middle;\" rowspan=\"4\">S007<\/td>\n<td style=\"width: 20%; height: 24px; border: 1px solid #dddddd;\">N\u00f3\u017c sto\u0142owy<\/td>\n<td style=\"width: 20%; height: 24px; border: 1px solid #dddddd;\">223<\/td>\n<td style=\"width: 19.8882%; height: 24px; border: 1px solid #dddddd;\">14<\/td>\n<td style=\"width: 20.1118%; height: 24px; border: 1px solid #dddddd;\">63<\/td>\n<\/tr>\n<tr style=\"height: 24px;\">\n<td style=\"width: 20%; height: 25px; border: 1px solid #dddddd;\">Wide\u0142ki tabeli<\/td>\n<td style=\"width: 20%; height: 25px; border: 1px solid #dddddd;\">194<\/td>\n<td style=\"width: 19.8882%; height: 25px; border: 1px solid #dddddd;\">24<\/td>\n<td style=\"width: 20.1118%; height: 25px; border: 1px solid #dddddd;\">33<\/td>\n<\/tr>\n<tr style=\"height: 24px;\">\n<td style=\"width: 20%; height: 24px; border: 1px solid #dddddd;\">\u0141y\u017cka sto\u0142owa<\/td>\n<td style=\"width: 20%; height: 24px; border: 1px solid #dddddd;\">197<\/td>\n<td style=\"width: 19.8882%; height: 24px; border: 1px solid #dddddd;\">45<\/td>\n<td style=\"width: 20.1118%; height: 24px; border: 1px solid #dddddd;\">43<\/td>\n<\/tr>\n<tr style=\"height: 24px;\">\n<td style=\"width: 20%; height: 24px; border: 1px solid #dddddd;\">\u0141y\u017ceczka do herbaty<\/td>\n<td style=\"width: 20%; height: 24px; border: 1px solid #dddddd;\">136<\/td>\n<td style=\"width: 19.8882%; height: 24px; border: 1px solid #dddddd;\">30<\/td>\n<td style=\"width: 20.1118%; height: 24px; border: 1px solid #dddddd;\">18<\/td>\n<\/tr>\n<\/tbody>\n<\/table>\n<h3 style=\"color: #90bf46;\">\u25b8 OPIS PRODUKTU<\/h3>\n<div id='gallery-1' class='gallery galleryid-1892 gallery-columns-4 gallery-size-full'><figure class='gallery-item'>\n\t\t\t<div class='gallery-icon landscape'>\n\t\t\t\t<a href='https:\/\/www.ideal-flatware.com\/wp-content\/uploads\/2022\/12\/S007-1.jpg'><img width=\"700\" height=\"700\" src=\"https:\/\/www.ideal-flatware.com\/wp-content\/uploads\/2022\/12\/S007-1.jpg\" class=\"attachment-full size-full\" alt=\"P\u0142askie sztu\u0107ce ze stali nierdzewnej\" decoding=\"async\" srcset=\"https:\/\/www.ideal-flatware.com\/wp-content\/uploads\/2022\/12\/S007-1.jpg 700w, https:\/\/www.ideal-flatware.com\/wp-content\/uploads\/2022\/12\/S007-1-600x600.jpg 600w, https:\/\/www.ideal-flatware.com\/wp-content\/uploads\/2022\/12\/S007-1-100x100.jpg 100w, https:\/\/www.ideal-flatware.com\/wp-content\/uploads\/2022\/12\/S007-1-300x300.jpg 300w, https:\/\/www.ideal-flatware.com\/wp-content\/uploads\/2022\/12\/S007-1-150x150.jpg 150w\" sizes=\"(max-width: 700px) 100vw, 700px\" \/><\/a>\n\t\t\t<\/div><\/figure><figure class='gallery-item'>\n\t\t\t<div class='gallery-icon landscape'>\n\t\t\t\t<a href='https:\/\/www.ideal-flatware.com\/wp-content\/uploads\/2022\/12\/S007-2.jpg'><img width=\"700\" height=\"700\" src=\"https:\/\/www.ideal-flatware.com\/wp-content\/uploads\/2022\/12\/S007-2.jpg\" class=\"attachment-full size-full\" alt=\"P\u0142askie sztu\u0107ce ze stali nierdzewnej\" decoding=\"async\" srcset=\"https:\/\/www.ideal-flatware.com\/wp-content\/uploads\/2022\/12\/S007-2.jpg 700w, https:\/\/www.ideal-flatware.com\/wp-content\/uploads\/2022\/12\/S007-2-600x600.jpg 600w, https:\/\/www.ideal-flatware.com\/wp-content\/uploads\/2022\/12\/S007-2-100x100.jpg 100w, https:\/\/www.ideal-flatware.com\/wp-content\/uploads\/2022\/12\/S007-2-300x300.jpg 300w, https:\/\/www.ideal-flatware.com\/wp-content\/uploads\/2022\/12\/S007-2-150x150.jpg 150w\" sizes=\"(max-width: 700px) 100vw, 700px\" \/><\/a>\n\t\t\t<\/div><\/figure><figure class='gallery-item'>\n\t\t\t<div class='gallery-icon landscape'>\n\t\t\t\t<a href='https:\/\/www.ideal-flatware.com\/wp-content\/uploads\/2022\/12\/S007-3.jpg'><img width=\"700\" height=\"700\" src=\"https:\/\/www.ideal-flatware.com\/wp-content\/uploads\/2022\/12\/S007-3.jpg\" class=\"attachment-full size-full\" alt=\"Sztu\u0107ce ze stali nierdzewnej\" decoding=\"async\" srcset=\"https:\/\/www.ideal-flatware.com\/wp-content\/uploads\/2022\/12\/S007-3.jpg 700w, https:\/\/www.ideal-flatware.com\/wp-content\/uploads\/2022\/12\/S007-3-600x600.jpg 600w, https:\/\/www.ideal-flatware.com\/wp-content\/uploads\/2022\/12\/S007-3-100x100.jpg 100w, https:\/\/www.ideal-flatware.com\/wp-content\/uploads\/2022\/12\/S007-3-300x300.jpg 300w, https:\/\/www.ideal-flatware.com\/wp-content\/uploads\/2022\/12\/S007-3-150x150.jpg 150w\" sizes=\"(max-width: 700px) 100vw, 700px\" \/><\/a>\n\t\t\t<\/div><\/figure><figure class='gallery-item'>\n\t\t\t<div class='gallery-icon landscape'>\n\t\t\t\t<a href='https:\/\/www.ideal-flatware.com\/wp-content\/uploads\/2022\/12\/S007-4.jpg'><img width=\"700\" height=\"700\" src=\"https:\/\/www.ideal-flatware.com\/wp-content\/uploads\/2022\/12\/S007-4.jpg\" class=\"attachment-full size-full\" alt=\"Sztu\u0107ce ze stali nierdzewnej\" decoding=\"async\" srcset=\"https:\/\/www.ideal-flatware.com\/wp-content\/uploads\/2022\/12\/S007-4.jpg 700w, https:\/\/www.ideal-flatware.com\/wp-content\/uploads\/2022\/12\/S007-4-600x600.jpg 600w, https:\/\/www.ideal-flatware.com\/wp-content\/uploads\/2022\/12\/S007-4-100x100.jpg 100w, https:\/\/www.ideal-flatware.com\/wp-content\/uploads\/2022\/12\/S007-4-300x300.jpg 300w, https:\/\/www.ideal-flatware.com\/wp-content\/uploads\/2022\/12\/S007-4-150x150.jpg 150w\" sizes=\"(max-width: 700px) 100vw, 700px\" \/><\/a>\n\t\t\t<\/div><\/figure>\n\t\t<\/div>","protected":false},"excerpt":{"rendered":"<p>&nbsp; PARAMETRY PRODUKTU Nr artyku\u0142u: Nazwa D\u0142ugo\u015b\u0107(mm) Szeroko\u015b\u0107(mm) Waga(g) S007 N\u00f3\u017c sto\u0142owy 223 14 63 Widelec sto\u0142owy 194 24 33 \u0141y\u017cka sto\u0142owa 197 45 43 \u0141y\u017ceczka do herbaty 136 30 18 \u25b8 OPIS PRODUKTU<\/p>","protected":false},"featured_media":1893,"comment_status":"open","ping_status":"closed","template":"","meta":{"_seopress_robots_primary_cat":""},"product_cat":[19],"product_tag":[],"_links":{"self":[{"href":"https:\/\/www.ideal-flatware.com\/pl\/wp-json\/wp\/v2\/product\/1892"}],"collection":[{"href":"https:\/\/www.ideal-flatware.com\/pl\/wp-json\/wp\/v2\/product"}],"about":[{"href":"https:\/\/www.ideal-flatware.com\/pl\/wp-json\/wp\/v2\/types\/product"}],"replies":[{"embeddable":true,"href":"https:\/\/www.ideal-flatware.com\/pl\/wp-json\/wp\/v2\/comments?post=1892"}],"version-history":[{"count":2,"href":"https:\/\/www.ideal-flatware.com\/pl\/wp-json\/wp\/v2\/product\/1892\/revisions"}],"predecessor-version":[{"id":2822,"href":"https:\/\/www.ideal-flatware.com\/pl\/wp-json\/wp\/v2\/product\/1892\/revisions\/2822"}],"wp:featuredmedia":[{"embeddable":true,"href":"https:\/\/www.ideal-flatware.com\/pl\/wp-json\/wp\/v2\/media\/1893"}],"wp:attachment":[{"href":"https:\/\/www.ideal-flatware.com\/pl\/wp-json\/wp\/v2\/media?parent=1892"}],"wp:term":[{"taxonomy":"product_cat","embeddable":true,"href":"https:\/\/www.ideal-flatware.com\/pl\/wp-json\/wp\/v2\/product_cat?post=1892"},{"taxonomy":"product_tag","embeddable":true,"href":"https:\/\/www.ideal-flatware.com\/pl\/wp-json\/wp\/v2\/product_tag?post=1892"}],"curies":[{"name":"wp","href":"https:\/\/api.w.org\/{rel}","templated":true}]}}