{"id":2146,"date":"2022-12-20T02:43:08","date_gmt":"2022-12-20T02:43:08","guid":{"rendered":"https:\/\/test.ideal-flatware.com\/?post_type=product&#038;p=2146"},"modified":"2022-12-29T06:39:21","modified_gmt":"2022-12-29T06:39:21","slug":"h068-wholesale-factory-price-flat-tableware-set-stainless-steel-table-flatware-set-with-embossed","status":"publish","type":"product","link":"https:\/\/www.ideal-flatware.com\/pl\/produkt\/h068-hurtownia-fabryczna-cena-zestaw-plaskich-naczyn-stolowych-stal-nierdzewna-zestaw-plaskich-naczyn-stolowych-z-tloczeniem\/","title":{"rendered":"H068 Hurtowa cena fabryczna p\u0142aska zastawa sto\u0142owa zestaw zastawy sto\u0142owej ze stali nierdzewnej z wyt\u0142oczeniem"},"content":{"rendered":"<p><img fetchpriority=\"high\" decoding=\"async\" class=\"aligncenter wp-image-2147 size-full\" src=\"https:\/\/test.ideal-flatware.com\/wp-content\/uploads\/2022\/12\/H068.jpg\" alt=\"\" width=\"700\" height=\"700\" srcset=\"https:\/\/www.ideal-flatware.com\/wp-content\/uploads\/2022\/12\/H068.jpg 700w, https:\/\/www.ideal-flatware.com\/wp-content\/uploads\/2022\/12\/H068-600x600.jpg 600w, https:\/\/www.ideal-flatware.com\/wp-content\/uploads\/2022\/12\/H068-100x100.jpg 100w, https:\/\/www.ideal-flatware.com\/wp-content\/uploads\/2022\/12\/H068-300x300.jpg 300w, https:\/\/www.ideal-flatware.com\/wp-content\/uploads\/2022\/12\/H068-150x150.jpg 150w\" sizes=\"(max-width: 700px) 100vw, 700px\" \/><\/p>\n<p>&nbsp;<\/p>\n<h3 style=\"color: #90bf46;\">\u25b8 PARAMETRY PRODUKTU<\/h3>\n<table style=\"height: 121px; width: 100%; border-collapse: collapse; border-style: solid; border-color: #dddddd;\" border=\"1\">\n<tbody>\n<tr style=\"height: 24px;\">\n<td style=\"width: 20%; height: 24px; border: 1px solid #dddddd; background-color: #f2f2f2;\">Item No:<\/td>\n<td style=\"width: 20%; height: 24px; border: 1px solid #dddddd; background-color: #f2f2f2;\">Nazwa<\/td>\n<td style=\"width: 20%; height: 24px; border: 1px solid #dddddd; background-color: #f2f2f2;\">D\u0142ugo\u015b\u0107(mm)<\/td>\n<td style=\"width: 19.8882%; height: 24px; border: 1px solid #dddddd; background-color: #f2f2f2;\">Szeroko\u015b\u0107(mm)<\/td>\n<td style=\"width: 20.1118%; height: 24px; border: 1px solid #dddddd; background-color: #f2f2f2;\">Waga(g)<\/td>\n<\/tr>\n<tr style=\"height: 24px;\">\n<td style=\"width: 20%; height: 97px; border: 1px solid #dddddd; vertical-align: middle;\" rowspan=\"4\">H068<\/td>\n<td style=\"width: 20%; height: 24px; border: 1px solid #dddddd;\">N\u00f3\u017c sto\u0142owy<\/td>\n<td style=\"width: 20%; height: 24px; border: 1px solid #dddddd;\">228<\/td>\n<td style=\"width: 19.8882%; height: 24px; border: 1px solid #dddddd;\">23<\/td>\n<td style=\"width: 20.1118%; height: 24px; border: 1px solid #dddddd;\">78<\/td>\n<\/tr>\n<tr style=\"height: 24px;\">\n<td style=\"width: 20%; height: 25px; border: 1px solid #dddddd;\">Wide\u0142ki tabeli<\/td>\n<td style=\"width: 20%; height: 25px; border: 1px solid #dddddd;\">198<\/td>\n<td style=\"width: 19.8882%; height: 25px; border: 1px solid #dddddd;\">24<\/td>\n<td style=\"width: 20.1118%; height: 25px; border: 1px solid #dddddd;\">34<\/td>\n<\/tr>\n<tr style=\"height: 24px;\">\n<td style=\"width: 20%; height: 24px; border: 1px solid #dddddd;\">\u0141y\u017cka sto\u0142owa<\/td>\n<td style=\"width: 20%; height: 24px; border: 1px solid #dddddd;\">197<\/td>\n<td style=\"width: 19.8882%; height: 24px; border: 1px solid #dddddd;\">44<\/td>\n<td style=\"width: 20.1118%; height: 24px; border: 1px solid #dddddd;\">39<\/td>\n<\/tr>\n<tr style=\"height: 24px;\">\n<td style=\"width: 20%; height: 24px; border: 1px solid #dddddd;\">\u0141y\u017ceczka do herbaty<\/td>\n<td style=\"width: 20%; height: 24px; border: 1px solid #dddddd;\">144<\/td>\n<td style=\"width: 19.8882%; height: 24px; border: 1px solid #dddddd;\">29<\/td>\n<td style=\"width: 20.1118%; height: 24px; border: 1px solid #dddddd;\">19<\/td>\n<\/tr>\n<\/tbody>\n<\/table>\n<h3 style=\"color: #90bf46;\">\u25b8 OPIS PRODUKTU<\/h3>\n<div id='gallery-1' class='gallery galleryid-2146 gallery-columns-4 gallery-size-full'><figure class='gallery-item'>\n\t\t\t<div class='gallery-icon landscape'>\n\t\t\t\t<a href='https:\/\/www.ideal-flatware.com\/wp-content\/uploads\/2022\/12\/H068-1.jpg'><img width=\"700\" height=\"700\" src=\"https:\/\/www.ideal-flatware.com\/wp-content\/uploads\/2022\/12\/H068-1.jpg\" class=\"attachment-full size-full\" alt=\"N\u00f3\u017c ze stali nierdzewnej\" decoding=\"async\" srcset=\"https:\/\/www.ideal-flatware.com\/wp-content\/uploads\/2022\/12\/H068-1.jpg 700w, https:\/\/www.ideal-flatware.com\/wp-content\/uploads\/2022\/12\/H068-1-600x600.jpg 600w, https:\/\/www.ideal-flatware.com\/wp-content\/uploads\/2022\/12\/H068-1-100x100.jpg 100w, https:\/\/www.ideal-flatware.com\/wp-content\/uploads\/2022\/12\/H068-1-300x300.jpg 300w, https:\/\/www.ideal-flatware.com\/wp-content\/uploads\/2022\/12\/H068-1-150x150.jpg 150w\" sizes=\"(max-width: 700px) 100vw, 700px\" \/><\/a>\n\t\t\t<\/div><\/figure><figure class='gallery-item'>\n\t\t\t<div class='gallery-icon landscape'>\n\t\t\t\t<a href='https:\/\/www.ideal-flatware.com\/wp-content\/uploads\/2022\/12\/H068-2.jpg'><img width=\"700\" height=\"700\" src=\"https:\/\/www.ideal-flatware.com\/wp-content\/uploads\/2022\/12\/H068-2.jpg\" class=\"attachment-full size-full\" alt=\"\u0141y\u017cka ze stali nierdzewnej\" decoding=\"async\" srcset=\"https:\/\/www.ideal-flatware.com\/wp-content\/uploads\/2022\/12\/H068-2.jpg 700w, https:\/\/www.ideal-flatware.com\/wp-content\/uploads\/2022\/12\/H068-2-600x600.jpg 600w, https:\/\/www.ideal-flatware.com\/wp-content\/uploads\/2022\/12\/H068-2-100x100.jpg 100w, https:\/\/www.ideal-flatware.com\/wp-content\/uploads\/2022\/12\/H068-2-300x300.jpg 300w, https:\/\/www.ideal-flatware.com\/wp-content\/uploads\/2022\/12\/H068-2-150x150.jpg 150w\" sizes=\"(max-width: 700px) 100vw, 700px\" \/><\/a>\n\t\t\t<\/div><\/figure><figure class='gallery-item'>\n\t\t\t<div class='gallery-icon landscape'>\n\t\t\t\t<a href='https:\/\/www.ideal-flatware.com\/wp-content\/uploads\/2022\/12\/H068-3.jpg'><img width=\"700\" height=\"700\" src=\"https:\/\/www.ideal-flatware.com\/wp-content\/uploads\/2022\/12\/H068-3.jpg\" class=\"attachment-full size-full\" alt=\"\u0141y\u017cka ze stali nierdzewnej\" decoding=\"async\" srcset=\"https:\/\/www.ideal-flatware.com\/wp-content\/uploads\/2022\/12\/H068-3.jpg 700w, https:\/\/www.ideal-flatware.com\/wp-content\/uploads\/2022\/12\/H068-3-600x600.jpg 600w, https:\/\/www.ideal-flatware.com\/wp-content\/uploads\/2022\/12\/H068-3-100x100.jpg 100w, https:\/\/www.ideal-flatware.com\/wp-content\/uploads\/2022\/12\/H068-3-300x300.jpg 300w, https:\/\/www.ideal-flatware.com\/wp-content\/uploads\/2022\/12\/H068-3-150x150.jpg 150w\" sizes=\"(max-width: 700px) 100vw, 700px\" \/><\/a>\n\t\t\t<\/div><\/figure><figure class='gallery-item'>\n\t\t\t<div class='gallery-icon landscape'>\n\t\t\t\t<a href='https:\/\/www.ideal-flatware.com\/wp-content\/uploads\/2022\/12\/H068-4.jpg'><img width=\"700\" height=\"700\" src=\"https:\/\/www.ideal-flatware.com\/wp-content\/uploads\/2022\/12\/H068-4.jpg\" class=\"attachment-full size-full\" alt=\"Widelec ze stali nierdzewnej\" decoding=\"async\" srcset=\"https:\/\/www.ideal-flatware.com\/wp-content\/uploads\/2022\/12\/H068-4.jpg 700w, https:\/\/www.ideal-flatware.com\/wp-content\/uploads\/2022\/12\/H068-4-600x600.jpg 600w, https:\/\/www.ideal-flatware.com\/wp-content\/uploads\/2022\/12\/H068-4-100x100.jpg 100w, https:\/\/www.ideal-flatware.com\/wp-content\/uploads\/2022\/12\/H068-4-300x300.jpg 300w, https:\/\/www.ideal-flatware.com\/wp-content\/uploads\/2022\/12\/H068-4-150x150.jpg 150w\" sizes=\"(max-width: 700px) 100vw, 700px\" \/><\/a>\n\t\t\t<\/div><\/figure><figure class='gallery-item'>\n\t\t\t<div class='gallery-icon portrait'>\n\t\t\t\t<a href='https:\/\/www.ideal-flatware.com\/wp-content\/uploads\/2022\/12\/Ideal-Flatware-H06801.jpg'><img width=\"700\" height=\"996\" src=\"https:\/\/www.ideal-flatware.com\/wp-content\/uploads\/2022\/12\/Ideal-Flatware-H06801.jpg\" class=\"attachment-full size-full\" alt=\"Zastawa sto\u0142owa ze stali nierdzewnej\" decoding=\"async\" srcset=\"https:\/\/www.ideal-flatware.com\/wp-content\/uploads\/2022\/12\/Ideal-Flatware-H06801.jpg 700w, https:\/\/www.ideal-flatware.com\/wp-content\/uploads\/2022\/12\/Ideal-Flatware-H06801-600x854.jpg 600w, https:\/\/www.ideal-flatware.com\/wp-content\/uploads\/2022\/12\/Ideal-Flatware-H06801-211x300.jpg 211w\" sizes=\"(max-width: 700px) 100vw, 700px\" \/><\/a>\n\t\t\t<\/div><\/figure>\n\t\t<\/div>","protected":false},"excerpt":{"rendered":"<p>&nbsp; PARAMETRY PRODUKTU Nr artyku\u0142u: Nazwa D\u0142ugo\u015b\u0107(mm) Szeroko\u015b\u0107(mm) Waga(g) H068 N\u00f3\u017c sto\u0142owy 228 23 78 Widelec sto\u0142owy 198 24 34 \u0141y\u017cka sto\u0142owa 197 44 39 \u0141y\u017ceczka do herbaty 144 29 19 \u25b8 OPIS PRODUKTU<\/p>","protected":false},"featured_media":2147,"comment_status":"open","ping_status":"closed","template":"","meta":{"_seopress_robots_primary_cat":""},"product_cat":[19],"product_tag":[],"_links":{"self":[{"href":"https:\/\/www.ideal-flatware.com\/pl\/wp-json\/wp\/v2\/product\/2146"}],"collection":[{"href":"https:\/\/www.ideal-flatware.com\/pl\/wp-json\/wp\/v2\/product"}],"about":[{"href":"https:\/\/www.ideal-flatware.com\/pl\/wp-json\/wp\/v2\/types\/product"}],"replies":[{"embeddable":true,"href":"https:\/\/www.ideal-flatware.com\/pl\/wp-json\/wp\/v2\/comments?post=2146"}],"version-history":[{"count":2,"href":"https:\/\/www.ideal-flatware.com\/pl\/wp-json\/wp\/v2\/product\/2146\/revisions"}],"predecessor-version":[{"id":2838,"href":"https:\/\/www.ideal-flatware.com\/pl\/wp-json\/wp\/v2\/product\/2146\/revisions\/2838"}],"wp:featuredmedia":[{"embeddable":true,"href":"https:\/\/www.ideal-flatware.com\/pl\/wp-json\/wp\/v2\/media\/2147"}],"wp:attachment":[{"href":"https:\/\/www.ideal-flatware.com\/pl\/wp-json\/wp\/v2\/media?parent=2146"}],"wp:term":[{"taxonomy":"product_cat","embeddable":true,"href":"https:\/\/www.ideal-flatware.com\/pl\/wp-json\/wp\/v2\/product_cat?post=2146"},{"taxonomy":"product_tag","embeddable":true,"href":"https:\/\/www.ideal-flatware.com\/pl\/wp-json\/wp\/v2\/product_tag?post=2146"}],"curies":[{"name":"wp","href":"https:\/\/api.w.org\/{rel}","templated":true}]}}