{"id":2468,"date":"2022-12-22T02:27:08","date_gmt":"2022-12-22T02:27:08","guid":{"rendered":"https:\/\/test.ideal-flatware.com\/?post_type=product&#038;p=2468"},"modified":"2022-12-22T02:28:00","modified_gmt":"2022-12-22T02:28:00","slug":"p087-hot-sell-modern-silverware-stainless-steel-cutlery-box-packaging","status":"publish","type":"product","link":"https:\/\/www.ideal-flatware.com\/pl\/produkt\/p087-hot-sell-modern-silverware-stainless-steel-cutlery-box-packaging\/","title":{"rendered":"P087 Gor\u0105co sprzedawane nowoczesne sztu\u0107ce ze stali nierdzewnej opakowanie na sztu\u0107ce"},"content":{"rendered":"<p><img fetchpriority=\"high\" decoding=\"async\" class=\"aligncenter wp-image-2469 size-full\" src=\"https:\/\/test.ideal-flatware.com\/wp-content\/uploads\/2022\/12\/Ideal-Flatware-P087.jpg\" alt=\"\" width=\"700\" height=\"700\" srcset=\"https:\/\/www.ideal-flatware.com\/wp-content\/uploads\/2022\/12\/Ideal-Flatware-P087.jpg 700w, https:\/\/www.ideal-flatware.com\/wp-content\/uploads\/2022\/12\/Ideal-Flatware-P087-600x600.jpg 600w, https:\/\/www.ideal-flatware.com\/wp-content\/uploads\/2022\/12\/Ideal-Flatware-P087-100x100.jpg 100w, https:\/\/www.ideal-flatware.com\/wp-content\/uploads\/2022\/12\/Ideal-Flatware-P087-300x300.jpg 300w, https:\/\/www.ideal-flatware.com\/wp-content\/uploads\/2022\/12\/Ideal-Flatware-P087-150x150.jpg 150w\" sizes=\"(max-width: 700px) 100vw, 700px\" \/><\/p>\n<p>&nbsp;<\/p>\n<h3 style=\"color: #90bf46;\"><\/h3>\n<h3 style=\"color: #90bf46;\">\u25b8 Pakiet sztu\u0107c\u00f3w\uff1a<\/h3>\n<p>1. Mamy pude\u0142ka na prezenty dla Ciebie choose.If nie lubisz naszego opakowania lub maj\u0105 swoje w\u0142asne pomys\u0142y, dostosowane jest mile widziane.<br \/>\n2. To trwa 10-15 dni dla MOQ. Mamy du\u017ce mo\u017cliwo\u015bci produkcyjne, kt\u00f3re mog\u0105 zapewni\u0107 szybki czas dostawy nawet dla du\u017cej ilo\u015bci.<br \/>\n3. Zazwyczaj 1szt\/pp torba, 50-100szt w 1 wi\u0105zk\u0119, 800-1000szt w 1 karton.<\/p>\n<p>&nbsp;<\/p>","protected":false},"excerpt":{"rendered":"<p>&nbsp; \u25b8 Cutlery Package\uff1a 1. We have gift boxes for you choose.If you don&#8217;t like our packaging or have your own ideas,customized is welcome. 2. It takes 10-15 days for MOQ. We have large production capacity, which can ensure fast delivery time even for large quantity. 3. Usually 1pc\/pp bag, 50-100pcs into 1 bundle, 800-1000pcs [&hellip;]<\/p>","protected":false},"featured_media":2469,"comment_status":"open","ping_status":"closed","template":"","meta":{"_seopress_robots_primary_cat":""},"product_cat":[21],"product_tag":[],"_links":{"self":[{"href":"https:\/\/www.ideal-flatware.com\/pl\/wp-json\/wp\/v2\/product\/2468"}],"collection":[{"href":"https:\/\/www.ideal-flatware.com\/pl\/wp-json\/wp\/v2\/product"}],"about":[{"href":"https:\/\/www.ideal-flatware.com\/pl\/wp-json\/wp\/v2\/types\/product"}],"replies":[{"embeddable":true,"href":"https:\/\/www.ideal-flatware.com\/pl\/wp-json\/wp\/v2\/comments?post=2468"}],"version-history":[{"count":1,"href":"https:\/\/www.ideal-flatware.com\/pl\/wp-json\/wp\/v2\/product\/2468\/revisions"}],"predecessor-version":[{"id":2470,"href":"https:\/\/www.ideal-flatware.com\/pl\/wp-json\/wp\/v2\/product\/2468\/revisions\/2470"}],"wp:featuredmedia":[{"embeddable":true,"href":"https:\/\/www.ideal-flatware.com\/pl\/wp-json\/wp\/v2\/media\/2469"}],"wp:attachment":[{"href":"https:\/\/www.ideal-flatware.com\/pl\/wp-json\/wp\/v2\/media?parent=2468"}],"wp:term":[{"taxonomy":"product_cat","embeddable":true,"href":"https:\/\/www.ideal-flatware.com\/pl\/wp-json\/wp\/v2\/product_cat?post=2468"},{"taxonomy":"product_tag","embeddable":true,"href":"https:\/\/www.ideal-flatware.com\/pl\/wp-json\/wp\/v2\/product_tag?post=2468"}],"curies":[{"name":"wp","href":"https:\/\/api.w.org\/{rel}","templated":true}]}}