{"id":253,"date":"2022-12-17T08:44:49","date_gmt":"2022-12-17T08:44:49","guid":{"rendered":"https:\/\/test.ideal-flatware.com\/?post_type=product&#038;p=253"},"modified":"2025-12-09T09:40:53","modified_gmt":"2025-12-09T09:40:53","slug":"s049-high-grade-wholesale-cutlery-factory-restaurant-tableware-18-10-ss-cutlery-set-for-hotel","status":"publish","type":"product","link":"https:\/\/www.ideal-flatware.com\/pl\/produkt\/s049-high-grade-hurtownia-cutlery-factory-restaurant-tableware-18-10-ss-cutlery-set-for-hotel\/","title":{"rendered":"S049 wysokiej klasy hurtownia sztu\u0107c\u00f3w fabryka restauracja zastawa sto\u0142owa 18\/10 SS zestaw sztu\u0107c\u00f3w dla hotelu"},"content":{"rendered":"<p><img fetchpriority=\"high\" decoding=\"async\" class=\"aligncenter\" src=\"https:\/\/test.ideal-flatware.com\/wp-content\/uploads\/2022\/12\/S049-1.jpg\" alt=\"S049\" width=\"700\" height=\"700\" \/><br \/>\n<strong>MATERIA\u0141 PREMIUM\u3010.<\/strong>Idealny zestaw sztu\u0107c\u00f3w ze stali nierdzewnej S049, bez szkodliwej substancji i metalicznego zapachu, odporny na rdz\u0119, aby przetrwa\u0107 d\u0142ugi czas s\u0142u\u017cby. G\u0142adka kraw\u0119d\u017a bez \u017cadnych szorstkich miejsc zapewnia bezpiecze\u0144stwo twoich ust. Easy clean (Aby lepiej chroni\u0107 swoje srebra, umyj je r\u0119cznie i osusz mi\u0119kkim r\u0119cznikiem).<br \/>\n<strong>\u3010MULTIPURPOSE\u3011<\/strong>Takie jak dom, Restauracja, Pikniki, Hotel, Camping, Catering, Wesele, Party i inne okazje.<br \/>\n<strong>NOWOCZESNY I ELEGANCKI\".<\/strong>Stal nierdzewna doskona\u0142e lustro wyko\u0144czone utrzymuje te zestawy sztu\u0107c\u00f3w zawsze b\u0142yszcz\u0105ce, Nie szorstkie zadziory, Nicea po\u0142ysk i przynie\u015b\u0107 wysokiej klasy i nowoczesnej metalicznej tekstury. Zakrzywiona konstrukcja uchwytu sprawia, \u017ce jest bardziej elegancki, Specjalnie zaprojektowane ostrza no\u017cy z\u0105bkowanych do ci\u0119cia steku \u0142atwo.<br \/>\n<strong>\u3010ERGONOMICZNE PROJEKTOWANIE\u3011<\/strong>Te srebro stali nierdzewnej zestaw\u00f3w p\u0142askie naczynia zapewniaj\u0105 dobrze wywa\u017cone i wielki czuje r\u0119k\u0119. G\u0142adkie kraw\u0119dzie z zakrzywionym kszta\u0142cie projektu zapewniaj\u0105 doskona\u0142\u0105 przyczepno\u015b\u0107, proste i klasyczne p\u0142askie naczynia miesza si\u0119 z wielu zastaw obiadowych, Elevate dining do\u015bwiadczenie z porz\u0105dnych zestaw\u00f3w przybor\u00f3w do jedzenia.<br \/>\n<strong>ZAPEWNIENIE JAKO\u015aCI\u3010<\/strong>Ideal S049 stal nierdzewna Cutlery set \u0142y\u017cki widelce no\u017ce zestaw u\u017cywa\u0107 wykwintne opakowanie GIFT Box, Idealny prezent dla rodziny i przyjaci\u00f3\u0142 na \u015awi\u0119to Dzi\u0119kczynienia, Bo\u017ce Narodzenie, Halloween. Je\u015bli masz jakiekolwiek pytania lub niezadowolenie z naszych sztu\u0107c\u00f3w, prosimy o kontakt z nami, zapewnimy najlepsz\u0105 obs\u0142ug\u0119, aby pom\u00f3c.<\/p>\n<p>&nbsp;<\/p>\n<h3 style=\"color: #90bf46;\">\u25b8 PARAMETRY PRODUKTU<\/h3>\n<table style=\"height: 121px; width: 100%; border-collapse: collapse; border-style: solid; border-color: #dddddd;\" border=\"1\">\n<tbody>\n<tr style=\"height: 24px;\">\n<td style=\"width: 20%; height: 24px; border: 1px solid #dddddd; background-color: #f2f2f2;\">Item No:<\/td>\n<td style=\"width: 20%; height: 24px; border: 1px solid #dddddd; background-color: #f2f2f2;\">Nazwa<\/td>\n<td style=\"width: 20%; height: 24px; border: 1px solid #dddddd; background-color: #f2f2f2;\">D\u0142ugo\u015b\u0107(mm)<\/td>\n<td style=\"width: 20%; height: 24px; border: 1px solid #dddddd; background-color: #f2f2f2;\">Szeroko\u015b\u0107(mm)<\/td>\n<td style=\"width: 20%; height: 24px; border: 1px solid #dddddd; background-color: #f2f2f2;\">Waga(g)<\/td>\n<\/tr>\n<tr style=\"height: 24px;\">\n<td style=\"width: 20%; height: 97px; border: 1px solid #dddddd; vertical-align: middle;\" rowspan=\"4\">S049<\/td>\n<td style=\"width: 20%; height: 24px; border: 1px solid #dddddd;\">N\u00f3\u017c sto\u0142owy<\/td>\n<td style=\"width: 20%; height: 24px; border: 1px solid #dddddd;\">215<\/td>\n<td style=\"width: 20%; height: 24px; border: 1px solid #dddddd;\">10<\/td>\n<td style=\"width: 20%; height: 24px; border: 1px solid #dddddd;\">65<\/td>\n<\/tr>\n<tr style=\"height: 24px;\">\n<td style=\"width: 20%; height: 25px; border: 1px solid #dddddd;\">Wide\u0142ki tabeli<\/td>\n<td style=\"width: 20%; height: 25px; border: 1px solid #dddddd;\">190<\/td>\n<td style=\"width: 20%; height: 25px; border: 1px solid #dddddd;\">24<\/td>\n<td style=\"width: 20%; height: 25px; border: 1px solid #dddddd;\">60<\/td>\n<\/tr>\n<tr style=\"height: 24px;\">\n<td style=\"width: 20%; height: 24px; border: 1px solid #dddddd;\">\u0141y\u017cka sto\u0142owa<\/td>\n<td style=\"width: 20%; height: 24px; border: 1px solid #dddddd;\">197<\/td>\n<td style=\"width: 20%; height: 24px; border: 1px solid #dddddd;\">43<\/td>\n<td style=\"width: 20%; height: 24px; border: 1px solid #dddddd;\">71<\/td>\n<\/tr>\n<tr style=\"height: 24px;\">\n<td style=\"width: 20%; height: 24px; border: 1px solid #dddddd;\">\u0141y\u017ceczka do herbaty<\/td>\n<td style=\"width: 20%; height: 24px; border: 1px solid #dddddd;\">139<\/td>\n<td style=\"width: 20%; height: 24px; border: 1px solid #dddddd;\">31<\/td>\n<td style=\"width: 20%; height: 24px; border: 1px solid #dddddd;\">28<\/td>\n<\/tr>\n<\/tbody>\n<\/table>\n<h3 style=\"color: #90bf46;\">\u25b8 OPIS PRODUKTU<\/h3>\n<div id='gallery-1' class='gallery galleryid-253 gallery-columns-4 gallery-size-large'><figure class='gallery-item'>\n\t\t\t<div class='gallery-icon landscape'>\n\t\t\t\t<a href='https:\/\/www.ideal-flatware.com\/wp-content\/uploads\/2022\/12\/S049-5.jpg'><img width=\"700\" height=\"700\" src=\"https:\/\/www.ideal-flatware.com\/wp-content\/uploads\/2022\/12\/S049-5.jpg\" class=\"attachment-large size-large\" alt=\"Sztu\u0107ce ze stali nierdzewnej\" decoding=\"async\" aria-describedby=\"gallery-1-258\" srcset=\"https:\/\/www.ideal-flatware.com\/wp-content\/uploads\/2022\/12\/S049-5.jpg 700w, https:\/\/www.ideal-flatware.com\/wp-content\/uploads\/2022\/12\/S049-5-600x600.jpg 600w, https:\/\/www.ideal-flatware.com\/wp-content\/uploads\/2022\/12\/S049-5-100x100.jpg 100w, https:\/\/www.ideal-flatware.com\/wp-content\/uploads\/2022\/12\/S049-5-300x300.jpg 300w, https:\/\/www.ideal-flatware.com\/wp-content\/uploads\/2022\/12\/S049-5-150x150.jpg 150w\" sizes=\"(max-width: 700px) 100vw, 700px\" \/><\/a>\n\t\t\t<\/div>\n\t\t\t\t<figcaption class='wp-caption-text gallery-caption' id='gallery-1-258'>\n\t\t\t\tKup hurtowe zestawy sztu\u0107c\u00f3w\n\n\t\t\t\t<\/figcaption><\/figure><figure class='gallery-item'>\n\t\t\t<div class='gallery-icon landscape'>\n\t\t\t\t<a href='https:\/\/www.ideal-flatware.com\/wp-content\/uploads\/2022\/12\/S049-4.jpg'><img width=\"700\" height=\"700\" src=\"https:\/\/www.ideal-flatware.com\/wp-content\/uploads\/2022\/12\/S049-4.jpg\" class=\"attachment-large size-large\" alt=\"Sztu\u0107ce ze stali nierdzewnej 18\/10 Dostawca sztu\u0107c\u00f3w ze stali nierdzewnej | Ceny hurtowe dla restauracji i hoteli\" decoding=\"async\" aria-describedby=\"gallery-1-257\" srcset=\"https:\/\/www.ideal-flatware.com\/wp-content\/uploads\/2022\/12\/S049-4.jpg 700w, https:\/\/www.ideal-flatware.com\/wp-content\/uploads\/2022\/12\/S049-4-600x600.jpg 600w, https:\/\/www.ideal-flatware.com\/wp-content\/uploads\/2022\/12\/S049-4-100x100.jpg 100w, https:\/\/www.ideal-flatware.com\/wp-content\/uploads\/2022\/12\/S049-4-300x300.jpg 300w, https:\/\/www.ideal-flatware.com\/wp-content\/uploads\/2022\/12\/S049-4-150x150.jpg 150w\" sizes=\"(max-width: 700px) 100vw, 700px\" \/><\/a>\n\t\t\t<\/div>\n\t\t\t\t<figcaption class='wp-caption-text gallery-caption' id='gallery-1-257'>\n\t\t\t\tDostawca sztu\u0107c\u00f3w ze stali nierdzewnej 18\/10 | Ceny hurtowe dla restauracji i hoteli\n\t\t\t\t<\/figcaption><\/figure><figure class='gallery-item'>\n\t\t\t<div class='gallery-icon landscape'>\n\t\t\t\t<a href='https:\/\/www.ideal-flatware.com\/wp-content\/uploads\/2022\/12\/S049-3.jpg'><img width=\"700\" height=\"700\" src=\"https:\/\/www.ideal-flatware.com\/wp-content\/uploads\/2022\/12\/S049-3.jpg\" class=\"attachment-large size-large\" alt=\"Sztu\u0107ce ze stali nierdzewnej\" decoding=\"async\" srcset=\"https:\/\/www.ideal-flatware.com\/wp-content\/uploads\/2022\/12\/S049-3.jpg 700w, https:\/\/www.ideal-flatware.com\/wp-content\/uploads\/2022\/12\/S049-3-600x600.jpg 600w, https:\/\/www.ideal-flatware.com\/wp-content\/uploads\/2022\/12\/S049-3-100x100.jpg 100w, https:\/\/www.ideal-flatware.com\/wp-content\/uploads\/2022\/12\/S049-3-300x300.jpg 300w, https:\/\/www.ideal-flatware.com\/wp-content\/uploads\/2022\/12\/S049-3-150x150.jpg 150w\" sizes=\"(max-width: 700px) 100vw, 700px\" \/><\/a>\n\t\t\t<\/div><\/figure><figure class='gallery-item'>\n\t\t\t<div class='gallery-icon landscape'>\n\t\t\t\t<a href='https:\/\/www.ideal-flatware.com\/wp-content\/uploads\/2022\/12\/S049-2.jpg'><img width=\"700\" height=\"700\" src=\"https:\/\/www.ideal-flatware.com\/wp-content\/uploads\/2022\/12\/S049-2.jpg\" class=\"attachment-large size-large\" alt=\"Zastawa sto\u0142owa ze stali nierdzewnej\" decoding=\"async\" srcset=\"https:\/\/www.ideal-flatware.com\/wp-content\/uploads\/2022\/12\/S049-2.jpg 700w, https:\/\/www.ideal-flatware.com\/wp-content\/uploads\/2022\/12\/S049-2-600x600.jpg 600w, https:\/\/www.ideal-flatware.com\/wp-content\/uploads\/2022\/12\/S049-2-100x100.jpg 100w, https:\/\/www.ideal-flatware.com\/wp-content\/uploads\/2022\/12\/S049-2-300x300.jpg 300w, https:\/\/www.ideal-flatware.com\/wp-content\/uploads\/2022\/12\/S049-2-150x150.jpg 150w\" sizes=\"(max-width: 700px) 100vw, 700px\" \/><\/a>\n\t\t\t<\/div><\/figure><figure class='gallery-item'>\n\t\t\t<div class='gallery-icon landscape'>\n\t\t\t\t<a href='https:\/\/www.ideal-flatware.com\/wp-content\/uploads\/2022\/12\/S04905.jpg'><img width=\"700\" height=\"525\" src=\"https:\/\/www.ideal-flatware.com\/wp-content\/uploads\/2022\/12\/S04905.jpg\" class=\"attachment-large size-large\" alt=\"Zastawa sto\u0142owa ze stali nierdzewnej\" decoding=\"async\" srcset=\"https:\/\/www.ideal-flatware.com\/wp-content\/uploads\/2022\/12\/S04905.jpg 700w, https:\/\/www.ideal-flatware.com\/wp-content\/uploads\/2022\/12\/S04905-600x450.jpg 600w, https:\/\/www.ideal-flatware.com\/wp-content\/uploads\/2022\/12\/S04905-300x225.jpg 300w\" sizes=\"(max-width: 700px) 100vw, 700px\" \/><\/a>\n\t\t\t<\/div><\/figure><figure class='gallery-item'>\n\t\t\t<div class='gallery-icon landscape'>\n\t\t\t\t<a href='https:\/\/www.ideal-flatware.com\/wp-content\/uploads\/2022\/12\/S04904.jpg'><img width=\"700\" height=\"525\" src=\"https:\/\/www.ideal-flatware.com\/wp-content\/uploads\/2022\/12\/S04904.jpg\" class=\"attachment-large size-large\" alt=\"N\u00f3\u017c ze stali nierdzewnej\" decoding=\"async\" srcset=\"https:\/\/www.ideal-flatware.com\/wp-content\/uploads\/2022\/12\/S04904.jpg 700w, https:\/\/www.ideal-flatware.com\/wp-content\/uploads\/2022\/12\/S04904-600x450.jpg 600w, https:\/\/www.ideal-flatware.com\/wp-content\/uploads\/2022\/12\/S04904-300x225.jpg 300w\" sizes=\"(max-width: 700px) 100vw, 700px\" \/><\/a>\n\t\t\t<\/div><\/figure><figure class='gallery-item'>\n\t\t\t<div class='gallery-icon landscape'>\n\t\t\t\t<a href='https:\/\/www.ideal-flatware.com\/wp-content\/uploads\/2022\/12\/S04901.jpg'><img width=\"700\" height=\"506\" src=\"https:\/\/www.ideal-flatware.com\/wp-content\/uploads\/2022\/12\/S04901.jpg\" class=\"attachment-large size-large\" alt=\"\u0141y\u017cka ze stali nierdzewnej\" decoding=\"async\" srcset=\"https:\/\/www.ideal-flatware.com\/wp-content\/uploads\/2022\/12\/S04901.jpg 700w, https:\/\/www.ideal-flatware.com\/wp-content\/uploads\/2022\/12\/S04901-600x434.jpg 600w, https:\/\/www.ideal-flatware.com\/wp-content\/uploads\/2022\/12\/S04901-300x217.jpg 300w\" sizes=\"(max-width: 700px) 100vw, 700px\" \/><\/a>\n\t\t\t<\/div><\/figure><figure class='gallery-item'>\n\t\t\t<div class='gallery-icon landscape'>\n\t\t\t\t<a href='https:\/\/www.ideal-flatware.com\/wp-content\/uploads\/2022\/12\/S04907.jpg'><img width=\"700\" height=\"525\" src=\"https:\/\/www.ideal-flatware.com\/wp-content\/uploads\/2022\/12\/S04907.jpg\" class=\"attachment-large size-large\" alt=\"Widelec ze stali nierdzewnej\" decoding=\"async\" srcset=\"https:\/\/www.ideal-flatware.com\/wp-content\/uploads\/2022\/12\/S04907.jpg 700w, https:\/\/www.ideal-flatware.com\/wp-content\/uploads\/2022\/12\/S04907-600x450.jpg 600w, https:\/\/www.ideal-flatware.com\/wp-content\/uploads\/2022\/12\/S04907-300x225.jpg 300w\" sizes=\"(max-width: 700px) 100vw, 700px\" \/><\/a>\n\t\t\t<\/div><\/figure><figure class='gallery-item'>\n\t\t\t<div class='gallery-icon landscape'>\n\t\t\t\t<a href='https:\/\/www.ideal-flatware.com\/wp-content\/uploads\/2022\/12\/S04906.jpg'><img width=\"700\" height=\"525\" src=\"https:\/\/www.ideal-flatware.com\/wp-content\/uploads\/2022\/12\/S04906.jpg\" class=\"attachment-large size-large\" alt=\"N\u00f3\u017c ze stali nierdzewnej\" decoding=\"async\" srcset=\"https:\/\/www.ideal-flatware.com\/wp-content\/uploads\/2022\/12\/S04906.jpg 700w, https:\/\/www.ideal-flatware.com\/wp-content\/uploads\/2022\/12\/S04906-600x450.jpg 600w, https:\/\/www.ideal-flatware.com\/wp-content\/uploads\/2022\/12\/S04906-300x225.jpg 300w\" sizes=\"(max-width: 700px) 100vw, 700px\" \/><\/a>\n\t\t\t<\/div><\/figure>\n\t\t<\/div>\n\n<p>&nbsp;<\/p>\n<h3 style=\"color: #90bf46;\">\u25b8U\u017bYTKOWANIE I PIEL\u0118GNACJA<\/h3>\n<p><strong>U\u017bYCIE PO RAZ PIERWSZY<\/strong><br \/>\n1. Prosimy o r\u0119czne mycie zestawu sztu\u0107c\u00f3w dok\u0142adnie przy u\u017cyciu \u0142agodnego myd\u0142a lub detergentu, aby zmy\u0107 wszelkie pozosta\u0142o\u015bci po obr\u00f3bce pozostawione przy produkcji.<br \/>\n2.Sp\u0142uka\u0107 \u015bwie\u017c\u0105 wod\u0105 i natychmiast wysuszy\u0107 mi\u0119kk\u0105 szmatk\u0105 i przechowywa\u0107 w suchym miejscu.<br \/>\n<strong>CODZIENNE U\u017bYTKOWANIE<\/strong><br \/>\n1. Prosz\u0119 wyczy\u015bci\u0107 i wysuszy\u0107 sztu\u0107ce po u\u017cyciu i przechowywa\u0107 w suchym miejscu dla ich trwa\u0142o\u015bci.<br \/>\n2. Prosz\u0119 nie u\u017cywa\u0107 szczotek drucianych lub twardych g\u0105bek, aby zapobiec zarysowaniom, zachowa\u0107 g\u0142adko\u015b\u0107 sreber.<br \/>\n3. Prosz\u0119 stara\u0107 si\u0119 unika\u0107 mycia w zmywarce. Mycie r\u0119czne, a nast\u0119pnie suszenie mi\u0119kk\u0105 szmatk\u0105 lepiej ochroni Twoje srebrne naczynia.<br \/>\n4. U\u017cywaj \u0142agodnego \u015brodka czyszcz\u0105cego podczas czyszczenia, prosz\u0119 nie zostawiaj srebrnych naczy\u0144 z pozosta\u0142o\u015bciami soli lub kwasu przez d\u0142ugi czas, poniewa\u017c mo\u017ce to zwi\u0119kszy\u0107 szanse na odbarwienie i korozj\u0119.<br \/>\nUprzejme wskaz\u00f3wki: Ten zestaw sztu\u0107c\u00f3w to zestaw sztu\u0107c\u00f3w o \u015bredniej wadze, Non-heavyweight silverware lub light silverware.<\/p>","protected":false},"excerpt":{"rendered":"<p>\u3010PREMIUM MATERIAL\u3011Ideal S049 stainless steel flatware set, No harmful substance and metallic odor, Rust resistant to last long service time. Smooth edge without any rough spots ensure the safety of your lips. Easy clean (To better protect your silverware, wash it by hand and dry it with a soft towel). \u3010MULTIPURPOSE\u3011Such as home, Restaurant, Picnics, [&hellip;]<\/p>","protected":false},"featured_media":254,"comment_status":"open","ping_status":"closed","template":"","meta":{"_seopress_robots_primary_cat":"none"},"product_cat":[20,19],"product_tag":[],"_links":{"self":[{"href":"https:\/\/www.ideal-flatware.com\/pl\/wp-json\/wp\/v2\/product\/253"}],"collection":[{"href":"https:\/\/www.ideal-flatware.com\/pl\/wp-json\/wp\/v2\/product"}],"about":[{"href":"https:\/\/www.ideal-flatware.com\/pl\/wp-json\/wp\/v2\/types\/product"}],"replies":[{"embeddable":true,"href":"https:\/\/www.ideal-flatware.com\/pl\/wp-json\/wp\/v2\/comments?post=253"}],"version-history":[{"count":54,"href":"https:\/\/www.ideal-flatware.com\/pl\/wp-json\/wp\/v2\/product\/253\/revisions"}],"predecessor-version":[{"id":3002,"href":"https:\/\/www.ideal-flatware.com\/pl\/wp-json\/wp\/v2\/product\/253\/revisions\/3002"}],"wp:featuredmedia":[{"embeddable":true,"href":"https:\/\/www.ideal-flatware.com\/pl\/wp-json\/wp\/v2\/media\/254"}],"wp:attachment":[{"href":"https:\/\/www.ideal-flatware.com\/pl\/wp-json\/wp\/v2\/media?parent=253"}],"wp:term":[{"taxonomy":"product_cat","embeddable":true,"href":"https:\/\/www.ideal-flatware.com\/pl\/wp-json\/wp\/v2\/product_cat?post=253"},{"taxonomy":"product_tag","embeddable":true,"href":"https:\/\/www.ideal-flatware.com\/pl\/wp-json\/wp\/v2\/product_tag?post=253"}],"curies":[{"name":"wp","href":"https:\/\/api.w.org\/{rel}","templated":true}]}}