{"id":45,"date":"2022-11-29T01:09:29","date_gmt":"2022-11-29T01:09:29","guid":{"rendered":"https:\/\/test.ideal-flatware.com\/?page_id=45"},"modified":"2025-10-29T06:58:16","modified_gmt":"2025-10-29T06:58:16","slug":"company-profile","status":"publish","type":"page","link":"https:\/\/www.ideal-flatware.com\/pt\/perfil-da-empresa\/","title":{"rendered":"Perfil da empresa"},"content":{"rendered":"<div data-elementor-type=\"wp-page\" data-elementor-id=\"45\" class=\"elementor elementor-45\" data-elementor-post-type=\"page\">\n\t\t\t\t<div class=\"elementor-element elementor-element-11b2f5ed e-con-full e-flex e-con e-parent\" data-id=\"11b2f5ed\" data-element_type=\"container\" data-settings=\"{&quot;background_background&quot;:&quot;classic&quot;}\">\n\t\t<div class=\"elementor-element elementor-element-48dcddec e-flex e-con-boxed e-con e-child\" data-id=\"48dcddec\" data-element_type=\"container\">\n\t\t\t\t\t<div class=\"e-con-inner\">\n\t\t\t\t<div class=\"elementor-element elementor-element-5fe5484 elementor-widget elementor-widget-heading\" data-id=\"5fe5484\" data-element_type=\"widget\" data-widget_type=\"heading.default\">\n\t\t\t\t<div class=\"elementor-widget-container\">\n\t\t\t<h1 class=\"elementor-heading-title elementor-size-default\">Perfil da empresa<\/h1>\t\t<\/div>\n\t\t\t\t<\/div>\n\t\t\t\t<div class=\"elementor-element elementor-element-51c80c3 elementor-widget elementor-widget-sp-breadcrumbs\" data-id=\"51c80c3\" data-element_type=\"widget\" data-widget_type=\"sp-breadcrumbs.default\">\n\t\t\t\t<div class=\"elementor-widget-container\">\n\t\t\t<nav  aria-label=\"migalhas\" data-no-translation-aria-label=\"\"><ol class=\"breadcrumb\" itemscope itemtype=\"https:\/\/schema.org\/BreadcrumbList\"><li class=\"breadcrumb-item active\" aria-current=\"page\" itemprop=\"itemListElement\" itemscope itemtype=\"https:\/\/schema.org\/ListItem\"><span itemprop=\"name\" data-no-translation=\"\" data-trp-gettext=\"\">In\u00edcio<\/span><meta itemprop=\"position\" content=\"1\"><\/li><\/ol><\/nav>\t\t<\/div>\n\t\t\t\t<\/div>\n\t\t\t\t\t<\/div>\n\t\t\t\t<\/div>\n\t\t\t\t<\/div>\n\t\t<div class=\"elementor-element elementor-element-285b570 e-flex e-con-boxed e-con e-parent\" data-id=\"285b570\" data-element_type=\"container\">\n\t\t\t\t\t<div class=\"e-con-inner\">\n\t\t\t\t<div class=\"elementor-element elementor-element-5b2929d elementor-widget elementor-widget-heading\" data-id=\"5b2929d\" data-element_type=\"widget\" data-widget_type=\"heading.default\">\n\t\t\t\t<div class=\"elementor-widget-container\">\n\t\t\t<h1 class=\"elementor-heading-title elementor-size-default\">IDEAL -Seu Talheres de Confian\u00e7a Fabricante<\/h1>\t\t<\/div>\n\t\t\t\t<\/div>\n\t\t\t\t<div class=\"elementor-element elementor-element-78b7773 elementor-widget elementor-widget-text-editor\" data-id=\"78b7773\" data-element_type=\"widget\" data-widget_type=\"text-editor.default\">\n\t\t\t\t<div class=\"elementor-widget-container\">\n\t\t\t\t\t\t\t<p>Estamos concentrados em exportar talheres de a\u00e7o inoxid\u00e1vel acess\u00edveis, mas ainda mais do que isso, preocupamo-nos com as pessoas que tornam os nossos sucessos poss\u00edveis, desde os nossos empregados aos nossos consumidores. Estamos empenhados em princ\u00edpios de honestidade, confian\u00e7a, justi\u00e7a e justi\u00e7a na nossa busca de fornecer servi\u00e7os de alta qualidade e contribuir para a comunidade como um todo.<\/p>\t\t\t\t\t\t<\/div>\n\t\t\t\t<\/div>\n\t\t\t\t<div class=\"elementor-element elementor-element-816a4de elementor-widget elementor-widget-video\" data-id=\"816a4de\" data-element_type=\"widget\" data-settings=\"{&quot;youtube_url&quot;:&quot;https:\\\/\\\/www.youtube.com\\\/watch?v=XHOmBV4js_E&quot;,&quot;show_image_overlay&quot;:&quot;yes&quot;,&quot;image_overlay&quot;:{&quot;url&quot;:&quot;https:\\\/\\\/test.ideal-flatware.com\\\/wp-content\\\/uploads\\\/2022\\\/12\\\/Ideal-Cutlery-Showroom.jpg&quot;,&quot;id&quot;:489,&quot;size&quot;:&quot;&quot;,&quot;alt&quot;:&quot;Ideal Cutlery Showroom&quot;,&quot;source&quot;:&quot;library&quot;},&quot;video_type&quot;:&quot;youtube&quot;,&quot;controls&quot;:&quot;yes&quot;}\" data-widget_type=\"video.default\">\n\t\t\t\t<div class=\"elementor-widget-container\">\n\t\t\t\t\t<div class=\"elementor-wrapper elementor-open-inline\">\n\t\t\t<div class=\"elementor-video\"><\/div>\t\t\t\t<div class=\"elementor-custom-embed-image-overlay\" style=\"background-image: url(https:\/\/www.ideal-flatware.com\/wp-content\/uploads\/2022\/12\/Ideal-Cutlery-Showroom.jpg);\">\n\t\t\t\t\t\t\t\t\t\t\t\t\t\t\t\t<div class=\"elementor-custom-embed-play\" role=\"button\" aria-label=\"Reproduzir v\u00eddeo sobre Ideal Cutlery Showroom\" tabindex=\"0\" data-no-translation-aria-label=\"\">\n\t\t\t\t\t\t\t<i aria-hidden=\"true\" class=\"eicon-play\"><\/i>\t\t\t\t\t\t\t<span class=\"elementor-screen-only\">Reproduzir v\u00eddeo sobre Cutelaria Ideal Showroom<\/span>\n\t\t\t\t\t\t<\/div>\n\t\t\t\t\t\t\t\t\t<\/div>\n\t\t\t\t\t<\/div>\n\t\t\t\t<\/div>\n\t\t\t\t<\/div>\n\t\t\t\t<div class=\"elementor-element elementor-element-0c610c3 elementor-widget elementor-widget-heading\" data-id=\"0c610c3\" data-element_type=\"widget\" data-widget_type=\"heading.default\">\n\t\t\t\t<div class=\"elementor-widget-container\">\n\t\t\t<h2 class=\"elementor-heading-title elementor-size-default\">Perfil da empresa<\/h2>\t\t<\/div>\n\t\t\t\t<\/div>\n\t\t\t\t<div class=\"elementor-element elementor-element-576a063 elementor-widget elementor-widget-text-editor\" data-id=\"576a063\" data-element_type=\"widget\" data-widget_type=\"text-editor.default\">\n\t\t\t\t<div class=\"elementor-widget-container\">\n\t\t\t\t\t\t\t<p>Jieyang Ideal Metal Products CO, Ltd., fundada em 1998, \u00e9 um fabricante profissional de talheres de a\u00e7o inoxid\u00e1vel. Ocupa 6000 \u33a1 com 6 linhas de produ\u00e7\u00e3o e 8 linhas de polimento, e 2000 \u33a1 de armaz\u00e9m de produtos, que produzem talheres qualificados e refinados sob os esfor\u00e7os concertados de l\u00edderes s\u00e1bios, trabalhadores qualificados e equipas de assist\u00eancia.<br \/>Na cria\u00e7\u00e3o da gama de talheres, passamos muito tempo a trabalhar em todos os pormenores, desde os estilos cl\u00e1ssicos intemporais aos estilos contempor\u00e2neos, constru\u00edmos rela\u00e7\u00f5es amig\u00e1veis e de longo prazo com clientes de dezenas de pa\u00edses e regi\u00f5es do mundo.<br \/>Estamos sinceramente \u00e0 procura de coopera\u00e7\u00e3o consigo. Bem-vindo a contactar-nos!<\/p>\t\t\t\t\t\t<\/div>\n\t\t\t\t<\/div>\n\t\t\t\t\t<\/div>\n\t\t\t\t<\/div>\n\t\t<div class=\"elementor-element elementor-element-1a6c4f1 e-con-full e-flex e-con e-parent\" data-id=\"1a6c4f1\" data-element_type=\"container\">\n\t\t\t\t<div class=\"elementor-element elementor-element-c254dcb elementor-widget-divider--view-line elementor-widget elementor-widget-divider\" data-id=\"c254dcb\" data-element_type=\"widget\" data-widget_type=\"divider.default\">\n\t\t\t\t<div class=\"elementor-widget-container\">\n\t\t\t\t\t<div class=\"elementor-divider\">\n\t\t\t<span class=\"elementor-divider-separator\">\n\t\t\t\t\t\t<\/span>\n\t\t<\/div>\n\t\t\t\t<\/div>\n\t\t\t\t<\/div>\n\t\t\t\t<\/div>\n\t\t<div class=\"elementor-element elementor-element-02231c2 e-flex e-con-boxed e-con e-parent\" data-id=\"02231c2\" data-element_type=\"container\">\n\t\t\t\t\t<div class=\"e-con-inner\">\n\t\t<div class=\"elementor-element elementor-element-b5b5734 e-con-full e-flex e-con e-child\" data-id=\"b5b5734\" data-element_type=\"container\">\n\t\t\t\t<div class=\"elementor-element elementor-element-2376643 elementor-widget elementor-widget-image\" data-id=\"2376643\" data-element_type=\"widget\" data-widget_type=\"image.default\">\n\t\t\t\t<div class=\"elementor-widget-container\">\n\t\t\t\t\t\t\t\t\t\t\t\t\t<img fetchpriority=\"high\" decoding=\"async\" width=\"696\" height=\"410\" src=\"https:\/\/www.ideal-flatware.com\/wp-content\/uploads\/2022\/12\/Ideal-Cutlery-About-Us2.jpg\" class=\"attachment-large size-large wp-image-493\" alt=\"Reuni\u00e3o\" srcset=\"https:\/\/www.ideal-flatware.com\/wp-content\/uploads\/2022\/12\/Ideal-Cutlery-About-Us2.jpg 696w, https:\/\/www.ideal-flatware.com\/wp-content\/uploads\/2022\/12\/Ideal-Cutlery-About-Us2-600x353.jpg 600w, https:\/\/www.ideal-flatware.com\/wp-content\/uploads\/2022\/12\/Ideal-Cutlery-About-Us2-300x177.jpg 300w\" sizes=\"(max-width: 696px) 100vw, 696px\" \/>\t\t\t\t\t\t\t\t\t\t\t\t\t<\/div>\n\t\t\t\t<\/div>\n\t\t\t\t<\/div>\n\t\t<div class=\"elementor-element elementor-element-57fd4a5 e-con-full e-flex e-con e-child\" data-id=\"57fd4a5\" data-element_type=\"container\">\n\t\t\t\t<div class=\"elementor-element elementor-element-b0bfec4 elementor-widget elementor-widget-heading\" data-id=\"b0bfec4\" data-element_type=\"widget\" data-widget_type=\"heading.default\">\n\t\t\t\t<div class=\"elementor-widget-container\">\n\t\t\t<h2 class=\"elementor-heading-title elementor-size-default\">A nossa Paix\u00e3o impele-nos<\/h2>\t\t<\/div>\n\t\t\t\t<\/div>\n\t\t\t\t<div class=\"elementor-element elementor-element-327e8b6 elementor-widget elementor-widget-text-editor\" data-id=\"327e8b6\" data-element_type=\"widget\" data-widget_type=\"text-editor.default\">\n\t\t\t\t<div class=\"elementor-widget-container\">\n\t\t\t\t\t\t\tA nossa miss\u00e3o \u00e9 entregar talheres de a\u00e7o inoxid\u00e1vel de alta qualidade dentro do prazo e a um pre\u00e7o razo\u00e1vel, enquanto educamos e aconselhamos os clientes desde a fase da ideia at\u00e9 ao mercado.\t\t\t\t\t\t<\/div>\n\t\t\t\t<\/div>\n\t\t\t\t<\/div>\n\t\t\t\t\t<\/div>\n\t\t\t\t<\/div>\n\t\t<div class=\"elementor-element elementor-element-373f17c e-con-full e-flex e-con e-parent\" data-id=\"373f17c\" data-element_type=\"container\">\n\t\t\t\t<div class=\"elementor-element elementor-element-997beb2 elementor-widget-divider--view-line elementor-widget elementor-widget-divider\" data-id=\"997beb2\" data-element_type=\"widget\" data-widget_type=\"divider.default\">\n\t\t\t\t<div class=\"elementor-widget-container\">\n\t\t\t\t\t<div class=\"elementor-divider\">\n\t\t\t<span class=\"elementor-divider-separator\">\n\t\t\t\t\t\t<\/span>\n\t\t<\/div>\n\t\t\t\t<\/div>\n\t\t\t\t<\/div>\n\t\t\t\t<\/div>\n\t\t<div class=\"elementor-element elementor-element-0e82628 e-flex e-con-boxed e-con e-parent\" data-id=\"0e82628\" data-element_type=\"container\">\n\t\t\t\t\t<div class=\"e-con-inner\">\n\t\t<div class=\"elementor-element elementor-element-32c37df e-con-full e-flex e-con e-child\" data-id=\"32c37df\" data-element_type=\"container\">\n\t\t\t\t<div class=\"elementor-element elementor-element-ec4f5d7 elementor-widget elementor-widget-heading\" data-id=\"ec4f5d7\" data-element_type=\"widget\" data-widget_type=\"heading.default\">\n\t\t\t\t<div class=\"elementor-widget-container\">\n\t\t\t<h2 class=\"elementor-heading-title elementor-size-default\">Inova\u00e7\u00e3o no IDEAL<\/h2>\t\t<\/div>\n\t\t\t\t<\/div>\n\t\t\t\t<div class=\"elementor-element elementor-element-6c2075a elementor-widget elementor-widget-text-editor\" data-id=\"6c2075a\" data-element_type=\"widget\" data-widget_type=\"text-editor.default\">\n\t\t\t\t<div class=\"elementor-widget-container\">\n\t\t\t\t\t\t\tEm termos de inova\u00e7\u00e3o, estamos constantemente a elevar os nossos padr\u00f5es, e a desenvolver a nossa tecnologia. Prometemos que aqueles que nos encomendam produtos podem ter a certeza de que est\u00e3o a obter uma solu\u00e7\u00e3o feita \u00e0 medida da mais alta qualidade.\t\t\t\t\t\t<\/div>\n\t\t\t\t<\/div>\n\t\t\t\t<\/div>\n\t\t<div class=\"elementor-element elementor-element-69ab965 e-con-full e-flex e-con e-child\" data-id=\"69ab965\" data-element_type=\"container\">\n\t\t\t\t<div class=\"elementor-element elementor-element-0747cd1 elementor-widget elementor-widget-image\" data-id=\"0747cd1\" data-element_type=\"widget\" data-widget_type=\"image.default\">\n\t\t\t\t<div class=\"elementor-widget-container\">\n\t\t\t\t\t\t\t\t\t\t\t\t\t<img decoding=\"async\" width=\"696\" height=\"409\" src=\"https:\/\/www.ideal-flatware.com\/wp-content\/uploads\/2022\/12\/Ideal-Cutlery-Office.jpg\" class=\"attachment-large size-large wp-image-497\" alt=\"Ideal-Cutlery-Office\" srcset=\"https:\/\/www.ideal-flatware.com\/wp-content\/uploads\/2022\/12\/Ideal-Cutlery-Office.jpg 696w, https:\/\/www.ideal-flatware.com\/wp-content\/uploads\/2022\/12\/Ideal-Cutlery-Office-600x353.jpg 600w, https:\/\/www.ideal-flatware.com\/wp-content\/uploads\/2022\/12\/Ideal-Cutlery-Office-300x176.jpg 300w\" sizes=\"(max-width: 696px) 100vw, 696px\" \/>\t\t\t\t\t\t\t\t\t\t\t\t\t<\/div>\n\t\t\t\t<\/div>\n\t\t\t\t<\/div>\n\t\t\t\t\t<\/div>\n\t\t\t\t<\/div>\n\t\t<div class=\"elementor-element elementor-element-faf404a e-flex e-con-boxed e-con e-parent\" data-id=\"faf404a\" data-element_type=\"container\">\n\t\t\t\t\t<div class=\"e-con-inner\">\n\t\t<div class=\"elementor-element elementor-element-5f5fcd7 e-con-full e-flex e-con e-child\" data-id=\"5f5fcd7\" data-element_type=\"container\">\n\t\t\t\t<div class=\"elementor-element elementor-element-c7863f9 elementor-arrows-position-inside elementor-widget elementor-widget-image-carousel\" data-id=\"c7863f9\" data-element_type=\"widget\" data-settings=\"{&quot;slides_to_show&quot;:&quot;1&quot;,&quot;navigation&quot;:&quot;arrows&quot;,&quot;autoplay_speed&quot;:2000,&quot;effect&quot;:&quot;fade&quot;,&quot;autoplay&quot;:&quot;yes&quot;,&quot;pause_on_hover&quot;:&quot;yes&quot;,&quot;pause_on_interaction&quot;:&quot;yes&quot;,&quot;infinite&quot;:&quot;yes&quot;,&quot;speed&quot;:500}\" data-widget_type=\"image-carousel.default\">\n\t\t\t\t<div class=\"elementor-widget-container\">\n\t\t\t\t\t<div class=\"elementor-image-carousel-wrapper swiper\" dir=\"ltr\">\n\t\t\t<div class=\"elementor-image-carousel swiper-wrapper\" aria-live=\"off\">\n\t\t\t\t\t\t\t\t<div class=\"swiper-slide\" role=\"group\" aria-roledescription=\"slide\" aria-label=\"1 de 10\" data-no-translation-aria-label=\"\"><figure class=\"swiper-slide-inner\"><img decoding=\"async\" class=\"swiper-slide-image\" src=\"https:\/\/www.ideal-flatware.com\/wp-content\/uploads\/2025\/10\/ideal-canton-fair4.webp\" alt=\"ideal canton fair4\" \/><\/figure><\/div><div class=\"swiper-slide\" role=\"group\" aria-roledescription=\"slide\" aria-label=\"2 de 10\" data-no-translation-aria-label=\"\"><figure class=\"swiper-slide-inner\"><img decoding=\"async\" class=\"swiper-slide-image\" src=\"https:\/\/www.ideal-flatware.com\/wp-content\/uploads\/2025\/10\/ideal-canton-fair1.webp\" alt=\"ideal canton fair1\" \/><\/figure><\/div><div class=\"swiper-slide\" role=\"group\" aria-roledescription=\"slide\" aria-label=\"3 de 10\" data-no-translation-aria-label=\"\"><figure class=\"swiper-slide-inner\"><img decoding=\"async\" class=\"swiper-slide-image\" src=\"https:\/\/www.ideal-flatware.com\/wp-content\/uploads\/2025\/10\/ideal-canton-fair5.webp\" alt=\"ideal canton fair5\" \/><\/figure><\/div><div class=\"swiper-slide\" role=\"group\" aria-roledescription=\"slide\" aria-label=\"4 de 10\" data-no-translation-aria-label=\"\"><figure class=\"swiper-slide-inner\"><img decoding=\"async\" class=\"swiper-slide-image\" src=\"https:\/\/www.ideal-flatware.com\/wp-content\/uploads\/2025\/10\/ideal-canton-fair2.webp\" alt=\"ideal canton fair2\" \/><\/figure><\/div><div class=\"swiper-slide\" role=\"group\" aria-roledescription=\"slide\" aria-label=\"5 de 10\" data-no-translation-aria-label=\"\"><figure class=\"swiper-slide-inner\"><img decoding=\"async\" class=\"swiper-slide-image\" src=\"https:\/\/www.ideal-flatware.com\/wp-content\/uploads\/2025\/10\/ideal-canton-fair3.webp\" alt=\"ideal canton fair3\" \/><\/figure><\/div><div class=\"swiper-slide\" role=\"group\" aria-roledescription=\"slide\" aria-label=\"6 de 10\" data-no-translation-aria-label=\"\"><figure class=\"swiper-slide-inner\"><img decoding=\"async\" class=\"swiper-slide-image\" src=\"https:\/\/www.ideal-flatware.com\/wp-content\/uploads\/2025\/10\/ideal-canton-fair6.webp\" alt=\"ideal canton fair6\" \/><\/figure><\/div><div class=\"swiper-slide\" role=\"group\" aria-roledescription=\"slide\" aria-label=\"7 de 10\" data-no-translation-aria-label=\"\"><figure class=\"swiper-slide-inner\"><img decoding=\"async\" class=\"swiper-slide-image\" src=\"https:\/\/www.ideal-flatware.com\/wp-content\/uploads\/2025\/10\/ideal-canton-fair9.webp\" alt=\"ideal canton fair9\" \/><\/figure><\/div><div class=\"swiper-slide\" role=\"group\" aria-roledescription=\"slide\" aria-label=\"8 de 10\" data-no-translation-aria-label=\"\"><figure class=\"swiper-slide-inner\"><img decoding=\"async\" class=\"swiper-slide-image\" src=\"https:\/\/www.ideal-flatware.com\/wp-content\/uploads\/2025\/10\/ideal-canton-fair7.webp\" alt=\"ideal canton fair7\" \/><\/figure><\/div><div class=\"swiper-slide\" role=\"group\" aria-roledescription=\"slide\" aria-label=\"9 de 10\" data-no-translation-aria-label=\"\"><figure class=\"swiper-slide-inner\"><img decoding=\"async\" class=\"swiper-slide-image\" src=\"https:\/\/www.ideal-flatware.com\/wp-content\/uploads\/2025\/10\/ideal-canton-fair8.webp\" alt=\"ideal canton fair8\" \/><\/figure><\/div><div class=\"swiper-slide\" role=\"group\" aria-roledescription=\"slide\" aria-label=\"10 de 10\" data-no-translation-aria-label=\"\"><figure class=\"swiper-slide-inner\"><img decoding=\"async\" class=\"swiper-slide-image\" src=\"https:\/\/www.ideal-flatware.com\/wp-content\/uploads\/2025\/10\/ideal-canton-fair10.webp\" alt=\"ideal canton fair10\" \/><\/figure><\/div>\t\t\t<\/div>\n\t\t\t\t\t\t\t\t\t\t\t\t<div class=\"elementor-swiper-button elementor-swiper-button-prev\" role=\"button\" tabindex=\"0\">\n\t\t\t\t\t\t<i aria-hidden=\"true\" class=\"eicon-chevron-left\"><\/i>\t\t\t\t\t<\/div>\n\t\t\t\t\t<div class=\"elementor-swiper-button elementor-swiper-button-next\" role=\"button\" tabindex=\"0\">\n\t\t\t\t\t\t<i aria-hidden=\"true\" class=\"eicon-chevron-right\"><\/i>\t\t\t\t\t<\/div>\n\t\t\t\t\n\t\t\t\t\t\t\t\t\t<\/div>\n\t\t\t\t<\/div>\n\t\t\t\t<\/div>\n\t\t\t\t<\/div>\n\t\t<div class=\"elementor-element elementor-element-18a8150 e-con-full e-flex e-con e-child\" data-id=\"18a8150\" data-element_type=\"container\">\n\t\t\t\t<div class=\"elementor-element elementor-element-bb44cbc elementor-widget elementor-widget-heading\" data-id=\"bb44cbc\" data-element_type=\"widget\" data-widget_type=\"heading.default\">\n\t\t\t\t<div class=\"elementor-widget-container\">\n\t\t\t<h2 class=\"elementor-heading-title elementor-size-default\">IDEAL em\n\nEspect\u00e1culo da Feira de Cant\u00e3o<\/h2>\t\t<\/div>\n\t\t\t\t<\/div>\n\t\t\t\t<\/div>\n\t\t\t\t\t<\/div>\n\t\t\t\t<\/div>\n\t\t<div class=\"elementor-element elementor-element-b7f48f0 e-flex e-con-boxed e-con e-parent\" data-id=\"b7f48f0\" data-element_type=\"container\">\n\t\t\t\t\t<div class=\"e-con-inner\">\n\t\t\t\t<div class=\"elementor-element elementor-element-4f91dd5 elementor-widget elementor-widget-heading\" data-id=\"4f91dd5\" data-element_type=\"widget\" data-widget_type=\"heading.default\">\n\t\t\t\t<div class=\"elementor-widget-container\">\n\t\t\t<h2 class=\"elementor-heading-title elementor-size-default\">O nosso Certiflcate<\/h2>\t\t<\/div>\n\t\t\t\t<\/div>\n\t\t\t\t<div class=\"elementor-element elementor-element-c9c0848 elementor-widget elementor-widget-text-editor\" data-id=\"c9c0848\" data-element_type=\"widget\" data-widget_type=\"text-editor.default\">\n\t\t\t\t<div class=\"elementor-widget-container\">\n\t\t\t\t\t\t\tOs talheres IDEAL passaram a certifica\u00e7\u00e3o da BSCI, SGS. A ind\u00fastria elogiou-nos pela nossa excelente tecnologia de cria\u00e7\u00e3o de moldes e processo de produ\u00e7\u00e3o.\t\t\t\t\t\t<\/div>\n\t\t\t\t<\/div>\n\t\t\t\t\t<\/div>\n\t\t\t\t<\/div>\n\t\t<div class=\"elementor-element elementor-element-1e3e042 e-con-full e-flex e-con e-parent\" data-id=\"1e3e042\" data-element_type=\"container\">\n\t\t\t\t<div class=\"elementor-element elementor-element-f714e59 elementor-widget elementor-widget-image\" data-id=\"f714e59\" data-element_type=\"widget\" data-widget_type=\"image.default\">\n\t\t\t\t<div class=\"elementor-widget-container\">\n\t\t\t\t\t\t\t\t\t\t\t\t\t<img decoding=\"async\" width=\"1669\" height=\"441\" src=\"https:\/\/www.ideal-flatware.com\/wp-content\/uploads\/2022\/12\/home-cert-1.png\" class=\"attachment-full size-full wp-image-2861\" alt=\"Certificados Jieyang Ideal\" srcset=\"https:\/\/www.ideal-flatware.com\/wp-content\/uploads\/2022\/12\/home-cert-1.png 1669w, https:\/\/www.ideal-flatware.com\/wp-content\/uploads\/2022\/12\/home-cert-1-600x159.png 600w, https:\/\/www.ideal-flatware.com\/wp-content\/uploads\/2022\/12\/home-cert-1-300x79.png 300w, https:\/\/www.ideal-flatware.com\/wp-content\/uploads\/2022\/12\/home-cert-1-1024x271.png 1024w, https:\/\/www.ideal-flatware.com\/wp-content\/uploads\/2022\/12\/home-cert-1-768x203.png 768w, https:\/\/www.ideal-flatware.com\/wp-content\/uploads\/2022\/12\/home-cert-1-1536x406.png 1536w\" sizes=\"(max-width: 1669px) 100vw, 1669px\" \/>\t\t\t\t\t\t\t\t\t\t\t\t\t<\/div>\n\t\t\t\t<\/div>\n\t\t\t\t<\/div>\n\t\t\t\t<\/div>","protected":false},"excerpt":{"rendered":"<p>Home IDEAL -Your Trusted Cutlery Manufacturer We are focused on exporting affordable stainless steel cutlery, but even more than that, we care for the people who make our successes possible, from our employees to our consumers. We are committed to principles of honesty, trustworthiness, fairness, and justice in our quest to provide high-end services and [&hellip;]<\/p>","protected":false},"author":7,"featured_media":0,"parent":0,"menu_order":0,"comment_status":"closed","ping_status":"closed","template":"","meta":{"_seopress_robots_primary_cat":"","footnotes":""},"_links":{"self":[{"href":"https:\/\/www.ideal-flatware.com\/pt\/wp-json\/wp\/v2\/pages\/45"}],"collection":[{"href":"https:\/\/www.ideal-flatware.com\/pt\/wp-json\/wp\/v2\/pages"}],"about":[{"href":"https:\/\/www.ideal-flatware.com\/pt\/wp-json\/wp\/v2\/types\/page"}],"author":[{"embeddable":true,"href":"https:\/\/www.ideal-flatware.com\/pt\/wp-json\/wp\/v2\/users\/7"}],"replies":[{"embeddable":true,"href":"https:\/\/www.ideal-flatware.com\/pt\/wp-json\/wp\/v2\/comments?post=45"}],"version-history":[{"count":114,"href":"https:\/\/www.ideal-flatware.com\/pt\/wp-json\/wp\/v2\/pages\/45\/revisions"}],"predecessor-version":[{"id":3982,"href":"https:\/\/www.ideal-flatware.com\/pt\/wp-json\/wp\/v2\/pages\/45\/revisions\/3982"}],"wp:attachment":[{"href":"https:\/\/www.ideal-flatware.com\/pt\/wp-json\/wp\/v2\/media?parent=45"}],"curies":[{"name":"wp","href":"https:\/\/api.w.org\/{rel}","templated":true}]}}