{"id":48,"date":"2022-11-29T01:11:04","date_gmt":"2022-11-29T01:11:04","guid":{"rendered":"https:\/\/test.ideal-flatware.com\/?page_id=48"},"modified":"2024-03-29T08:03:38","modified_gmt":"2024-03-29T08:03:38","slug":"faq","status":"publish","type":"page","link":"https:\/\/www.ideal-flatware.com\/pt\/faq\/","title":{"rendered":"FAQ"},"content":{"rendered":"<div data-elementor-type=\"wp-page\" data-elementor-id=\"48\" class=\"elementor elementor-48\" data-elementor-post-type=\"page\">\n\t\t\t\t<div class=\"elementor-element elementor-element-115c24e2 e-con-full e-flex e-con e-parent\" data-id=\"115c24e2\" data-element_type=\"container\" data-settings=\"{&quot;background_background&quot;:&quot;classic&quot;}\">\n\t\t<div class=\"elementor-element elementor-element-70200995 e-flex e-con-boxed e-con e-child\" data-id=\"70200995\" data-element_type=\"container\">\n\t\t\t\t\t<div class=\"e-con-inner\">\n\t\t\t\t<div class=\"elementor-element elementor-element-10dd4c90 elementor-widget elementor-widget-heading\" data-id=\"10dd4c90\" data-element_type=\"widget\" data-widget_type=\"heading.default\">\n\t\t\t\t<div class=\"elementor-widget-container\">\n\t\t\t<h1 class=\"elementor-heading-title elementor-size-default\">FAQ<\/h1>\t\t<\/div>\n\t\t\t\t<\/div>\n\t\t\t\t<div class=\"elementor-element elementor-element-7d9f397 elementor-widget elementor-widget-sp-breadcrumbs\" data-id=\"7d9f397\" data-element_type=\"widget\" data-widget_type=\"sp-breadcrumbs.default\">\n\t\t\t\t<div class=\"elementor-widget-container\">\n\t\t\t<nav  aria-label=\"migalhas\" data-no-translation-aria-label=\"\"><ol class=\"breadcrumb\" itemscope itemtype=\"https:\/\/schema.org\/BreadcrumbList\"><li class=\"breadcrumb-item active\" aria-current=\"page\" itemprop=\"itemListElement\" itemscope itemtype=\"https:\/\/schema.org\/ListItem\"><span itemprop=\"name\" data-no-translation=\"\" data-trp-gettext=\"\">In\u00edcio<\/span><meta itemprop=\"position\" content=\"1\"><\/li><\/ol><\/nav>\t\t<\/div>\n\t\t\t\t<\/div>\n\t\t\t\t\t<\/div>\n\t\t\t\t<\/div>\n\t\t\t\t<\/div>\n\t\t<div class=\"elementor-element elementor-element-db99a08 e-flex e-con-boxed e-con e-parent\" data-id=\"db99a08\" data-element_type=\"container\">\n\t\t\t\t\t<div class=\"e-con-inner\">\n\t\t\t\t<div class=\"elementor-element elementor-element-739769b elementor-widget elementor-widget-heading\" data-id=\"739769b\" data-element_type=\"widget\" data-widget_type=\"heading.default\">\n\t\t\t\t<div class=\"elementor-widget-container\">\n\t\t\t<h1 class=\"elementor-heading-title elementor-size-default\">Fabricante de talheres de a\u00e7o inoxid\u00e1vel IDEAL<\/h1>\t\t<\/div>\n\t\t\t\t<\/div>\n\t\t\t\t<div class=\"elementor-element elementor-element-ef709d7 elementor-widget elementor-widget-text-editor\" data-id=\"ef709d7\" data-element_type=\"widget\" data-widget_type=\"text-editor.default\">\n\t\t\t\t<div class=\"elementor-widget-container\">\n\t\t\t\t\t\t\t<p>O mercado alvo da nossa marca tem sido continuamente desenvolvido ao longo dos anos. A nossa equipa est\u00e1 bem preparada para resolver os seus desafios. <a href=\"https:\/\/www.ideal-flatware.com\/pt\/contacto\/\">contacte-nos<\/a> para mais detalhes.<\/p>\t\t\t\t\t\t<\/div>\n\t\t\t\t<\/div>\n\t\t\t\t\t<\/div>\n\t\t\t\t<\/div>\n\t\t<div class=\"elementor-element elementor-element-1118391 e-flex e-con-boxed e-con e-parent\" data-id=\"1118391\" data-element_type=\"container\">\n\t\t\t\t\t<div class=\"e-con-inner\">\n\t\t\t\t<div class=\"elementor-element elementor-element-77032c7 elementor-tabs-view-vertical elementor-widget elementor-widget-tabs\" data-id=\"77032c7\" data-element_type=\"widget\" data-widget_type=\"tabs.default\">\n\t\t\t\t<div class=\"elementor-widget-container\">\n\t\t\t\t\t<div class=\"elementor-tabs\">\n\t\t\t<div class=\"elementor-tabs-wrapper\" role=\"tablist\" >\n\t\t\t\t\t\t\t\t\t<div id=\"elementor-tab-title-1241\" class=\"elementor-tab-title elementor-tab-desktop-title\" aria-selected=\"true\" data-tab=\"1\" role=\"tab\" tabindex=\"0\" aria-controls=\"elementor-tab-content-1241\" aria-expanded=\"false\">Perguntas frequentes regulares<\/div>\n\t\t\t\t\t\t\t\t\t<div id=\"elementor-tab-title-1242\" class=\"elementor-tab-title elementor-tab-desktop-title\" aria-selected=\"false\" data-tab=\"2\" role=\"tab\" tabindex=\"-1\" aria-controls=\"elementor-tab-content-1242\" aria-expanded=\"false\">Sobre os produtos<\/div>\n\t\t\t\t\t\t\t\t\t<div id=\"elementor-tab-title-1243\" class=\"elementor-tab-title elementor-tab-desktop-title\" aria-selected=\"false\" data-tab=\"3\" role=\"tab\" tabindex=\"-1\" aria-controls=\"elementor-tab-content-1243\" aria-expanded=\"false\">Sobre as amostras<\/div>\n\t\t\t\t\t\t\t\t\t<div id=\"elementor-tab-title-1244\" class=\"elementor-tab-title elementor-tab-desktop-title\" aria-selected=\"false\" data-tab=\"4\" role=\"tab\" tabindex=\"-1\" aria-controls=\"elementor-tab-content-1244\" aria-expanded=\"false\">Sobre o logotipo<\/div>\n\t\t\t\t\t\t\t\t\t<div id=\"elementor-tab-title-1245\" class=\"elementor-tab-title elementor-tab-desktop-title\" aria-selected=\"false\" data-tab=\"5\" role=\"tab\" tabindex=\"-1\" aria-controls=\"elementor-tab-content-1245\" aria-expanded=\"false\">Sobre o tempo da amostra<\/div>\n\t\t\t\t\t\t\t\t\t<div id=\"elementor-tab-title-1246\" class=\"elementor-tab-title elementor-tab-desktop-title\" aria-selected=\"false\" data-tab=\"6\" role=\"tab\" tabindex=\"-1\" aria-controls=\"elementor-tab-content-1246\" aria-expanded=\"false\">Tempo de produ\u00e7\u00e3o<\/div>\n\t\t\t\t\t\t\t\t\t<div id=\"elementor-tab-title-1247\" class=\"elementor-tab-title elementor-tab-desktop-title\" aria-selected=\"false\" data-tab=\"7\" role=\"tab\" tabindex=\"-1\" aria-controls=\"elementor-tab-content-1247\" aria-expanded=\"false\">MOQ<\/div>\n\t\t\t\t\t\t\t\t\t<div id=\"elementor-tab-title-1248\" class=\"elementor-tab-title elementor-tab-desktop-title\" aria-selected=\"false\" data-tab=\"8\" role=\"tab\" tabindex=\"-1\" aria-controls=\"elementor-tab-content-1248\" aria-expanded=\"false\">OEM\/ODM<\/div>\n\t\t\t\t\t\t\t\t\t<div id=\"elementor-tab-title-1249\" class=\"elementor-tab-title elementor-tab-desktop-title\" aria-selected=\"false\" data-tab=\"9\" role=\"tab\" tabindex=\"-1\" aria-controls=\"elementor-tab-content-1249\" aria-expanded=\"false\">Prazo de entrega<\/div>\n\t\t\t\t\t\t\t\t\t<div id=\"elementor-tab-title-12410\" class=\"elementor-tab-title elementor-tab-desktop-title\" aria-selected=\"false\" data-tab=\"10\" role=\"tab\" tabindex=\"-1\" aria-controls=\"elementor-tab-content-12410\" aria-expanded=\"false\">Porto<\/div>\n\t\t\t\t\t\t\t\t\t<div id=\"elementor-tab-title-12411\" class=\"elementor-tab-title elementor-tab-desktop-title\" aria-selected=\"false\" data-tab=\"11\" role=\"tab\" tabindex=\"-1\" aria-controls=\"elementor-tab-content-12411\" aria-expanded=\"false\">Embalagem<\/div>\n\t\t\t\t\t\t\t\t\t<div id=\"elementor-tab-title-12412\" class=\"elementor-tab-title elementor-tab-desktop-title\" aria-selected=\"false\" data-tab=\"12\" role=\"tab\" tabindex=\"-1\" aria-controls=\"elementor-tab-content-12412\" aria-expanded=\"false\">Forma de pagamento<\/div>\n\t\t\t\t\t\t\t<\/div>\n\t\t\t<div class=\"elementor-tabs-content-wrapper\" role=\"tablist\" aria-orientation=\"vertical\">\n\t\t\t\t\t\t\t\t\t<div class=\"elementor-tab-title elementor-tab-mobile-title\" aria-selected=\"true\" data-tab=\"1\" role=\"tab\" tabindex=\"0\" aria-controls=\"elementor-tab-content-1241\" aria-expanded=\"false\">Perguntas frequentes regulares<\/div>\n\t\t\t\t\t<div id=\"elementor-tab-content-1241\" class=\"elementor-tab-content elementor-clearfix\" data-tab=\"1\" role=\"tabpanel\" aria-labelledby=\"elementor-tab-title-1241\" tabindex=\"0\" hidden=\"false\"><p><strong>Quais s\u00e3o os seus produtos feitos of\uff1f<\/strong><br \/>Os nossos produtos s\u00e3o feitos de a\u00e7o inoxid\u00e1vel de alta qualidade, que t\u00eam um bom equil\u00edbrio entre seguran\u00e7a e praticidade.<\/p><p><strong>Posso obter uma AMOSTRA GRATUITA?<\/strong><br \/>Naturalmente, est\u00e1 dispon\u00edvel uma amostra gratuita, por favor deixe os seus dados de contacto para nos contactar.<\/p><p><strong>Pode imprimir a nossa LOGOMARCA em produtos?<\/strong><br \/>Sim.podemos imprimir o logotipo nos produtos \u00e0 medida das suas necessidades.impress\u00e3o em relevo, a laser e gravada est\u00e3o dispon\u00edveis.<\/p><p><strong>Aceita encomenda OEM e ODM?<\/strong><br \/>Sim, est\u00e3o dispon\u00edveis OEM\/ODM, s\u00e3o aceites materiais personalizados, formas, cores, log\u00f3tipos, embalagens. Se tiver alguma ideia sobre os produtos, n\u00e3o hesite em contactar-nos!<\/p><p><strong>Quais s\u00e3o as suas condi\u00e7\u00f5es de pagamento?<\/strong><br \/>Aceitamos L\/C em sinal, T\/T (incluindo dep\u00f3sito 30%), dinheiro, etc.<\/p><p><strong>Posso combinar livremente os talheres que quero?<\/strong><br \/>Claro que, conjuntos de quatro pe\u00e7as, conjuntos de dezasseis pe\u00e7as, conjuntos de vinte e quatro pe\u00e7as e assim por diante, todos n\u00f3s podemos satisfazer as suas necessidades.<\/p><p><strong>Quais s\u00e3o os principais tipos de a\u00e7o inoxid\u00e1vel de qualidade alimentar?<\/strong><br \/>S\u00e3o AISI410, AISI430, AISI420, AISI304.<\/p><p><strong>Que tipo de produtos acabados de superf\u00edcie pode oferecer?<\/strong><br \/>Polimento de tombo, polimento manual, polimento de espelho, acabamento mate, revestimento PVD, impress\u00e3o Detal, pintura por pulveriza\u00e7\u00e3o e outros processos de acabamento de superf\u00edcie.<\/p><p><strong>Ser\u00e1 que os talheres de chapa preta se desvanecer\u00e3o?<\/strong><br \/>IDEAL adopta um processo avan\u00e7ado de galvaniza\u00e7\u00e3o, os talheres de a\u00e7o inoxid\u00e1vel fabricados n\u00e3o se desvanecer\u00e3o e ser\u00e3o dur\u00e1veis.<\/p><\/div>\n\t\t\t\t\t\t\t\t\t<div class=\"elementor-tab-title elementor-tab-mobile-title\" aria-selected=\"false\" data-tab=\"2\" role=\"tab\" tabindex=\"-1\" aria-controls=\"elementor-tab-content-1242\" aria-expanded=\"false\">Sobre os produtos<\/div>\n\t\t\t\t\t<div id=\"elementor-tab-content-1242\" class=\"elementor-tab-content elementor-clearfix\" data-tab=\"2\" role=\"tabpanel\" aria-labelledby=\"elementor-tab-title-1242\" tabindex=\"0\" hidden=\"hidden\"><p><strong>Quais s\u00e3o os materiais dos talheres de a\u00e7o inoxid\u00e1vel?<\/strong><br \/>A lou\u00e7a de mesa em a\u00e7o inoxid\u00e1vel est\u00e1 dispon\u00edvel em 4 qualidades: 410\uff0c420\uff0c430\uff0c304.<\/p><p><strong>Quais s\u00e3o as caracter\u00edsticas dos servi\u00e7os de mesa em a\u00e7o inoxid\u00e1vel?<\/strong><br \/>Dur\u00e1vel, resistente \u00e0 corros\u00e3o, resistente \u00e0 queda, pode durar muitos anos, e lav\u00e1vel na m\u00e1quina de lavar lou\u00e7a.<\/p><p><strong>Que tipo de produtos acabados de superf\u00edcie pode oferecer?<\/strong><br \/>Polimento de tombo, polimento manual, polimento de espelho, acabamento mate, revestimento PVD, impress\u00e3o Detal, pintura por pulveriza\u00e7\u00e3o e outros processos de acabamento de superf\u00edcie.<\/p><p><strong>Os talheres folheados a ouro ir\u00e3o desaparecer?<\/strong><br \/>IDEAL adopta um processo avan\u00e7ado de galvaniza\u00e7\u00e3o, os talheres de a\u00e7o inoxid\u00e1vel fabricados n\u00e3o se desvanecer\u00e3o e ser\u00e3o dur\u00e1veis.<\/p><p><strong>Ser\u00e1 que os talheres de chapa preta se desvanecer\u00e3o?<\/strong><br \/>IDEAL adopta um processo avan\u00e7ado de galvaniza\u00e7\u00e3o, os talheres de a\u00e7o inoxid\u00e1vel fabricados n\u00e3o se desvanecer\u00e3o e ser\u00e3o dur\u00e1veis.<\/p><p><strong>Que processos est\u00e3o dispon\u00edveis para log\u00f3tipos personalizados?<\/strong><br \/>Pode escolher os nossos produtos existentes para adicionar logotipo: impress\u00e3o, laser, grava\u00e7\u00e3o em relevo, impress\u00e3o por transfer\u00eancia, etc.<\/p><p><strong>Que cores podem os talheres de a\u00e7o inoxid\u00e1vel ser personalizados?<\/strong><br \/>Em geral, prata, ouro, preto, ouro rosa, chapeamento de cor s\u00e3o as mais comuns, pode fornecer-nos a cor que deseja, discutiremos em detalhe.<\/p><p><strong>Posso personalizar um produto espec\u00edfico com o vosso padr\u00e3o de produto?<\/strong><br \/>Claro que pode utilizar os seus desenhos existentes para personalizar o seu produto.<\/p><p><strong>Posso combinar livremente os talheres que quero?<\/strong><br \/>Claro que, conjuntos de quatro pe\u00e7as, conjuntos de dezasseis pe\u00e7as, conjuntos de vinte e quatro pe\u00e7as e assim por diante, todos n\u00f3s podemos satisfazer as suas necessidades.<\/p><p><strong>Os talheres de a\u00e7o inoxid\u00e1vel chapeados a preto s\u00e3o seguros?<\/strong><br \/>Sim, utilizamos mat\u00e9rias-primas de qualidade alimentar para tornar os talheres seguros e n\u00e3o t\u00f3xicos em contacto com os alimentos. Tanto adultos como crian\u00e7as podem utiliz\u00e1-lo com confian\u00e7a.<\/p><p><strong>Os talheres de a\u00e7o inoxid\u00e1vel banhados a ouro s\u00e3o seguros?<\/strong><br \/>Sim, utilizamos mat\u00e9rias-primas de qualidade alimentar para tornar os talheres seguros e n\u00e3o t\u00f3xicos em contacto com os alimentos. Tanto adultos como crian\u00e7as podem utiliz\u00e1-lo com confian\u00e7a.<\/p><p><strong>As bordas dos seus cortadores de a\u00e7o inoxid\u00e1vel s\u00e3o lisas?<\/strong><br \/>Sim, os nossos cortadores de a\u00e7o inoxid\u00e1vel s\u00e3o processos de polimento em v\u00e1rias camadas, a superf\u00edcie \u00e9 livre de rebarbas e n\u00e3o risca a boca.<\/p><\/div>\n\t\t\t\t\t\t\t\t\t<div class=\"elementor-tab-title elementor-tab-mobile-title\" aria-selected=\"false\" data-tab=\"3\" role=\"tab\" tabindex=\"-1\" aria-controls=\"elementor-tab-content-1243\" aria-expanded=\"false\">Sobre as amostras<\/div>\n\t\t\t\t\t<div id=\"elementor-tab-content-1243\" class=\"elementor-tab-content elementor-clearfix\" data-tab=\"3\" role=\"tabpanel\" aria-labelledby=\"elementor-tab-title-1243\" tabindex=\"0\" hidden=\"hidden\"><p><strong>Podemos obter as suas amostras gr\u00e1tis?<\/strong><br \/>As amostras podem ser oferecidas gratuitamente. Mas o custo de envio das amostras deve ser por conta do comprador.<\/p><p><strong>Posso obter algumas amostras?<\/strong><br \/>Sim, pode. As nossas amostras s\u00e3o gratuitas apenas para os clientes que confirmam a encomenda. Mas o frete para o expresso \u00e9 por conta do comprador.<\/p><p><strong>Como posso obter uma amostra para verificar a sua qualidade?<\/strong><br \/>A amostra pode ser gratuita enquanto o frete estiver no comprador, pode contactar-nos para mais detalhes.<\/p><p><strong>A amostra dos seus produtos \u00e9 gr\u00e1tis?<\/strong><br \/>Sim, \u00e9 claro. Pode pagar o frete. isso seria f\u00e1cil. E se fizer uma encomenda formal connosco, podemos devolver-lhe a sua amostra de frete.<\/p><p><strong>Como \u00e9 que posso obter a amostra?<\/strong><br \/>Sim, a amostra \u00e9 aceit\u00e1vel.um pcs\/item \u00e9 gratuito para si, o custo de envio seria tomado ao seu lado. pode contactar com as nossas vendas para combinar.<\/p><p><strong>Como \u00e9 que posso obter uma amostra para confirmar a qualidade?<\/strong><br \/>Para amostras existentes, leva 1-3 dias. S\u00e3o gratuitas se o frete for recolhido. Para os seus pr\u00f3prios desenhos, demora 7-15 dias, leva um pequeno custo mas ser\u00e1 reembolsado ap\u00f3s a confirma\u00e7\u00e3o da encomenda.<\/p><\/div>\n\t\t\t\t\t\t\t\t\t<div class=\"elementor-tab-title elementor-tab-mobile-title\" aria-selected=\"false\" data-tab=\"4\" role=\"tab\" tabindex=\"-1\" aria-controls=\"elementor-tab-content-1244\" aria-expanded=\"false\">Sobre o logotipo<\/div>\n\t\t\t\t\t<div id=\"elementor-tab-content-1244\" class=\"elementor-tab-content elementor-clearfix\" data-tab=\"4\" role=\"tabpanel\" aria-labelledby=\"elementor-tab-title-1244\" tabindex=\"0\" hidden=\"hidden\"><p><strong>Pode imprimir a nossa LOGOMARCA em conjunto de talheres?<\/strong><br \/>Sim. podemos imprimir o log\u00f3tipo no conjunto de talheres como as suas necessidades. Est\u00e3o dispon\u00edveis em relevo, a laser, estampados e gravados.<\/p><p><strong>Como proceder com a encomenda se eu tiver o log\u00f3tipo para imprimir?<\/strong><br \/>Primeiro, prepararemos o trabalho art\u00edstico para confirma\u00e7\u00e3o visual, e a seguir produziremos uma amostra real para a sua segunda confirma\u00e7\u00e3o. Se a amostra estiver ok, finalmente iremos para a produ\u00e7\u00e3o em massa.<\/p><p><strong>Posso ter o meu log\u00f3tipo no produto?<\/strong><br \/>Sim, todos os produtos podem ser personalizados. \u00c9 mais do que log\u00f3tipos, cores, tamanho, padr\u00f5es, todos podem ser alterados.<\/p><p><strong>Pode fazer o meu desenho?<\/strong><br \/>Sim, fazemos tanto OEM como ODM. Adorar\u00edamos desenvolver novos desenhos em conjunto consigo.<\/p><p><strong>Podemos ter o nosso logotipo ou o nome da empresa nos produtos ou na embalagem?<\/strong><br \/>Claro. O seu log\u00f3tipo pode ser colocado nos seus produtos por Hot Stamping, Impress\u00e3o, Gofragem, Impress\u00e3o em serigrafia ou Autocolante.<\/p><p><strong>Pode fazer o servi\u00e7o personalizado? E o que \u00e9 informa\u00e7\u00e3o que devemos oferecer para o fazer?<\/strong><br \/>Para adicionar o log\u00f3tipo, dispomos de lasering craft, silk screen craft, print e v\u00e1rios artesanatos para adicionar o log\u00f3tipo no produto Para fazer forma personalizada, que tamb\u00e9m \u00e9 vi\u00e1vel para n\u00f3s Pode partilhar o ficheiro PDF com as nossas vendas para discutir isso.<\/p><\/div>\n\t\t\t\t\t\t\t\t\t<div class=\"elementor-tab-title elementor-tab-mobile-title\" aria-selected=\"false\" data-tab=\"5\" role=\"tab\" tabindex=\"-1\" aria-controls=\"elementor-tab-content-1245\" aria-expanded=\"false\">Sobre o tempo da amostra<\/div>\n\t\t\t\t\t<div id=\"elementor-tab-content-1245\" class=\"elementor-tab-content elementor-clearfix\" data-tab=\"5\" role=\"tabpanel\" aria-labelledby=\"elementor-tab-title-1245\" tabindex=\"0\" hidden=\"hidden\"><p><strong>Qual \u00e9 o prazo de entrega da amostra?<\/strong><br \/>As amostras de stock podem ser enviadas no prazo de 1-3 dias. Novas amostras produzidas ser\u00e3o enviadas no prazo de 5-15 dias.<\/p><p><strong>Posso obter uma amostra, quanto tempo vai demorar?<\/strong><br \/>Sim, se a amostra de que necessita em stock, basta 1-3 dias, e 4-6 dias de trabalho para o envio. Se precisar de abrir um novo artigo ou qualquer outro personalizado, demorar\u00e1 7-15 dias<\/p><p><strong>Qual \u00e9 o tempo de espera para uma amostra personalizada e uma taxa de amostra?<\/strong><br \/>Tempo de espera para amostra personalizada: 15 dias; Taxa de amostra: a ser decidida.<\/p><\/div>\n\t\t\t\t\t\t\t\t\t<div class=\"elementor-tab-title elementor-tab-mobile-title\" aria-selected=\"false\" data-tab=\"6\" role=\"tab\" tabindex=\"-1\" aria-controls=\"elementor-tab-content-1246\" aria-expanded=\"false\">Tempo de produ\u00e7\u00e3o<\/div>\n\t\t\t\t\t<div id=\"elementor-tab-content-1246\" class=\"elementor-tab-content elementor-clearfix\" data-tab=\"6\" role=\"tabpanel\" aria-labelledby=\"elementor-tab-title-1246\" tabindex=\"0\" hidden=\"hidden\"><p><strong>Qual \u00e9 o seu lead time de produ\u00e7\u00e3o?<\/strong><br \/>O tempo de encomenda pequeno para o produto armazenado \u00e9 de cerca de 10 dias,o tempo de produ\u00e7\u00e3o em massa \u00e9 de 45-60 dias de acordo com a quantidade da encomenda,mas se for uma encomenda urgente, faremos o nosso melhor para reduzir o tempo.<\/p><\/div>\n\t\t\t\t\t\t\t\t\t<div class=\"elementor-tab-title elementor-tab-mobile-title\" aria-selected=\"false\" data-tab=\"7\" role=\"tab\" tabindex=\"-1\" aria-controls=\"elementor-tab-content-1247\" aria-expanded=\"false\">MOQ<\/div>\n\t\t\t\t\t<div id=\"elementor-tab-content-1247\" class=\"elementor-tab-content elementor-clearfix\" data-tab=\"7\" role=\"tabpanel\" aria-labelledby=\"elementor-tab-title-1247\" tabindex=\"0\" hidden=\"hidden\"><p><strong>Existe algum MOQ para o que eu compro?<\/strong><br \/>Sim, temos MOQ para produ\u00e7\u00e3o em massa. Diferentes artigos com diferentes embalagens t\u00eam diferentes MOQ. Por favor contacte-nos para mais detalhes.<\/p><p><strong>O que \u00e9 o MOQ?<\/strong><br \/>Uma pequena encomenda \u00e9 aceit\u00e1vel. O MOQ \u00e9 baixo, se encomendar os nossos produtos em stock. Por favor contacte-nos para mais detalhes.<\/p><p><strong>Posso somar diferentes produtos para chegar ao MOQ?<\/strong><br \/>Normalmente o MOQ \u00e9 de 12000 pcs, de tipo \u00fanico, mas varia de tipo para tipo. E se os modelos que escolher estiverem em stock, o MOQ \u00e9 flex\u00edvel.<\/p><\/div>\n\t\t\t\t\t\t\t\t\t<div class=\"elementor-tab-title elementor-tab-mobile-title\" aria-selected=\"false\" data-tab=\"8\" role=\"tab\" tabindex=\"-1\" aria-controls=\"elementor-tab-content-1248\" aria-expanded=\"false\">OEM\/ODM<\/div>\n\t\t\t\t\t<div id=\"elementor-tab-content-1248\" class=\"elementor-tab-content elementor-clearfix\" data-tab=\"8\" role=\"tabpanel\" aria-labelledby=\"elementor-tab-title-1248\" tabindex=\"0\" hidden=\"hidden\"><p><strong>Pode oferecer um servi\u00e7o personalizado?<\/strong><br \/>Sim, podemos oferecer um servi\u00e7o personalizado, OEM e ODM est\u00e3o dispon\u00edveis!<\/p><p><strong>O meu desenho \u00e9 \u00fanico no mercado, como fazer-lhe a minha encomenda OEM?<\/strong><br \/>Se OEM para estilo de produto, isto estar\u00e1 relacionado com algum custo de moldagem. Por favor contacte-nos para mais detalhes.<\/p><p><strong>Posso encomendar os produtos com a minha pr\u00f3pria marca?<\/strong><br \/>Sim, podemos imprimir a laser o log\u00f3tipo do cliente no produto com a permiss\u00e3o e carta de autoriza\u00e7\u00e3o dos clientes.<\/p><p><strong>Pode ajudar-nos a desenvolver o nosso pr\u00f3prio produto?<\/strong><br \/>Sim, os OEM\/ODM est\u00e3o todos dispon\u00edveis. Temos equipas profissionais a fazer isto, por favor contacte-nos para discutir mais detalhes, se precisar.<\/p><p><strong>Aceita encomenda OEM e ODM?<\/strong><br \/>Sim, somos um excelente desenvolvedor de produtos OEM&amp;ODM, OEM, ODM aceites, aceitamos material personalizado, forma, cores, log\u00f3tipo, embalagem. Se tiver alguma ideia sobre produtos, n\u00e3o hesite em contactar-nos!<\/p><\/div>\n\t\t\t\t\t\t\t\t\t<div class=\"elementor-tab-title elementor-tab-mobile-title\" aria-selected=\"false\" data-tab=\"9\" role=\"tab\" tabindex=\"-1\" aria-controls=\"elementor-tab-content-1249\" aria-expanded=\"false\">Prazo de entrega<\/div>\n\t\t\t\t\t<div id=\"elementor-tab-content-1249\" class=\"elementor-tab-content elementor-clearfix\" data-tab=\"9\" role=\"tabpanel\" aria-labelledby=\"elementor-tab-title-1249\" tabindex=\"0\" hidden=\"hidden\"><p><strong>Qual \u00e9 o seu prazo de entrega?<\/strong><br \/>Geralmente s\u00e3o 7-10 dias se a mercadoria estiver em stock. ou \u00e9 45-60 dias se a mercadoria n\u00e3o estiver em stock, \u00e9 de acordo com a quantidade e o n\u00edvel de qualidade dos produtos!<\/p><p><strong>Qual \u00e9 o seu lead time de produ\u00e7\u00e3o?<\/strong><br \/>Normalmente 15 dias \u00fateis para as amostras, e 45-60 dias para a produ\u00e7\u00e3o em massa ap\u00f3s recep\u00e7\u00e3o do pagamento do dep\u00f3sito e confirma\u00e7\u00e3o de todas as obras de arte.<\/p><\/div>\n\t\t\t\t\t\t\t\t\t<div class=\"elementor-tab-title elementor-tab-mobile-title\" aria-selected=\"false\" data-tab=\"10\" role=\"tab\" tabindex=\"-1\" aria-controls=\"elementor-tab-content-12410\" aria-expanded=\"false\">Porto<\/div>\n\t\t\t\t\t<div id=\"elementor-tab-content-12410\" class=\"elementor-tab-content elementor-clearfix\" data-tab=\"10\" role=\"tabpanel\" aria-labelledby=\"elementor-tab-title-12410\" tabindex=\"0\" hidden=\"hidden\"><p><strong>O que \u00e9 o porto FOB para enviar?<\/strong><br \/>Normalmente expedimos as mercadorias do porto de SHENZHEN\/GUANGZHOU.<\/p><p><strong>De onde s\u00e3o enviados? Para onde s\u00e3o enviados? Pode fazer o envio?<\/strong><br \/>Todos os produtos ser\u00e3o enviados a partir do Guangdong chin\u00eas, na sua maioria dos portos de GuangZhou ou ShenZhen, se precisar de enviar a partir de outras cidades ou portos, por favor contacte-nos para mais confirma\u00e7\u00e3o. E podemos expedir para todo o mundo.<\/p><\/div>\n\t\t\t\t\t\t\t\t\t<div class=\"elementor-tab-title elementor-tab-mobile-title\" aria-selected=\"false\" data-tab=\"11\" role=\"tab\" tabindex=\"-1\" aria-controls=\"elementor-tab-content-12411\" aria-expanded=\"false\">Embalagem<\/div>\n\t\t\t\t\t<div id=\"elementor-tab-content-12411\" class=\"elementor-tab-content elementor-clearfix\" data-tab=\"11\" role=\"tabpanel\" aria-labelledby=\"elementor-tab-title-12411\" tabindex=\"0\" hidden=\"hidden\"><p><strong>Pode fazer embalagens personalizadas?<\/strong><br \/>Claro. Para encomendas pequenas, temos caixas de oferta \u00e0 sua escolha. Se n\u00e3o gostar das nossas embalagens ou se tiver as suas pr\u00f3prias ideias, \u00e9 bem-vindo.<\/p><\/div>\n\t\t\t\t\t\t\t\t\t<div class=\"elementor-tab-title elementor-tab-mobile-title\" aria-selected=\"false\" data-tab=\"12\" role=\"tab\" tabindex=\"-1\" aria-controls=\"elementor-tab-content-12412\" aria-expanded=\"false\">Forma de pagamento<\/div>\n\t\t\t\t\t<div id=\"elementor-tab-content-12412\" class=\"elementor-tab-content elementor-clearfix\" data-tab=\"12\" role=\"tabpanel\" aria-labelledby=\"elementor-tab-title-12412\" tabindex=\"0\" hidden=\"hidden\"><p><strong>Qual \u00e9 o seu prazo de pagamento?<\/strong><br \/>Normalmente, o nosso prazo de pagamento \u00e9 T\/T. Pagar o dep\u00f3sito 30% antecipadamente, pagar o saldo antes da entrega. Outro prazo de pagamento pode ser discutido.<\/p><p><strong>Quais as condi\u00e7\u00f5es de pagamento que pode aceitar?<\/strong><br \/>Aceitamos L\/C \u00e0 vista, T\/T. Pode contactar com as nossas vendas para confirmar os detalhes.<\/p><p><strong>Quais s\u00e3o as suas condi\u00e7\u00f5es de pagamento?<\/strong><br \/>Em geral, cotamos EXW ou FOB pre\u00e7o, pagamento 30% dep\u00f3sito por T\/T antes da produ\u00e7\u00e3o, 70% saldo pago no prazo de 7 dias antes do carregamento.<\/p><\/div>\n\t\t\t\t\t\t\t<\/div>\n\t\t<\/div>\n\t\t\t\t<\/div>\n\t\t\t\t<\/div>\n\t\t\t\t\t<\/div>\n\t\t\t\t<\/div>\n\t\t\t\t<\/div>","protected":false},"excerpt":{"rendered":"<p>Home IDEAL stainless steel cutlery manufacturer The target market of our brand has been continuously developed over the years.Our team is well prepared to solve your challenges.Please contact us for more details. Regular FAQ About products About samples About Logo About sample time Production time MOQ OEM\/ODM Delivery time Port Packaging Payment Method Regular FAQ [&hellip;]<\/p>","protected":false},"author":7,"featured_media":0,"parent":0,"menu_order":0,"comment_status":"closed","ping_status":"closed","template":"","meta":{"_seopress_robots_primary_cat":"","footnotes":""},"_links":{"self":[{"href":"https:\/\/www.ideal-flatware.com\/pt\/wp-json\/wp\/v2\/pages\/48"}],"collection":[{"href":"https:\/\/www.ideal-flatware.com\/pt\/wp-json\/wp\/v2\/pages"}],"about":[{"href":"https:\/\/www.ideal-flatware.com\/pt\/wp-json\/wp\/v2\/types\/page"}],"author":[{"embeddable":true,"href":"https:\/\/www.ideal-flatware.com\/pt\/wp-json\/wp\/v2\/users\/7"}],"replies":[{"embeddable":true,"href":"https:\/\/www.ideal-flatware.com\/pt\/wp-json\/wp\/v2\/comments?post=48"}],"version-history":[{"count":139,"href":"https:\/\/www.ideal-flatware.com\/pt\/wp-json\/wp\/v2\/pages\/48\/revisions"}],"predecessor-version":[{"id":3384,"href":"https:\/\/www.ideal-flatware.com\/pt\/wp-json\/wp\/v2\/pages\/48\/revisions\/3384"}],"wp:attachment":[{"href":"https:\/\/www.ideal-flatware.com\/pt\/wp-json\/wp\/v2\/media?parent=48"}],"curies":[{"name":"wp","href":"https:\/\/api.w.org\/{rel}","templated":true}]}}