{"id":1088,"date":"2022-12-19T01:50:16","date_gmt":"2022-12-19T01:50:16","guid":{"rendered":"https:\/\/test.ideal-flatware.com\/?post_type=product&#038;p=1088"},"modified":"2025-12-09T09:41:42","modified_gmt":"2025-12-09T09:41:42","slug":"s019-high-performance-customized-wholesale-stainless-steel-table-knife-fork-spoon-restaurant-cutlery-set","status":"publish","type":"product","link":"https:\/\/www.ideal-flatware.com\/pt\/produto\/s019-alta-performance-customizada-furo-esmalte-sela-sela-tabela-faquinha-faquinha-restaurante-costelaria-set\/","title":{"rendered":"S019 Conjunto de talheres de mesa em a\u00e7o inoxid\u00e1vel de alta performance, \u00e0 medida, para venda por grosso"},"content":{"rendered":"<p><img fetchpriority=\"high\" decoding=\"async\" class=\"size-full wp-image-1092 aligncenter\" src=\"https:\/\/test.ideal-flatware.com\/wp-content\/uploads\/2022\/12\/S019-1.jpg\" alt=\"\" width=\"700\" height=\"700\" srcset=\"https:\/\/www.ideal-flatware.com\/wp-content\/uploads\/2022\/12\/S019-1.jpg 700w, https:\/\/www.ideal-flatware.com\/wp-content\/uploads\/2022\/12\/S019-1-600x600.jpg 600w, https:\/\/www.ideal-flatware.com\/wp-content\/uploads\/2022\/12\/S019-1-100x100.jpg 100w, https:\/\/www.ideal-flatware.com\/wp-content\/uploads\/2022\/12\/S019-1-300x300.jpg 300w, https:\/\/www.ideal-flatware.com\/wp-content\/uploads\/2022\/12\/S019-1-150x150.jpg 150w\" sizes=\"(max-width: 700px) 100vw, 700px\" \/><br \/>\n<strong>\u301012 Conjunto de Cutelaria de pe\u00e7as Service\u3011<\/strong>Este conjunto de talheres inclui facas para jantar, garfo para jantar, colher para jantar, colher de ch\u00e1, perfeito para servir em fam\u00edlia.<br \/>\n<strong>\u3010Simplicity Cutelaria Design\u3011<\/strong>Este conjunto de talheres \u00e9 feito de a\u00e7o inoxid\u00e1vel de primeira qualidade que assegura a sua sa\u00fade, suficientemente robusto para uma utiliza\u00e7\u00e3o b\u00e1sica di\u00e1ria, resistente \u00e0 ferrugem e dur\u00e1vel durante anos futuros.<br \/>\n<strong>\u3010High Material de Qualidade &amp; Durable\u3011<\/strong>Conjunto de talheres elegantes e modernos perfeito para casamento, festa de Natal, reuni\u00e3o, restaurante, aumento do apetite e experi\u00eancias de jantar mais agrad\u00e1veis esperam, tamb\u00e9m como um grande presente.<br \/>\n<strong>\u3010Perfect para Use\u3011<\/strong>O nosso conjunto de talheres \u00e9 ideal para uso di\u00e1rio familiar, reuni\u00f5es, jantares familiares, casamentos e outras ocasi\u00f5es formais. Tamb\u00e9m se aplicam a campismo, hotel, restaurante, bistr\u00f4, etc., ou quando se necessita de facas, garfos e colheres extra.<br \/>\n<strong>\u3010Care Guidance\u3011<\/strong>Este conjunto de talheres \u00e9 seguro para a m\u00e1quina de lavar lou\u00e7a. Por favor, limpar os talheres num curto espa\u00e7o de tempo ap\u00f3s a sua utiliza\u00e7\u00e3o, dentro de duas horas ser\u00e1 mais prefer\u00edvel.<\/p>\n<p>&nbsp;<\/p>\n<h3 style=\"color: #90bf46;\">\u25b8 PAR\u00c2METROS DO PRODUTO<\/h3>\n<table style=\"height: 121px; width: 100%; border-collapse: collapse; border-style: solid; border-color: #dddddd;\" border=\"1\">\n<tbody>\n<tr style=\"height: 24px;\">\n<td style=\"width: 20%; height: 24px; border: 1px solid #dddddd; background-color: #f2f2f2;\">Item No:<\/td>\n<td style=\"width: 20%; height: 24px; border: 1px solid #dddddd; background-color: #f2f2f2;\">Nome<\/td>\n<td style=\"width: 20%; height: 24px; border: 1px solid #dddddd; background-color: #f2f2f2;\">Comprimento(mm)<\/td>\n<td style=\"width: 20%; height: 24px; border: 1px solid #dddddd; background-color: #f2f2f2;\">Largura(mm)<\/td>\n<td style=\"width: 20%; height: 24px; border: 1px solid #dddddd; background-color: #f2f2f2;\">Peso(g)<\/td>\n<\/tr>\n<tr style=\"height: 24px;\">\n<td style=\"width: 20%; height: 97px; border: 1px solid #dddddd; vertical-align: middle;\" rowspan=\"4\">S019<\/td>\n<td style=\"width: 20%; height: 24px; border: 1px solid #dddddd;\">Faca de mesa<\/td>\n<td style=\"width: 20%; height: 24px; border: 1px solid #dddddd;\">225<\/td>\n<td style=\"width: 20%; height: 24px; border: 1px solid #dddddd;\">20<\/td>\n<td style=\"width: 20%; height: 24px; border: 1px solid #dddddd;\">65<\/td>\n<\/tr>\n<tr style=\"height: 24px;\">\n<td style=\"width: 20%; height: 25px; border: 1px solid #dddddd;\">Garfo de mesa<\/td>\n<td style=\"width: 20%; height: 25px; border: 1px solid #dddddd;\">200<\/td>\n<td style=\"width: 20%; height: 25px; border: 1px solid #dddddd;\">26<\/td>\n<td style=\"width: 20%; height: 25px; border: 1px solid #dddddd;\">43<\/td>\n<\/tr>\n<tr style=\"height: 24px;\">\n<td style=\"width: 20%; height: 24px; border: 1px solid #dddddd;\">Colher de mesa<\/td>\n<td style=\"width: 20%; height: 24px; border: 1px solid #dddddd;\">205<\/td>\n<td style=\"width: 20%; height: 24px; border: 1px solid #dddddd;\">46<\/td>\n<td style=\"width: 20%; height: 24px; border: 1px solid #dddddd;\">58<\/td>\n<\/tr>\n<tr style=\"height: 24px;\">\n<td style=\"width: 20%; height: 24px; border: 1px solid #dddddd;\">Colher de ch\u00e1<\/td>\n<td style=\"width: 20%; height: 24px; border: 1px solid #dddddd;\">140<\/td>\n<td style=\"width: 20%; height: 24px; border: 1px solid #dddddd;\">30<\/td>\n<td style=\"width: 20%; height: 24px; border: 1px solid #dddddd;\">22<\/td>\n<\/tr>\n<\/tbody>\n<\/table>\n<h3 style=\"color: #90bf46;\">\u25b8 DESCRI\u00c7\u00c3O DO PRODUTO<\/h3>\n<div id='gallery-1' class='gallery galleryid-1088 gallery-columns-4 gallery-size-large'><figure class='gallery-item'>\n\t\t\t<div class='gallery-icon landscape'>\n\t\t\t\t<a href='https:\/\/www.ideal-flatware.com\/wp-content\/uploads\/2022\/12\/S01901.jpg'><img width=\"700\" height=\"525\" src=\"https:\/\/www.ideal-flatware.com\/wp-content\/uploads\/2022\/12\/S01901.jpg\" class=\"attachment-large size-large\" alt=\"Faqueiros em a\u00e7o inoxid\u00e1vel\" decoding=\"async\" srcset=\"https:\/\/www.ideal-flatware.com\/wp-content\/uploads\/2022\/12\/S01901.jpg 700w, https:\/\/www.ideal-flatware.com\/wp-content\/uploads\/2022\/12\/S01901-600x450.jpg 600w, https:\/\/www.ideal-flatware.com\/wp-content\/uploads\/2022\/12\/S01901-300x225.jpg 300w\" sizes=\"(max-width: 700px) 100vw, 700px\" \/><\/a>\n\t\t\t<\/div><\/figure><figure class='gallery-item'>\n\t\t\t<div class='gallery-icon landscape'>\n\t\t\t\t<a href='https:\/\/www.ideal-flatware.com\/wp-content\/uploads\/2022\/12\/S01902.jpg'><img width=\"700\" height=\"525\" src=\"https:\/\/www.ideal-flatware.com\/wp-content\/uploads\/2022\/12\/S01902.jpg\" class=\"attachment-large size-large\" alt=\"Faqueiros em a\u00e7o inoxid\u00e1vel\" decoding=\"async\" srcset=\"https:\/\/www.ideal-flatware.com\/wp-content\/uploads\/2022\/12\/S01902.jpg 700w, https:\/\/www.ideal-flatware.com\/wp-content\/uploads\/2022\/12\/S01902-600x450.jpg 600w, https:\/\/www.ideal-flatware.com\/wp-content\/uploads\/2022\/12\/S01902-300x225.jpg 300w\" sizes=\"(max-width: 700px) 100vw, 700px\" \/><\/a>\n\t\t\t<\/div><\/figure><figure class='gallery-item'>\n\t\t\t<div class='gallery-icon landscape'>\n\t\t\t\t<a href='https:\/\/www.ideal-flatware.com\/wp-content\/uploads\/2022\/12\/S01903.jpg'><img width=\"700\" height=\"525\" src=\"https:\/\/www.ideal-flatware.com\/wp-content\/uploads\/2022\/12\/S01903.jpg\" class=\"attachment-large size-large\" alt=\"Faqueiros em a\u00e7o inoxid\u00e1vel\" decoding=\"async\" srcset=\"https:\/\/www.ideal-flatware.com\/wp-content\/uploads\/2022\/12\/S01903.jpg 700w, https:\/\/www.ideal-flatware.com\/wp-content\/uploads\/2022\/12\/S01903-600x450.jpg 600w, https:\/\/www.ideal-flatware.com\/wp-content\/uploads\/2022\/12\/S01903-300x225.jpg 300w\" sizes=\"(max-width: 700px) 100vw, 700px\" \/><\/a>\n\t\t\t<\/div><\/figure><figure class='gallery-item'>\n\t\t\t<div class='gallery-icon landscape'>\n\t\t\t\t<a href='https:\/\/www.ideal-flatware.com\/wp-content\/uploads\/2022\/12\/S01904.jpg'><img width=\"700\" height=\"525\" src=\"https:\/\/www.ideal-flatware.com\/wp-content\/uploads\/2022\/12\/S01904.jpg\" class=\"attachment-large size-large\" alt=\"Faqueiros em a\u00e7o inoxid\u00e1vel\" decoding=\"async\" srcset=\"https:\/\/www.ideal-flatware.com\/wp-content\/uploads\/2022\/12\/S01904.jpg 700w, https:\/\/www.ideal-flatware.com\/wp-content\/uploads\/2022\/12\/S01904-600x450.jpg 600w, https:\/\/www.ideal-flatware.com\/wp-content\/uploads\/2022\/12\/S01904-300x225.jpg 300w\" sizes=\"(max-width: 700px) 100vw, 700px\" \/><\/a>\n\t\t\t<\/div><\/figure><figure class='gallery-item'>\n\t\t\t<div class='gallery-icon landscape'>\n\t\t\t\t<a href='https:\/\/www.ideal-flatware.com\/wp-content\/uploads\/2022\/12\/S01905.jpg'><img width=\"700\" height=\"525\" src=\"https:\/\/www.ideal-flatware.com\/wp-content\/uploads\/2022\/12\/S01905.jpg\" class=\"attachment-large size-large\" alt=\"Faqueiros em a\u00e7o inoxid\u00e1vel\" decoding=\"async\" srcset=\"https:\/\/www.ideal-flatware.com\/wp-content\/uploads\/2022\/12\/S01905.jpg 700w, https:\/\/www.ideal-flatware.com\/wp-content\/uploads\/2022\/12\/S01905-600x450.jpg 600w, https:\/\/www.ideal-flatware.com\/wp-content\/uploads\/2022\/12\/S01905-300x225.jpg 300w\" sizes=\"(max-width: 700px) 100vw, 700px\" \/><\/a>\n\t\t\t<\/div><\/figure><figure class='gallery-item'>\n\t\t\t<div class='gallery-icon landscape'>\n\t\t\t\t<a href='https:\/\/www.ideal-flatware.com\/wp-content\/uploads\/2022\/12\/S01906.jpg'><img width=\"700\" height=\"525\" src=\"https:\/\/www.ideal-flatware.com\/wp-content\/uploads\/2022\/12\/S01906.jpg\" class=\"attachment-large size-large\" alt=\"Lou\u00e7a de mesa em a\u00e7o inoxid\u00e1vel\" decoding=\"async\" srcset=\"https:\/\/www.ideal-flatware.com\/wp-content\/uploads\/2022\/12\/S01906.jpg 700w, https:\/\/www.ideal-flatware.com\/wp-content\/uploads\/2022\/12\/S01906-600x450.jpg 600w, https:\/\/www.ideal-flatware.com\/wp-content\/uploads\/2022\/12\/S01906-300x225.jpg 300w\" sizes=\"(max-width: 700px) 100vw, 700px\" \/><\/a>\n\t\t\t<\/div><\/figure><figure class='gallery-item'>\n\t\t\t<div class='gallery-icon landscape'>\n\t\t\t\t<a href='https:\/\/www.ideal-flatware.com\/wp-content\/uploads\/2022\/12\/S01907.jpg'><img width=\"700\" height=\"525\" src=\"https:\/\/www.ideal-flatware.com\/wp-content\/uploads\/2022\/12\/S01907.jpg\" class=\"attachment-large size-large\" alt=\"Lou\u00e7a de mesa em a\u00e7o inoxid\u00e1vel\" decoding=\"async\" srcset=\"https:\/\/www.ideal-flatware.com\/wp-content\/uploads\/2022\/12\/S01907.jpg 700w, https:\/\/www.ideal-flatware.com\/wp-content\/uploads\/2022\/12\/S01907-600x450.jpg 600w, https:\/\/www.ideal-flatware.com\/wp-content\/uploads\/2022\/12\/S01907-300x225.jpg 300w\" sizes=\"(max-width: 700px) 100vw, 700px\" \/><\/a>\n\t\t\t<\/div><\/figure><figure class='gallery-item'>\n\t\t\t<div class='gallery-icon landscape'>\n\t\t\t\t<a href='https:\/\/www.ideal-flatware.com\/wp-content\/uploads\/2022\/12\/S01908.jpg'><img width=\"700\" height=\"525\" src=\"https:\/\/www.ideal-flatware.com\/wp-content\/uploads\/2022\/12\/S01908.jpg\" class=\"attachment-large size-large\" alt=\"Colher de a\u00e7o inoxid\u00e1vel\" decoding=\"async\" srcset=\"https:\/\/www.ideal-flatware.com\/wp-content\/uploads\/2022\/12\/S01908.jpg 700w, https:\/\/www.ideal-flatware.com\/wp-content\/uploads\/2022\/12\/S01908-600x450.jpg 600w, https:\/\/www.ideal-flatware.com\/wp-content\/uploads\/2022\/12\/S01908-300x225.jpg 300w\" sizes=\"(max-width: 700px) 100vw, 700px\" \/><\/a>\n\t\t\t<\/div><\/figure><figure class='gallery-item'>\n\t\t\t<div class='gallery-icon landscape'>\n\t\t\t\t<a href='https:\/\/www.ideal-flatware.com\/wp-content\/uploads\/2022\/12\/S01910.jpg'><img width=\"700\" height=\"525\" src=\"https:\/\/www.ideal-flatware.com\/wp-content\/uploads\/2022\/12\/S01910.jpg\" class=\"attachment-large size-large\" alt=\"Garfo em a\u00e7o inoxid\u00e1vel\" decoding=\"async\" srcset=\"https:\/\/www.ideal-flatware.com\/wp-content\/uploads\/2022\/12\/S01910.jpg 700w, https:\/\/www.ideal-flatware.com\/wp-content\/uploads\/2022\/12\/S01910-600x450.jpg 600w, https:\/\/www.ideal-flatware.com\/wp-content\/uploads\/2022\/12\/S01910-300x225.jpg 300w\" sizes=\"(max-width: 700px) 100vw, 700px\" \/><\/a>\n\t\t\t<\/div><\/figure><figure class='gallery-item'>\n\t\t\t<div class='gallery-icon landscape'>\n\t\t\t\t<a href='https:\/\/www.ideal-flatware.com\/wp-content\/uploads\/2022\/12\/S01909.jpg'><img width=\"700\" height=\"525\" src=\"https:\/\/www.ideal-flatware.com\/wp-content\/uploads\/2022\/12\/S01909.jpg\" class=\"attachment-large size-large\" alt=\"Lou\u00e7a de mesa em a\u00e7o inoxid\u00e1vel\" decoding=\"async\" srcset=\"https:\/\/www.ideal-flatware.com\/wp-content\/uploads\/2022\/12\/S01909.jpg 700w, https:\/\/www.ideal-flatware.com\/wp-content\/uploads\/2022\/12\/S01909-600x450.jpg 600w, https:\/\/www.ideal-flatware.com\/wp-content\/uploads\/2022\/12\/S01909-300x225.jpg 300w\" sizes=\"(max-width: 700px) 100vw, 700px\" \/><\/a>\n\t\t\t<\/div><\/figure>\n\t\t<\/div>\n\n<p>&nbsp;<\/p>\n<h3 style=\"color: #90bf46;\">\u25b8USE &amp; CARE<\/h3>\n<p><strong>PRIMEIRA HORA DE UTILIZA\u00c7\u00c3O<\/strong><br \/>\n1. Por favor, lave \u00e0 m\u00e3o o seu conjunto de talheres de prata cuidadosamente usando um sab\u00e3o suave ou detergente para lavar qualquer res\u00edduo de processamento deixado pelo fabrico.<br \/>\n2. enxaguar com \u00e1gua doce e secar imediatamente com um pano macio e guardar em local seco .<br \/>\n<strong>UTILIZA\u00c7\u00c3O QUOTIDIANA<\/strong><br \/>\n1. Por favor limpar e secar os talheres ap\u00f3s utiliza\u00e7\u00e3o e guardar em local seco para a sua durabilidade.<br \/>\n2. N\u00e3o utilizar escovas de arame ou esponjas duras para evitar arranh\u00f5es, manter os talheres lisos.<br \/>\n3. Por favor, tente evitar lavar na m\u00e1quina de lavar lou\u00e7a. Lavar \u00e0 m\u00e3o e depois secar com um pano macio ir\u00e1 proteger melhor os seus talheres de prata.<br \/>\n4. Usar detergente suave ao limpar, n\u00e3o deixar os talheres com sal ou \u00e1cido residual durante muito tempo, pois pode aumentar as hip\u00f3teses de descolora\u00e7\u00e3o e corros\u00e3o.<br \/>\nDicas gentis: Este conjunto de prataria \u00e9 um conjunto de prataria de peso m\u00e9dio, prataria de peso n\u00e3o-pesado ou prataria leve.<\/p>","protected":false},"excerpt":{"rendered":"<p>\u301012 Piece Cutlery Set Service\u3011This flatware set includes dinner knives, dinner fork, dinner spoon, tea spoon, perfect to service for family. \u3010Simplicity Cutlery Design\u3011This flatware set is made of premium stainless steel which ensures your health, sturdy enough for basic daily use, rust resistant and durable for years to come. \u3010High Quality Material &amp; Durable\u3011Elegant [&hellip;]<\/p>","protected":false},"featured_media":1092,"comment_status":"open","ping_status":"closed","template":"","meta":{"_seopress_robots_primary_cat":""},"product_cat":[20,19],"product_tag":[],"_links":{"self":[{"href":"https:\/\/www.ideal-flatware.com\/pt\/wp-json\/wp\/v2\/product\/1088"}],"collection":[{"href":"https:\/\/www.ideal-flatware.com\/pt\/wp-json\/wp\/v2\/product"}],"about":[{"href":"https:\/\/www.ideal-flatware.com\/pt\/wp-json\/wp\/v2\/types\/product"}],"replies":[{"embeddable":true,"href":"https:\/\/www.ideal-flatware.com\/pt\/wp-json\/wp\/v2\/comments?post=1088"}],"version-history":[{"count":10,"href":"https:\/\/www.ideal-flatware.com\/pt\/wp-json\/wp\/v2\/product\/1088\/revisions"}],"predecessor-version":[{"id":1322,"href":"https:\/\/www.ideal-flatware.com\/pt\/wp-json\/wp\/v2\/product\/1088\/revisions\/1322"}],"wp:featuredmedia":[{"embeddable":true,"href":"https:\/\/www.ideal-flatware.com\/pt\/wp-json\/wp\/v2\/media\/1092"}],"wp:attachment":[{"href":"https:\/\/www.ideal-flatware.com\/pt\/wp-json\/wp\/v2\/media?parent=1088"}],"wp:term":[{"taxonomy":"product_cat","embeddable":true,"href":"https:\/\/www.ideal-flatware.com\/pt\/wp-json\/wp\/v2\/product_cat?post=1088"},{"taxonomy":"product_tag","embeddable":true,"href":"https:\/\/www.ideal-flatware.com\/pt\/wp-json\/wp\/v2\/product_tag?post=1088"}],"curies":[{"name":"wp","href":"https:\/\/api.w.org\/{rel}","templated":true}]}}