{"id":1478,"date":"2022-12-17T02:58:40","date_gmt":"2022-12-17T02:58:40","guid":{"rendered":"https:\/\/test.ideal-flatware.com\/?post_type=product&#038;p=1478"},"modified":"2025-12-09T09:38:54","modified_gmt":"2025-12-09T09:38:54","slug":"s097-wholesale-cutlery-factory-restaurant-tableware-stainless-steel-cutlery-set","status":"publish","type":"product","link":"https:\/\/www.ideal-flatware.com\/pt\/produto\/s097-furo-cortaria-factora-restauradora-tableware-stainless-steel-cutlery-set\/","title":{"rendered":"S097 talheres por atacado f\u00e1brica de lou\u00e7a de mesa restaurante conjunto de talheres de a\u00e7o inoxid\u00e1vel"},"content":{"rendered":"<p><img fetchpriority=\"high\" decoding=\"async\" class=\"aligncenter wp-image-1479 size-full\" src=\"https:\/\/test.ideal-flatware.com\/wp-content\/uploads\/2022\/12\/Ideal-Flatware-S097.jpg\" alt=\"\" width=\"700\" height=\"700\" srcset=\"https:\/\/www.ideal-flatware.com\/wp-content\/uploads\/2022\/12\/Ideal-Flatware-S097.jpg 700w, https:\/\/www.ideal-flatware.com\/wp-content\/uploads\/2022\/12\/Ideal-Flatware-S097-600x600.jpg 600w, https:\/\/www.ideal-flatware.com\/wp-content\/uploads\/2022\/12\/Ideal-Flatware-S097-100x100.jpg 100w, https:\/\/www.ideal-flatware.com\/wp-content\/uploads\/2022\/12\/Ideal-Flatware-S097-300x300.jpg 300w, https:\/\/www.ideal-flatware.com\/wp-content\/uploads\/2022\/12\/Ideal-Flatware-S097-150x150.jpg 150w\" sizes=\"(max-width: 700px) 100vw, 700px\" \/><\/p>\n<p><strong>\u3010Silverware Set\u3011<\/strong> O nosso conjunto de prataria com cabo quadrado inclui facas de jantar, garfos de jantar, colheres de jantar e colheres de ch\u00e1, que podem satisfazer a maioria das fam\u00edlias de 4 pessoas e satisfazer todas as suas necessidades di\u00e1rias.<br \/>\n<strong>\u3010Ergonomic Design\u3011<\/strong> As pegas quadradas ergon\u00f3micas e o conjunto \u00fanico de prataria s\u00e3o bem concebidos, fazendo com que o conjunto \u00fanico de prataria se destaque na sua mesa e eleve as refei\u00e7\u00f5es di\u00e1rias a uma experi\u00eancia gastron\u00f3mica luxuosa. O design especial das facas para jantar faz com que corte todos os tipos de comida mais facilmente.<br \/>\n<strong>\u3010High Qualidade &amp; Saud\u00e1vel Material\u3011<\/strong> Feito de a\u00e7o inoxid\u00e1vel de alta qualidade alimentar, o conjunto ideal de talheres \u00e9 n\u00e3o t\u00f3xico e resistente \u00e0 corros\u00e3o, que \u00e9 dur\u00e1vel e saud\u00e1vel para uso di\u00e1rio. Possuindo uma borda lisa sem manchas rugosas e uma pega ergon\u00f3mica, o belo conjunto de talheres de prata proporciona ader\u00eancia suficiente para segurar.<br \/>\n<strong>\u3010Dishwasher Safe &amp; Easy to Clean\u3011<\/strong> O conjunto de talheres de a\u00e7o inoxid\u00e1vel \u00e9 seguro para a m\u00e1quina de lavar lou\u00e7a, tamb\u00e9m f\u00e1cil de lavar \u00e0 m\u00e3o, os seus cuidados adequados far\u00e3o com que este conjunto de talheres dure por anos e tenha sempre a mesma apar\u00eancia de novo.<br \/>\n<strong>\u3010Versatile Prataria Set\u3011<\/strong> Belo conjunto de prataria em a\u00e7o inoxid\u00e1vel, ideal para uso dom\u00e9stico di\u00e1rio, restaurante, festa, divertimento. Presente perfeito para o Natal, Ac\u00e7\u00e3o de Gra\u00e7as, Aquecimento dom\u00e9stico, e muito mais.<\/p>\n<p>&nbsp;<\/p>\n<h3 style=\"color: #90bf46;\">\u25b8 PAR\u00c2METROS DO PRODUTO<\/h3>\n<table style=\"height: 313px; width: 100%; border-collapse: collapse; border-style: solid; border-color: #dddddd;\" border=\"1\">\n<tbody>\n<tr style=\"height: 24px;\">\n<td style=\"width: 20%; height: 24px; border: 1px solid #dddddd; background-color: #f2f2f2;\">Item No:<\/td>\n<td style=\"width: 16.2182%; height: 24px; border: 1px solid #dddddd; background-color: #f2f2f2;\">Nome<\/td>\n<td style=\"width: 16.4363%; height: 24px; border: 1px solid #dddddd; background-color: #f2f2f2;\">Espessura(mm)<\/td>\n<td style=\"width: 16.4363%; height: 24px; border: 1px solid #dddddd; background-color: #f2f2f2;\">Comprimento(mm)<\/td>\n<td style=\"width: 15.2365%; height: 24px; border: 1px solid #dddddd; background-color: #f2f2f2;\">Largura(mm)<\/td>\n<td style=\"width: 15.6727%; border: 1px solid #dddddd; background-color: #f2f2f2; height: 24px;\">Peso(g)<\/td>\n<\/tr>\n<tr style=\"height: 24px;\">\n<td style=\"width: 20%; height: 289px; border: 1px solid #dddddd; vertical-align: middle;\" rowspan=\"12\">S097<\/td>\n<td style=\"width: 16.2182%; height: 24px; border: 1px solid #dddddd;\">Colher para o jantar<\/td>\n<td style=\"width: 16.4363%; height: 24px; border: 1px solid #dddddd;\">2.0<\/td>\n<td style=\"width: 16.4363%; height: 24px; border: 1px solid #dddddd;\">192<\/td>\n<td style=\"width: 15.2365%; height: 24px; border: 1px solid #dddddd;\">47<\/td>\n<td style=\"width: 15.6727%; border: 1px solid #dddddd; height: 24px;\">42<\/td>\n<\/tr>\n<tr style=\"height: 24px;\">\n<td style=\"width: 16.2182%; height: 25px; border: 1px solid #dddddd;\">Garfo do jantar<\/td>\n<td style=\"width: 16.4363%; height: 25px; border: 1px solid #dddddd;\">2.0<\/td>\n<td style=\"width: 16.4363%; height: 25px; border: 1px solid #dddddd;\">198<\/td>\n<td style=\"width: 15.2365%; height: 25px; border: 1px solid #dddddd;\">26<\/td>\n<td style=\"width: 15.6727%; border: 1px solid #dddddd; height: 25px;\">34<\/td>\n<\/tr>\n<tr style=\"height: 24px;\">\n<td style=\"width: 16.2182%; height: 24px; border: 1px solid #dddddd;\">Colher de ch\u00e1<\/td>\n<td style=\"width: 16.4363%; height: 24px; border: 1px solid #dddddd;\">1.8<\/td>\n<td style=\"width: 16.4363%; height: 24px; border: 1px solid #dddddd;\">137<\/td>\n<td style=\"width: 15.2365%; height: 24px; border: 1px solid #dddddd;\">32<\/td>\n<td style=\"width: 15.6727%; border: 1px solid #dddddd; height: 24px;\">21<\/td>\n<\/tr>\n<tr>\n<td style=\"width: 16.2182%; border: 1px solid #dddddd;\">Garfo de bolo<\/td>\n<td style=\"width: 16.4363%; border: 1px solid #dddddd;\">2.0<\/td>\n<td style=\"width: 16.4363%; border: 1px solid #dddddd;\">140<\/td>\n<td style=\"width: 15.2365%; border: 1px solid #dddddd;\">20<\/td>\n<td style=\"width: 15.6727%; border: 1px solid #dddddd;\">18<\/td>\n<\/tr>\n<tr style=\"height: 24px;\">\n<td style=\"width: 16.2182%; height: 24px; border: 1px solid #dddddd;\">Faca de jantar<\/td>\n<td style=\"width: 16.4363%; height: 24px; border: 1px solid #dddddd;\">5.0<\/td>\n<td style=\"width: 16.4363%; height: 24px; border: 1px solid #dddddd;\">215<\/td>\n<td style=\"width: 15.2365%; height: 24px; border: 1px solid #dddddd;\">15<\/td>\n<td style=\"width: 15.6727%; border: 1px solid #dddddd; height: 24px;\">60<\/td>\n<\/tr>\n<tr style=\"height: 24px;\">\n<td style=\"width: 16.2182%; border: 1px solid #dddddd; height: 24px;\">Colher de caf\u00e9<\/td>\n<td style=\"width: 16.4363%; border: 1px solid #dddddd; height: 24px;\">1.8<\/td>\n<td style=\"width: 16.4363%; border: 1px solid #dddddd; height: 24px;\">120<\/td>\n<td style=\"width: 15.2365%; border: 1px solid #dddddd; height: 24px;\">28<\/td>\n<td style=\"width: 15.6727%; border: 1px solid #dddddd; height: 24px;\">16<\/td>\n<\/tr>\n<tr style=\"height: 24px;\">\n<td style=\"width: 16.2182%; border: 1px solid #dddddd; height: 24px;\">Colher de sobremesa<\/td>\n<td style=\"width: 16.4363%; border: 1px solid #dddddd; height: 24px;\">2.0<\/td>\n<td style=\"width: 16.4363%; border: 1px solid #dddddd; height: 24px;\">166<\/td>\n<td style=\"width: 15.2365%; border: 1px solid #dddddd; height: 24px;\">39<\/td>\n<td style=\"width: 15.6727%; border: 1px solid #dddddd; height: 24px;\">30<\/td>\n<\/tr>\n<tr style=\"height: 24px;\">\n<td style=\"width: 16.2182%; border: 1px solid #dddddd; height: 24px;\">Garfo de sobremesa<\/td>\n<td style=\"width: 16.4363%; border: 1px solid #dddddd; height: 24px;\">2.0<\/td>\n<td style=\"width: 16.4363%; border: 1px solid #dddddd; height: 24px;\">167<\/td>\n<td style=\"width: 15.2365%; border: 1px solid #dddddd; height: 24px;\">22<\/td>\n<td style=\"width: 15.6727%; border: 1px solid #dddddd; height: 24px;\">26<\/td>\n<\/tr>\n<tr style=\"height: 24px;\">\n<td style=\"width: 16.2182%; border: 1px solid #dddddd; height: 24px;\">Faca de sobremesa<\/td>\n<td style=\"width: 16.4363%; border: 1px solid #dddddd; height: 24px;\">4.0<\/td>\n<td style=\"width: 16.4363%; border: 1px solid #dddddd; height: 24px;\">185<\/td>\n<td style=\"width: 15.2365%; border: 1px solid #dddddd; height: 24px;\">13<\/td>\n<td style=\"width: 15.6727%; border: 1px solid #dddddd; height: 24px;\">38<\/td>\n<\/tr>\n<tr style=\"height: 24px;\">\n<td style=\"width: 16.2182%; border: 1px solid #dddddd; height: 24px;\">Faca de manteiga<\/td>\n<td style=\"width: 16.4363%; border: 1px solid #dddddd; height: 24px;\">2.0<\/td>\n<td style=\"width: 16.4363%; border: 1px solid #dddddd; height: 24px;\">151<\/td>\n<td style=\"width: 15.2365%; border: 1px solid #dddddd; height: 24px;\">17<\/td>\n<td style=\"width: 15.6727%; border: 1px solid #dddddd; height: 24px;\">21<\/td>\n<\/tr>\n<tr style=\"height: 24px;\">\n<td style=\"width: 16.2182%; border: 1px solid #dddddd; height: 24px;\">Faca para bife<\/td>\n<td style=\"width: 16.4363%; border: 1px solid #dddddd; height: 24px;\">4.0<\/td>\n<td style=\"width: 16.4363%; border: 1px solid #dddddd; height: 24px;\">213<\/td>\n<td style=\"width: 15.2365%; border: 1px solid #dddddd; height: 24px;\">15<\/td>\n<td style=\"width: 15.6727%; border: 1px solid #dddddd; height: 24px;\">46<\/td>\n<\/tr>\n<tr style=\"height: 24px;\">\n<td style=\"width: 16.2182%; border: 1px solid #dddddd; height: 24px;\">Colher de gelo<\/td>\n<td style=\"width: 16.4363%; border: 1px solid #dddddd; height: 24px;\">2.0<\/td>\n<td style=\"width: 16.4363%; border: 1px solid #dddddd; height: 24px;\">206<\/td>\n<td style=\"width: 15.2365%; border: 1px solid #dddddd; height: 24px;\">30<\/td>\n<td style=\"width: 15.6727%; border: 1px solid #dddddd; height: 24px;\">30<\/td>\n<\/tr>\n<\/tbody>\n<\/table>\n<h3 style=\"color: #90bf46;\">\u25b8 DESCRI\u00c7\u00c3O DO PRODUTO<\/h3>\n<div id='gallery-1' class='gallery galleryid-1478 gallery-columns-4 gallery-size-large'><figure class='gallery-item'>\n\t\t\t<div class='gallery-icon landscape'>\n\t\t\t\t<a href='https:\/\/www.ideal-flatware.com\/wp-content\/uploads\/2022\/12\/Ideal-Flatware-S09703.jpg'><img width=\"700\" height=\"467\" src=\"https:\/\/www.ideal-flatware.com\/wp-content\/uploads\/2022\/12\/Ideal-Flatware-S09703.jpg\" class=\"attachment-large size-large\" alt=\"Faca de a\u00e7o inox\" decoding=\"async\" srcset=\"https:\/\/www.ideal-flatware.com\/wp-content\/uploads\/2022\/12\/Ideal-Flatware-S09703.jpg 700w, https:\/\/www.ideal-flatware.com\/wp-content\/uploads\/2022\/12\/Ideal-Flatware-S09703-600x400.jpg 600w, https:\/\/www.ideal-flatware.com\/wp-content\/uploads\/2022\/12\/Ideal-Flatware-S09703-300x200.jpg 300w\" sizes=\"(max-width: 700px) 100vw, 700px\" \/><\/a>\n\t\t\t<\/div><\/figure><figure class='gallery-item'>\n\t\t\t<div class='gallery-icon landscape'>\n\t\t\t\t<a href='https:\/\/www.ideal-flatware.com\/wp-content\/uploads\/2022\/12\/Ideal-Flatware-S09702.jpg'><img width=\"700\" height=\"467\" src=\"https:\/\/www.ideal-flatware.com\/wp-content\/uploads\/2022\/12\/Ideal-Flatware-S09702.jpg\" class=\"attachment-large size-large\" alt=\"Faca de a\u00e7o inox\" decoding=\"async\" srcset=\"https:\/\/www.ideal-flatware.com\/wp-content\/uploads\/2022\/12\/Ideal-Flatware-S09702.jpg 700w, https:\/\/www.ideal-flatware.com\/wp-content\/uploads\/2022\/12\/Ideal-Flatware-S09702-600x400.jpg 600w, https:\/\/www.ideal-flatware.com\/wp-content\/uploads\/2022\/12\/Ideal-Flatware-S09702-300x200.jpg 300w\" sizes=\"(max-width: 700px) 100vw, 700px\" \/><\/a>\n\t\t\t<\/div><\/figure><figure class='gallery-item'>\n\t\t\t<div class='gallery-icon landscape'>\n\t\t\t\t<a href='https:\/\/www.ideal-flatware.com\/wp-content\/uploads\/2022\/12\/Ideal-Flatware-S09701.jpg'><img width=\"700\" height=\"467\" src=\"https:\/\/www.ideal-flatware.com\/wp-content\/uploads\/2022\/12\/Ideal-Flatware-S09701.jpg\" class=\"attachment-large size-large\" alt=\"Faca de a\u00e7o inox\" decoding=\"async\" srcset=\"https:\/\/www.ideal-flatware.com\/wp-content\/uploads\/2022\/12\/Ideal-Flatware-S09701.jpg 700w, https:\/\/www.ideal-flatware.com\/wp-content\/uploads\/2022\/12\/Ideal-Flatware-S09701-600x400.jpg 600w, https:\/\/www.ideal-flatware.com\/wp-content\/uploads\/2022\/12\/Ideal-Flatware-S09701-300x200.jpg 300w\" sizes=\"(max-width: 700px) 100vw, 700px\" \/><\/a>\n\t\t\t<\/div><\/figure><figure class='gallery-item'>\n\t\t\t<div class='gallery-icon landscape'>\n\t\t\t\t<a href='https:\/\/www.ideal-flatware.com\/wp-content\/uploads\/2022\/12\/Ideal-Flatware-S09707.jpg'><img width=\"700\" height=\"467\" src=\"https:\/\/www.ideal-flatware.com\/wp-content\/uploads\/2022\/12\/Ideal-Flatware-S09707.jpg\" class=\"attachment-large size-large\" alt=\"Faca de a\u00e7o inox\" decoding=\"async\" srcset=\"https:\/\/www.ideal-flatware.com\/wp-content\/uploads\/2022\/12\/Ideal-Flatware-S09707.jpg 700w, https:\/\/www.ideal-flatware.com\/wp-content\/uploads\/2022\/12\/Ideal-Flatware-S09707-600x400.jpg 600w, https:\/\/www.ideal-flatware.com\/wp-content\/uploads\/2022\/12\/Ideal-Flatware-S09707-300x200.jpg 300w\" sizes=\"(max-width: 700px) 100vw, 700px\" \/><\/a>\n\t\t\t<\/div><\/figure><figure class='gallery-item'>\n\t\t\t<div class='gallery-icon landscape'>\n\t\t\t\t<a href='https:\/\/www.ideal-flatware.com\/wp-content\/uploads\/2022\/12\/Ideal-Flatware-S09706.jpg'><img width=\"700\" height=\"467\" src=\"https:\/\/www.ideal-flatware.com\/wp-content\/uploads\/2022\/12\/Ideal-Flatware-S09706.jpg\" class=\"attachment-large size-large\" alt=\"Garfo em a\u00e7o inoxid\u00e1vel\" decoding=\"async\" srcset=\"https:\/\/www.ideal-flatware.com\/wp-content\/uploads\/2022\/12\/Ideal-Flatware-S09706.jpg 700w, https:\/\/www.ideal-flatware.com\/wp-content\/uploads\/2022\/12\/Ideal-Flatware-S09706-600x400.jpg 600w, https:\/\/www.ideal-flatware.com\/wp-content\/uploads\/2022\/12\/Ideal-Flatware-S09706-300x200.jpg 300w\" sizes=\"(max-width: 700px) 100vw, 700px\" \/><\/a>\n\t\t\t<\/div><\/figure><figure class='gallery-item'>\n\t\t\t<div class='gallery-icon landscape'>\n\t\t\t\t<a href='https:\/\/www.ideal-flatware.com\/wp-content\/uploads\/2022\/12\/Ideal-Flatware-S09705.jpg'><img width=\"700\" height=\"467\" src=\"https:\/\/www.ideal-flatware.com\/wp-content\/uploads\/2022\/12\/Ideal-Flatware-S09705.jpg\" class=\"attachment-large size-large\" alt=\"Garfo em a\u00e7o inoxid\u00e1vel\" decoding=\"async\" srcset=\"https:\/\/www.ideal-flatware.com\/wp-content\/uploads\/2022\/12\/Ideal-Flatware-S09705.jpg 700w, https:\/\/www.ideal-flatware.com\/wp-content\/uploads\/2022\/12\/Ideal-Flatware-S09705-600x400.jpg 600w, https:\/\/www.ideal-flatware.com\/wp-content\/uploads\/2022\/12\/Ideal-Flatware-S09705-300x200.jpg 300w\" sizes=\"(max-width: 700px) 100vw, 700px\" \/><\/a>\n\t\t\t<\/div><\/figure><figure class='gallery-item'>\n\t\t\t<div class='gallery-icon landscape'>\n\t\t\t\t<a href='https:\/\/www.ideal-flatware.com\/wp-content\/uploads\/2022\/12\/Ideal-Flatware-S09704.jpg'><img width=\"700\" height=\"467\" src=\"https:\/\/www.ideal-flatware.com\/wp-content\/uploads\/2022\/12\/Ideal-Flatware-S09704.jpg\" class=\"attachment-large size-large\" alt=\"Garfo em a\u00e7o inoxid\u00e1vel\" decoding=\"async\" srcset=\"https:\/\/www.ideal-flatware.com\/wp-content\/uploads\/2022\/12\/Ideal-Flatware-S09704.jpg 700w, https:\/\/www.ideal-flatware.com\/wp-content\/uploads\/2022\/12\/Ideal-Flatware-S09704-600x400.jpg 600w, https:\/\/www.ideal-flatware.com\/wp-content\/uploads\/2022\/12\/Ideal-Flatware-S09704-300x200.jpg 300w\" sizes=\"(max-width: 700px) 100vw, 700px\" \/><\/a>\n\t\t\t<\/div><\/figure><figure class='gallery-item'>\n\t\t\t<div class='gallery-icon landscape'>\n\t\t\t\t<a href='https:\/\/www.ideal-flatware.com\/wp-content\/uploads\/2022\/12\/Ideal-Flatware-S09708.jpg'><img width=\"700\" height=\"467\" src=\"https:\/\/www.ideal-flatware.com\/wp-content\/uploads\/2022\/12\/Ideal-Flatware-S09708.jpg\" class=\"attachment-large size-large\" alt=\"Colher de a\u00e7o inoxid\u00e1vel\" decoding=\"async\" srcset=\"https:\/\/www.ideal-flatware.com\/wp-content\/uploads\/2022\/12\/Ideal-Flatware-S09708.jpg 700w, https:\/\/www.ideal-flatware.com\/wp-content\/uploads\/2022\/12\/Ideal-Flatware-S09708-600x400.jpg 600w, https:\/\/www.ideal-flatware.com\/wp-content\/uploads\/2022\/12\/Ideal-Flatware-S09708-300x200.jpg 300w\" sizes=\"(max-width: 700px) 100vw, 700px\" \/><\/a>\n\t\t\t<\/div><\/figure><figure class='gallery-item'>\n\t\t\t<div class='gallery-icon landscape'>\n\t\t\t\t<a href='https:\/\/www.ideal-flatware.com\/wp-content\/uploads\/2022\/12\/Ideal-Flatware-S09709.jpg'><img width=\"700\" height=\"467\" src=\"https:\/\/www.ideal-flatware.com\/wp-content\/uploads\/2022\/12\/Ideal-Flatware-S09709.jpg\" class=\"attachment-large size-large\" alt=\"Colher de a\u00e7o inoxid\u00e1vel\" decoding=\"async\" srcset=\"https:\/\/www.ideal-flatware.com\/wp-content\/uploads\/2022\/12\/Ideal-Flatware-S09709.jpg 700w, https:\/\/www.ideal-flatware.com\/wp-content\/uploads\/2022\/12\/Ideal-Flatware-S09709-600x400.jpg 600w, https:\/\/www.ideal-flatware.com\/wp-content\/uploads\/2022\/12\/Ideal-Flatware-S09709-300x200.jpg 300w\" sizes=\"(max-width: 700px) 100vw, 700px\" \/><\/a>\n\t\t\t<\/div><\/figure><figure class='gallery-item'>\n\t\t\t<div class='gallery-icon landscape'>\n\t\t\t\t<a href='https:\/\/www.ideal-flatware.com\/wp-content\/uploads\/2022\/12\/Ideal-Flatware-S09710.jpg'><img width=\"700\" height=\"467\" src=\"https:\/\/www.ideal-flatware.com\/wp-content\/uploads\/2022\/12\/Ideal-Flatware-S09710.jpg\" class=\"attachment-large size-large\" alt=\"Colher de a\u00e7o inoxid\u00e1vel\" decoding=\"async\" srcset=\"https:\/\/www.ideal-flatware.com\/wp-content\/uploads\/2022\/12\/Ideal-Flatware-S09710.jpg 700w, https:\/\/www.ideal-flatware.com\/wp-content\/uploads\/2022\/12\/Ideal-Flatware-S09710-600x400.jpg 600w, https:\/\/www.ideal-flatware.com\/wp-content\/uploads\/2022\/12\/Ideal-Flatware-S09710-300x200.jpg 300w\" sizes=\"(max-width: 700px) 100vw, 700px\" \/><\/a>\n\t\t\t<\/div><\/figure><figure class='gallery-item'>\n\t\t\t<div class='gallery-icon landscape'>\n\t\t\t\t<a href='https:\/\/www.ideal-flatware.com\/wp-content\/uploads\/2022\/12\/Ideal-Flatware-S09711.jpg'><img width=\"700\" height=\"467\" src=\"https:\/\/www.ideal-flatware.com\/wp-content\/uploads\/2022\/12\/Ideal-Flatware-S09711.jpg\" class=\"attachment-large size-large\" alt=\"Colher de a\u00e7o inoxid\u00e1vel\" decoding=\"async\" srcset=\"https:\/\/www.ideal-flatware.com\/wp-content\/uploads\/2022\/12\/Ideal-Flatware-S09711.jpg 700w, https:\/\/www.ideal-flatware.com\/wp-content\/uploads\/2022\/12\/Ideal-Flatware-S09711-600x400.jpg 600w, https:\/\/www.ideal-flatware.com\/wp-content\/uploads\/2022\/12\/Ideal-Flatware-S09711-300x200.jpg 300w\" sizes=\"(max-width: 700px) 100vw, 700px\" \/><\/a>\n\t\t\t<\/div><\/figure><figure class='gallery-item'>\n\t\t\t<div class='gallery-icon landscape'>\n\t\t\t\t<a href='https:\/\/www.ideal-flatware.com\/wp-content\/uploads\/2022\/12\/Ideal-Flatware-S09712.jpg'><img width=\"700\" height=\"467\" src=\"https:\/\/www.ideal-flatware.com\/wp-content\/uploads\/2022\/12\/Ideal-Flatware-S09712.jpg\" class=\"attachment-large size-large\" alt=\"Colher de a\u00e7o inoxid\u00e1vel\" decoding=\"async\" srcset=\"https:\/\/www.ideal-flatware.com\/wp-content\/uploads\/2022\/12\/Ideal-Flatware-S09712.jpg 700w, https:\/\/www.ideal-flatware.com\/wp-content\/uploads\/2022\/12\/Ideal-Flatware-S09712-600x400.jpg 600w, https:\/\/www.ideal-flatware.com\/wp-content\/uploads\/2022\/12\/Ideal-Flatware-S09712-300x200.jpg 300w\" sizes=\"(max-width: 700px) 100vw, 700px\" \/><\/a>\n\t\t\t<\/div><\/figure>\n\t\t<\/div>\n\n<p>&nbsp;<\/p>\n<h3 style=\"color: #90bf46;\">\u25b8USE &amp; CARE<\/h3>\n<p><strong>PRIMEIRA HORA DE UTILIZA\u00c7\u00c3O<\/strong><br \/>\n1. Por favor, lave \u00e0 m\u00e3o o seu conjunto de talheres de prata cuidadosamente usando um sab\u00e3o suave ou detergente para lavar qualquer res\u00edduo de processamento deixado pelo fabrico.<br \/>\n2. enxaguar com \u00e1gua doce e secar imediatamente com um pano macio e guardar em local seco .<br \/>\n<strong>UTILIZA\u00c7\u00c3O QUOTIDIANA<\/strong><br \/>\n1. Por favor limpar e secar os talheres ap\u00f3s utiliza\u00e7\u00e3o e guardar em local seco para a sua durabilidade.<br \/>\n2. N\u00e3o utilizar escovas de arame ou esponjas duras para evitar arranh\u00f5es, manter os talheres lisos.<br \/>\n3. Por favor, tente evitar lavar na m\u00e1quina de lavar lou\u00e7a. Lavar \u00e0 m\u00e3o e depois secar com um pano macio ir\u00e1 proteger melhor os seus talheres de prata.<br \/>\n4. Usar detergente suave ao limpar, n\u00e3o deixar os talheres com sal ou \u00e1cido residual durante muito tempo, pois pode aumentar as hip\u00f3teses de descolora\u00e7\u00e3o e corros\u00e3o.<br \/>\nDicas gentis: Este conjunto de prataria \u00e9 um conjunto de prataria de peso m\u00e9dio, prataria de peso n\u00e3o-pesado ou prataria leve.<\/p>\n<p>&nbsp;<\/p>","protected":false},"excerpt":{"rendered":"<p>\u3010Silverware Set\u3011 Our silverware set with square handle includes dinner knives, dinner forks, dinner spoons and tea spoons, which can satisfy most families of 4 people and meet all of your daily needs. \u3010Ergonomic Design\u3011 Ergonomic square handles and unique craft of silverware set are well designed, making the unique silverware set stand out on [&hellip;]<\/p>","protected":false},"featured_media":1479,"comment_status":"open","ping_status":"closed","template":"","meta":{"_seopress_robots_primary_cat":""},"product_cat":[20,19],"product_tag":[],"_links":{"self":[{"href":"https:\/\/www.ideal-flatware.com\/pt\/wp-json\/wp\/v2\/product\/1478"}],"collection":[{"href":"https:\/\/www.ideal-flatware.com\/pt\/wp-json\/wp\/v2\/product"}],"about":[{"href":"https:\/\/www.ideal-flatware.com\/pt\/wp-json\/wp\/v2\/types\/product"}],"replies":[{"embeddable":true,"href":"https:\/\/www.ideal-flatware.com\/pt\/wp-json\/wp\/v2\/comments?post=1478"}],"version-history":[{"count":11,"href":"https:\/\/www.ideal-flatware.com\/pt\/wp-json\/wp\/v2\/product\/1478\/revisions"}],"predecessor-version":[{"id":2739,"href":"https:\/\/www.ideal-flatware.com\/pt\/wp-json\/wp\/v2\/product\/1478\/revisions\/2739"}],"wp:featuredmedia":[{"embeddable":true,"href":"https:\/\/www.ideal-flatware.com\/pt\/wp-json\/wp\/v2\/media\/1479"}],"wp:attachment":[{"href":"https:\/\/www.ideal-flatware.com\/pt\/wp-json\/wp\/v2\/media?parent=1478"}],"wp:term":[{"taxonomy":"product_cat","embeddable":true,"href":"https:\/\/www.ideal-flatware.com\/pt\/wp-json\/wp\/v2\/product_cat?post=1478"},{"taxonomy":"product_tag","embeddable":true,"href":"https:\/\/www.ideal-flatware.com\/pt\/wp-json\/wp\/v2\/product_tag?post=1478"}],"curies":[{"name":"wp","href":"https:\/\/api.w.org\/{rel}","templated":true}]}}