{"id":1764,"date":"2022-12-17T09:24:33","date_gmt":"2022-12-17T09:24:33","guid":{"rendered":"https:\/\/test.ideal-flatware.com\/?post_type=product&#038;p=1764"},"modified":"2022-12-29T03:02:33","modified_gmt":"2022-12-29T03:02:33","slug":"s038-sand-blasting-handle-wholesale-cutlery-factory-restaurant-tableware-stainless-steel-cutlery","status":"publish","type":"product","link":"https:\/\/www.ideal-flatware.com\/pt\/produto\/s038-sand-blasting-handle-wholesale-cutlery-factory-restaurant-tableware-stainless-steel-cutlery\/","title":{"rendered":"S038 Cabo de jato de areia talheres por atacado f\u00e1brica restaurante talheres de a\u00e7o inoxid\u00e1vel"},"content":{"rendered":"<p><img fetchpriority=\"high\" decoding=\"async\" class=\"aligncenter wp-image-1765 size-full\" src=\"https:\/\/test.ideal-flatware.com\/wp-content\/uploads\/2022\/12\/S038.jpg\" alt=\"\" width=\"700\" height=\"700\" srcset=\"https:\/\/www.ideal-flatware.com\/wp-content\/uploads\/2022\/12\/S038.jpg 700w, https:\/\/www.ideal-flatware.com\/wp-content\/uploads\/2022\/12\/S038-600x600.jpg 600w, https:\/\/www.ideal-flatware.com\/wp-content\/uploads\/2022\/12\/S038-100x100.jpg 100w, https:\/\/www.ideal-flatware.com\/wp-content\/uploads\/2022\/12\/S038-300x300.jpg 300w, https:\/\/www.ideal-flatware.com\/wp-content\/uploads\/2022\/12\/S038-150x150.jpg 150w\" sizes=\"(max-width: 700px) 100vw, 700px\" \/><\/p>\n<p>&nbsp;<\/p>","protected":false},"excerpt":{"rendered":"<p>&nbsp;<\/p>","protected":false},"featured_media":1765,"comment_status":"open","ping_status":"closed","template":"","meta":{"_seopress_robots_primary_cat":""},"product_cat":[19],"product_tag":[],"_links":{"self":[{"href":"https:\/\/www.ideal-flatware.com\/pt\/wp-json\/wp\/v2\/product\/1764"}],"collection":[{"href":"https:\/\/www.ideal-flatware.com\/pt\/wp-json\/wp\/v2\/product"}],"about":[{"href":"https:\/\/www.ideal-flatware.com\/pt\/wp-json\/wp\/v2\/types\/product"}],"replies":[{"embeddable":true,"href":"https:\/\/www.ideal-flatware.com\/pt\/wp-json\/wp\/v2\/comments?post=1764"}],"version-history":[{"count":2,"href":"https:\/\/www.ideal-flatware.com\/pt\/wp-json\/wp\/v2\/product\/1764\/revisions"}],"predecessor-version":[{"id":2811,"href":"https:\/\/www.ideal-flatware.com\/pt\/wp-json\/wp\/v2\/product\/1764\/revisions\/2811"}],"wp:featuredmedia":[{"embeddable":true,"href":"https:\/\/www.ideal-flatware.com\/pt\/wp-json\/wp\/v2\/media\/1765"}],"wp:attachment":[{"href":"https:\/\/www.ideal-flatware.com\/pt\/wp-json\/wp\/v2\/media?parent=1764"}],"wp:term":[{"taxonomy":"product_cat","embeddable":true,"href":"https:\/\/www.ideal-flatware.com\/pt\/wp-json\/wp\/v2\/product_cat?post=1764"},{"taxonomy":"product_tag","embeddable":true,"href":"https:\/\/www.ideal-flatware.com\/pt\/wp-json\/wp\/v2\/product_tag?post=1764"}],"curies":[{"name":"wp","href":"https:\/\/api.w.org\/{rel}","templated":true}]}}