{"id":2247,"date":"2022-12-20T03:41:04","date_gmt":"2022-12-20T03:41:04","guid":{"rendered":"https:\/\/test.ideal-flatware.com\/?post_type=product&#038;p=2247"},"modified":"2022-12-29T06:40:42","modified_gmt":"2022-12-29T06:40:42","slug":"h038-most-popular-flatware-sets-portable-stainless-steel-cutlery-set-wholesale","status":"publish","type":"product","link":"https:\/\/www.ideal-flatware.com\/pt\/produto\/h038-most-popular-flatware-sets-portable-stainless-steel-cutlery-set-wholesale\/","title":{"rendered":"H038 Conjuntos de talheres mais populares Conjunto de talheres de a\u00e7o inoxid\u00e1vel port\u00e1til por atacado"},"content":{"rendered":"<p><img fetchpriority=\"high\" decoding=\"async\" class=\"aligncenter wp-image-2248 size-full\" src=\"https:\/\/test.ideal-flatware.com\/wp-content\/uploads\/2022\/12\/H038.jpg\" alt=\"\" width=\"700\" height=\"700\" srcset=\"https:\/\/www.ideal-flatware.com\/wp-content\/uploads\/2022\/12\/H038.jpg 700w, https:\/\/www.ideal-flatware.com\/wp-content\/uploads\/2022\/12\/H038-600x600.jpg 600w, https:\/\/www.ideal-flatware.com\/wp-content\/uploads\/2022\/12\/H038-100x100.jpg 100w, https:\/\/www.ideal-flatware.com\/wp-content\/uploads\/2022\/12\/H038-300x300.jpg 300w, https:\/\/www.ideal-flatware.com\/wp-content\/uploads\/2022\/12\/H038-150x150.jpg 150w\" sizes=\"(max-width: 700px) 100vw, 700px\" \/><\/p>\n<p>&nbsp;<\/p>\n<h3 style=\"color: #90bf46;\">\u25b8 PAR\u00c2METROS DO PRODUTO<\/h3>\n<table style=\"height: 121px; width: 100%; border-collapse: collapse; border-style: solid; border-color: #dddddd;\" border=\"1\">\n<tbody>\n<tr style=\"height: 24px;\">\n<td style=\"width: 20%; height: 24px; border: 1px solid #dddddd; background-color: #f2f2f2;\">Item No:<\/td>\n<td style=\"width: 20%; height: 24px; border: 1px solid #dddddd; background-color: #f2f2f2;\">Nome<\/td>\n<td style=\"width: 20%; height: 24px; border: 1px solid #dddddd; background-color: #f2f2f2;\">Comprimento(mm)<\/td>\n<td style=\"width: 19.8882%; height: 24px; border: 1px solid #dddddd; background-color: #f2f2f2;\">Largura(mm)<\/td>\n<td style=\"width: 20.1118%; height: 24px; border: 1px solid #dddddd; background-color: #f2f2f2;\">Peso(g)<\/td>\n<\/tr>\n<tr style=\"height: 24px;\">\n<td style=\"width: 20%; height: 97px; border: 1px solid #dddddd; vertical-align: middle;\" rowspan=\"4\">H038<\/td>\n<td style=\"width: 20%; height: 24px; border: 1px solid #dddddd;\">Faca de mesa<\/td>\n<td style=\"width: 20%; height: 24px; border: 1px solid #dddddd;\">230<\/td>\n<td style=\"width: 19.8882%; height: 24px; border: 1px solid #dddddd;\">18.5<\/td>\n<td style=\"width: 20.1118%; height: 24px; border: 1px solid #dddddd;\">50<\/td>\n<\/tr>\n<tr style=\"height: 24px;\">\n<td style=\"width: 20%; height: 25px; border: 1px solid #dddddd;\">Garfo de mesa<\/td>\n<td style=\"width: 20%; height: 25px; border: 1px solid #dddddd;\">192<\/td>\n<td style=\"width: 19.8882%; height: 25px; border: 1px solid #dddddd;\">25<\/td>\n<td style=\"width: 20.1118%; height: 25px; border: 1px solid #dddddd;\">27<\/td>\n<\/tr>\n<tr style=\"height: 24px;\">\n<td style=\"width: 20%; height: 24px; border: 1px solid #dddddd;\">Colher de mesa<\/td>\n<td style=\"width: 20%; height: 24px; border: 1px solid #dddddd;\">196<\/td>\n<td style=\"width: 19.8882%; height: 24px; border: 1px solid #dddddd;\">42<\/td>\n<td style=\"width: 20.1118%; height: 24px; border: 1px solid #dddddd;\">35<\/td>\n<\/tr>\n<tr style=\"height: 24px;\">\n<td style=\"width: 20%; height: 24px; border: 1px solid #dddddd;\">Colher de ch\u00e1<\/td>\n<td style=\"width: 20%; height: 24px; border: 1px solid #dddddd;\">137<\/td>\n<td style=\"width: 19.8882%; height: 24px; border: 1px solid #dddddd;\">29<\/td>\n<td style=\"width: 20.1118%; height: 24px; border: 1px solid #dddddd;\">18<\/td>\n<\/tr>\n<\/tbody>\n<\/table>\n<h3 style=\"color: #90bf46;\">\u25b8 DESCRI\u00c7\u00c3O DO PRODUTO<\/h3>\n<div id='gallery-1' class='gallery galleryid-2247 gallery-columns-4 gallery-size-full'><figure class='gallery-item'>\n\t\t\t<div class='gallery-icon landscape'>\n\t\t\t\t<a href='https:\/\/www.ideal-flatware.com\/wp-content\/uploads\/2022\/12\/Ideal-Flatware-H03802.jpg'><img width=\"700\" height=\"561\" src=\"https:\/\/www.ideal-flatware.com\/wp-content\/uploads\/2022\/12\/Ideal-Flatware-H03802.jpg\" class=\"attachment-full size-full\" alt=\"Talheres de a\u00e7o inoxid\u00e1vel Talheres de ouro a granel - Fornecedor Premium para Jantares e Eventos de Luxo\" decoding=\"async\" aria-describedby=\"gallery-1-2254\" srcset=\"https:\/\/www.ideal-flatware.com\/wp-content\/uploads\/2022\/12\/Ideal-Flatware-H03802.jpg 700w, https:\/\/www.ideal-flatware.com\/wp-content\/uploads\/2022\/12\/Ideal-Flatware-H03802-600x481.jpg 600w, https:\/\/www.ideal-flatware.com\/wp-content\/uploads\/2022\/12\/Ideal-Flatware-H03802-300x240.jpg 300w\" sizes=\"(max-width: 700px) 100vw, 700px\" \/><\/a>\n\t\t\t<\/div>\n\t\t\t\t<figcaption class='wp-caption-text gallery-caption' id='gallery-1-2254'>\n\t\t\t\tFaqueiro de Ouro a granel - Fornecedor Premium para Jantares e Eventos de Luxo\n\n\n\t\t\t\t<\/figcaption><\/figure><figure class='gallery-item'>\n\t\t\t<div class='gallery-icon landscape'>\n\t\t\t\t<a href='https:\/\/www.ideal-flatware.com\/wp-content\/uploads\/2022\/12\/H038-1.jpg'><img width=\"700\" height=\"700\" src=\"https:\/\/www.ideal-flatware.com\/wp-content\/uploads\/2022\/12\/H038-1.jpg\" class=\"attachment-full size-full\" alt=\"Faca de a\u00e7o inox\" decoding=\"async\" srcset=\"https:\/\/www.ideal-flatware.com\/wp-content\/uploads\/2022\/12\/H038-1.jpg 700w, https:\/\/www.ideal-flatware.com\/wp-content\/uploads\/2022\/12\/H038-1-600x600.jpg 600w, https:\/\/www.ideal-flatware.com\/wp-content\/uploads\/2022\/12\/H038-1-100x100.jpg 100w, https:\/\/www.ideal-flatware.com\/wp-content\/uploads\/2022\/12\/H038-1-300x300.jpg 300w, https:\/\/www.ideal-flatware.com\/wp-content\/uploads\/2022\/12\/H038-1-150x150.jpg 150w\" sizes=\"(max-width: 700px) 100vw, 700px\" \/><\/a>\n\t\t\t<\/div><\/figure><figure class='gallery-item'>\n\t\t\t<div class='gallery-icon landscape'>\n\t\t\t\t<a href='https:\/\/www.ideal-flatware.com\/wp-content\/uploads\/2022\/12\/H038-2.jpg'><img width=\"700\" height=\"700\" src=\"https:\/\/www.ideal-flatware.com\/wp-content\/uploads\/2022\/12\/H038-2.jpg\" class=\"attachment-full size-full\" alt=\"Garfo em a\u00e7o inoxid\u00e1vel\" decoding=\"async\" srcset=\"https:\/\/www.ideal-flatware.com\/wp-content\/uploads\/2022\/12\/H038-2.jpg 700w, https:\/\/www.ideal-flatware.com\/wp-content\/uploads\/2022\/12\/H038-2-600x600.jpg 600w, https:\/\/www.ideal-flatware.com\/wp-content\/uploads\/2022\/12\/H038-2-100x100.jpg 100w, https:\/\/www.ideal-flatware.com\/wp-content\/uploads\/2022\/12\/H038-2-300x300.jpg 300w, https:\/\/www.ideal-flatware.com\/wp-content\/uploads\/2022\/12\/H038-2-150x150.jpg 150w\" sizes=\"(max-width: 700px) 100vw, 700px\" \/><\/a>\n\t\t\t<\/div><\/figure><figure class='gallery-item'>\n\t\t\t<div class='gallery-icon landscape'>\n\t\t\t\t<a href='https:\/\/www.ideal-flatware.com\/wp-content\/uploads\/2022\/12\/H038-3.jpg'><img width=\"700\" height=\"700\" src=\"https:\/\/www.ideal-flatware.com\/wp-content\/uploads\/2022\/12\/H038-3.jpg\" class=\"attachment-full size-full\" alt=\"Colher de a\u00e7o inoxid\u00e1vel\" decoding=\"async\" srcset=\"https:\/\/www.ideal-flatware.com\/wp-content\/uploads\/2022\/12\/H038-3.jpg 700w, https:\/\/www.ideal-flatware.com\/wp-content\/uploads\/2022\/12\/H038-3-600x600.jpg 600w, https:\/\/www.ideal-flatware.com\/wp-content\/uploads\/2022\/12\/H038-3-100x100.jpg 100w, https:\/\/www.ideal-flatware.com\/wp-content\/uploads\/2022\/12\/H038-3-300x300.jpg 300w, https:\/\/www.ideal-flatware.com\/wp-content\/uploads\/2022\/12\/H038-3-150x150.jpg 150w\" sizes=\"(max-width: 700px) 100vw, 700px\" \/><\/a>\n\t\t\t<\/div><\/figure><figure class='gallery-item'>\n\t\t\t<div class='gallery-icon landscape'>\n\t\t\t\t<a href='https:\/\/www.ideal-flatware.com\/wp-content\/uploads\/2022\/12\/H038-4.jpg'><img width=\"700\" height=\"700\" src=\"https:\/\/www.ideal-flatware.com\/wp-content\/uploads\/2022\/12\/H038-4.jpg\" class=\"attachment-full size-full\" alt=\"Colher de a\u00e7o inoxid\u00e1vel\" decoding=\"async\" srcset=\"https:\/\/www.ideal-flatware.com\/wp-content\/uploads\/2022\/12\/H038-4.jpg 700w, https:\/\/www.ideal-flatware.com\/wp-content\/uploads\/2022\/12\/H038-4-600x600.jpg 600w, https:\/\/www.ideal-flatware.com\/wp-content\/uploads\/2022\/12\/H038-4-100x100.jpg 100w, https:\/\/www.ideal-flatware.com\/wp-content\/uploads\/2022\/12\/H038-4-300x300.jpg 300w, https:\/\/www.ideal-flatware.com\/wp-content\/uploads\/2022\/12\/H038-4-150x150.jpg 150w\" sizes=\"(max-width: 700px) 100vw, 700px\" \/><\/a>\n\t\t\t<\/div><\/figure><figure class='gallery-item'>\n\t\t\t<div class='gallery-icon landscape'>\n\t\t\t\t<a href='https:\/\/www.ideal-flatware.com\/wp-content\/uploads\/2022\/12\/Ideal-Flatware-H03801.jpg'><img width=\"700\" height=\"397\" src=\"https:\/\/www.ideal-flatware.com\/wp-content\/uploads\/2022\/12\/Ideal-Flatware-H03801.jpg\" class=\"attachment-full size-full\" alt=\"Faqueiros em a\u00e7o inoxid\u00e1vel\" decoding=\"async\" srcset=\"https:\/\/www.ideal-flatware.com\/wp-content\/uploads\/2022\/12\/Ideal-Flatware-H03801.jpg 700w, https:\/\/www.ideal-flatware.com\/wp-content\/uploads\/2022\/12\/Ideal-Flatware-H03801-600x340.jpg 600w, https:\/\/www.ideal-flatware.com\/wp-content\/uploads\/2022\/12\/Ideal-Flatware-H03801-300x170.jpg 300w\" sizes=\"(max-width: 700px) 100vw, 700px\" \/><\/a>\n\t\t\t<\/div><\/figure>\n\t\t<\/div>","protected":false},"excerpt":{"rendered":"<p>&nbsp; PAR\u00c2METROS DO PRODUTO N\u00ba do artigo: Nome Comprimento (mm) Largura (mm) Peso (g) H038 Faca de mesa 230 18,5 50 Garfo de mesa 192 25 27 Colher de mesa 196 42 35 Colher de ch\u00e1 137 29 18 \u25b8 DESCRI\u00c7\u00c3O DO PRODUTO<\/p>","protected":false},"featured_media":2248,"comment_status":"open","ping_status":"closed","template":"","meta":{"_seopress_robots_primary_cat":""},"product_cat":[19],"product_tag":[],"_links":{"self":[{"href":"https:\/\/www.ideal-flatware.com\/pt\/wp-json\/wp\/v2\/product\/2247"}],"collection":[{"href":"https:\/\/www.ideal-flatware.com\/pt\/wp-json\/wp\/v2\/product"}],"about":[{"href":"https:\/\/www.ideal-flatware.com\/pt\/wp-json\/wp\/v2\/types\/product"}],"replies":[{"embeddable":true,"href":"https:\/\/www.ideal-flatware.com\/pt\/wp-json\/wp\/v2\/comments?post=2247"}],"version-history":[{"count":2,"href":"https:\/\/www.ideal-flatware.com\/pt\/wp-json\/wp\/v2\/product\/2247\/revisions"}],"predecessor-version":[{"id":2843,"href":"https:\/\/www.ideal-flatware.com\/pt\/wp-json\/wp\/v2\/product\/2247\/revisions\/2843"}],"wp:featuredmedia":[{"embeddable":true,"href":"https:\/\/www.ideal-flatware.com\/pt\/wp-json\/wp\/v2\/media\/2248"}],"wp:attachment":[{"href":"https:\/\/www.ideal-flatware.com\/pt\/wp-json\/wp\/v2\/media?parent=2247"}],"wp:term":[{"taxonomy":"product_cat","embeddable":true,"href":"https:\/\/www.ideal-flatware.com\/pt\/wp-json\/wp\/v2\/product_cat?post=2247"},{"taxonomy":"product_tag","embeddable":true,"href":"https:\/\/www.ideal-flatware.com\/pt\/wp-json\/wp\/v2\/product_tag?post=2247"}],"curies":[{"name":"wp","href":"https:\/\/api.w.org\/{rel}","templated":true}]}}