{"id":2447,"date":"2022-12-22T01:56:06","date_gmt":"2022-12-22T01:56:06","guid":{"rendered":"https:\/\/test.ideal-flatware.com\/?post_type=product&#038;p=2447"},"modified":"2022-12-22T01:57:04","modified_gmt":"2022-12-22T01:57:04","slug":"p109-hot-sell-modern-silverware-stainless-steel-cutlery-box-packaging","status":"publish","type":"product","link":"https:\/\/www.ideal-flatware.com\/pt\/produto\/p109-hot-sell-modern-silverware-stainless-steel-cutlery-box-packaging\/","title":{"rendered":"P109 Embalagem de caixa de talheres de a\u00e7o inoxid\u00e1vel para prataria moderna"},"content":{"rendered":"<p><img fetchpriority=\"high\" decoding=\"async\" class=\"aligncenter wp-image-2448 size-full\" src=\"https:\/\/test.ideal-flatware.com\/wp-content\/uploads\/2022\/12\/Ideal-Flatware-P109.jpg\" alt=\"\" width=\"700\" height=\"700\" srcset=\"https:\/\/www.ideal-flatware.com\/wp-content\/uploads\/2022\/12\/Ideal-Flatware-P109.jpg 700w, https:\/\/www.ideal-flatware.com\/wp-content\/uploads\/2022\/12\/Ideal-Flatware-P109-600x600.jpg 600w, https:\/\/www.ideal-flatware.com\/wp-content\/uploads\/2022\/12\/Ideal-Flatware-P109-100x100.jpg 100w, https:\/\/www.ideal-flatware.com\/wp-content\/uploads\/2022\/12\/Ideal-Flatware-P109-300x300.jpg 300w, https:\/\/www.ideal-flatware.com\/wp-content\/uploads\/2022\/12\/Ideal-Flatware-P109-150x150.jpg 150w\" sizes=\"(max-width: 700px) 100vw, 700px\" \/><\/p>\n<p>&nbsp;<\/p>\n<h3 style=\"color: #90bf46;\"><\/h3>\n<h3 style=\"color: #90bf46;\">\u25b8 Cutelaria Package\uff1a<\/h3>\n<p>1. Se n\u00e3o gostar das nossas embalagens ou se tiver as suas pr\u00f3prias ideias,a personaliza\u00e7\u00e3o \u00e9 bem-vinda.<br \/>\n2. Demora 10-15 dias para o MOQ. Temos uma grande capacidade de produ\u00e7\u00e3o, o que pode assegurar um prazo de entrega r\u00e1pido mesmo para grandes quantidades.<br \/>\n3. Normalmente saco 1pc\/pp, 50-100pcs em 1 pacote, 800-1000pcs em 1 caixa de cart\u00e3o.<\/p>\n<p>&nbsp;<\/p>","protected":false},"excerpt":{"rendered":"<p>&nbsp; \u25b8 Cutlery Package\uff1a 1. We have gift boxes for you choose.If you don&#8217;t like our packaging or have your own ideas,customized is welcome. 2. It takes 10-15 days for MOQ. We have large production capacity, which can ensure fast delivery time even for large quantity. 3. Usually 1pc\/pp bag, 50-100pcs into 1 bundle, 800-1000pcs [&hellip;]<\/p>","protected":false},"featured_media":2448,"comment_status":"open","ping_status":"closed","template":"","meta":{"_seopress_robots_primary_cat":""},"product_cat":[21],"product_tag":[],"_links":{"self":[{"href":"https:\/\/www.ideal-flatware.com\/pt\/wp-json\/wp\/v2\/product\/2447"}],"collection":[{"href":"https:\/\/www.ideal-flatware.com\/pt\/wp-json\/wp\/v2\/product"}],"about":[{"href":"https:\/\/www.ideal-flatware.com\/pt\/wp-json\/wp\/v2\/types\/product"}],"replies":[{"embeddable":true,"href":"https:\/\/www.ideal-flatware.com\/pt\/wp-json\/wp\/v2\/comments?post=2447"}],"version-history":[{"count":1,"href":"https:\/\/www.ideal-flatware.com\/pt\/wp-json\/wp\/v2\/product\/2447\/revisions"}],"predecessor-version":[{"id":2449,"href":"https:\/\/www.ideal-flatware.com\/pt\/wp-json\/wp\/v2\/product\/2447\/revisions\/2449"}],"wp:featuredmedia":[{"embeddable":true,"href":"https:\/\/www.ideal-flatware.com\/pt\/wp-json\/wp\/v2\/media\/2448"}],"wp:attachment":[{"href":"https:\/\/www.ideal-flatware.com\/pt\/wp-json\/wp\/v2\/media?parent=2447"}],"wp:term":[{"taxonomy":"product_cat","embeddable":true,"href":"https:\/\/www.ideal-flatware.com\/pt\/wp-json\/wp\/v2\/product_cat?post=2447"},{"taxonomy":"product_tag","embeddable":true,"href":"https:\/\/www.ideal-flatware.com\/pt\/wp-json\/wp\/v2\/product_tag?post=2447"}],"curies":[{"name":"wp","href":"https:\/\/api.w.org\/{rel}","templated":true}]}}