{"id":253,"date":"2022-12-17T08:44:49","date_gmt":"2022-12-17T08:44:49","guid":{"rendered":"https:\/\/test.ideal-flatware.com\/?post_type=product&#038;p=253"},"modified":"2025-12-09T09:40:53","modified_gmt":"2025-12-09T09:40:53","slug":"s049-high-grade-wholesale-cutlery-factory-restaurant-tableware-18-10-ss-cutlery-set-for-hotel","status":"publish","type":"product","link":"https:\/\/www.ideal-flatware.com\/pt\/produto\/s049-high-grande-grande-grande-grande-grande-grande-grande-grande-grande-grande-grande-grande-grande-grande-grande-grande-grande-grande-grande-grande-grande\/","title":{"rendered":"S049 talheres de alta qualidade de f\u00e1brica de talheres de restaurante 18\/10 conjunto de talheres SS para hotel"},"content":{"rendered":"<p><img fetchpriority=\"high\" decoding=\"async\" class=\"aligncenter\" src=\"https:\/\/test.ideal-flatware.com\/wp-content\/uploads\/2022\/12\/S049-1.jpg\" alt=\"S049\" width=\"700\" height=\"700\" \/><br \/>\n<strong>MATERIAL\u3011 \u3010PREMIUM<\/strong>Conjunto ideal de talheres em a\u00e7o inoxid\u00e1vel S049, Sem subst\u00e2ncia nociva e odor met\u00e1lico, Resistente \u00e0 ferrugem para durar muito tempo de servi\u00e7o. Borda lisa sem quaisquer pontos \u00e1speros garantem a seguran\u00e7a dos seus l\u00e1bios. F\u00e1cil limpeza (Para melhor proteger os seus talheres, lave-os \u00e0 m\u00e3o e seque-os com uma toalha macia).<br \/>\n<strong>\u3010MULTIPURPOSE\u3011<\/strong>Tais como casa, Restaurante, Picnics, Hotel, Camping, Catering, Casamento, Festa e outras ocasi\u00f5es.<br \/>\n<strong>\u3010MODERN E ELEGANT\u3011<\/strong>O a\u00e7o inoxid\u00e1vel com acabamento espelhado perfeito mant\u00e9m estes conjuntos de talheres sempre brilhantes, sem rebarbas \u00e1speras, bom brilho e trazem uma textura met\u00e1lica moderna e de alta qualidade. O desenho curvo do cabo torna-o mais elegante, L\u00e2minas de facas serrilhadas especialmente concebidas para cortar bife facilmente.<br \/>\n<strong>DESIGN\u3011 \u3010ERGONOMIC<\/strong>Estes conjuntos de talheres de prata de a\u00e7o inoxid\u00e1vel proporcionam um bom equil\u00edbrio e uma grande sensa\u00e7\u00e3o de m\u00e3o. Bordos lisos com design em forma curva proporcionam uma excelente ader\u00eancia, talheres simples e cl\u00e1ssicos misturados com muitos talheres, experi\u00eancia de jantar elevada com conjuntos de utens\u00edlios alimentares decentes.<br \/>\n<strong>\u3010QUALITY ASSURANCE\u3011 ASSURANCE\u3011<\/strong>Conjunto ideal de talheres de a\u00e7o inoxid\u00e1vel S049 Conjunto de talheres de forquilha de garfos usar embalagem requintada GIFT Box, Presente ideal para fam\u00edlia e amigos para o Dia de Ac\u00e7\u00e3o de Gra\u00e7as, Natal, Halloween. Se tiver alguma d\u00favida ou insatisfa\u00e7\u00e3o com os nossos talheres, n\u00e3o hesite em contactar-nos, prestaremos o melhor servi\u00e7o para o ajudar.<\/p>\n<p>&nbsp;<\/p>\n<h3 style=\"color: #90bf46;\">\u25b8 PAR\u00c2METROS DO PRODUTO<\/h3>\n<table style=\"height: 121px; width: 100%; border-collapse: collapse; border-style: solid; border-color: #dddddd;\" border=\"1\">\n<tbody>\n<tr style=\"height: 24px;\">\n<td style=\"width: 20%; height: 24px; border: 1px solid #dddddd; background-color: #f2f2f2;\">Item No:<\/td>\n<td style=\"width: 20%; height: 24px; border: 1px solid #dddddd; background-color: #f2f2f2;\">Nome<\/td>\n<td style=\"width: 20%; height: 24px; border: 1px solid #dddddd; background-color: #f2f2f2;\">Comprimento(mm)<\/td>\n<td style=\"width: 20%; height: 24px; border: 1px solid #dddddd; background-color: #f2f2f2;\">Largura(mm)<\/td>\n<td style=\"width: 20%; height: 24px; border: 1px solid #dddddd; background-color: #f2f2f2;\">Peso(g)<\/td>\n<\/tr>\n<tr style=\"height: 24px;\">\n<td style=\"width: 20%; height: 97px; border: 1px solid #dddddd; vertical-align: middle;\" rowspan=\"4\">S049<\/td>\n<td style=\"width: 20%; height: 24px; border: 1px solid #dddddd;\">Faca de mesa<\/td>\n<td style=\"width: 20%; height: 24px; border: 1px solid #dddddd;\">215<\/td>\n<td style=\"width: 20%; height: 24px; border: 1px solid #dddddd;\">10<\/td>\n<td style=\"width: 20%; height: 24px; border: 1px solid #dddddd;\">65<\/td>\n<\/tr>\n<tr style=\"height: 24px;\">\n<td style=\"width: 20%; height: 25px; border: 1px solid #dddddd;\">Garfo de mesa<\/td>\n<td style=\"width: 20%; height: 25px; border: 1px solid #dddddd;\">190<\/td>\n<td style=\"width: 20%; height: 25px; border: 1px solid #dddddd;\">24<\/td>\n<td style=\"width: 20%; height: 25px; border: 1px solid #dddddd;\">60<\/td>\n<\/tr>\n<tr style=\"height: 24px;\">\n<td style=\"width: 20%; height: 24px; border: 1px solid #dddddd;\">Colher de mesa<\/td>\n<td style=\"width: 20%; height: 24px; border: 1px solid #dddddd;\">197<\/td>\n<td style=\"width: 20%; height: 24px; border: 1px solid #dddddd;\">43<\/td>\n<td style=\"width: 20%; height: 24px; border: 1px solid #dddddd;\">71<\/td>\n<\/tr>\n<tr style=\"height: 24px;\">\n<td style=\"width: 20%; height: 24px; border: 1px solid #dddddd;\">Colher de ch\u00e1<\/td>\n<td style=\"width: 20%; height: 24px; border: 1px solid #dddddd;\">139<\/td>\n<td style=\"width: 20%; height: 24px; border: 1px solid #dddddd;\">31<\/td>\n<td style=\"width: 20%; height: 24px; border: 1px solid #dddddd;\">28<\/td>\n<\/tr>\n<\/tbody>\n<\/table>\n<h3 style=\"color: #90bf46;\">\u25b8 DESCRI\u00c7\u00c3O DO PRODUTO<\/h3>\n<div id='gallery-1' class='gallery galleryid-253 gallery-columns-4 gallery-size-large'><figure class='gallery-item'>\n\t\t\t<div class='gallery-icon landscape'>\n\t\t\t\t<a href='https:\/\/www.ideal-flatware.com\/wp-content\/uploads\/2022\/12\/S049-5.jpg'><img width=\"700\" height=\"700\" src=\"https:\/\/www.ideal-flatware.com\/wp-content\/uploads\/2022\/12\/S049-5.jpg\" class=\"attachment-large size-large\" alt=\"Talheres de a\u00e7o inoxid\u00e1vel\" decoding=\"async\" aria-describedby=\"gallery-1-258\" srcset=\"https:\/\/www.ideal-flatware.com\/wp-content\/uploads\/2022\/12\/S049-5.jpg 700w, https:\/\/www.ideal-flatware.com\/wp-content\/uploads\/2022\/12\/S049-5-600x600.jpg 600w, https:\/\/www.ideal-flatware.com\/wp-content\/uploads\/2022\/12\/S049-5-100x100.jpg 100w, https:\/\/www.ideal-flatware.com\/wp-content\/uploads\/2022\/12\/S049-5-300x300.jpg 300w, https:\/\/www.ideal-flatware.com\/wp-content\/uploads\/2022\/12\/S049-5-150x150.jpg 150w\" sizes=\"(max-width: 700px) 100vw, 700px\" \/><\/a>\n\t\t\t<\/div>\n\t\t\t\t<figcaption class='wp-caption-text gallery-caption' id='gallery-1-258'>\n\t\t\t\tComprar conjuntos de talheres por grosso\n\n\t\t\t\t<\/figcaption><\/figure><figure class='gallery-item'>\n\t\t\t<div class='gallery-icon landscape'>\n\t\t\t\t<a href='https:\/\/www.ideal-flatware.com\/wp-content\/uploads\/2022\/12\/S049-4.jpg'><img width=\"700\" height=\"700\" src=\"https:\/\/www.ideal-flatware.com\/wp-content\/uploads\/2022\/12\/S049-4.jpg\" class=\"attachment-large size-large\" alt=\"Talheres de a\u00e7o inoxid\u00e1vel 18\/10 Fornecedor de talheres de a\u00e7o inoxid\u00e1vel 18\/10 Pre\u00e7os por atacado para restaurantes e hot\u00e9is\" decoding=\"async\" aria-describedby=\"gallery-1-257\" srcset=\"https:\/\/www.ideal-flatware.com\/wp-content\/uploads\/2022\/12\/S049-4.jpg 700w, https:\/\/www.ideal-flatware.com\/wp-content\/uploads\/2022\/12\/S049-4-600x600.jpg 600w, https:\/\/www.ideal-flatware.com\/wp-content\/uploads\/2022\/12\/S049-4-100x100.jpg 100w, https:\/\/www.ideal-flatware.com\/wp-content\/uploads\/2022\/12\/S049-4-300x300.jpg 300w, https:\/\/www.ideal-flatware.com\/wp-content\/uploads\/2022\/12\/S049-4-150x150.jpg 150w\" sizes=\"(max-width: 700px) 100vw, 700px\" \/><\/a>\n\t\t\t<\/div>\n\t\t\t\t<figcaption class='wp-caption-text gallery-caption' id='gallery-1-257'>\n\t\t\t\tFornecedor de talheres de a\u00e7o inoxid\u00e1vel 18\/10 | Pre\u00e7os por atacado para restaurantes e hot\u00e9is\n\t\t\t\t<\/figcaption><\/figure><figure class='gallery-item'>\n\t\t\t<div class='gallery-icon landscape'>\n\t\t\t\t<a href='https:\/\/www.ideal-flatware.com\/wp-content\/uploads\/2022\/12\/S049-3.jpg'><img width=\"700\" height=\"700\" src=\"https:\/\/www.ideal-flatware.com\/wp-content\/uploads\/2022\/12\/S049-3.jpg\" class=\"attachment-large size-large\" alt=\"Talheres de a\u00e7o inoxid\u00e1vel\" decoding=\"async\" srcset=\"https:\/\/www.ideal-flatware.com\/wp-content\/uploads\/2022\/12\/S049-3.jpg 700w, https:\/\/www.ideal-flatware.com\/wp-content\/uploads\/2022\/12\/S049-3-600x600.jpg 600w, https:\/\/www.ideal-flatware.com\/wp-content\/uploads\/2022\/12\/S049-3-100x100.jpg 100w, https:\/\/www.ideal-flatware.com\/wp-content\/uploads\/2022\/12\/S049-3-300x300.jpg 300w, https:\/\/www.ideal-flatware.com\/wp-content\/uploads\/2022\/12\/S049-3-150x150.jpg 150w\" sizes=\"(max-width: 700px) 100vw, 700px\" \/><\/a>\n\t\t\t<\/div><\/figure><figure class='gallery-item'>\n\t\t\t<div class='gallery-icon landscape'>\n\t\t\t\t<a href='https:\/\/www.ideal-flatware.com\/wp-content\/uploads\/2022\/12\/S049-2.jpg'><img width=\"700\" height=\"700\" src=\"https:\/\/www.ideal-flatware.com\/wp-content\/uploads\/2022\/12\/S049-2.jpg\" class=\"attachment-large size-large\" alt=\"Lou\u00e7a de mesa em a\u00e7o inoxid\u00e1vel\" decoding=\"async\" srcset=\"https:\/\/www.ideal-flatware.com\/wp-content\/uploads\/2022\/12\/S049-2.jpg 700w, https:\/\/www.ideal-flatware.com\/wp-content\/uploads\/2022\/12\/S049-2-600x600.jpg 600w, https:\/\/www.ideal-flatware.com\/wp-content\/uploads\/2022\/12\/S049-2-100x100.jpg 100w, https:\/\/www.ideal-flatware.com\/wp-content\/uploads\/2022\/12\/S049-2-300x300.jpg 300w, https:\/\/www.ideal-flatware.com\/wp-content\/uploads\/2022\/12\/S049-2-150x150.jpg 150w\" sizes=\"(max-width: 700px) 100vw, 700px\" \/><\/a>\n\t\t\t<\/div><\/figure><figure class='gallery-item'>\n\t\t\t<div class='gallery-icon landscape'>\n\t\t\t\t<a href='https:\/\/www.ideal-flatware.com\/wp-content\/uploads\/2022\/12\/S04905.jpg'><img width=\"700\" height=\"525\" src=\"https:\/\/www.ideal-flatware.com\/wp-content\/uploads\/2022\/12\/S04905.jpg\" class=\"attachment-large size-large\" alt=\"Lou\u00e7a de mesa em a\u00e7o inoxid\u00e1vel\" decoding=\"async\" srcset=\"https:\/\/www.ideal-flatware.com\/wp-content\/uploads\/2022\/12\/S04905.jpg 700w, https:\/\/www.ideal-flatware.com\/wp-content\/uploads\/2022\/12\/S04905-600x450.jpg 600w, https:\/\/www.ideal-flatware.com\/wp-content\/uploads\/2022\/12\/S04905-300x225.jpg 300w\" sizes=\"(max-width: 700px) 100vw, 700px\" \/><\/a>\n\t\t\t<\/div><\/figure><figure class='gallery-item'>\n\t\t\t<div class='gallery-icon landscape'>\n\t\t\t\t<a href='https:\/\/www.ideal-flatware.com\/wp-content\/uploads\/2022\/12\/S04904.jpg'><img width=\"700\" height=\"525\" src=\"https:\/\/www.ideal-flatware.com\/wp-content\/uploads\/2022\/12\/S04904.jpg\" class=\"attachment-large size-large\" alt=\"Faca de a\u00e7o inox\" decoding=\"async\" srcset=\"https:\/\/www.ideal-flatware.com\/wp-content\/uploads\/2022\/12\/S04904.jpg 700w, https:\/\/www.ideal-flatware.com\/wp-content\/uploads\/2022\/12\/S04904-600x450.jpg 600w, https:\/\/www.ideal-flatware.com\/wp-content\/uploads\/2022\/12\/S04904-300x225.jpg 300w\" sizes=\"(max-width: 700px) 100vw, 700px\" \/><\/a>\n\t\t\t<\/div><\/figure><figure class='gallery-item'>\n\t\t\t<div class='gallery-icon landscape'>\n\t\t\t\t<a href='https:\/\/www.ideal-flatware.com\/wp-content\/uploads\/2022\/12\/S04901.jpg'><img width=\"700\" height=\"506\" src=\"https:\/\/www.ideal-flatware.com\/wp-content\/uploads\/2022\/12\/S04901.jpg\" class=\"attachment-large size-large\" alt=\"Colher de a\u00e7o inoxid\u00e1vel\" decoding=\"async\" srcset=\"https:\/\/www.ideal-flatware.com\/wp-content\/uploads\/2022\/12\/S04901.jpg 700w, https:\/\/www.ideal-flatware.com\/wp-content\/uploads\/2022\/12\/S04901-600x434.jpg 600w, https:\/\/www.ideal-flatware.com\/wp-content\/uploads\/2022\/12\/S04901-300x217.jpg 300w\" sizes=\"(max-width: 700px) 100vw, 700px\" \/><\/a>\n\t\t\t<\/div><\/figure><figure class='gallery-item'>\n\t\t\t<div class='gallery-icon landscape'>\n\t\t\t\t<a href='https:\/\/www.ideal-flatware.com\/wp-content\/uploads\/2022\/12\/S04907.jpg'><img width=\"700\" height=\"525\" src=\"https:\/\/www.ideal-flatware.com\/wp-content\/uploads\/2022\/12\/S04907.jpg\" class=\"attachment-large size-large\" alt=\"Garfo em a\u00e7o inoxid\u00e1vel\" decoding=\"async\" srcset=\"https:\/\/www.ideal-flatware.com\/wp-content\/uploads\/2022\/12\/S04907.jpg 700w, https:\/\/www.ideal-flatware.com\/wp-content\/uploads\/2022\/12\/S04907-600x450.jpg 600w, https:\/\/www.ideal-flatware.com\/wp-content\/uploads\/2022\/12\/S04907-300x225.jpg 300w\" sizes=\"(max-width: 700px) 100vw, 700px\" \/><\/a>\n\t\t\t<\/div><\/figure><figure class='gallery-item'>\n\t\t\t<div class='gallery-icon landscape'>\n\t\t\t\t<a href='https:\/\/www.ideal-flatware.com\/wp-content\/uploads\/2022\/12\/S04906.jpg'><img width=\"700\" height=\"525\" src=\"https:\/\/www.ideal-flatware.com\/wp-content\/uploads\/2022\/12\/S04906.jpg\" class=\"attachment-large size-large\" alt=\"Faca de a\u00e7o inox\" decoding=\"async\" srcset=\"https:\/\/www.ideal-flatware.com\/wp-content\/uploads\/2022\/12\/S04906.jpg 700w, https:\/\/www.ideal-flatware.com\/wp-content\/uploads\/2022\/12\/S04906-600x450.jpg 600w, https:\/\/www.ideal-flatware.com\/wp-content\/uploads\/2022\/12\/S04906-300x225.jpg 300w\" sizes=\"(max-width: 700px) 100vw, 700px\" \/><\/a>\n\t\t\t<\/div><\/figure>\n\t\t<\/div>\n\n<p>&nbsp;<\/p>\n<h3 style=\"color: #90bf46;\">\u25b8USE &amp; CARE<\/h3>\n<p><strong>PRIMEIRA HORA DE UTILIZA\u00c7\u00c3O<\/strong><br \/>\n1. Por favor, lave \u00e0 m\u00e3o o seu conjunto de talheres de prata cuidadosamente usando um sab\u00e3o suave ou detergente para lavar qualquer res\u00edduo de processamento deixado pelo fabrico.<br \/>\n2. enxaguar com \u00e1gua doce e secar imediatamente com um pano macio e guardar em local seco .<br \/>\n<strong>UTILIZA\u00c7\u00c3O QUOTIDIANA<\/strong><br \/>\n1. Por favor limpar e secar os talheres ap\u00f3s utiliza\u00e7\u00e3o e guardar em local seco para a sua durabilidade.<br \/>\n2. N\u00e3o utilizar escovas de arame ou esponjas duras para evitar arranh\u00f5es, manter os talheres lisos.<br \/>\n3. Por favor, tente evitar lavar na m\u00e1quina de lavar lou\u00e7a. Lavar \u00e0 m\u00e3o e depois secar com um pano macio ir\u00e1 proteger melhor os seus talheres de prata.<br \/>\n4. Usar detergente suave ao limpar, n\u00e3o deixar os talheres com sal ou \u00e1cido residual durante muito tempo, pois pode aumentar as hip\u00f3teses de descolora\u00e7\u00e3o e corros\u00e3o.<br \/>\nDicas gentis: Este conjunto de prataria \u00e9 um conjunto de prataria de peso m\u00e9dio, prataria de peso n\u00e3o-pesado ou prataria leve.<\/p>","protected":false},"excerpt":{"rendered":"<p>\u3010PREMIUM MATERIAL\u3011Ideal S049 stainless steel flatware set, No harmful substance and metallic odor, Rust resistant to last long service time. Smooth edge without any rough spots ensure the safety of your lips. Easy clean (To better protect your silverware, wash it by hand and dry it with a soft towel). \u3010MULTIPURPOSE\u3011Such as home, Restaurant, Picnics, [&hellip;]<\/p>","protected":false},"featured_media":254,"comment_status":"open","ping_status":"closed","template":"","meta":{"_seopress_robots_primary_cat":"none"},"product_cat":[20,19],"product_tag":[],"_links":{"self":[{"href":"https:\/\/www.ideal-flatware.com\/pt\/wp-json\/wp\/v2\/product\/253"}],"collection":[{"href":"https:\/\/www.ideal-flatware.com\/pt\/wp-json\/wp\/v2\/product"}],"about":[{"href":"https:\/\/www.ideal-flatware.com\/pt\/wp-json\/wp\/v2\/types\/product"}],"replies":[{"embeddable":true,"href":"https:\/\/www.ideal-flatware.com\/pt\/wp-json\/wp\/v2\/comments?post=253"}],"version-history":[{"count":54,"href":"https:\/\/www.ideal-flatware.com\/pt\/wp-json\/wp\/v2\/product\/253\/revisions"}],"predecessor-version":[{"id":3002,"href":"https:\/\/www.ideal-flatware.com\/pt\/wp-json\/wp\/v2\/product\/253\/revisions\/3002"}],"wp:featuredmedia":[{"embeddable":true,"href":"https:\/\/www.ideal-flatware.com\/pt\/wp-json\/wp\/v2\/media\/254"}],"wp:attachment":[{"href":"https:\/\/www.ideal-flatware.com\/pt\/wp-json\/wp\/v2\/media?parent=253"}],"wp:term":[{"taxonomy":"product_cat","embeddable":true,"href":"https:\/\/www.ideal-flatware.com\/pt\/wp-json\/wp\/v2\/product_cat?post=253"},{"taxonomy":"product_tag","embeddable":true,"href":"https:\/\/www.ideal-flatware.com\/pt\/wp-json\/wp\/v2\/product_tag?post=253"}],"curies":[{"name":"wp","href":"https:\/\/api.w.org\/{rel}","templated":true}]}}