{"id":48,"date":"2022-11-29T01:11:04","date_gmt":"2022-11-29T01:11:04","guid":{"rendered":"https:\/\/test.ideal-flatware.com\/?page_id=48"},"modified":"2024-03-29T08:03:38","modified_gmt":"2024-03-29T08:03:38","slug":"faq","status":"publish","type":"page","link":"https:\/\/www.ideal-flatware.com\/sv\/faq\/","title":{"rendered":"VANLIGA FR\u00c5GOR"},"content":{"rendered":"<div data-elementor-type=\"wp-page\" data-elementor-id=\"48\" class=\"elementor elementor-48\" data-elementor-post-type=\"page\">\n\t\t\t\t<div class=\"elementor-element elementor-element-115c24e2 e-con-full e-flex e-con e-parent\" data-id=\"115c24e2\" data-element_type=\"container\" data-settings=\"{&quot;background_background&quot;:&quot;classic&quot;}\">\n\t\t<div class=\"elementor-element elementor-element-70200995 e-flex e-con-boxed e-con e-child\" data-id=\"70200995\" data-element_type=\"container\">\n\t\t\t\t\t<div class=\"e-con-inner\">\n\t\t\t\t<div class=\"elementor-element elementor-element-10dd4c90 elementor-widget elementor-widget-heading\" data-id=\"10dd4c90\" data-element_type=\"widget\" data-widget_type=\"heading.default\">\n\t\t\t\t<div class=\"elementor-widget-container\">\n\t\t\t<h1 class=\"elementor-heading-title elementor-size-default\">VANLIGA FR\u00c5GOR<\/h1>\t\t<\/div>\n\t\t\t\t<\/div>\n\t\t\t\t<div class=\"elementor-element elementor-element-7d9f397 elementor-widget elementor-widget-sp-breadcrumbs\" data-id=\"7d9f397\" data-element_type=\"widget\" data-widget_type=\"sp-breadcrumbs.default\">\n\t\t\t\t<div class=\"elementor-widget-container\">\n\t\t\t<nav  aria-label=\"br\u00f6dsmula\" data-no-translation-aria-label=\"\"><ol class=\"breadcrumb\" itemscope itemtype=\"https:\/\/schema.org\/BreadcrumbList\"><li class=\"breadcrumb-item active\" aria-current=\"page\" itemprop=\"itemListElement\" itemscope itemtype=\"https:\/\/schema.org\/ListItem\"><span itemprop=\"name\" data-no-translation=\"\" data-trp-gettext=\"\">Hem<\/span><meta itemprop=\"position\" content=\"1\"><\/li><\/ol><\/nav>\t\t<\/div>\n\t\t\t\t<\/div>\n\t\t\t\t\t<\/div>\n\t\t\t\t<\/div>\n\t\t\t\t<\/div>\n\t\t<div class=\"elementor-element elementor-element-db99a08 e-flex e-con-boxed e-con e-parent\" data-id=\"db99a08\" data-element_type=\"container\">\n\t\t\t\t\t<div class=\"e-con-inner\">\n\t\t\t\t<div class=\"elementor-element elementor-element-739769b elementor-widget elementor-widget-heading\" data-id=\"739769b\" data-element_type=\"widget\" data-widget_type=\"heading.default\">\n\t\t\t\t<div class=\"elementor-widget-container\">\n\t\t\t<h1 class=\"elementor-heading-title elementor-size-default\">IDEAL tillverkare av bestick i rostfritt st\u00e5l<\/h1>\t\t<\/div>\n\t\t\t\t<\/div>\n\t\t\t\t<div class=\"elementor-element elementor-element-ef709d7 elementor-widget elementor-widget-text-editor\" data-id=\"ef709d7\" data-element_type=\"widget\" data-widget_type=\"text-editor.default\">\n\t\t\t\t<div class=\"elementor-widget-container\">\n\t\t\t\t\t\t\t<p>M\u00e5lmarknaden f\u00f6r v\u00e5rt varum\u00e4rke har utvecklats kontinuerligt under \u00e5ren.V\u00e5rt team \u00e4r v\u00e4l f\u00f6rberett f\u00f6r att l\u00f6sa dina utmaningar. <a href=\"https:\/\/www.ideal-flatware.com\/sv\/kontakta\/\">kontakta oss<\/a> f\u00f6r mer information.<\/p>\t\t\t\t\t\t<\/div>\n\t\t\t\t<\/div>\n\t\t\t\t\t<\/div>\n\t\t\t\t<\/div>\n\t\t<div class=\"elementor-element elementor-element-1118391 e-flex e-con-boxed e-con e-parent\" data-id=\"1118391\" data-element_type=\"container\">\n\t\t\t\t\t<div class=\"e-con-inner\">\n\t\t\t\t<div class=\"elementor-element elementor-element-77032c7 elementor-tabs-view-vertical elementor-widget elementor-widget-tabs\" data-id=\"77032c7\" data-element_type=\"widget\" data-widget_type=\"tabs.default\">\n\t\t\t\t<div class=\"elementor-widget-container\">\n\t\t\t\t\t<div class=\"elementor-tabs\">\n\t\t\t<div class=\"elementor-tabs-wrapper\" role=\"tablist\" >\n\t\t\t\t\t\t\t\t\t<div id=\"elementor-tab-title-1241\" class=\"elementor-tab-title elementor-tab-desktop-title\" aria-selected=\"true\" data-tab=\"1\" role=\"tab\" tabindex=\"0\" aria-controls=\"elementor-tab-content-1241\" aria-expanded=\"false\">Vanliga fr\u00e5gor och svar<\/div>\n\t\t\t\t\t\t\t\t\t<div id=\"elementor-tab-title-1242\" class=\"elementor-tab-title elementor-tab-desktop-title\" aria-selected=\"false\" data-tab=\"2\" role=\"tab\" tabindex=\"-1\" aria-controls=\"elementor-tab-content-1242\" aria-expanded=\"false\">Om produkter<\/div>\n\t\t\t\t\t\t\t\t\t<div id=\"elementor-tab-title-1243\" class=\"elementor-tab-title elementor-tab-desktop-title\" aria-selected=\"false\" data-tab=\"3\" role=\"tab\" tabindex=\"-1\" aria-controls=\"elementor-tab-content-1243\" aria-expanded=\"false\">Om prover<\/div>\n\t\t\t\t\t\t\t\t\t<div id=\"elementor-tab-title-1244\" class=\"elementor-tab-title elementor-tab-desktop-title\" aria-selected=\"false\" data-tab=\"4\" role=\"tab\" tabindex=\"-1\" aria-controls=\"elementor-tab-content-1244\" aria-expanded=\"false\">Om logotypen<\/div>\n\t\t\t\t\t\t\t\t\t<div id=\"elementor-tab-title-1245\" class=\"elementor-tab-title elementor-tab-desktop-title\" aria-selected=\"false\" data-tab=\"5\" role=\"tab\" tabindex=\"-1\" aria-controls=\"elementor-tab-content-1245\" aria-expanded=\"false\">Om provtagningstid<\/div>\n\t\t\t\t\t\t\t\t\t<div id=\"elementor-tab-title-1246\" class=\"elementor-tab-title elementor-tab-desktop-title\" aria-selected=\"false\" data-tab=\"6\" role=\"tab\" tabindex=\"-1\" aria-controls=\"elementor-tab-content-1246\" aria-expanded=\"false\">Produktionstid<\/div>\n\t\t\t\t\t\t\t\t\t<div id=\"elementor-tab-title-1247\" class=\"elementor-tab-title elementor-tab-desktop-title\" aria-selected=\"false\" data-tab=\"7\" role=\"tab\" tabindex=\"-1\" aria-controls=\"elementor-tab-content-1247\" aria-expanded=\"false\">MOQ<\/div>\n\t\t\t\t\t\t\t\t\t<div id=\"elementor-tab-title-1248\" class=\"elementor-tab-title elementor-tab-desktop-title\" aria-selected=\"false\" data-tab=\"8\" role=\"tab\" tabindex=\"-1\" aria-controls=\"elementor-tab-content-1248\" aria-expanded=\"false\">OEM\/ODM<\/div>\n\t\t\t\t\t\t\t\t\t<div id=\"elementor-tab-title-1249\" class=\"elementor-tab-title elementor-tab-desktop-title\" aria-selected=\"false\" data-tab=\"9\" role=\"tab\" tabindex=\"-1\" aria-controls=\"elementor-tab-content-1249\" aria-expanded=\"false\">Leveranstid<\/div>\n\t\t\t\t\t\t\t\t\t<div id=\"elementor-tab-title-12410\" class=\"elementor-tab-title elementor-tab-desktop-title\" aria-selected=\"false\" data-tab=\"10\" role=\"tab\" tabindex=\"-1\" aria-controls=\"elementor-tab-content-12410\" aria-expanded=\"false\">Hamn<\/div>\n\t\t\t\t\t\t\t\t\t<div id=\"elementor-tab-title-12411\" class=\"elementor-tab-title elementor-tab-desktop-title\" aria-selected=\"false\" data-tab=\"11\" role=\"tab\" tabindex=\"-1\" aria-controls=\"elementor-tab-content-12411\" aria-expanded=\"false\">F\u00f6rpackning<\/div>\n\t\t\t\t\t\t\t\t\t<div id=\"elementor-tab-title-12412\" class=\"elementor-tab-title elementor-tab-desktop-title\" aria-selected=\"false\" data-tab=\"12\" role=\"tab\" tabindex=\"-1\" aria-controls=\"elementor-tab-content-12412\" aria-expanded=\"false\">Betalningsmetod<\/div>\n\t\t\t\t\t\t\t<\/div>\n\t\t\t<div class=\"elementor-tabs-content-wrapper\" role=\"tablist\" aria-orientation=\"vertical\">\n\t\t\t\t\t\t\t\t\t<div class=\"elementor-tab-title elementor-tab-mobile-title\" aria-selected=\"true\" data-tab=\"1\" role=\"tab\" tabindex=\"0\" aria-controls=\"elementor-tab-content-1241\" aria-expanded=\"false\">Vanliga fr\u00e5gor och svar<\/div>\n\t\t\t\t\t<div id=\"elementor-tab-content-1241\" class=\"elementor-tab-content elementor-clearfix\" data-tab=\"1\" role=\"tabpanel\" aria-labelledby=\"elementor-tab-title-1241\" tabindex=\"0\" hidden=\"false\"><p><strong>Vad \u00e4r dina produkter tillverkade av\uff1f<\/strong><br \/>V\u00e5ra produkter \u00e4r tillverkade av h\u00f6gkvalitativt rostfritt st\u00e5l och har en bra balans mellan s\u00e4kerhet och praktiska egenskaper.<\/p><p><strong>Kan jag f\u00e5 ett GRATIS prov?<\/strong><br \/>Naturligtvis \u00e4r det m\u00f6jligt att f\u00e5 ett gratisprov, v\u00e4nligen l\u00e4mna dina kontaktuppgifter f\u00f6r att kontakta oss.<\/p><p><strong>Kan du skriva ut v\u00e5r LOGO p\u00e5 produkter?<\/strong><br \/>Ja.Vi kan skriva ut logotypen p\u00e5 produkterna enligt dina krav.Pr\u00e4gling, lasertryck och gravering \u00e4r tillg\u00e4ngliga.<\/p><p><strong>Accepterar du OEM- och ODM-order?<\/strong><br \/>Ja, OEM\/ODM \u00e4r tillg\u00e4ngliga, anpassade material, former, f\u00e4rger, logotyper och f\u00f6rpackningar accepteras. Om du har n\u00e5gra id\u00e9er om produkterna \u00e4r du v\u00e4lkommen att kontakta oss!<\/p><p><strong>Vilka \u00e4r dina betalningsvillkor?<\/strong><br \/>Vi accepterar L\/C vid undertecknande, T\/T (inklusive 30%-deposition), kontanter etc.<\/p><p><strong>Kan jag fritt kombinera de bestick jag vill ha?<\/strong><br \/>Naturligtvis kan vi tillgodose dina behov med fyra, sexton, tjugofyra och s\u00e5 vidare upps\u00e4ttningar.<\/p><p><strong>Vilka \u00e4r de viktigaste typerna av rostfritt st\u00e5l f\u00f6r livsmedel?<\/strong><br \/>De \u00e4r AISI410, AISI430, AISI420 och AISI304.<\/p><p><strong>Vilken typ av ytbehandlade produkter kan du erbjuda?<\/strong><br \/>Tumble polish, handpolering, spegelpolering, matt finish, PVD-bel\u00e4ggning, Detal printing, Spray painting och andra ytbehandlade processer.<\/p><p><strong>Kommer svartpl\u00e4terade bestick att blekna?<\/strong><br \/>IDEAL anv\u00e4nder en avancerad elektropl\u00e4teringsprocess, det rostfria st\u00e5lbestick som tillverkas kommer inte att blekna och vara h\u00e5llbart.<\/p><\/div>\n\t\t\t\t\t\t\t\t\t<div class=\"elementor-tab-title elementor-tab-mobile-title\" aria-selected=\"false\" data-tab=\"2\" role=\"tab\" tabindex=\"-1\" aria-controls=\"elementor-tab-content-1242\" aria-expanded=\"false\">Om produkter<\/div>\n\t\t\t\t\t<div id=\"elementor-tab-content-1242\" class=\"elementor-tab-content elementor-clearfix\" data-tab=\"2\" role=\"tabpanel\" aria-labelledby=\"elementor-tab-title-1242\" tabindex=\"0\" hidden=\"hidden\"><p><strong>Vilka \u00e4r materialen i bestick av rostfritt st\u00e5l?<\/strong><br \/>Serviser i rostfritt st\u00e5l finns i 4 olika kvaliteter: 410\uff0c420\uff0c430\uff0c304.<\/p><p><strong>Vad \u00e4r egenskaperna hos serviser av rostfritt st\u00e5l?<\/strong><br \/>Slitstarkt, korrosionsbest\u00e4ndigt, droppbest\u00e4ndigt, h\u00e5ller i m\u00e5nga \u00e5r och t\u00e5l diskmaskin.<\/p><p><strong>Vilken typ av ytbehandlade produkter kan du erbjuda?<\/strong><br \/>Tumble polish, handpolering, spegelpolering, matt finish, PVD-bel\u00e4ggning, Detal printing, Spray painting och andra ytbehandlade processer.<\/p><p><strong>Kommer guldpl\u00e4terade bestick att blekna?<\/strong><br \/>IDEAL anv\u00e4nder en avancerad elektropl\u00e4teringsprocess, det rostfria st\u00e5lbestick som tillverkas kommer inte att blekna och vara h\u00e5llbart.<\/p><p><strong>Kommer svartpl\u00e4terade bestick att blekna?<\/strong><br \/>IDEAL anv\u00e4nder en avancerad elektropl\u00e4teringsprocess, det rostfria st\u00e5lbestick som tillverkas kommer inte att blekna och vara h\u00e5llbart.<\/p><p><strong>Vilka processer \u00e4r tillg\u00e4ngliga f\u00f6r anpassade logotyper?<\/strong><br \/>Du kan v\u00e4lja v\u00e5ra befintliga produkter f\u00f6r att l\u00e4gga till logotyp: tryckning, laser, pr\u00e4gling, \u00f6verf\u00f6ringstryck osv.<\/p><p><strong>Vilka f\u00e4rger kan bestick i rostfritt st\u00e5l anpassas?<\/strong><br \/>I allm\u00e4nhet \u00e4r silver, guld, svart, ros\u00e9guld, f\u00e4rgpl\u00e4tering de vanligaste, du kan ge oss den f\u00e4rg du vill ha, s\u00e5 diskuterar vi den i detalj.<\/p><p><strong>Kan jag anpassa en specifik produkt med ditt produktm\u00f6nster?<\/strong><br \/>Naturligtvis kan du anv\u00e4nda din befintliga design f\u00f6r att anpassa din produkt.<\/p><p><strong>Kan jag fritt kombinera de bestick jag vill ha?<\/strong><br \/>Naturligtvis kan vi tillgodose dina behov med fyra, sexton, tjugofyra och s\u00e5 vidare upps\u00e4ttningar.<\/p><p><strong>\u00c4r svartpl\u00e4terade bestick av rostfritt st\u00e5l s\u00e4kra?<\/strong><br \/>Ja, vi anv\u00e4nder r\u00e5varor av livsmedelskvalitet f\u00f6r att g\u00f6ra bestick s\u00e4kra och giftfria i kontakt med livsmedel. B\u00e5de vuxna och barn kan anv\u00e4nda det med f\u00f6rtroende.<\/p><p><strong>\u00c4r guldpl\u00e4terade bestick av rostfritt st\u00e5l s\u00e4kra?<\/strong><br \/>Ja, vi anv\u00e4nder r\u00e5varor av livsmedelskvalitet f\u00f6r att g\u00f6ra bestick s\u00e4kra och giftfria i kontakt med livsmedel. B\u00e5de vuxna och barn kan anv\u00e4nda det med f\u00f6rtroende.<\/p><p><strong>\u00c4r kanterna p\u00e5 dina knivar av rostfritt st\u00e5l sl\u00e4ta?<\/strong><br \/>Ja, v\u00e5ra cutlerys i rostfritt st\u00e5l har en poleringsprocess i flera lager, ytan \u00e4r fri fr\u00e5n grater och kommer inte att skrapa munnen.<\/p><\/div>\n\t\t\t\t\t\t\t\t\t<div class=\"elementor-tab-title elementor-tab-mobile-title\" aria-selected=\"false\" data-tab=\"3\" role=\"tab\" tabindex=\"-1\" aria-controls=\"elementor-tab-content-1243\" aria-expanded=\"false\">Om prover<\/div>\n\t\t\t\t\t<div id=\"elementor-tab-content-1243\" class=\"elementor-tab-content elementor-clearfix\" data-tab=\"3\" role=\"tabpanel\" aria-labelledby=\"elementor-tab-title-1243\" tabindex=\"0\" hidden=\"hidden\"><p><strong>Kan vi f\u00e5 dina gratisprover?<\/strong><br \/>Prover kan erbjudas gratis. Men kurirkostnaden f\u00f6r proverna ska betalas av k\u00f6paren.<\/p><p><strong>Kan jag f\u00e5 n\u00e5gra prover?<\/strong><br \/>Ja, det kan du. V\u00e5ra prover \u00e4r endast gratis f\u00f6r de kunder som bekr\u00e4ftar sin best\u00e4llning. Men frakten f\u00f6r express \u00e4r p\u00e5 k\u00f6parens konto.<\/p><p><strong>Hur kan jag f\u00e5 ett prov f\u00f6r att kontrollera er kvalitet?<\/strong><br \/>Prov kan vara gratis medan fraktkostnaden \u00e4r p\u00e5 k\u00f6paren, du kan kontakta oss f\u00f6r detaljer.<\/p><p><strong>\u00c4r provet av dina produkter gratis?<\/strong><br \/>Ja, naturligtvis. Du kan betala f\u00f6r frakten. Det vore rimligt. Och om du g\u00f6r en formell best\u00e4llning hos oss kan vi returnera ditt prov med frakt.<\/p><p><strong>Hur kan jag f\u00e5 provet?<\/strong><br \/>Ja, prov \u00e4r acceptabelt.Ett stycke\/artikel \u00e4r gratis f\u00f6r dig, fraktkostnaden tas av dig.Du kan kontakta v\u00e5r f\u00f6rs\u00e4ljning f\u00f6r att ordna det.<\/p><p><strong>Hur kan jag f\u00e5 ett prov f\u00f6r att bekr\u00e4fta kvaliteten?<\/strong><br \/>F\u00f6r befintliga prover tar det 1-3 dagar. De \u00e4r kostnadsfria om de \u00e4r fraktfritt. F\u00f6r din egen design tar det 7-15 dagar, det tar en liten avgift men kommer att \u00e5terbetalas efter att best\u00e4llningen har bekr\u00e4ftats.<\/p><\/div>\n\t\t\t\t\t\t\t\t\t<div class=\"elementor-tab-title elementor-tab-mobile-title\" aria-selected=\"false\" data-tab=\"4\" role=\"tab\" tabindex=\"-1\" aria-controls=\"elementor-tab-content-1244\" aria-expanded=\"false\">Om logotypen<\/div>\n\t\t\t\t\t<div id=\"elementor-tab-content-1244\" class=\"elementor-tab-content elementor-clearfix\" data-tab=\"4\" role=\"tabpanel\" aria-labelledby=\"elementor-tab-title-1244\" tabindex=\"0\" hidden=\"hidden\"><p><strong>Kan du skriva ut v\u00e5r LOGO p\u00e5 bestick?<\/strong><br \/>Ja, vi kan skriva ut logotypen p\u00e5 besticket enligt dina krav. Pr\u00e4gling, laser, st\u00e4mpling och gravering \u00e4r tillg\u00e4ngliga.<\/p><p><strong>Hur g\u00e5r jag vidare med best\u00e4llningen om jag har en logotyp att skriva ut?<\/strong><br \/>F\u00f6rst f\u00f6rbereder vi ett konstverk f\u00f6r visuell bekr\u00e4ftelse och d\u00e4refter producerar vi ett riktigt prov f\u00f6r din andra bekr\u00e4ftelse. Om provet \u00e4r okej kommer vi slutligen att g\u00e5 till massproduktion.<\/p><p><strong>Kan jag ha min logotyp p\u00e5 produkten?<\/strong><br \/>Ja, alla produkter kan anpassas. Det \u00e4r mer \u00e4n logotyper, f\u00e4rger, storlek och m\u00f6nster kan \u00e4ndras.<\/p><p><strong>Kan du g\u00f6ra min design?<\/strong><br \/>Ja, vi g\u00f6r b\u00e5de OEM och ODM. Vi vill g\u00e4rna utveckla ny design tillsammans med dig.<\/p><p><strong>Kan vi ha v\u00e5r logotyp eller v\u00e5rt f\u00f6retagsnamn p\u00e5 produkterna eller f\u00f6rpackningen?<\/strong><br \/>Visst, din logotyp kan s\u00e4ttas p\u00e5 dina produkter genom varmst\u00e4mpling, tryckning, pr\u00e4gling, silkesprintning eller klisterm\u00e4rke.<\/p><p><strong>Kan du g\u00f6ra den anpassade tj\u00e4nsten? Och vilken information b\u00f6r vi erbjuda f\u00f6r att g\u00f6ra det?<\/strong><br \/>F\u00f6r att l\u00e4gga till logotypen har vi laserskanning, silkescreen, tryck och olika hantverk f\u00f6r att l\u00e4gga till logotypen p\u00e5 produkten F\u00f6r att g\u00f6ra en anpassad form \u00e4r det ocks\u00e5 m\u00f6jligt f\u00f6r oss Du kan dela PDF-filen med v\u00e5ra s\u00e4ljare f\u00f6r att diskutera det.<\/p><\/div>\n\t\t\t\t\t\t\t\t\t<div class=\"elementor-tab-title elementor-tab-mobile-title\" aria-selected=\"false\" data-tab=\"5\" role=\"tab\" tabindex=\"-1\" aria-controls=\"elementor-tab-content-1245\" aria-expanded=\"false\">Om provtagningstid<\/div>\n\t\t\t\t\t<div id=\"elementor-tab-content-1245\" class=\"elementor-tab-content elementor-clearfix\" data-tab=\"5\" role=\"tabpanel\" aria-labelledby=\"elementor-tab-title-1245\" tabindex=\"0\" hidden=\"hidden\"><p><strong>Hur l\u00e5ng \u00e4r leveranstiden f\u00f6r provet?<\/strong><br \/>Prover fr\u00e5n lager kan skickas inom 1-3 dagar. Nyproducerade prover skickas inom 5-15 dagar.<\/p><p><strong>Kan jag f\u00e5 ett prov, hur l\u00e5ng tid tar det?<\/strong><br \/>Ja, om det prov du beh\u00f6ver finns i lager beh\u00f6ver du bara 1-3 dagar och 4-6 arbetsdagar f\u00f6r leverans. Om du beh\u00f6ver \u00f6ppna ett nytt objekt eller n\u00e5got annat anpassat, tar det 7-15 dagar.<\/p><p><strong>Vad \u00e4r ledtiden f\u00f6r anpassade prov och provavgift?<\/strong><br \/>Ledtid f\u00f6r skr\u00e4ddarsytt prov: 15 dagar; Provavgift: best\u00e4ms.<\/p><\/div>\n\t\t\t\t\t\t\t\t\t<div class=\"elementor-tab-title elementor-tab-mobile-title\" aria-selected=\"false\" data-tab=\"6\" role=\"tab\" tabindex=\"-1\" aria-controls=\"elementor-tab-content-1246\" aria-expanded=\"false\">Produktionstid<\/div>\n\t\t\t\t\t<div id=\"elementor-tab-content-1246\" class=\"elementor-tab-content elementor-clearfix\" data-tab=\"6\" role=\"tabpanel\" aria-labelledby=\"elementor-tab-title-1246\" tabindex=\"0\" hidden=\"hidden\"><p><strong>Vad \u00e4r din ledtid f\u00f6r produktion?<\/strong><br \/>Sm\u00e5 best\u00e4llningstider f\u00f6r lagerh\u00e5llna produkter \u00e4r cirka 10 dagar, massproduktionstiden \u00e4r 45-60 dagar beroende p\u00e5 best\u00e4llningskvantiteten.Men om det \u00e4r en br\u00e5dskande best\u00e4llning kommer vi att g\u00f6ra v\u00e5rt b\u00e4sta f\u00f6r att f\u00f6rkorta tiden.<\/p><\/div>\n\t\t\t\t\t\t\t\t\t<div class=\"elementor-tab-title elementor-tab-mobile-title\" aria-selected=\"false\" data-tab=\"7\" role=\"tab\" tabindex=\"-1\" aria-controls=\"elementor-tab-content-1247\" aria-expanded=\"false\">MOQ<\/div>\n\t\t\t\t\t<div id=\"elementor-tab-content-1247\" class=\"elementor-tab-content elementor-clearfix\" data-tab=\"7\" role=\"tabpanel\" aria-labelledby=\"elementor-tab-title-1247\" tabindex=\"0\" hidden=\"hidden\"><p><strong>Finns det n\u00e5gon MOQ f\u00f6r det jag k\u00f6per?<\/strong><br \/>Ja, vi har MOQ f\u00f6r massproduktion. Olika artiklar med olika f\u00f6rpackningar har olika MOQ. Kontakta oss f\u00f6r mer information.<\/p><p><strong>Vad \u00e4r MOQ?<\/strong><br \/>Sm\u00e5 best\u00e4llningar \u00e4r acceptabla. MOQ \u00e4r l\u00e5g om du best\u00e4ller v\u00e5ra lagerprodukter. Kontakta oss f\u00f6r mer information.<\/p><p><strong>Kan jag l\u00e4gga till olika produkter f\u00f6r att n\u00e5 MOQ?<\/strong><br \/>Vanligtvis \u00e4r MOQ 12000 st, en enda typ, men det varierar fr\u00e5n typ till typ. Och om de modeller du v\u00e4ljer finns i lager \u00e4r MOQ flexibelt.<\/p><\/div>\n\t\t\t\t\t\t\t\t\t<div class=\"elementor-tab-title elementor-tab-mobile-title\" aria-selected=\"false\" data-tab=\"8\" role=\"tab\" tabindex=\"-1\" aria-controls=\"elementor-tab-content-1248\" aria-expanded=\"false\">OEM\/ODM<\/div>\n\t\t\t\t\t<div id=\"elementor-tab-content-1248\" class=\"elementor-tab-content elementor-clearfix\" data-tab=\"8\" role=\"tabpanel\" aria-labelledby=\"elementor-tab-title-1248\" tabindex=\"0\" hidden=\"hidden\"><p><strong>Kan du erbjuda skr\u00e4ddarsydd service?<\/strong><br \/>Ja, vi kan erbjuda skr\u00e4ddarsydd service, OEM och ODM \u00e4r tillg\u00e4ngliga!<\/p><p><strong>Min design \u00e4r unik p\u00e5 marknaden, hur kan jag g\u00f6ra min OEM-order?<\/strong><br \/>Om OEM-produkterna \u00e4r avsedda f\u00f6r en produktstil, kommer detta att vara relaterat till vissa kostnader f\u00f6r gjutning. V\u00e4nligen kontakta oss f\u00f6r detaljer.<\/p><p><strong>Kan jag best\u00e4lla produkterna med mitt eget varum\u00e4rke?<\/strong><br \/>Ja, vi kan lasera ut kundens logotyp p\u00e5 produkten med kundens tillst\u00e5nd och godk\u00e4nnande.<\/p><p><strong>Kan du hj\u00e4lpa oss att utveckla v\u00e5r egen produkt?<\/strong><br \/>Ja, OEM\/ODM \u00e4r alla tillg\u00e4ngliga. Vi har professionella team som g\u00f6r detta, kontakta oss f\u00f6r att diskutera mer detaljer om du beh\u00f6ver det.<\/p><p><strong>Accepterar du OEM- och ODM-order?<\/strong><br \/>Ja, vi \u00e4r en utm\u00e4rkt OEM&amp;ODM-produktutvecklare, OEM, ODM accepteras, accepterar anpassat material, form, f\u00e4rger, logotyp, f\u00f6rpackning. Om du har n\u00e5gra id\u00e9er om produkter, \u00e4r du v\u00e4lkommen att kontakta oss!<\/p><\/div>\n\t\t\t\t\t\t\t\t\t<div class=\"elementor-tab-title elementor-tab-mobile-title\" aria-selected=\"false\" data-tab=\"9\" role=\"tab\" tabindex=\"-1\" aria-controls=\"elementor-tab-content-1249\" aria-expanded=\"false\">Leveranstid<\/div>\n\t\t\t\t\t<div id=\"elementor-tab-content-1249\" class=\"elementor-tab-content elementor-clearfix\" data-tab=\"9\" role=\"tabpanel\" aria-labelledby=\"elementor-tab-title-1249\" tabindex=\"0\" hidden=\"hidden\"><p><strong>Hur l\u00e5ng \u00e4r din leveranstid?<\/strong><br \/>I allm\u00e4nhet \u00e4r det 7-10 dagar om varorna finns i lager eller 45-60 dagar om varorna inte finns i lager, det beror p\u00e5 produkternas kvantitet och kvalitetsniv\u00e5!<\/p><p><strong>Vad \u00e4r din ledtid f\u00f6r produktion?<\/strong><br \/>Vanligtvis 15 arbetsdagar f\u00f6r prover och 45-60 dagar f\u00f6r massproduktion n\u00e4r vi har mottagit en depositionsbetalning och bekr\u00e4ftat alla konstverk.<\/p><\/div>\n\t\t\t\t\t\t\t\t\t<div class=\"elementor-tab-title elementor-tab-mobile-title\" aria-selected=\"false\" data-tab=\"10\" role=\"tab\" tabindex=\"-1\" aria-controls=\"elementor-tab-content-12410\" aria-expanded=\"false\">Hamn<\/div>\n\t\t\t\t\t<div id=\"elementor-tab-content-12410\" class=\"elementor-tab-content elementor-clearfix\" data-tab=\"10\" role=\"tabpanel\" aria-labelledby=\"elementor-tab-title-12410\" tabindex=\"0\" hidden=\"hidden\"><p><strong>Vad \u00e4r FOB-hamnen f\u00f6r att leverera?<\/strong><br \/>Vi skickar vanligtvis varorna fr\u00e5n SHENZHEN\/GUANGZHOU-hamnen.<\/p><p><strong>Var skickar ni fr\u00e5n? Vart skickar ni till? Kan ni g\u00f6ra drop ship?<\/strong><br \/>Alla produkter skickas fr\u00e5n kinesiska Guangdong, oftast fr\u00e5n GuangZhou- eller ShenZhen-hamnarna.Om du beh\u00f6ver skicka fr\u00e5n andra st\u00e4der eller hamnar, v\u00e4nligen kontakta oss f\u00f6r ytterligare bekr\u00e4ftelse. Och vi kan skicka till hela v\u00e4rlden.<\/p><\/div>\n\t\t\t\t\t\t\t\t\t<div class=\"elementor-tab-title elementor-tab-mobile-title\" aria-selected=\"false\" data-tab=\"11\" role=\"tab\" tabindex=\"-1\" aria-controls=\"elementor-tab-content-12411\" aria-expanded=\"false\">F\u00f6rpackning<\/div>\n\t\t\t\t\t<div id=\"elementor-tab-content-12411\" class=\"elementor-tab-content elementor-clearfix\" data-tab=\"11\" role=\"tabpanel\" aria-labelledby=\"elementor-tab-title-12411\" tabindex=\"0\" hidden=\"hidden\"><p><strong>Kan du g\u00f6ra anpassade f\u00f6rpackningar?<\/strong><br \/>Visst. F\u00f6r sm\u00e5 best\u00e4llningar har vi presentf\u00f6rpackningar som du kan v\u00e4lja. Om du inte gillar v\u00e5ra f\u00f6rpackningar eller har egna id\u00e9er \u00e4r du v\u00e4lkommen att skr\u00e4ddarsy dem.<\/p><\/div>\n\t\t\t\t\t\t\t\t\t<div class=\"elementor-tab-title elementor-tab-mobile-title\" aria-selected=\"false\" data-tab=\"12\" role=\"tab\" tabindex=\"-1\" aria-controls=\"elementor-tab-content-12412\" aria-expanded=\"false\">Betalningsmetod<\/div>\n\t\t\t\t\t<div id=\"elementor-tab-content-12412\" class=\"elementor-tab-content elementor-clearfix\" data-tab=\"12\" role=\"tabpanel\" aria-labelledby=\"elementor-tab-title-12412\" tabindex=\"0\" hidden=\"hidden\"><p><strong>Vad \u00e4r din betalningstid?<\/strong><br \/>Normalt \u00e4r v\u00e5r betalningsvillkor T\/T. Betala 30% deposition i f\u00f6rv\u00e4g, betala saldot f\u00f6re leverans. Andra betalningsvillkor kan diskuteras.<\/p><p><strong>Vilka betalningsvillkor kan du acceptera?<\/strong><br \/>Vi accepterar L\/C vid syn, T\/T. Du kan kontakta v\u00e5r f\u00f6rs\u00e4ljning f\u00f6r att bekr\u00e4fta detaljerna.<\/p><p><strong>Vilka \u00e4r dina betalningsvillkor?<\/strong><br \/>I allm\u00e4nhet citerar vi EXW- eller FOB-pris, betalning 30% deposition med T\/T f\u00f6re produktion, 70% balans betalas inom 7 dagar f\u00f6re lastning.<\/p><\/div>\n\t\t\t\t\t\t\t<\/div>\n\t\t<\/div>\n\t\t\t\t<\/div>\n\t\t\t\t<\/div>\n\t\t\t\t\t<\/div>\n\t\t\t\t<\/div>\n\t\t\t\t<\/div>","protected":false},"excerpt":{"rendered":"<p>Home IDEAL stainless steel cutlery manufacturer The target market of our brand has been continuously developed over the years.Our team is well prepared to solve your challenges.Please contact us for more details. Regular FAQ About products About samples About Logo About sample time Production time MOQ OEM\/ODM Delivery time Port Packaging Payment Method Regular FAQ [&hellip;]<\/p>","protected":false},"author":7,"featured_media":0,"parent":0,"menu_order":0,"comment_status":"closed","ping_status":"closed","template":"","meta":{"_seopress_robots_primary_cat":"","footnotes":""},"_links":{"self":[{"href":"https:\/\/www.ideal-flatware.com\/sv\/wp-json\/wp\/v2\/pages\/48"}],"collection":[{"href":"https:\/\/www.ideal-flatware.com\/sv\/wp-json\/wp\/v2\/pages"}],"about":[{"href":"https:\/\/www.ideal-flatware.com\/sv\/wp-json\/wp\/v2\/types\/page"}],"author":[{"embeddable":true,"href":"https:\/\/www.ideal-flatware.com\/sv\/wp-json\/wp\/v2\/users\/7"}],"replies":[{"embeddable":true,"href":"https:\/\/www.ideal-flatware.com\/sv\/wp-json\/wp\/v2\/comments?post=48"}],"version-history":[{"count":139,"href":"https:\/\/www.ideal-flatware.com\/sv\/wp-json\/wp\/v2\/pages\/48\/revisions"}],"predecessor-version":[{"id":3384,"href":"https:\/\/www.ideal-flatware.com\/sv\/wp-json\/wp\/v2\/pages\/48\/revisions\/3384"}],"wp:attachment":[{"href":"https:\/\/www.ideal-flatware.com\/sv\/wp-json\/wp\/v2\/media?parent=48"}],"curies":[{"name":"wp","href":"https:\/\/api.w.org\/{rel}","templated":true}]}}