{"id":1339,"date":"2022-12-17T08:04:03","date_gmt":"2022-12-17T08:04:03","guid":{"rendered":"https:\/\/test.ideal-flatware.com\/?post_type=product&#038;p=1339"},"modified":"2025-12-09T09:41:19","modified_gmt":"2025-12-09T09:41:19","slug":"s059-simple-design-wholesale-cutlery-factory-restaurant-tableware-stainless-steel-cutlery-set","status":"publish","type":"product","link":"https:\/\/www.ideal-flatware.com\/sv\/produkt\/s059-simple-design-grosshandel-cutlery-factory-restaurang-bordbestick-set-i-rostfritt-stal\/","title":{"rendered":"S059 Enkel design grossistbestick fabrik restaurangbestick rostfritt st\u00e5l bestick set"},"content":{"rendered":"<p><img fetchpriority=\"high\" decoding=\"async\" class=\"aligncenter wp-image-1340 size-full\" src=\"https:\/\/test.ideal-flatware.com\/wp-content\/uploads\/2022\/12\/S059-1.jpg\" alt=\"\" width=\"700\" height=\"700\" srcset=\"https:\/\/www.ideal-flatware.com\/wp-content\/uploads\/2022\/12\/S059-1.jpg 700w, https:\/\/www.ideal-flatware.com\/wp-content\/uploads\/2022\/12\/S059-1-600x600.jpg 600w, https:\/\/www.ideal-flatware.com\/wp-content\/uploads\/2022\/12\/S059-1-100x100.jpg 100w, https:\/\/www.ideal-flatware.com\/wp-content\/uploads\/2022\/12\/S059-1-300x300.jpg 300w, https:\/\/www.ideal-flatware.com\/wp-content\/uploads\/2022\/12\/S059-1-150x150.jpg 150w\" sizes=\"(max-width: 700px) 100vw, 700px\" \/><br \/>\n<strong>\u301010 Piece Flatware Set Service\u3011<\/strong>Framh\u00e4v varje l\u00e4cker m\u00e5ltid med bestick som passar alla vid middagsbordet.<br \/>\n<strong>\u3010Simplicity Cutlery Design\u3011<\/strong>Mycket spegelpolerad g\u00f6r att dessa bestickssatser alltid h\u00e5ller sig gl\u00e4nsande, matchar v\u00e4l med din befintliga servis, sl\u00e4t yta bekv\u00e4m att tv\u00e4tta f\u00f6r hand och diskmaskin s\u00e4ker, korrekt tjocklek och fin storlek s\u00e4kerst\u00e4ller bra handk\u00e4nsla, f\u00f6rh\u00f6j dina vardagliga m\u00e5ltider till en fin matupplevelse.<br \/>\n<strong>\u3010H\u00f6gkvalitativt material och h\u00e5llbart\u3011<\/strong>Tillverkad av premium extra tjockt rostfritt st\u00e5l utan skadliga \u00e4mnen, ingen blekning eller flisning, s\u00e4kerst\u00e4ller rostbest\u00e4ndighet och robust nog f\u00f6r grundl\u00e4ggande daglig anv\u00e4ndning i m\u00e5nga \u00e5r, inte b\u00f6ja, bryta eller skadas av v\u00e4rme. Under din r\u00e4tta v\u00e5rd ser dessa redskapssatser alltid lika bra ut som nya.<br \/>\n<strong>\u3010Perfekt f\u00f6r anv\u00e4ndning\u3011<\/strong>V\u00e5ra bestick \u00e4r idealiska f\u00f6r familjens dagliga anv\u00e4ndning, sammankomster, familjemiddagar, br\u00f6llop och andra formella tillf\u00e4llen. Det g\u00e4ller \u00e4ven f\u00f6r camping, hotell, restaurang, bistro osv. eller n\u00e4r du beh\u00f6ver extra knivar, gafflar och skedar.<br \/>\n<strong>\u3010V\u00e5rdv\u00e4gledning\u3011<\/strong>Det h\u00e4r besticksetet t\u00e5l diskmaskin. V\u00e4nligen reng\u00f6r besticket kort tid efter anv\u00e4ndning, inom tv\u00e5 timmar \u00e4r det b\u00e4ttre att reng\u00f6ra det...<\/p>\n<p>&nbsp;<\/p>\n<h3 style=\"color: #90bf46;\">\u25b8 PRODUKTPARAMETRAR<\/h3>\n<table style=\"height: 121px; width: 100%; border-collapse: collapse; border-style: solid; border-color: #dddddd;\" border=\"1\">\n<tbody>\n<tr style=\"height: 24px;\">\n<td style=\"width: 20%; height: 24px; border: 1px solid #dddddd; background-color: #f2f2f2;\">Artikel nr:<\/td>\n<td style=\"width: 20%; height: 24px; border: 1px solid #dddddd; background-color: #f2f2f2;\">Namn<\/td>\n<td style=\"width: 20%; height: 24px; border: 1px solid #dddddd; background-color: #f2f2f2;\">L\u00e4ngd (mm)<\/td>\n<td style=\"width: 20%; height: 24px; border: 1px solid #dddddd; background-color: #f2f2f2;\">Bredd (mm)<\/td>\n<td style=\"width: 20%; height: 24px; border: 1px solid #dddddd; background-color: #f2f2f2;\">Vikt (g)<\/td>\n<\/tr>\n<tr style=\"height: 24px;\">\n<td style=\"width: 20%; height: 97px; border: 1px solid #dddddd; vertical-align: middle;\" rowspan=\"4\">S059<\/td>\n<td style=\"width: 20%; height: 24px; border: 1px solid #dddddd;\">Kniv f\u00f6r bord<\/td>\n<td style=\"width: 20%; height: 24px; border: 1px solid #dddddd;\">208<\/td>\n<td style=\"width: 20%; height: 24px; border: 1px solid #dddddd;\">18<\/td>\n<td style=\"width: 20%; height: 24px; border: 1px solid #dddddd;\">40<\/td>\n<\/tr>\n<tr style=\"height: 24px;\">\n<td style=\"width: 20%; height: 25px; border: 1px solid #dddddd;\">Tabell gaffel<\/td>\n<td style=\"width: 20%; height: 25px; border: 1px solid #dddddd;\">188<\/td>\n<td style=\"width: 20%; height: 25px; border: 1px solid #dddddd;\">24<\/td>\n<td style=\"width: 20%; height: 25px; border: 1px solid #dddddd;\">27<\/td>\n<\/tr>\n<tr style=\"height: 24px;\">\n<td style=\"width: 20%; height: 24px; border: 1px solid #dddddd;\">Bordssked<\/td>\n<td style=\"width: 20%; height: 24px; border: 1px solid #dddddd;\">189<\/td>\n<td style=\"width: 20%; height: 24px; border: 1px solid #dddddd;\">42<\/td>\n<td style=\"width: 20%; height: 24px; border: 1px solid #dddddd;\">33<\/td>\n<\/tr>\n<tr style=\"height: 24px;\">\n<td style=\"width: 20%; height: 24px; border: 1px solid #dddddd;\">Tesked<\/td>\n<td style=\"width: 20%; height: 24px; border: 1px solid #dddddd;\">135<\/td>\n<td style=\"width: 20%; height: 24px; border: 1px solid #dddddd;\">28.5<\/td>\n<td style=\"width: 20%; height: 24px; border: 1px solid #dddddd;\">15<\/td>\n<\/tr>\n<\/tbody>\n<\/table>\n<h3 style=\"color: #90bf46;\">\u25b8 PRODUKTBESKRIVNING<\/h3>\n<div id='gallery-1' class='gallery galleryid-1339 gallery-columns-4 gallery-size-large'><figure class='gallery-item'>\n\t\t\t<div class='gallery-icon landscape'>\n\t\t\t\t<a href='https:\/\/www.ideal-flatware.com\/wp-content\/uploads\/2022\/12\/S05902.jpg'><img width=\"700\" height=\"525\" src=\"https:\/\/www.ideal-flatware.com\/wp-content\/uploads\/2022\/12\/S05902.jpg\" class=\"attachment-large size-large\" alt=\"Bestick i rostfritt st\u00e5l\" decoding=\"async\" srcset=\"https:\/\/www.ideal-flatware.com\/wp-content\/uploads\/2022\/12\/S05902.jpg 700w, https:\/\/www.ideal-flatware.com\/wp-content\/uploads\/2022\/12\/S05902-600x450.jpg 600w, https:\/\/www.ideal-flatware.com\/wp-content\/uploads\/2022\/12\/S05902-300x225.jpg 300w\" sizes=\"(max-width: 700px) 100vw, 700px\" \/><\/a>\n\t\t\t<\/div><\/figure><figure class='gallery-item'>\n\t\t\t<div class='gallery-icon landscape'>\n\t\t\t\t<a href='https:\/\/www.ideal-flatware.com\/wp-content\/uploads\/2022\/12\/S059-3.jpg'><img width=\"700\" height=\"700\" src=\"https:\/\/www.ideal-flatware.com\/wp-content\/uploads\/2022\/12\/S059-3.jpg\" class=\"attachment-large size-large\" alt=\"Bestick i rostfritt st\u00e5l\" decoding=\"async\" srcset=\"https:\/\/www.ideal-flatware.com\/wp-content\/uploads\/2022\/12\/S059-3.jpg 700w, https:\/\/www.ideal-flatware.com\/wp-content\/uploads\/2022\/12\/S059-3-600x600.jpg 600w, https:\/\/www.ideal-flatware.com\/wp-content\/uploads\/2022\/12\/S059-3-100x100.jpg 100w, https:\/\/www.ideal-flatware.com\/wp-content\/uploads\/2022\/12\/S059-3-300x300.jpg 300w, https:\/\/www.ideal-flatware.com\/wp-content\/uploads\/2022\/12\/S059-3-150x150.jpg 150w\" sizes=\"(max-width: 700px) 100vw, 700px\" \/><\/a>\n\t\t\t<\/div><\/figure><figure class='gallery-item'>\n\t\t\t<div class='gallery-icon landscape'>\n\t\t\t\t<a href='https:\/\/www.ideal-flatware.com\/wp-content\/uploads\/2022\/12\/S059-5.jpg'><img width=\"700\" height=\"700\" src=\"https:\/\/www.ideal-flatware.com\/wp-content\/uploads\/2022\/12\/S059-5.jpg\" class=\"attachment-large size-large\" alt=\"Bestick i rostfritt st\u00e5l\" decoding=\"async\" srcset=\"https:\/\/www.ideal-flatware.com\/wp-content\/uploads\/2022\/12\/S059-5.jpg 700w, https:\/\/www.ideal-flatware.com\/wp-content\/uploads\/2022\/12\/S059-5-600x600.jpg 600w, https:\/\/www.ideal-flatware.com\/wp-content\/uploads\/2022\/12\/S059-5-100x100.jpg 100w, https:\/\/www.ideal-flatware.com\/wp-content\/uploads\/2022\/12\/S059-5-300x300.jpg 300w, https:\/\/www.ideal-flatware.com\/wp-content\/uploads\/2022\/12\/S059-5-150x150.jpg 150w\" sizes=\"(max-width: 700px) 100vw, 700px\" \/><\/a>\n\t\t\t<\/div><\/figure><figure class='gallery-item'>\n\t\t\t<div class='gallery-icon landscape'>\n\t\t\t\t<a href='https:\/\/www.ideal-flatware.com\/wp-content\/uploads\/2022\/12\/S05903.jpg'><img width=\"700\" height=\"490\" src=\"https:\/\/www.ideal-flatware.com\/wp-content\/uploads\/2022\/12\/S05903.jpg\" class=\"attachment-large size-large\" alt=\"Bestick i rostfritt st\u00e5l\" decoding=\"async\" srcset=\"https:\/\/www.ideal-flatware.com\/wp-content\/uploads\/2022\/12\/S05903.jpg 700w, https:\/\/www.ideal-flatware.com\/wp-content\/uploads\/2022\/12\/S05903-600x420.jpg 600w, https:\/\/www.ideal-flatware.com\/wp-content\/uploads\/2022\/12\/S05903-300x210.jpg 300w\" sizes=\"(max-width: 700px) 100vw, 700px\" \/><\/a>\n\t\t\t<\/div><\/figure><figure class='gallery-item'>\n\t\t\t<div class='gallery-icon portrait'>\n\t\t\t\t<a href='https:\/\/www.ideal-flatware.com\/wp-content\/uploads\/2022\/12\/S05901.jpg'><img width=\"681\" height=\"1024\" src=\"https:\/\/www.ideal-flatware.com\/wp-content\/uploads\/2022\/12\/S05901-681x1024.jpg\" class=\"attachment-large size-large\" alt=\"Bestick i rostfritt st\u00e5l\" decoding=\"async\" srcset=\"https:\/\/www.ideal-flatware.com\/wp-content\/uploads\/2022\/12\/S05901-681x1024.jpg 681w, https:\/\/www.ideal-flatware.com\/wp-content\/uploads\/2022\/12\/S05901-600x903.jpg 600w, https:\/\/www.ideal-flatware.com\/wp-content\/uploads\/2022\/12\/S05901-199x300.jpg 199w, https:\/\/www.ideal-flatware.com\/wp-content\/uploads\/2022\/12\/S05901.jpg 700w\" sizes=\"(max-width: 681px) 100vw, 681px\" \/><\/a>\n\t\t\t<\/div><\/figure>\n\t\t<\/div>\n\n<p>&nbsp;<\/p>\n<h3 style=\"color: #90bf46;\">\u25b8 ANV\u00c4NDNING OCH SK\u00d6TSEL<\/h3>\n<p><strong>F\u00d6RSTA G\u00c5NGEN DU ANV\u00c4NDER DEN<\/strong><br \/>\n1. V\u00e4nligen handtv\u00e4tta din silverbestickssats noggrant med en mild tv\u00e5l eller ett tv\u00e4ttmedel f\u00f6r att tv\u00e4tta bort eventuella bearbetningsrester fr\u00e5n tillverkningen.<br \/>\n2.Sk\u00f6lj med friskt vatten och torka omedelbart med en mjuk trasa och f\u00f6rvara den p\u00e5 ett torrt st\u00e4lle.<br \/>\n<strong>VARDAGLIG ANV\u00c4NDNING<\/strong><br \/>\n1. Reng\u00f6r och torka silvret efter anv\u00e4ndning och f\u00f6rvara det p\u00e5 ett torrt st\u00e4lle f\u00f6r att det ska h\u00e5lla l\u00e4nge.<br \/>\n2. Anv\u00e4nd inte tr\u00e5dborstar eller h\u00e5rda svampar f\u00f6r att f\u00f6rhindra repor, s\u00e5 att silvret h\u00e5lls smidigt.<br \/>\n3. F\u00f6rs\u00f6k att undvika att diska i diskmaskinen. Handtv\u00e4tt och sedan torkning med en mjuk trasa skyddar dina silverbestick b\u00e4ttre.<br \/>\n4. Anv\u00e4nd ett milt reng\u00f6ringsmedel n\u00e4r du reng\u00f6r, l\u00e4mna inte silverbestick med rester av salt eller syra under l\u00e5ng tid eftersom det kan \u00f6ka risken f\u00f6r missf\u00e4rgning och korrosion.<br \/>\nV\u00e4nliga tips: Det h\u00e4r silverbesticksetet \u00e4r ett silverbestickset med medelh\u00f6g vikt, inte tungt silverbestick eller l\u00e4tt silverbestick.<\/p>","protected":false},"excerpt":{"rendered":"<p>\u301010 Piece Flatware Set Service\u3011Highlight every delicious meal with Cutlery that beautifully accommodates everyone at your dinner table. \u3010Simplicity Cutlery Design\u3011Highly mirror polished makes these flatware sets always keep shiny, matches well with your existing tableware, smooth surface convenient to hand wash and dishwasher safe, Proper thickness and nice size ensures great hand feel, elevate [&hellip;]<\/p>","protected":false},"featured_media":1340,"comment_status":"open","ping_status":"closed","template":"","meta":{"_seopress_robots_primary_cat":""},"product_cat":[20,19],"product_tag":[],"_links":{"self":[{"href":"https:\/\/www.ideal-flatware.com\/sv\/wp-json\/wp\/v2\/product\/1339"}],"collection":[{"href":"https:\/\/www.ideal-flatware.com\/sv\/wp-json\/wp\/v2\/product"}],"about":[{"href":"https:\/\/www.ideal-flatware.com\/sv\/wp-json\/wp\/v2\/types\/product"}],"replies":[{"embeddable":true,"href":"https:\/\/www.ideal-flatware.com\/sv\/wp-json\/wp\/v2\/comments?post=1339"}],"version-history":[{"count":2,"href":"https:\/\/www.ideal-flatware.com\/sv\/wp-json\/wp\/v2\/product\/1339\/revisions"}],"predecessor-version":[{"id":1350,"href":"https:\/\/www.ideal-flatware.com\/sv\/wp-json\/wp\/v2\/product\/1339\/revisions\/1350"}],"wp:featuredmedia":[{"embeddable":true,"href":"https:\/\/www.ideal-flatware.com\/sv\/wp-json\/wp\/v2\/media\/1340"}],"wp:attachment":[{"href":"https:\/\/www.ideal-flatware.com\/sv\/wp-json\/wp\/v2\/media?parent=1339"}],"wp:term":[{"taxonomy":"product_cat","embeddable":true,"href":"https:\/\/www.ideal-flatware.com\/sv\/wp-json\/wp\/v2\/product_cat?post=1339"},{"taxonomy":"product_tag","embeddable":true,"href":"https:\/\/www.ideal-flatware.com\/sv\/wp-json\/wp\/v2\/product_tag?post=1339"}],"curies":[{"name":"wp","href":"https:\/\/api.w.org\/{rel}","templated":true}]}}