{"id":1478,"date":"2022-12-17T02:58:40","date_gmt":"2022-12-17T02:58:40","guid":{"rendered":"https:\/\/test.ideal-flatware.com\/?post_type=product&#038;p=1478"},"modified":"2025-12-09T09:38:54","modified_gmt":"2025-12-09T09:38:54","slug":"s097-wholesale-cutlery-factory-restaurant-tableware-stainless-steel-cutlery-set","status":"publish","type":"product","link":"https:\/\/www.ideal-flatware.com\/sv\/produkt\/s097-grosshandel-cutlery-factory-restaurang-bordbestick-set-i-rostfritt-stal\/","title":{"rendered":"S097 grossist bestick fabrik restaurang servis rostfritt st\u00e5l bestick set"},"content":{"rendered":"<p><img fetchpriority=\"high\" decoding=\"async\" class=\"aligncenter wp-image-1479 size-full\" src=\"https:\/\/test.ideal-flatware.com\/wp-content\/uploads\/2022\/12\/Ideal-Flatware-S097.jpg\" alt=\"\" width=\"700\" height=\"700\" srcset=\"https:\/\/www.ideal-flatware.com\/wp-content\/uploads\/2022\/12\/Ideal-Flatware-S097.jpg 700w, https:\/\/www.ideal-flatware.com\/wp-content\/uploads\/2022\/12\/Ideal-Flatware-S097-600x600.jpg 600w, https:\/\/www.ideal-flatware.com\/wp-content\/uploads\/2022\/12\/Ideal-Flatware-S097-100x100.jpg 100w, https:\/\/www.ideal-flatware.com\/wp-content\/uploads\/2022\/12\/Ideal-Flatware-S097-300x300.jpg 300w, https:\/\/www.ideal-flatware.com\/wp-content\/uploads\/2022\/12\/Ideal-Flatware-S097-150x150.jpg 150w\" sizes=\"(max-width: 700px) 100vw, 700px\" \/><\/p>\n<p><strong>\u3010Silverware Set\u3011<\/strong> V\u00e5rt silverbestick med fyrkantigt handtag inneh\u00e5ller middagsknivar, middagsgafflar, middagsskedar och teskedar, vilket kan tillfredsst\u00e4lla de flesta familjer med fyra personer och tillgodose alla dina dagliga behov.<br \/>\n<strong>\u3010Ergonomisk design\u3011<\/strong> Ergonomiska fyrkantiga handtag och det unika hantverket p\u00e5 besticken \u00e4r v\u00e4l utformade, vilket g\u00f6r att det unika besticket sticker ut p\u00e5 ditt bord och f\u00f6rh\u00f6jer de dagliga m\u00e5ltiderna till en lyxig matupplevelse. Specialkurvdesignen p\u00e5 middagsknivarna g\u00f6r att de sk\u00e4r alla typer av mat l\u00e4ttare.<br \/>\n<strong>\u3010H\u00f6g kvalitet och h\u00e4lsosamt material\u3011<\/strong> Tillverkad av h\u00f6gkvalitativt rostfritt st\u00e5l av livsmedelskvalitet, Ideal bestick \u00e4r giftfritt och korrosionsbest\u00e4ndigt, vilket \u00e4r h\u00e5llbart och h\u00e4lsosamt f\u00f6r daglig anv\u00e4ndning. Besatt sl\u00e4t kant utan grova fl\u00e4ckar och ergonomiskt handtag, den fina silverbestickssatsen ger tillr\u00e4ckligt grepp f\u00f6r att h\u00e5lla.<br \/>\n<strong>\u3010S\u00e4ker i diskmaskin och l\u00e4tt att reng\u00f6ra\u3011<\/strong> Silverbesticken i rostfritt st\u00e5l t\u00e5l diskmaskin och \u00e4r \u00e4ven l\u00e4tta att tv\u00e4tta f\u00f6r hand.Om du sk\u00f6ter dem p\u00e5 r\u00e4tt s\u00e4tt kommer de att h\u00e5lla i m\u00e5nga \u00e5r och alltid se lika bra ut som nya.<br \/>\n<strong>\u3010M\u00e5ngsidig besticksupps\u00e4ttning\u3011<\/strong> Snyggt silverbestick i rostfritt st\u00e5l, perfekt f\u00f6r daglig anv\u00e4ndning i hemmet, restaurang, fest och underh\u00e5llning. Perfekt g\u00e5va f\u00f6r jul, Thanksgiving, housewarming och mycket mer.<\/p>\n<p>&nbsp;<\/p>\n<h3 style=\"color: #90bf46;\">\u25b8 PRODUKTPARAMETRAR<\/h3>\n<table style=\"height: 313px; width: 100%; border-collapse: collapse; border-style: solid; border-color: #dddddd;\" border=\"1\">\n<tbody>\n<tr style=\"height: 24px;\">\n<td style=\"width: 20%; height: 24px; border: 1px solid #dddddd; background-color: #f2f2f2;\">Artikel nr:<\/td>\n<td style=\"width: 16.2182%; height: 24px; border: 1px solid #dddddd; background-color: #f2f2f2;\">Namn<\/td>\n<td style=\"width: 16.4363%; height: 24px; border: 1px solid #dddddd; background-color: #f2f2f2;\">Tjocklek (mm)<\/td>\n<td style=\"width: 16.4363%; height: 24px; border: 1px solid #dddddd; background-color: #f2f2f2;\">L\u00e4ngd (mm)<\/td>\n<td style=\"width: 15.2365%; height: 24px; border: 1px solid #dddddd; background-color: #f2f2f2;\">Bredd (mm)<\/td>\n<td style=\"width: 15.6727%; border: 1px solid #dddddd; background-color: #f2f2f2; height: 24px;\">Vikt (g)<\/td>\n<\/tr>\n<tr style=\"height: 24px;\">\n<td style=\"width: 20%; height: 289px; border: 1px solid #dddddd; vertical-align: middle;\" rowspan=\"12\">S097<\/td>\n<td style=\"width: 16.2182%; height: 24px; border: 1px solid #dddddd;\">Matsked<\/td>\n<td style=\"width: 16.4363%; height: 24px; border: 1px solid #dddddd;\">2.0<\/td>\n<td style=\"width: 16.4363%; height: 24px; border: 1px solid #dddddd;\">192<\/td>\n<td style=\"width: 15.2365%; height: 24px; border: 1px solid #dddddd;\">47<\/td>\n<td style=\"width: 15.6727%; border: 1px solid #dddddd; height: 24px;\">42<\/td>\n<\/tr>\n<tr style=\"height: 24px;\">\n<td style=\"width: 16.2182%; height: 25px; border: 1px solid #dddddd;\">Middagsgaffel<\/td>\n<td style=\"width: 16.4363%; height: 25px; border: 1px solid #dddddd;\">2.0<\/td>\n<td style=\"width: 16.4363%; height: 25px; border: 1px solid #dddddd;\">198<\/td>\n<td style=\"width: 15.2365%; height: 25px; border: 1px solid #dddddd;\">26<\/td>\n<td style=\"width: 15.6727%; border: 1px solid #dddddd; height: 25px;\">34<\/td>\n<\/tr>\n<tr style=\"height: 24px;\">\n<td style=\"width: 16.2182%; height: 24px; border: 1px solid #dddddd;\">Tesked<\/td>\n<td style=\"width: 16.4363%; height: 24px; border: 1px solid #dddddd;\">1.8<\/td>\n<td style=\"width: 16.4363%; height: 24px; border: 1px solid #dddddd;\">137<\/td>\n<td style=\"width: 15.2365%; height: 24px; border: 1px solid #dddddd;\">32<\/td>\n<td style=\"width: 15.6727%; border: 1px solid #dddddd; height: 24px;\">21<\/td>\n<\/tr>\n<tr>\n<td style=\"width: 16.2182%; border: 1px solid #dddddd;\">T\u00e5rtgaffel<\/td>\n<td style=\"width: 16.4363%; border: 1px solid #dddddd;\">2.0<\/td>\n<td style=\"width: 16.4363%; border: 1px solid #dddddd;\">140<\/td>\n<td style=\"width: 15.2365%; border: 1px solid #dddddd;\">20<\/td>\n<td style=\"width: 15.6727%; border: 1px solid #dddddd;\">18<\/td>\n<\/tr>\n<tr style=\"height: 24px;\">\n<td style=\"width: 16.2182%; height: 24px; border: 1px solid #dddddd;\">Kniv f\u00f6r middagsmat<\/td>\n<td style=\"width: 16.4363%; height: 24px; border: 1px solid #dddddd;\">5.0<\/td>\n<td style=\"width: 16.4363%; height: 24px; border: 1px solid #dddddd;\">215<\/td>\n<td style=\"width: 15.2365%; height: 24px; border: 1px solid #dddddd;\">15<\/td>\n<td style=\"width: 15.6727%; border: 1px solid #dddddd; height: 24px;\">60<\/td>\n<\/tr>\n<tr style=\"height: 24px;\">\n<td style=\"width: 16.2182%; border: 1px solid #dddddd; height: 24px;\">Kaffesked<\/td>\n<td style=\"width: 16.4363%; border: 1px solid #dddddd; height: 24px;\">1.8<\/td>\n<td style=\"width: 16.4363%; border: 1px solid #dddddd; height: 24px;\">120<\/td>\n<td style=\"width: 15.2365%; border: 1px solid #dddddd; height: 24px;\">28<\/td>\n<td style=\"width: 15.6727%; border: 1px solid #dddddd; height: 24px;\">16<\/td>\n<\/tr>\n<tr style=\"height: 24px;\">\n<td style=\"width: 16.2182%; border: 1px solid #dddddd; height: 24px;\">Dessertsked<\/td>\n<td style=\"width: 16.4363%; border: 1px solid #dddddd; height: 24px;\">2.0<\/td>\n<td style=\"width: 16.4363%; border: 1px solid #dddddd; height: 24px;\">166<\/td>\n<td style=\"width: 15.2365%; border: 1px solid #dddddd; height: 24px;\">39<\/td>\n<td style=\"width: 15.6727%; border: 1px solid #dddddd; height: 24px;\">30<\/td>\n<\/tr>\n<tr style=\"height: 24px;\">\n<td style=\"width: 16.2182%; border: 1px solid #dddddd; height: 24px;\">Dessertgaffel<\/td>\n<td style=\"width: 16.4363%; border: 1px solid #dddddd; height: 24px;\">2.0<\/td>\n<td style=\"width: 16.4363%; border: 1px solid #dddddd; height: 24px;\">167<\/td>\n<td style=\"width: 15.2365%; border: 1px solid #dddddd; height: 24px;\">22<\/td>\n<td style=\"width: 15.6727%; border: 1px solid #dddddd; height: 24px;\">26<\/td>\n<\/tr>\n<tr style=\"height: 24px;\">\n<td style=\"width: 16.2182%; border: 1px solid #dddddd; height: 24px;\">Dessertkniv<\/td>\n<td style=\"width: 16.4363%; border: 1px solid #dddddd; height: 24px;\">4.0<\/td>\n<td style=\"width: 16.4363%; border: 1px solid #dddddd; height: 24px;\">185<\/td>\n<td style=\"width: 15.2365%; border: 1px solid #dddddd; height: 24px;\">13<\/td>\n<td style=\"width: 15.6727%; border: 1px solid #dddddd; height: 24px;\">38<\/td>\n<\/tr>\n<tr style=\"height: 24px;\">\n<td style=\"width: 16.2182%; border: 1px solid #dddddd; height: 24px;\">Sm\u00f6rkniv<\/td>\n<td style=\"width: 16.4363%; border: 1px solid #dddddd; height: 24px;\">2.0<\/td>\n<td style=\"width: 16.4363%; border: 1px solid #dddddd; height: 24px;\">151<\/td>\n<td style=\"width: 15.2365%; border: 1px solid #dddddd; height: 24px;\">17<\/td>\n<td style=\"width: 15.6727%; border: 1px solid #dddddd; height: 24px;\">21<\/td>\n<\/tr>\n<tr style=\"height: 24px;\">\n<td style=\"width: 16.2182%; border: 1px solid #dddddd; height: 24px;\">Stekkniv<\/td>\n<td style=\"width: 16.4363%; border: 1px solid #dddddd; height: 24px;\">4.0<\/td>\n<td style=\"width: 16.4363%; border: 1px solid #dddddd; height: 24px;\">213<\/td>\n<td style=\"width: 15.2365%; border: 1px solid #dddddd; height: 24px;\">15<\/td>\n<td style=\"width: 15.6727%; border: 1px solid #dddddd; height: 24px;\">46<\/td>\n<\/tr>\n<tr style=\"height: 24px;\">\n<td style=\"width: 16.2182%; border: 1px solid #dddddd; height: 24px;\">Issked<\/td>\n<td style=\"width: 16.4363%; border: 1px solid #dddddd; height: 24px;\">2.0<\/td>\n<td style=\"width: 16.4363%; border: 1px solid #dddddd; height: 24px;\">206<\/td>\n<td style=\"width: 15.2365%; border: 1px solid #dddddd; height: 24px;\">30<\/td>\n<td style=\"width: 15.6727%; border: 1px solid #dddddd; height: 24px;\">30<\/td>\n<\/tr>\n<\/tbody>\n<\/table>\n<h3 style=\"color: #90bf46;\">\u25b8 PRODUKTBESKRIVNING<\/h3>\n<div id='gallery-1' class='gallery galleryid-1478 gallery-columns-4 gallery-size-large'><figure class='gallery-item'>\n\t\t\t<div class='gallery-icon landscape'>\n\t\t\t\t<a href='https:\/\/www.ideal-flatware.com\/wp-content\/uploads\/2022\/12\/Ideal-Flatware-S09703.jpg'><img width=\"700\" height=\"467\" src=\"https:\/\/www.ideal-flatware.com\/wp-content\/uploads\/2022\/12\/Ideal-Flatware-S09703.jpg\" class=\"attachment-large size-large\" alt=\"Kniv i rostfritt st\u00e5l\" decoding=\"async\" srcset=\"https:\/\/www.ideal-flatware.com\/wp-content\/uploads\/2022\/12\/Ideal-Flatware-S09703.jpg 700w, https:\/\/www.ideal-flatware.com\/wp-content\/uploads\/2022\/12\/Ideal-Flatware-S09703-600x400.jpg 600w, https:\/\/www.ideal-flatware.com\/wp-content\/uploads\/2022\/12\/Ideal-Flatware-S09703-300x200.jpg 300w\" sizes=\"(max-width: 700px) 100vw, 700px\" \/><\/a>\n\t\t\t<\/div><\/figure><figure class='gallery-item'>\n\t\t\t<div class='gallery-icon landscape'>\n\t\t\t\t<a href='https:\/\/www.ideal-flatware.com\/wp-content\/uploads\/2022\/12\/Ideal-Flatware-S09702.jpg'><img width=\"700\" height=\"467\" src=\"https:\/\/www.ideal-flatware.com\/wp-content\/uploads\/2022\/12\/Ideal-Flatware-S09702.jpg\" class=\"attachment-large size-large\" alt=\"Kniv i rostfritt st\u00e5l\" decoding=\"async\" srcset=\"https:\/\/www.ideal-flatware.com\/wp-content\/uploads\/2022\/12\/Ideal-Flatware-S09702.jpg 700w, https:\/\/www.ideal-flatware.com\/wp-content\/uploads\/2022\/12\/Ideal-Flatware-S09702-600x400.jpg 600w, https:\/\/www.ideal-flatware.com\/wp-content\/uploads\/2022\/12\/Ideal-Flatware-S09702-300x200.jpg 300w\" sizes=\"(max-width: 700px) 100vw, 700px\" \/><\/a>\n\t\t\t<\/div><\/figure><figure class='gallery-item'>\n\t\t\t<div class='gallery-icon landscape'>\n\t\t\t\t<a href='https:\/\/www.ideal-flatware.com\/wp-content\/uploads\/2022\/12\/Ideal-Flatware-S09701.jpg'><img width=\"700\" height=\"467\" src=\"https:\/\/www.ideal-flatware.com\/wp-content\/uploads\/2022\/12\/Ideal-Flatware-S09701.jpg\" class=\"attachment-large size-large\" alt=\"Kniv i rostfritt st\u00e5l\" decoding=\"async\" srcset=\"https:\/\/www.ideal-flatware.com\/wp-content\/uploads\/2022\/12\/Ideal-Flatware-S09701.jpg 700w, https:\/\/www.ideal-flatware.com\/wp-content\/uploads\/2022\/12\/Ideal-Flatware-S09701-600x400.jpg 600w, https:\/\/www.ideal-flatware.com\/wp-content\/uploads\/2022\/12\/Ideal-Flatware-S09701-300x200.jpg 300w\" sizes=\"(max-width: 700px) 100vw, 700px\" \/><\/a>\n\t\t\t<\/div><\/figure><figure class='gallery-item'>\n\t\t\t<div class='gallery-icon landscape'>\n\t\t\t\t<a href='https:\/\/www.ideal-flatware.com\/wp-content\/uploads\/2022\/12\/Ideal-Flatware-S09707.jpg'><img width=\"700\" height=\"467\" src=\"https:\/\/www.ideal-flatware.com\/wp-content\/uploads\/2022\/12\/Ideal-Flatware-S09707.jpg\" class=\"attachment-large size-large\" alt=\"Kniv i rostfritt st\u00e5l\" decoding=\"async\" srcset=\"https:\/\/www.ideal-flatware.com\/wp-content\/uploads\/2022\/12\/Ideal-Flatware-S09707.jpg 700w, https:\/\/www.ideal-flatware.com\/wp-content\/uploads\/2022\/12\/Ideal-Flatware-S09707-600x400.jpg 600w, https:\/\/www.ideal-flatware.com\/wp-content\/uploads\/2022\/12\/Ideal-Flatware-S09707-300x200.jpg 300w\" sizes=\"(max-width: 700px) 100vw, 700px\" \/><\/a>\n\t\t\t<\/div><\/figure><figure class='gallery-item'>\n\t\t\t<div class='gallery-icon landscape'>\n\t\t\t\t<a href='https:\/\/www.ideal-flatware.com\/wp-content\/uploads\/2022\/12\/Ideal-Flatware-S09706.jpg'><img width=\"700\" height=\"467\" src=\"https:\/\/www.ideal-flatware.com\/wp-content\/uploads\/2022\/12\/Ideal-Flatware-S09706.jpg\" class=\"attachment-large size-large\" alt=\"Gaffel i rostfritt st\u00e5l\" decoding=\"async\" srcset=\"https:\/\/www.ideal-flatware.com\/wp-content\/uploads\/2022\/12\/Ideal-Flatware-S09706.jpg 700w, https:\/\/www.ideal-flatware.com\/wp-content\/uploads\/2022\/12\/Ideal-Flatware-S09706-600x400.jpg 600w, https:\/\/www.ideal-flatware.com\/wp-content\/uploads\/2022\/12\/Ideal-Flatware-S09706-300x200.jpg 300w\" sizes=\"(max-width: 700px) 100vw, 700px\" \/><\/a>\n\t\t\t<\/div><\/figure><figure class='gallery-item'>\n\t\t\t<div class='gallery-icon landscape'>\n\t\t\t\t<a href='https:\/\/www.ideal-flatware.com\/wp-content\/uploads\/2022\/12\/Ideal-Flatware-S09705.jpg'><img width=\"700\" height=\"467\" src=\"https:\/\/www.ideal-flatware.com\/wp-content\/uploads\/2022\/12\/Ideal-Flatware-S09705.jpg\" class=\"attachment-large size-large\" alt=\"Gaffel i rostfritt st\u00e5l\" decoding=\"async\" srcset=\"https:\/\/www.ideal-flatware.com\/wp-content\/uploads\/2022\/12\/Ideal-Flatware-S09705.jpg 700w, https:\/\/www.ideal-flatware.com\/wp-content\/uploads\/2022\/12\/Ideal-Flatware-S09705-600x400.jpg 600w, https:\/\/www.ideal-flatware.com\/wp-content\/uploads\/2022\/12\/Ideal-Flatware-S09705-300x200.jpg 300w\" sizes=\"(max-width: 700px) 100vw, 700px\" \/><\/a>\n\t\t\t<\/div><\/figure><figure class='gallery-item'>\n\t\t\t<div class='gallery-icon landscape'>\n\t\t\t\t<a href='https:\/\/www.ideal-flatware.com\/wp-content\/uploads\/2022\/12\/Ideal-Flatware-S09704.jpg'><img width=\"700\" height=\"467\" src=\"https:\/\/www.ideal-flatware.com\/wp-content\/uploads\/2022\/12\/Ideal-Flatware-S09704.jpg\" class=\"attachment-large size-large\" alt=\"Gaffel i rostfritt st\u00e5l\" decoding=\"async\" srcset=\"https:\/\/www.ideal-flatware.com\/wp-content\/uploads\/2022\/12\/Ideal-Flatware-S09704.jpg 700w, https:\/\/www.ideal-flatware.com\/wp-content\/uploads\/2022\/12\/Ideal-Flatware-S09704-600x400.jpg 600w, https:\/\/www.ideal-flatware.com\/wp-content\/uploads\/2022\/12\/Ideal-Flatware-S09704-300x200.jpg 300w\" sizes=\"(max-width: 700px) 100vw, 700px\" \/><\/a>\n\t\t\t<\/div><\/figure><figure class='gallery-item'>\n\t\t\t<div class='gallery-icon landscape'>\n\t\t\t\t<a href='https:\/\/www.ideal-flatware.com\/wp-content\/uploads\/2022\/12\/Ideal-Flatware-S09708.jpg'><img width=\"700\" height=\"467\" src=\"https:\/\/www.ideal-flatware.com\/wp-content\/uploads\/2022\/12\/Ideal-Flatware-S09708.jpg\" class=\"attachment-large size-large\" alt=\"Sked i rostfritt st\u00e5l\" decoding=\"async\" srcset=\"https:\/\/www.ideal-flatware.com\/wp-content\/uploads\/2022\/12\/Ideal-Flatware-S09708.jpg 700w, https:\/\/www.ideal-flatware.com\/wp-content\/uploads\/2022\/12\/Ideal-Flatware-S09708-600x400.jpg 600w, https:\/\/www.ideal-flatware.com\/wp-content\/uploads\/2022\/12\/Ideal-Flatware-S09708-300x200.jpg 300w\" sizes=\"(max-width: 700px) 100vw, 700px\" \/><\/a>\n\t\t\t<\/div><\/figure><figure class='gallery-item'>\n\t\t\t<div class='gallery-icon landscape'>\n\t\t\t\t<a href='https:\/\/www.ideal-flatware.com\/wp-content\/uploads\/2022\/12\/Ideal-Flatware-S09709.jpg'><img width=\"700\" height=\"467\" src=\"https:\/\/www.ideal-flatware.com\/wp-content\/uploads\/2022\/12\/Ideal-Flatware-S09709.jpg\" class=\"attachment-large size-large\" alt=\"Sked i rostfritt st\u00e5l\" decoding=\"async\" srcset=\"https:\/\/www.ideal-flatware.com\/wp-content\/uploads\/2022\/12\/Ideal-Flatware-S09709.jpg 700w, https:\/\/www.ideal-flatware.com\/wp-content\/uploads\/2022\/12\/Ideal-Flatware-S09709-600x400.jpg 600w, https:\/\/www.ideal-flatware.com\/wp-content\/uploads\/2022\/12\/Ideal-Flatware-S09709-300x200.jpg 300w\" sizes=\"(max-width: 700px) 100vw, 700px\" \/><\/a>\n\t\t\t<\/div><\/figure><figure class='gallery-item'>\n\t\t\t<div class='gallery-icon landscape'>\n\t\t\t\t<a href='https:\/\/www.ideal-flatware.com\/wp-content\/uploads\/2022\/12\/Ideal-Flatware-S09710.jpg'><img width=\"700\" height=\"467\" src=\"https:\/\/www.ideal-flatware.com\/wp-content\/uploads\/2022\/12\/Ideal-Flatware-S09710.jpg\" class=\"attachment-large size-large\" alt=\"Sked i rostfritt st\u00e5l\" decoding=\"async\" srcset=\"https:\/\/www.ideal-flatware.com\/wp-content\/uploads\/2022\/12\/Ideal-Flatware-S09710.jpg 700w, https:\/\/www.ideal-flatware.com\/wp-content\/uploads\/2022\/12\/Ideal-Flatware-S09710-600x400.jpg 600w, https:\/\/www.ideal-flatware.com\/wp-content\/uploads\/2022\/12\/Ideal-Flatware-S09710-300x200.jpg 300w\" sizes=\"(max-width: 700px) 100vw, 700px\" \/><\/a>\n\t\t\t<\/div><\/figure><figure class='gallery-item'>\n\t\t\t<div class='gallery-icon landscape'>\n\t\t\t\t<a href='https:\/\/www.ideal-flatware.com\/wp-content\/uploads\/2022\/12\/Ideal-Flatware-S09711.jpg'><img width=\"700\" height=\"467\" src=\"https:\/\/www.ideal-flatware.com\/wp-content\/uploads\/2022\/12\/Ideal-Flatware-S09711.jpg\" class=\"attachment-large size-large\" alt=\"Sked i rostfritt st\u00e5l\" decoding=\"async\" srcset=\"https:\/\/www.ideal-flatware.com\/wp-content\/uploads\/2022\/12\/Ideal-Flatware-S09711.jpg 700w, https:\/\/www.ideal-flatware.com\/wp-content\/uploads\/2022\/12\/Ideal-Flatware-S09711-600x400.jpg 600w, https:\/\/www.ideal-flatware.com\/wp-content\/uploads\/2022\/12\/Ideal-Flatware-S09711-300x200.jpg 300w\" sizes=\"(max-width: 700px) 100vw, 700px\" \/><\/a>\n\t\t\t<\/div><\/figure><figure class='gallery-item'>\n\t\t\t<div class='gallery-icon landscape'>\n\t\t\t\t<a href='https:\/\/www.ideal-flatware.com\/wp-content\/uploads\/2022\/12\/Ideal-Flatware-S09712.jpg'><img width=\"700\" height=\"467\" src=\"https:\/\/www.ideal-flatware.com\/wp-content\/uploads\/2022\/12\/Ideal-Flatware-S09712.jpg\" class=\"attachment-large size-large\" alt=\"Sked i rostfritt st\u00e5l\" decoding=\"async\" srcset=\"https:\/\/www.ideal-flatware.com\/wp-content\/uploads\/2022\/12\/Ideal-Flatware-S09712.jpg 700w, https:\/\/www.ideal-flatware.com\/wp-content\/uploads\/2022\/12\/Ideal-Flatware-S09712-600x400.jpg 600w, https:\/\/www.ideal-flatware.com\/wp-content\/uploads\/2022\/12\/Ideal-Flatware-S09712-300x200.jpg 300w\" sizes=\"(max-width: 700px) 100vw, 700px\" \/><\/a>\n\t\t\t<\/div><\/figure>\n\t\t<\/div>\n\n<p>&nbsp;<\/p>\n<h3 style=\"color: #90bf46;\">\u25b8 ANV\u00c4NDNING OCH SK\u00d6TSEL<\/h3>\n<p><strong>F\u00d6RSTA G\u00c5NGEN DU ANV\u00c4NDER DEN<\/strong><br \/>\n1. V\u00e4nligen handtv\u00e4tta din silverbestickssats noggrant med en mild tv\u00e5l eller ett tv\u00e4ttmedel f\u00f6r att tv\u00e4tta bort eventuella bearbetningsrester fr\u00e5n tillverkningen.<br \/>\n2.Sk\u00f6lj med friskt vatten och torka omedelbart med en mjuk trasa och f\u00f6rvara den p\u00e5 ett torrt st\u00e4lle.<br \/>\n<strong>VARDAGLIG ANV\u00c4NDNING<\/strong><br \/>\n1. Reng\u00f6r och torka silvret efter anv\u00e4ndning och f\u00f6rvara det p\u00e5 ett torrt st\u00e4lle f\u00f6r att det ska h\u00e5lla l\u00e4nge.<br \/>\n2. Anv\u00e4nd inte tr\u00e5dborstar eller h\u00e5rda svampar f\u00f6r att f\u00f6rhindra repor, s\u00e5 att silvret h\u00e5lls smidigt.<br \/>\n3. F\u00f6rs\u00f6k att undvika att diska i diskmaskinen. Handtv\u00e4tt och sedan torkning med en mjuk trasa skyddar dina silverbestick b\u00e4ttre.<br \/>\n4. Anv\u00e4nd ett milt reng\u00f6ringsmedel n\u00e4r du reng\u00f6r, l\u00e4mna inte silverbestick med rester av salt eller syra under l\u00e5ng tid eftersom det kan \u00f6ka risken f\u00f6r missf\u00e4rgning och korrosion.<br \/>\nV\u00e4nliga tips: Det h\u00e4r silverbesticksetet \u00e4r ett silverbestickset med medelh\u00f6g vikt, inte tungt silverbestick eller l\u00e4tt silverbestick.<\/p>\n<p>&nbsp;<\/p>","protected":false},"excerpt":{"rendered":"<p>\u3010Silverware Set\u3011 Our silverware set with square handle includes dinner knives, dinner forks, dinner spoons and tea spoons, which can satisfy most families of 4 people and meet all of your daily needs. \u3010Ergonomic Design\u3011 Ergonomic square handles and unique craft of silverware set are well designed, making the unique silverware set stand out on [&hellip;]<\/p>","protected":false},"featured_media":1479,"comment_status":"open","ping_status":"closed","template":"","meta":{"_seopress_robots_primary_cat":""},"product_cat":[20,19],"product_tag":[],"_links":{"self":[{"href":"https:\/\/www.ideal-flatware.com\/sv\/wp-json\/wp\/v2\/product\/1478"}],"collection":[{"href":"https:\/\/www.ideal-flatware.com\/sv\/wp-json\/wp\/v2\/product"}],"about":[{"href":"https:\/\/www.ideal-flatware.com\/sv\/wp-json\/wp\/v2\/types\/product"}],"replies":[{"embeddable":true,"href":"https:\/\/www.ideal-flatware.com\/sv\/wp-json\/wp\/v2\/comments?post=1478"}],"version-history":[{"count":11,"href":"https:\/\/www.ideal-flatware.com\/sv\/wp-json\/wp\/v2\/product\/1478\/revisions"}],"predecessor-version":[{"id":2739,"href":"https:\/\/www.ideal-flatware.com\/sv\/wp-json\/wp\/v2\/product\/1478\/revisions\/2739"}],"wp:featuredmedia":[{"embeddable":true,"href":"https:\/\/www.ideal-flatware.com\/sv\/wp-json\/wp\/v2\/media\/1479"}],"wp:attachment":[{"href":"https:\/\/www.ideal-flatware.com\/sv\/wp-json\/wp\/v2\/media?parent=1478"}],"wp:term":[{"taxonomy":"product_cat","embeddable":true,"href":"https:\/\/www.ideal-flatware.com\/sv\/wp-json\/wp\/v2\/product_cat?post=1478"},{"taxonomy":"product_tag","embeddable":true,"href":"https:\/\/www.ideal-flatware.com\/sv\/wp-json\/wp\/v2\/product_tag?post=1478"}],"curies":[{"name":"wp","href":"https:\/\/api.w.org\/{rel}","templated":true}]}}