{"id":1557,"date":"2022-12-17T06:51:38","date_gmt":"2022-12-17T06:51:38","guid":{"rendered":"https:\/\/test.ideal-flatware.com\/?post_type=product&#038;p=1557"},"modified":"2023-01-03T09:33:17","modified_gmt":"2023-01-03T09:33:17","slug":"s080-high-performance-customized-cutlery-restaurant-tableware-stainless-steel-cutlery-set","status":"publish","type":"product","link":"https:\/\/www.ideal-flatware.com\/sv\/produkt\/s080-high-performance-customized-cutlery-restaurant-tableware-stainless-steel-cutlery-set\/","title":{"rendered":"S080 H\u00f6gpresterande bestick f\u00f6r restauranger bestickset i rostfritt st\u00e5l"},"content":{"rendered":"<p><img fetchpriority=\"high\" decoding=\"async\" class=\"aligncenter wp-image-1558 size-full\" src=\"https:\/\/test.ideal-flatware.com\/wp-content\/uploads\/2022\/12\/Ideal-Flatware-S080.jpg\" alt=\"\" width=\"700\" height=\"700\" srcset=\"https:\/\/www.ideal-flatware.com\/wp-content\/uploads\/2022\/12\/Ideal-Flatware-S080.jpg 700w, https:\/\/www.ideal-flatware.com\/wp-content\/uploads\/2022\/12\/Ideal-Flatware-S080-600x600.jpg 600w, https:\/\/www.ideal-flatware.com\/wp-content\/uploads\/2022\/12\/Ideal-Flatware-S080-100x100.jpg 100w, https:\/\/www.ideal-flatware.com\/wp-content\/uploads\/2022\/12\/Ideal-Flatware-S080-300x300.jpg 300w, https:\/\/www.ideal-flatware.com\/wp-content\/uploads\/2022\/12\/Ideal-Flatware-S080-150x150.jpg 150w\" sizes=\"(max-width: 700px) 100vw, 700px\" \/><\/p>\n<p>&nbsp;<\/p>\n<h3 style=\"color: #90bf46;\">\u25b8 PRODUKTPARAMETRAR<\/h3>\n<table style=\"height: 121px; width: 100%; border-collapse: collapse; border-style: solid; border-color: #dddddd;\" border=\"1\">\n<tbody>\n<tr style=\"height: 24px;\">\n<td style=\"width: 20%; height: 24px; border: 1px solid #dddddd; background-color: #f2f2f2;\">Artikel nr:<\/td>\n<td style=\"width: 20%; height: 24px; border: 1px solid #dddddd; background-color: #f2f2f2;\">Namn<\/td>\n<td style=\"width: 20%; height: 24px; border: 1px solid #dddddd; background-color: #f2f2f2;\">L\u00e4ngd (mm)<\/td>\n<td style=\"width: 19.8882%; height: 24px; border: 1px solid #dddddd; background-color: #f2f2f2;\">Bredd (mm)<\/td>\n<td style=\"width: 20.1118%; height: 24px; border: 1px solid #dddddd; background-color: #f2f2f2;\">Vikt (g)<\/td>\n<\/tr>\n<tr style=\"height: 24px;\">\n<td style=\"width: 20%; height: 97px; border: 1px solid #dddddd; vertical-align: middle;\" rowspan=\"4\">S080<\/td>\n<td style=\"width: 20%; height: 24px; border: 1px solid #dddddd;\">Kniv f\u00f6r bord<\/td>\n<td style=\"width: 20%; height: 24px; border: 1px solid #dddddd;\">208<\/td>\n<td style=\"width: 19.8882%; height: 24px; border: 1px solid #dddddd;\">18<\/td>\n<td style=\"width: 20.1118%; height: 24px; border: 1px solid #dddddd;\">40<\/td>\n<\/tr>\n<tr style=\"height: 24px;\">\n<td style=\"width: 20%; height: 25px; border: 1px solid #dddddd;\">Tabell gaffel<\/td>\n<td style=\"width: 20%; height: 25px; border: 1px solid #dddddd;\">189<\/td>\n<td style=\"width: 19.8882%; height: 25px; border: 1px solid #dddddd;\">24<\/td>\n<td style=\"width: 20.1118%; height: 25px; border: 1px solid #dddddd;\">27<\/td>\n<\/tr>\n<tr style=\"height: 24px;\">\n<td style=\"width: 20%; height: 24px; border: 1px solid #dddddd;\">Bordssked<\/td>\n<td style=\"width: 20%; height: 24px; border: 1px solid #dddddd;\">189<\/td>\n<td style=\"width: 19.8882%; height: 24px; border: 1px solid #dddddd;\">42<\/td>\n<td style=\"width: 20.1118%; height: 24px; border: 1px solid #dddddd;\">33<\/td>\n<\/tr>\n<tr style=\"height: 24px;\">\n<td style=\"width: 20%; height: 24px; border: 1px solid #dddddd;\">Tesked<\/td>\n<td style=\"width: 20%; height: 24px; border: 1px solid #dddddd;\">135<\/td>\n<td style=\"width: 19.8882%; height: 24px; border: 1px solid #dddddd;\">28.5<\/td>\n<td style=\"width: 20.1118%; height: 24px; border: 1px solid #dddddd;\">15<\/td>\n<\/tr>\n<\/tbody>\n<\/table>\n<h3 style=\"color: #90bf46;\">\u25b8 PRODUKTBESKRIVNING<\/h3>\n<div id='gallery-1' class='gallery galleryid-1557 gallery-columns-4 gallery-size-full'><figure class='gallery-item'>\n\t\t\t<div class='gallery-icon landscape'>\n\t\t\t\t<a href='https:\/\/www.ideal-flatware.com\/wp-content\/uploads\/2022\/12\/S08001.jpg'><img width=\"700\" height=\"700\" src=\"https:\/\/www.ideal-flatware.com\/wp-content\/uploads\/2022\/12\/S08001.jpg\" class=\"attachment-full size-full\" alt=\"Sked i rostfritt st\u00e5l\" decoding=\"async\" srcset=\"https:\/\/www.ideal-flatware.com\/wp-content\/uploads\/2022\/12\/S08001.jpg 700w, https:\/\/www.ideal-flatware.com\/wp-content\/uploads\/2022\/12\/S08001-600x600.jpg 600w, https:\/\/www.ideal-flatware.com\/wp-content\/uploads\/2022\/12\/S08001-100x100.jpg 100w, https:\/\/www.ideal-flatware.com\/wp-content\/uploads\/2022\/12\/S08001-300x300.jpg 300w, https:\/\/www.ideal-flatware.com\/wp-content\/uploads\/2022\/12\/S08001-150x150.jpg 150w\" sizes=\"(max-width: 700px) 100vw, 700px\" \/><\/a>\n\t\t\t<\/div><\/figure><figure class='gallery-item'>\n\t\t\t<div class='gallery-icon landscape'>\n\t\t\t\t<a href='https:\/\/www.ideal-flatware.com\/wp-content\/uploads\/2022\/12\/S08002.jpg'><img width=\"700\" height=\"700\" src=\"https:\/\/www.ideal-flatware.com\/wp-content\/uploads\/2022\/12\/S08002.jpg\" class=\"attachment-full size-full\" alt=\"Gaffel i rostfritt st\u00e5l\" decoding=\"async\" srcset=\"https:\/\/www.ideal-flatware.com\/wp-content\/uploads\/2022\/12\/S08002.jpg 700w, https:\/\/www.ideal-flatware.com\/wp-content\/uploads\/2022\/12\/S08002-600x600.jpg 600w, https:\/\/www.ideal-flatware.com\/wp-content\/uploads\/2022\/12\/S08002-100x100.jpg 100w, https:\/\/www.ideal-flatware.com\/wp-content\/uploads\/2022\/12\/S08002-300x300.jpg 300w, https:\/\/www.ideal-flatware.com\/wp-content\/uploads\/2022\/12\/S08002-150x150.jpg 150w\" sizes=\"(max-width: 700px) 100vw, 700px\" \/><\/a>\n\t\t\t<\/div><\/figure><figure class='gallery-item'>\n\t\t\t<div class='gallery-icon landscape'>\n\t\t\t\t<a href='https:\/\/www.ideal-flatware.com\/wp-content\/uploads\/2022\/12\/S08003.jpg'><img width=\"700\" height=\"700\" src=\"https:\/\/www.ideal-flatware.com\/wp-content\/uploads\/2022\/12\/S08003.jpg\" class=\"attachment-full size-full\" alt=\"Sked i rostfritt st\u00e5l\" decoding=\"async\" srcset=\"https:\/\/www.ideal-flatware.com\/wp-content\/uploads\/2022\/12\/S08003.jpg 700w, https:\/\/www.ideal-flatware.com\/wp-content\/uploads\/2022\/12\/S08003-600x600.jpg 600w, https:\/\/www.ideal-flatware.com\/wp-content\/uploads\/2022\/12\/S08003-100x100.jpg 100w, https:\/\/www.ideal-flatware.com\/wp-content\/uploads\/2022\/12\/S08003-300x300.jpg 300w, https:\/\/www.ideal-flatware.com\/wp-content\/uploads\/2022\/12\/S08003-150x150.jpg 150w\" sizes=\"(max-width: 700px) 100vw, 700px\" \/><\/a>\n\t\t\t<\/div><\/figure><figure class='gallery-item'>\n\t\t\t<div class='gallery-icon landscape'>\n\t\t\t\t<a href='https:\/\/www.ideal-flatware.com\/wp-content\/uploads\/2022\/12\/S08004.jpg'><img width=\"700\" height=\"700\" src=\"https:\/\/www.ideal-flatware.com\/wp-content\/uploads\/2022\/12\/S08004.jpg\" class=\"attachment-full size-full\" alt=\"Kniv i rostfritt st\u00e5l\" decoding=\"async\" srcset=\"https:\/\/www.ideal-flatware.com\/wp-content\/uploads\/2022\/12\/S08004.jpg 700w, https:\/\/www.ideal-flatware.com\/wp-content\/uploads\/2022\/12\/S08004-600x600.jpg 600w, https:\/\/www.ideal-flatware.com\/wp-content\/uploads\/2022\/12\/S08004-100x100.jpg 100w, https:\/\/www.ideal-flatware.com\/wp-content\/uploads\/2022\/12\/S08004-300x300.jpg 300w, https:\/\/www.ideal-flatware.com\/wp-content\/uploads\/2022\/12\/S08004-150x150.jpg 150w\" sizes=\"(max-width: 700px) 100vw, 700px\" \/><\/a>\n\t\t\t<\/div><\/figure>\n\t\t<\/div>","protected":false},"excerpt":{"rendered":"<p>&nbsp; \u25b8 PRODUKTPARAMETRAR Artikelnr: Namn L\u00e4ngd(mm) Bredd(mm) Vikt(g) S080 Bordskniv 208 18 40 Bordsgaffel 189 24 27 Bordssked 189 42 33 Teslev 135 28,5 15 \u25b8 PRODUKTBESKRIVNING<\/p>","protected":false},"featured_media":1558,"comment_status":"open","ping_status":"closed","template":"","meta":{"_seopress_robots_primary_cat":""},"product_cat":[19],"product_tag":[],"_links":{"self":[{"href":"https:\/\/www.ideal-flatware.com\/sv\/wp-json\/wp\/v2\/product\/1557"}],"collection":[{"href":"https:\/\/www.ideal-flatware.com\/sv\/wp-json\/wp\/v2\/product"}],"about":[{"href":"https:\/\/www.ideal-flatware.com\/sv\/wp-json\/wp\/v2\/types\/product"}],"replies":[{"embeddable":true,"href":"https:\/\/www.ideal-flatware.com\/sv\/wp-json\/wp\/v2\/comments?post=1557"}],"version-history":[{"count":2,"href":"https:\/\/www.ideal-flatware.com\/sv\/wp-json\/wp\/v2\/product\/1557\/revisions"}],"predecessor-version":[{"id":2782,"href":"https:\/\/www.ideal-flatware.com\/sv\/wp-json\/wp\/v2\/product\/1557\/revisions\/2782"}],"wp:featuredmedia":[{"embeddable":true,"href":"https:\/\/www.ideal-flatware.com\/sv\/wp-json\/wp\/v2\/media\/1558"}],"wp:attachment":[{"href":"https:\/\/www.ideal-flatware.com\/sv\/wp-json\/wp\/v2\/media?parent=1557"}],"wp:term":[{"taxonomy":"product_cat","embeddable":true,"href":"https:\/\/www.ideal-flatware.com\/sv\/wp-json\/wp\/v2\/product_cat?post=1557"},{"taxonomy":"product_tag","embeddable":true,"href":"https:\/\/www.ideal-flatware.com\/sv\/wp-json\/wp\/v2\/product_tag?post=1557"}],"curies":[{"name":"wp","href":"https:\/\/api.w.org\/{rel}","templated":true}]}}