{"id":1685,"date":"2022-12-17T08:31:02","date_gmt":"2022-12-17T08:31:02","guid":{"rendered":"https:\/\/test.ideal-flatware.com\/?post_type=product&#038;p=1685"},"modified":"2022-12-29T02:55:02","modified_gmt":"2022-12-29T02:55:02","slug":"s054-high-quality-cutlery-stainless-steel-western-food-knife-and-fork-spoon-luxury-tableware-set","status":"publish","type":"product","link":"https:\/\/www.ideal-flatware.com\/sv\/produkt\/s054-high-quality-cutlery-stainless-steel-western-food-knife-and-fork-spoon-luxury-tableware-set\/","title":{"rendered":"S054 h\u00f6gkvalitativt bestick rostfritt st\u00e5l v\u00e4sterl\u00e4ndsk mat kniv och gaffel sked lyxig bordsservis"},"content":{"rendered":"<p><img fetchpriority=\"high\" decoding=\"async\" class=\"aligncenter wp-image-1686 size-full\" src=\"https:\/\/test.ideal-flatware.com\/wp-content\/uploads\/2022\/12\/Ideal-Flatware-S054.jpg\" alt=\"\" width=\"700\" height=\"700\" srcset=\"https:\/\/www.ideal-flatware.com\/wp-content\/uploads\/2022\/12\/Ideal-Flatware-S054.jpg 700w, https:\/\/www.ideal-flatware.com\/wp-content\/uploads\/2022\/12\/Ideal-Flatware-S054-600x600.jpg 600w, https:\/\/www.ideal-flatware.com\/wp-content\/uploads\/2022\/12\/Ideal-Flatware-S054-100x100.jpg 100w, https:\/\/www.ideal-flatware.com\/wp-content\/uploads\/2022\/12\/Ideal-Flatware-S054-300x300.jpg 300w, https:\/\/www.ideal-flatware.com\/wp-content\/uploads\/2022\/12\/Ideal-Flatware-S054-150x150.jpg 150w\" sizes=\"(max-width: 700px) 100vw, 700px\" \/><\/p>\n<p>&nbsp;<\/p>\n<h3 style=\"color: #90bf46;\">\u25b8 PRODUKTPARAMETRAR<\/h3>\n<table style=\"height: 121px; width: 100%; border-collapse: collapse; border-style: solid; border-color: #dddddd;\" border=\"1\">\n<tbody>\n<tr style=\"height: 24px;\">\n<td style=\"width: 20%; height: 24px; border: 1px solid #dddddd; background-color: #f2f2f2;\">Artikel nr:<\/td>\n<td style=\"width: 20%; height: 24px; border: 1px solid #dddddd; background-color: #f2f2f2;\">Namn<\/td>\n<td style=\"width: 20%; height: 24px; border: 1px solid #dddddd; background-color: #f2f2f2;\">L\u00e4ngd (mm)<\/td>\n<td style=\"width: 19.8882%; height: 24px; border: 1px solid #dddddd; background-color: #f2f2f2;\">Bredd (mm)<\/td>\n<td style=\"width: 20.1118%; height: 24px; border: 1px solid #dddddd; background-color: #f2f2f2;\">Vikt (g)<\/td>\n<\/tr>\n<tr style=\"height: 24px;\">\n<td style=\"width: 20%; height: 97px; border: 1px solid #dddddd; vertical-align: middle;\" rowspan=\"4\">S054<\/td>\n<td style=\"width: 20%; height: 24px; border: 1px solid #dddddd;\">Kniv f\u00f6r bord<\/td>\n<td style=\"width: 20%; height: 24px; border: 1px solid #dddddd;\">208<\/td>\n<td style=\"width: 19.8882%; height: 24px; border: 1px solid #dddddd;\">18<\/td>\n<td style=\"width: 20.1118%; height: 24px; border: 1px solid #dddddd;\">40<\/td>\n<\/tr>\n<tr style=\"height: 24px;\">\n<td style=\"width: 20%; height: 25px; border: 1px solid #dddddd;\">Tabell gaffel<\/td>\n<td style=\"width: 20%; height: 25px; border: 1px solid #dddddd;\">189<\/td>\n<td style=\"width: 19.8882%; height: 25px; border: 1px solid #dddddd;\">24<\/td>\n<td style=\"width: 20.1118%; height: 25px; border: 1px solid #dddddd;\">27<\/td>\n<\/tr>\n<tr style=\"height: 24px;\">\n<td style=\"width: 20%; height: 24px; border: 1px solid #dddddd;\">Bordssked<\/td>\n<td style=\"width: 20%; height: 24px; border: 1px solid #dddddd;\">189<\/td>\n<td style=\"width: 19.8882%; height: 24px; border: 1px solid #dddddd;\">42<\/td>\n<td style=\"width: 20.1118%; height: 24px; border: 1px solid #dddddd;\">33<\/td>\n<\/tr>\n<tr style=\"height: 24px;\">\n<td style=\"width: 20%; height: 24px; border: 1px solid #dddddd;\">Tesked<\/td>\n<td style=\"width: 20%; height: 24px; border: 1px solid #dddddd;\">135<\/td>\n<td style=\"width: 19.8882%; height: 24px; border: 1px solid #dddddd;\">28.5<\/td>\n<td style=\"width: 20.1118%; height: 24px; border: 1px solid #dddddd;\">15<\/td>\n<\/tr>\n<\/tbody>\n<\/table>\n<h3 style=\"color: #90bf46;\">\u25b8 PRODUKTBESKRIVNING<\/h3>\n<div id='gallery-1' class='gallery galleryid-1685 gallery-columns-4 gallery-size-full'><figure class='gallery-item'>\n\t\t\t<div class='gallery-icon landscape'>\n\t\t\t\t<a href='https:\/\/www.ideal-flatware.com\/wp-content\/uploads\/2022\/12\/Ideal-Flatware-S05401.jpg'><img width=\"700\" height=\"700\" src=\"https:\/\/www.ideal-flatware.com\/wp-content\/uploads\/2022\/12\/Ideal-Flatware-S05401.jpg\" class=\"attachment-full size-full\" alt=\"Kniv i rostfritt st\u00e5l\" decoding=\"async\" srcset=\"https:\/\/www.ideal-flatware.com\/wp-content\/uploads\/2022\/12\/Ideal-Flatware-S05401.jpg 700w, https:\/\/www.ideal-flatware.com\/wp-content\/uploads\/2022\/12\/Ideal-Flatware-S05401-600x600.jpg 600w, https:\/\/www.ideal-flatware.com\/wp-content\/uploads\/2022\/12\/Ideal-Flatware-S05401-100x100.jpg 100w, https:\/\/www.ideal-flatware.com\/wp-content\/uploads\/2022\/12\/Ideal-Flatware-S05401-300x300.jpg 300w, https:\/\/www.ideal-flatware.com\/wp-content\/uploads\/2022\/12\/Ideal-Flatware-S05401-150x150.jpg 150w\" sizes=\"(max-width: 700px) 100vw, 700px\" \/><\/a>\n\t\t\t<\/div><\/figure><figure class='gallery-item'>\n\t\t\t<div class='gallery-icon landscape'>\n\t\t\t\t<a href='https:\/\/www.ideal-flatware.com\/wp-content\/uploads\/2022\/12\/Ideal-Flatware-S05402.jpg'><img width=\"700\" height=\"700\" src=\"https:\/\/www.ideal-flatware.com\/wp-content\/uploads\/2022\/12\/Ideal-Flatware-S05402.jpg\" class=\"attachment-full size-full\" alt=\"Gaffel i rostfritt st\u00e5l\" decoding=\"async\" srcset=\"https:\/\/www.ideal-flatware.com\/wp-content\/uploads\/2022\/12\/Ideal-Flatware-S05402.jpg 700w, https:\/\/www.ideal-flatware.com\/wp-content\/uploads\/2022\/12\/Ideal-Flatware-S05402-600x600.jpg 600w, https:\/\/www.ideal-flatware.com\/wp-content\/uploads\/2022\/12\/Ideal-Flatware-S05402-100x100.jpg 100w, https:\/\/www.ideal-flatware.com\/wp-content\/uploads\/2022\/12\/Ideal-Flatware-S05402-300x300.jpg 300w, https:\/\/www.ideal-flatware.com\/wp-content\/uploads\/2022\/12\/Ideal-Flatware-S05402-150x150.jpg 150w\" sizes=\"(max-width: 700px) 100vw, 700px\" \/><\/a>\n\t\t\t<\/div><\/figure><figure class='gallery-item'>\n\t\t\t<div class='gallery-icon landscape'>\n\t\t\t\t<a href='https:\/\/www.ideal-flatware.com\/wp-content\/uploads\/2022\/12\/Ideal-Flatware-S05403.jpg'><img width=\"700\" height=\"700\" src=\"https:\/\/www.ideal-flatware.com\/wp-content\/uploads\/2022\/12\/Ideal-Flatware-S05403.jpg\" class=\"attachment-full size-full\" alt=\"Sked i rostfritt st\u00e5l\" decoding=\"async\" srcset=\"https:\/\/www.ideal-flatware.com\/wp-content\/uploads\/2022\/12\/Ideal-Flatware-S05403.jpg 700w, https:\/\/www.ideal-flatware.com\/wp-content\/uploads\/2022\/12\/Ideal-Flatware-S05403-600x600.jpg 600w, https:\/\/www.ideal-flatware.com\/wp-content\/uploads\/2022\/12\/Ideal-Flatware-S05403-100x100.jpg 100w, https:\/\/www.ideal-flatware.com\/wp-content\/uploads\/2022\/12\/Ideal-Flatware-S05403-300x300.jpg 300w, https:\/\/www.ideal-flatware.com\/wp-content\/uploads\/2022\/12\/Ideal-Flatware-S05403-150x150.jpg 150w\" sizes=\"(max-width: 700px) 100vw, 700px\" \/><\/a>\n\t\t\t<\/div><\/figure><figure class='gallery-item'>\n\t\t\t<div class='gallery-icon landscape'>\n\t\t\t\t<a href='https:\/\/www.ideal-flatware.com\/wp-content\/uploads\/2022\/12\/Ideal-Flatware-S05404.jpg'><img width=\"700\" height=\"700\" src=\"https:\/\/www.ideal-flatware.com\/wp-content\/uploads\/2022\/12\/Ideal-Flatware-S05404.jpg\" class=\"attachment-full size-full\" alt=\"Sked i rostfritt st\u00e5l\" decoding=\"async\" srcset=\"https:\/\/www.ideal-flatware.com\/wp-content\/uploads\/2022\/12\/Ideal-Flatware-S05404.jpg 700w, https:\/\/www.ideal-flatware.com\/wp-content\/uploads\/2022\/12\/Ideal-Flatware-S05404-600x600.jpg 600w, https:\/\/www.ideal-flatware.com\/wp-content\/uploads\/2022\/12\/Ideal-Flatware-S05404-100x100.jpg 100w, https:\/\/www.ideal-flatware.com\/wp-content\/uploads\/2022\/12\/Ideal-Flatware-S05404-300x300.jpg 300w, https:\/\/www.ideal-flatware.com\/wp-content\/uploads\/2022\/12\/Ideal-Flatware-S05404-150x150.jpg 150w\" sizes=\"(max-width: 700px) 100vw, 700px\" \/><\/a>\n\t\t\t<\/div><\/figure><figure class='gallery-item'>\n\t\t\t<div class='gallery-icon landscape'>\n\t\t\t\t<a href='https:\/\/www.ideal-flatware.com\/wp-content\/uploads\/2022\/12\/Ideal-Flatware-S05405.jpg'><img width=\"700\" height=\"562\" src=\"https:\/\/www.ideal-flatware.com\/wp-content\/uploads\/2022\/12\/Ideal-Flatware-S05405.jpg\" class=\"attachment-full size-full\" alt=\"Bestick i rostfritt st\u00e5l\" decoding=\"async\" srcset=\"https:\/\/www.ideal-flatware.com\/wp-content\/uploads\/2022\/12\/Ideal-Flatware-S05405.jpg 700w, https:\/\/www.ideal-flatware.com\/wp-content\/uploads\/2022\/12\/Ideal-Flatware-S05405-600x482.jpg 600w, https:\/\/www.ideal-flatware.com\/wp-content\/uploads\/2022\/12\/Ideal-Flatware-S05405-300x241.jpg 300w\" sizes=\"(max-width: 700px) 100vw, 700px\" \/><\/a>\n\t\t\t<\/div><\/figure>\n\t\t<\/div>","protected":false},"excerpt":{"rendered":"<p>&nbsp; \u25b8 PRODUKT PARAMETRAR Artikelnr: Namn L\u00e4ngd(mm) Bredd(mm) Vikt(g) S054 Bordskniv 208 18 40 Bordsgaffel 189 24 27 Bordssked 189 42 33 Tesked 135 28,5 15 \u25b8 PRODUKTBESKRIVNING<\/p>","protected":false},"featured_media":1686,"comment_status":"open","ping_status":"closed","template":"","meta":{"_seopress_robots_primary_cat":""},"product_cat":[19],"product_tag":[],"_links":{"self":[{"href":"https:\/\/www.ideal-flatware.com\/sv\/wp-json\/wp\/v2\/product\/1685"}],"collection":[{"href":"https:\/\/www.ideal-flatware.com\/sv\/wp-json\/wp\/v2\/product"}],"about":[{"href":"https:\/\/www.ideal-flatware.com\/sv\/wp-json\/wp\/v2\/types\/product"}],"replies":[{"embeddable":true,"href":"https:\/\/www.ideal-flatware.com\/sv\/wp-json\/wp\/v2\/comments?post=1685"}],"version-history":[{"count":2,"href":"https:\/\/www.ideal-flatware.com\/sv\/wp-json\/wp\/v2\/product\/1685\/revisions"}],"predecessor-version":[{"id":2799,"href":"https:\/\/www.ideal-flatware.com\/sv\/wp-json\/wp\/v2\/product\/1685\/revisions\/2799"}],"wp:featuredmedia":[{"embeddable":true,"href":"https:\/\/www.ideal-flatware.com\/sv\/wp-json\/wp\/v2\/media\/1686"}],"wp:attachment":[{"href":"https:\/\/www.ideal-flatware.com\/sv\/wp-json\/wp\/v2\/media?parent=1685"}],"wp:term":[{"taxonomy":"product_cat","embeddable":true,"href":"https:\/\/www.ideal-flatware.com\/sv\/wp-json\/wp\/v2\/product_cat?post=1685"},{"taxonomy":"product_tag","embeddable":true,"href":"https:\/\/www.ideal-flatware.com\/sv\/wp-json\/wp\/v2\/product_tag?post=1685"}],"curies":[{"name":"wp","href":"https:\/\/api.w.org\/{rel}","templated":true}]}}