{"id":1985,"date":"2022-12-19T08:59:08","date_gmt":"2022-12-19T08:59:08","guid":{"rendered":"https:\/\/test.ideal-flatware.com\/?post_type=product&#038;p=1985"},"modified":"2023-01-03T09:28:43","modified_gmt":"2023-01-03T09:28:43","slug":"s002-factory-direct-sales-wholesale-bulk-portable-stainless-steel-cutlery-gift-silver-flatware-sets","status":"publish","type":"product","link":"https:\/\/www.ideal-flatware.com\/sv\/produkt\/s002-factory-direct-sales-wholesale-bulk-portable-stainless-steel-cutlery-gift-silver-flatware-sets\/","title":{"rendered":"S002 Direktf\u00f6rs\u00e4ljning fr\u00e5n fabrik Partihandel Bulk B\u00e4rbara bestick i rostfritt st\u00e5l Silver bestickset"},"content":{"rendered":"<p><img fetchpriority=\"high\" decoding=\"async\" class=\"aligncenter wp-image-1992 size-full\" src=\"https:\/\/test.ideal-flatware.com\/wp-content\/uploads\/2022\/12\/S002.jpg\" alt=\"\" width=\"700\" height=\"700\" srcset=\"https:\/\/www.ideal-flatware.com\/wp-content\/uploads\/2022\/12\/S002.jpg 700w, https:\/\/www.ideal-flatware.com\/wp-content\/uploads\/2022\/12\/S002-600x600.jpg 600w, https:\/\/www.ideal-flatware.com\/wp-content\/uploads\/2022\/12\/S002-100x100.jpg 100w, https:\/\/www.ideal-flatware.com\/wp-content\/uploads\/2022\/12\/S002-300x300.jpg 300w, https:\/\/www.ideal-flatware.com\/wp-content\/uploads\/2022\/12\/S002-150x150.jpg 150w\" sizes=\"(max-width: 700px) 100vw, 700px\" \/><\/p>\n<p>&nbsp;<\/p>\n<h3 style=\"color: #90bf46;\">\u25b8 PRODUKTPARAMETRAR<\/h3>\n<table style=\"height: 121px; width: 100%; border-collapse: collapse; border-style: solid; border-color: #dddddd;\" border=\"1\">\n<tbody>\n<tr style=\"height: 24px;\">\n<td style=\"width: 20%; height: 24px; border: 1px solid #dddddd; background-color: #f2f2f2;\">Artikel nr:<\/td>\n<td style=\"width: 20%; height: 24px; border: 1px solid #dddddd; background-color: #f2f2f2;\">Namn<\/td>\n<td style=\"width: 20%; height: 24px; border: 1px solid #dddddd; background-color: #f2f2f2;\">L\u00e4ngd (mm)<\/td>\n<td style=\"width: 19.8882%; height: 24px; border: 1px solid #dddddd; background-color: #f2f2f2;\">Bredd (mm)<\/td>\n<td style=\"width: 20.1118%; height: 24px; border: 1px solid #dddddd; background-color: #f2f2f2;\">Vikt (g)<\/td>\n<\/tr>\n<tr style=\"height: 24px;\">\n<td style=\"width: 20%; height: 97px; border: 1px solid #dddddd; vertical-align: middle;\" rowspan=\"4\">S002<\/td>\n<td style=\"width: 20%; height: 24px; border: 1px solid #dddddd;\">Kniv f\u00f6r bord<\/td>\n<td style=\"width: 20%; height: 24px; border: 1px solid #dddddd;\">215<\/td>\n<td style=\"width: 19.8882%; height: 24px; border: 1px solid #dddddd;\">18<\/td>\n<td style=\"width: 20.1118%; height: 24px; border: 1px solid #dddddd;\">70<\/td>\n<\/tr>\n<tr style=\"height: 24px;\">\n<td style=\"width: 20%; height: 25px; border: 1px solid #dddddd;\">Tabell gaffel<\/td>\n<td style=\"width: 20%; height: 25px; border: 1px solid #dddddd;\">201<\/td>\n<td style=\"width: 19.8882%; height: 25px; border: 1px solid #dddddd;\">24<\/td>\n<td style=\"width: 20.1118%; height: 25px; border: 1px solid #dddddd;\">39<\/td>\n<\/tr>\n<tr style=\"height: 24px;\">\n<td style=\"width: 20%; height: 24px; border: 1px solid #dddddd;\">Bordssked<\/td>\n<td style=\"width: 20%; height: 24px; border: 1px solid #dddddd;\">208<\/td>\n<td style=\"width: 19.8882%; height: 24px; border: 1px solid #dddddd;\">45<\/td>\n<td style=\"width: 20.1118%; height: 24px; border: 1px solid #dddddd;\">46<\/td>\n<\/tr>\n<tr style=\"height: 24px;\">\n<td style=\"width: 20%; height: 24px; border: 1px solid #dddddd;\">Tesked<\/td>\n<td style=\"width: 20%; height: 24px; border: 1px solid #dddddd;\">138<\/td>\n<td style=\"width: 19.8882%; height: 24px; border: 1px solid #dddddd;\">27<\/td>\n<td style=\"width: 20.1118%; height: 24px; border: 1px solid #dddddd;\">19<\/td>\n<\/tr>\n<\/tbody>\n<\/table>\n<h3 style=\"color: #90bf46;\">\u25b8 PRODUKTBESKRIVNING<\/h3>\n<div id='gallery-1' class='gallery galleryid-1985 gallery-columns-4 gallery-size-full'><figure class='gallery-item'>\n\t\t\t<div class='gallery-icon landscape'>\n\t\t\t\t<a href='https:\/\/www.ideal-flatware.com\/wp-content\/uploads\/2022\/12\/S002-1.jpg'><img width=\"700\" height=\"700\" src=\"https:\/\/www.ideal-flatware.com\/wp-content\/uploads\/2022\/12\/S002-1.jpg\" class=\"attachment-full size-full\" alt=\"Bestick i rostfritt st\u00e5l\" decoding=\"async\" srcset=\"https:\/\/www.ideal-flatware.com\/wp-content\/uploads\/2022\/12\/S002-1.jpg 700w, https:\/\/www.ideal-flatware.com\/wp-content\/uploads\/2022\/12\/S002-1-600x600.jpg 600w, https:\/\/www.ideal-flatware.com\/wp-content\/uploads\/2022\/12\/S002-1-100x100.jpg 100w, https:\/\/www.ideal-flatware.com\/wp-content\/uploads\/2022\/12\/S002-1-300x300.jpg 300w, https:\/\/www.ideal-flatware.com\/wp-content\/uploads\/2022\/12\/S002-1-150x150.jpg 150w\" sizes=\"(max-width: 700px) 100vw, 700px\" \/><\/a>\n\t\t\t<\/div><\/figure><figure class='gallery-item'>\n\t\t\t<div class='gallery-icon landscape'>\n\t\t\t\t<a href='https:\/\/www.ideal-flatware.com\/wp-content\/uploads\/2022\/12\/S002-3.jpg'><img width=\"700\" height=\"700\" src=\"https:\/\/www.ideal-flatware.com\/wp-content\/uploads\/2022\/12\/S002-3.jpg\" class=\"attachment-full size-full\" alt=\"Serviser av rostfritt st\u00e5l\" decoding=\"async\" srcset=\"https:\/\/www.ideal-flatware.com\/wp-content\/uploads\/2022\/12\/S002-3.jpg 700w, https:\/\/www.ideal-flatware.com\/wp-content\/uploads\/2022\/12\/S002-3-600x600.jpg 600w, https:\/\/www.ideal-flatware.com\/wp-content\/uploads\/2022\/12\/S002-3-100x100.jpg 100w, https:\/\/www.ideal-flatware.com\/wp-content\/uploads\/2022\/12\/S002-3-300x300.jpg 300w, https:\/\/www.ideal-flatware.com\/wp-content\/uploads\/2022\/12\/S002-3-150x150.jpg 150w\" sizes=\"(max-width: 700px) 100vw, 700px\" \/><\/a>\n\t\t\t<\/div><\/figure><figure class='gallery-item'>\n\t\t\t<div class='gallery-icon portrait'>\n\t\t\t\t<a href='https:\/\/www.ideal-flatware.com\/wp-content\/uploads\/2022\/12\/Ideal-Flatware-S00201.jpg'><img width=\"700\" height=\"932\" src=\"https:\/\/www.ideal-flatware.com\/wp-content\/uploads\/2022\/12\/Ideal-Flatware-S00201.jpg\" class=\"attachment-full size-full\" alt=\"Serviser av rostfritt st\u00e5l\" decoding=\"async\" srcset=\"https:\/\/www.ideal-flatware.com\/wp-content\/uploads\/2022\/12\/Ideal-Flatware-S00201.jpg 700w, https:\/\/www.ideal-flatware.com\/wp-content\/uploads\/2022\/12\/Ideal-Flatware-S00201-600x799.jpg 600w, https:\/\/www.ideal-flatware.com\/wp-content\/uploads\/2022\/12\/Ideal-Flatware-S00201-225x300.jpg 225w\" sizes=\"(max-width: 700px) 100vw, 700px\" \/><\/a>\n\t\t\t<\/div><\/figure>\n\t\t<\/div>","protected":false},"excerpt":{"rendered":"<p>&nbsp; \u25b8 PRODUKTPARAMETRAR Artikelnummer: Namn L\u00e4ngd(mm) Bredd(mm) Vikt(g) S002 Bordskniv 215 18 70 Bordgaffel 201 24 39 Bordsked 208 45 46 Tesked 138 27 19 \u25b8 PRODUKTBESKRIVNING<\/p>","protected":false},"featured_media":1992,"comment_status":"open","ping_status":"closed","template":"","meta":{"_seopress_robots_primary_cat":""},"product_cat":[19],"product_tag":[],"_links":{"self":[{"href":"https:\/\/www.ideal-flatware.com\/sv\/wp-json\/wp\/v2\/product\/1985"}],"collection":[{"href":"https:\/\/www.ideal-flatware.com\/sv\/wp-json\/wp\/v2\/product"}],"about":[{"href":"https:\/\/www.ideal-flatware.com\/sv\/wp-json\/wp\/v2\/types\/product"}],"replies":[{"embeddable":true,"href":"https:\/\/www.ideal-flatware.com\/sv\/wp-json\/wp\/v2\/comments?post=1985"}],"version-history":[{"count":2,"href":"https:\/\/www.ideal-flatware.com\/sv\/wp-json\/wp\/v2\/product\/1985\/revisions"}],"predecessor-version":[{"id":2556,"href":"https:\/\/www.ideal-flatware.com\/sv\/wp-json\/wp\/v2\/product\/1985\/revisions\/2556"}],"wp:featuredmedia":[{"embeddable":true,"href":"https:\/\/www.ideal-flatware.com\/sv\/wp-json\/wp\/v2\/media\/1992"}],"wp:attachment":[{"href":"https:\/\/www.ideal-flatware.com\/sv\/wp-json\/wp\/v2\/media?parent=1985"}],"wp:term":[{"taxonomy":"product_cat","embeddable":true,"href":"https:\/\/www.ideal-flatware.com\/sv\/wp-json\/wp\/v2\/product_cat?post=1985"},{"taxonomy":"product_tag","embeddable":true,"href":"https:\/\/www.ideal-flatware.com\/sv\/wp-json\/wp\/v2\/product_tag?post=1985"}],"curies":[{"name":"wp","href":"https:\/\/api.w.org\/{rel}","templated":true}]}}